{"id":1785,"date":"2023-03-13T17:42:15","date_gmt":"2023-03-13T17:42:15","guid":{"rendered":"https:\/\/shop.lavi-soundandyoga.com\/envio-y-entrega"},"modified":"2025-02-24T16:21:38","modified_gmt":"2025-02-24T16:21:38","slug":"envio-y-entrega","status":"publish","type":"page","link":"https:\/\/shop.lavi-soundandyoga.com\/es\/envio-y-entrega","title":{"rendered":"Env\u00edo y entrega"},"content":{"rendered":"\t\t<div data-elementor-type=\"wp-page\" data-elementor-id=\"1785\" class=\"elementor elementor-1785 elementor-12\" data-elementor-post-type=\"page\">\n\t\t\t\t<div class=\"elementor-element elementor-element-14084919 e-flex e-con-boxed e-con e-parent\" data-id=\"14084919\" data-element_type=\"container\">\n\t\t\t\t\t<div class=\"e-con-inner\">\n\t\t\t\t<div class=\"elementor-element elementor-element-f3dcecd elementor-widget elementor-widget-heading\" data-id=\"f3dcecd\" data-element_type=\"widget\" data-widget_type=\"heading.default\">\n\t\t\t\t<div class=\"elementor-widget-container\">\n\t\t\t\t\t<h2 class=\"elementor-heading-title elementor-size-default\">Env\u00edo y entrega<\/h2>\t\t\t\t<\/div>\n\t\t\t\t<\/div>\n\t\t\t\t<div class=\"elementor-element elementor-element-26dbdb58 elementor-widget elementor-widget-text-editor\" data-id=\"26dbdb58\" data-element_type=\"widget\" data-widget_type=\"text-editor.default\">\n\t\t\t\t<div class=\"elementor-widget-container\">\n\t\t\t\t\t\t\t\t\t<p><strong>Descargo de responsabilidad: El siguiente ejemplo ha sido elaborado por un abogado<a href=\"https:\/\/drschwenke.de\" rel=\"nofollow\">(https:\/\/drschwenke.de)<\/a> de acuerdo con los requisitos t\u00edpicos de una tienda online. Sin embargo, s\u00f3lo debes utilizar la plantilla despu\u00e9s de examinarla detenidamente y adaptarla a tu modelo empresarial espec\u00edfico. Por tanto, el siguiente ejemplo contiene notas adicionales que debes observar y pasajes en rojo que debes comprobar en particular y adaptar si es necesario. Por favor, elimina las notas despu\u00e9s de editar. En caso de duda, busca asesoramiento jur\u00eddico. Derechos de autor: Puedes utilizar el dise\u00f1o dentro del dominio\/sitio web siempre que tu licencia Marketpress se aplique a \u00e9l. No est\u00e1 permitida la divulgaci\u00f3n a terceros, incluidos los clientes (por ejemplo, como desarrolladores).<\/strong><\/p><p><strong>Ten en cuenta que los gastos de env\u00edo o al menos los m\u00e9todos de c\u00e1lculo (por ejemplo, por peso) deben especificarse para todos los pa\u00edses suministrados.<\/strong><\/p><p><strong>Si s\u00f3lo realizas env\u00edos a determinados pa\u00edses, debes informar de ello al cliente. Adem\u00e1s, s\u00f3lo debes seleccionar estos pa\u00edses como \u00abPa\u00edses permitidos\u00bb en la configuraci\u00f3n de WooCommerce. No debes utilizar cl\u00e1usulas como \u00abGastos de env\u00edo a otros pa\u00edses s\u00f3lo bajo petici\u00f3n\u00bb.<\/strong><\/p><p><strong>Precios, gastos de env\u00edo e informaci\u00f3n sobre la entrega<\/strong><\/p><p>Los precios indicados en las p\u00e1ginas de productos incluyen el IVA y otros componentes del precio.<\/p><p>S\u00f3lo realizamos env\u00edos dentro de Alemania y Austria.<\/p><p>Adem\u00e1s de los precios indicados, cobramos una tarifa plana por la entrega dentro de Alemania y Austria [6,90 Euro pro Bestellung]. Los gastos de env\u00edo se te comunicar\u00e1n claramente en el sistema de la cesta de la compra y en la p\u00e1gina del pedido.<\/p><p>Si pagas contra reembolso, el repartidor te cobrar\u00e1 una tasa adicional de [2,- Euro].  [Weitere Steuern oder Kosten fallen nicht an.]<\/p><p>No hay gastos de env\u00edo para los contenidos digitales (libros electr\u00f3nicos, software, etc.).<\/p><p><strong>[Nota para los minoristas: El siguiente pasaje es necesario si especificas una tarifa plana de env\u00edo. De lo contrario, puedes eliminar el pasaje]<\/strong><\/p><p>La tarifa plana de env\u00edo es de [Wert Versandkostenpauschale angeben] euros. La tarifa plana de env\u00edo incluye el IVA legal. Como el IVA de la tarifa plana de env\u00edo se calcula en funci\u00f3n de los bienes adquiridos, puede reducirse si los bienes se compran con tipos de IVA m\u00e1s bajos (por ejemplo, al comprar libros). Esto significa que los gastos de env\u00edo s\u00f3lo pueden concretarse durante el proceso de pedido. Sin embargo, no puede llegar a ser m\u00e1s alto, sino s\u00f3lo m\u00e1s bajo a tu favor.<\/p>\t\t\t\t\t\t\t\t<\/div>\n\t\t\t\t<\/div>\n\t\t\t\t\t<\/div>\n\t\t\t\t<\/div>\n\t\t\t\t<\/div>\n\t\t","protected":false},"excerpt":{"rendered":"<p>Env\u00edo y entrega Descargo de responsabilidad: El siguiente ejemplo ha sido elaborado por un abogado(https:\/\/drschwenke.de) de acuerdo con los requisitos t\u00edpicos de una tienda online. Sin embargo, s\u00f3lo debes utilizar la plantilla despu\u00e9s de examinarla detenidamente y adaptarla a tu modelo empresarial espec\u00edfico. Por tanto, el siguiente ejemplo contiene notas adicionales que debes observar y [&hellip;]<\/p>\n","protected":false},"author":1,"featured_media":0,"parent":0,"menu_order":0,"comment_status":"closed","ping_status":"closed","template":"","meta":{"_acf_changed":false,"footnotes":""},"class_list":["post-1785","page","type-page","status-publish","hentry"],"acf":[],"yoast_head":"<!-- This site is optimized with the Yoast SEO plugin v24.5 - https:\/\/yoast.com\/wordpress\/plugins\/seo\/ -->\n<title>Env\u00edo y entrega | LaVi - Sound &amp; Yoga<\/title>\n<meta name=\"robots\" content=\"index, follow, max-snippet:-1, max-image-preview:large, max-video-preview:-1\" \/>\n<link rel=\"canonical\" href=\"https:\/\/shop.lavi-soundandyoga.com\/es\/envio-y-entrega\" \/>\n<meta property=\"og:locale\" content=\"es_ES\" \/>\n<meta property=\"og:type\" content=\"article\" \/>\n<meta property=\"og:title\" content=\"Env\u00edo y entrega | LaVi - Sound &amp; Yoga\" \/>\n<meta property=\"og:description\" content=\"Env\u00edo y entrega Descargo de responsabilidad: El siguiente ejemplo ha sido elaborado por un abogado(https:\/\/drschwenke.de) de acuerdo con los requisitos t\u00edpicos de una tienda online. Sin embargo, s\u00f3lo debes utilizar la plantilla despu\u00e9s de examinarla detenidamente y adaptarla a tu modelo empresarial espec\u00edfico. Por tanto, el siguiente ejemplo contiene notas adicionales que debes observar y [&hellip;]\" \/>\n<meta property=\"og:url\" content=\"https:\/\/shop.lavi-soundandyoga.com\/es\/envio-y-entrega\" \/>\n<meta property=\"og:site_name\" content=\"LaVi - Sound &amp; Yoga\" \/>\n<meta property=\"article:publisher\" content=\"https:\/\/www.facebook.com\/lavisoundandyoga\" \/>\n<meta property=\"article:modified_time\" content=\"2025-02-24T16:21:38+00:00\" \/>\n<meta property=\"og:image\" content=\"https:\/\/shop.lavi-soundandyoga.com\/wp-content\/uploads\/2023\/03\/Lavi-Logo-81-\u00d7-93-px.png\" \/>\n\t<meta property=\"og:image:width\" content=\"81\" \/>\n\t<meta property=\"og:image:height\" content=\"93\" \/>\n\t<meta property=\"og:image:type\" content=\"image\/png\" \/>\n<meta name=\"twitter:card\" content=\"summary_large_image\" \/>\n<meta name=\"twitter:label1\" content=\"Tiempo de lectura\" \/>\n\t<meta name=\"twitter:data1\" content=\"2 minutos\" \/>\n<script type=\"application\/ld+json\" class=\"yoast-schema-graph\">{\"@context\":\"https:\/\/schema.org\",\"@graph\":[{\"@type\":\"WebPage\",\"@id\":\"https:\/\/shop.lavi-soundandyoga.com\/es\/envio-y-entrega\",\"url\":\"https:\/\/shop.lavi-soundandyoga.com\/es\/envio-y-entrega\",\"name\":\"Env\u00edo y entrega | LaVi - Sound &amp; Yoga\",\"isPartOf\":{\"@id\":\"https:\/\/shop.lavi-soundandyoga.com\/es#website\"},\"datePublished\":\"2023-03-13T17:42:15+00:00\",\"dateModified\":\"2025-02-24T16:21:38+00:00\",\"breadcrumb\":{\"@id\":\"https:\/\/shop.lavi-soundandyoga.com\/es\/envio-y-entrega#breadcrumb\"},\"inLanguage\":\"es\",\"potentialAction\":[{\"@type\":\"ReadAction\",\"target\":[\"https:\/\/shop.lavi-soundandyoga.com\/es\/envio-y-entrega\"]}]},{\"@type\":\"BreadcrumbList\",\"@id\":\"https:\/\/shop.lavi-soundandyoga.com\/es\/envio-y-entrega#breadcrumb\",\"itemListElement\":[{\"@type\":\"ListItem\",\"position\":1,\"name\":\"LaVi Shop\",\"item\":\"https:\/\/shop.lavi-soundandyoga.com\/es\/tienda\"},{\"@type\":\"ListItem\",\"position\":2,\"name\":\"Env\u00edo y entrega\"}]},{\"@type\":\"WebSite\",\"@id\":\"https:\/\/shop.lavi-soundandyoga.com\/es#website\",\"url\":\"https:\/\/shop.lavi-soundandyoga.com\/es\",\"name\":\"LaVi Sound & Yoga\",\"description\":\"Yin Yoga and Sound Healing\",\"publisher\":{\"@id\":\"https:\/\/shop.lavi-soundandyoga.com\/es#organization\"},\"alternateName\":\"Lavi\",\"potentialAction\":[{\"@type\":\"SearchAction\",\"target\":{\"@type\":\"EntryPoint\",\"urlTemplate\":\"https:\/\/shop.lavi-soundandyoga.com\/es?s={search_term_string}\"},\"query-input\":{\"@type\":\"PropertyValueSpecification\",\"valueRequired\":true,\"valueName\":\"search_term_string\"}}],\"inLanguage\":\"es\"},{\"@type\":\"Organization\",\"@id\":\"https:\/\/shop.lavi-soundandyoga.com\/es#organization\",\"name\":\"LaVi Sound and Yoga\",\"alternateName\":\"LaVi\",\"url\":\"https:\/\/shop.lavi-soundandyoga.com\/es\",\"logo\":{\"@type\":\"ImageObject\",\"inLanguage\":\"es\",\"@id\":\"https:\/\/shop.lavi-soundandyoga.com\/es#\/schema\/logo\/image\/\",\"url\":\"https:\/\/shop.lavi-soundandyoga.com\/wp-content\/uploads\/2025\/01\/LaVi_LogoFINAL1.png\",\"contentUrl\":\"https:\/\/shop.lavi-soundandyoga.com\/wp-content\/uploads\/2025\/01\/LaVi_LogoFINAL1.png\",\"width\":343,\"height\":339,\"caption\":\"LaVi Sound and Yoga\"},\"image\":{\"@id\":\"https:\/\/shop.lavi-soundandyoga.com\/es#\/schema\/logo\/image\/\"},\"sameAs\":[\"https:\/\/www.facebook.com\/lavisoundandyoga\",\"https:\/\/www.instagram.com\/lavi_sound_and_yoga\/\",\"https:\/\/www.youtube.com\/channel\/UCuQTy-TOirHAZruDryEKTXQ\",\"https:\/\/www.tiktok.com\/@lavisoundandyoga\",\"https:\/\/open.spotify.com\/artist\/6lpTHiTkCOgxZ9BUonU0zM\"]}]}<\/script>\n<!-- \/ Yoast SEO plugin. -->","yoast_head_json":{"title":"Env\u00edo y entrega | LaVi - Sound &amp; Yoga","robots":{"index":"index","follow":"follow","max-snippet":"max-snippet:-1","max-image-preview":"max-image-preview:large","max-video-preview":"max-video-preview:-1"},"canonical":"https:\/\/shop.lavi-soundandyoga.com\/es\/envio-y-entrega","og_locale":"es_ES","og_type":"article","og_title":"Env\u00edo y entrega | LaVi - Sound &amp; Yoga","og_description":"Env\u00edo y entrega Descargo de responsabilidad: El siguiente ejemplo ha sido elaborado por un abogado(https:\/\/drschwenke.de) de acuerdo con los requisitos t\u00edpicos de una tienda online. Sin embargo, s\u00f3lo debes utilizar la plantilla despu\u00e9s de examinarla detenidamente y adaptarla a tu modelo empresarial espec\u00edfico. Por tanto, el siguiente ejemplo contiene notas adicionales que debes observar y [&hellip;]","og_url":"https:\/\/shop.lavi-soundandyoga.com\/es\/envio-y-entrega","og_site_name":"LaVi - Sound &amp; Yoga","article_publisher":"https:\/\/www.facebook.com\/lavisoundandyoga","article_modified_time":"2025-02-24T16:21:38+00:00","og_image":[{"width":81,"height":93,"url":"https:\/\/shop.lavi-soundandyoga.com\/wp-content\/uploads\/2023\/03\/Lavi-Logo-81-\u00d7-93-px.png","type":"image\/png"}],"twitter_card":"summary_large_image","twitter_misc":{"Tiempo de lectura":"2 minutos"},"schema":{"@context":"https:\/\/schema.org","@graph":[{"@type":"WebPage","@id":"https:\/\/shop.lavi-soundandyoga.com\/es\/envio-y-entrega","url":"https:\/\/shop.lavi-soundandyoga.com\/es\/envio-y-entrega","name":"Env\u00edo y entrega | LaVi - Sound &amp; Yoga","isPartOf":{"@id":"https:\/\/shop.lavi-soundandyoga.com\/es#website"},"datePublished":"2023-03-13T17:42:15+00:00","dateModified":"2025-02-24T16:21:38+00:00","breadcrumb":{"@id":"https:\/\/shop.lavi-soundandyoga.com\/es\/envio-y-entrega#breadcrumb"},"inLanguage":"es","potentialAction":[{"@type":"ReadAction","target":["https:\/\/shop.lavi-soundandyoga.com\/es\/envio-y-entrega"]}]},{"@type":"BreadcrumbList","@id":"https:\/\/shop.lavi-soundandyoga.com\/es\/envio-y-entrega#breadcrumb","itemListElement":[{"@type":"ListItem","position":1,"name":"LaVi Shop","item":"https:\/\/shop.lavi-soundandyoga.com\/es\/tienda"},{"@type":"ListItem","position":2,"name":"Env\u00edo y entrega"}]},{"@type":"WebSite","@id":"https:\/\/shop.lavi-soundandyoga.com\/es#website","url":"https:\/\/shop.lavi-soundandyoga.com\/es","name":"LaVi Sound & Yoga","description":"Yin Yoga and Sound Healing","publisher":{"@id":"https:\/\/shop.lavi-soundandyoga.com\/es#organization"},"alternateName":"Lavi","potentialAction":[{"@type":"SearchAction","target":{"@type":"EntryPoint","urlTemplate":"https:\/\/shop.lavi-soundandyoga.com\/es?s={search_term_string}"},"query-input":{"@type":"PropertyValueSpecification","valueRequired":true,"valueName":"search_term_string"}}],"inLanguage":"es"},{"@type":"Organization","@id":"https:\/\/shop.lavi-soundandyoga.com\/es#organization","name":"LaVi Sound and Yoga","alternateName":"LaVi","url":"https:\/\/shop.lavi-soundandyoga.com\/es","logo":{"@type":"ImageObject","inLanguage":"es","@id":"https:\/\/shop.lavi-soundandyoga.com\/es#\/schema\/logo\/image\/","url":"https:\/\/shop.lavi-soundandyoga.com\/wp-content\/uploads\/2025\/01\/LaVi_LogoFINAL1.png","contentUrl":"https:\/\/shop.lavi-soundandyoga.com\/wp-content\/uploads\/2025\/01\/LaVi_LogoFINAL1.png","width":343,"height":339,"caption":"LaVi Sound and Yoga"},"image":{"@id":"https:\/\/shop.lavi-soundandyoga.com\/es#\/schema\/logo\/image\/"},"sameAs":["https:\/\/www.facebook.com\/lavisoundandyoga","https:\/\/www.instagram.com\/lavi_sound_and_yoga\/","https:\/\/www.youtube.com\/channel\/UCuQTy-TOirHAZruDryEKTXQ","https:\/\/www.tiktok.com\/@lavisoundandyoga","https:\/\/open.spotify.com\/artist\/6lpTHiTkCOgxZ9BUonU0zM"]}]}},"jetpack_sharing_enabled":true,"_links":{"self":[{"href":"https:\/\/shop.lavi-soundandyoga.com\/es\/wp-json\/wp\/v2\/pages\/1785","targetHints":{"allow":["GET"]}}],"collection":[{"href":"https:\/\/shop.lavi-soundandyoga.com\/es\/wp-json\/wp\/v2\/pages"}],"about":[{"href":"https:\/\/shop.lavi-soundandyoga.com\/es\/wp-json\/wp\/v2\/types\/page"}],"author":[{"embeddable":true,"href":"https:\/\/shop.lavi-soundandyoga.com\/es\/wp-json\/wp\/v2\/users\/1"}],"replies":[{"embeddable":true,"href":"https:\/\/shop.lavi-soundandyoga.com\/es\/wp-json\/wp\/v2\/comments?post=1785"}],"version-history":[{"count":3,"href":"https:\/\/shop.lavi-soundandyoga.com\/es\/wp-json\/wp\/v2\/pages\/1785\/revisions"}],"predecessor-version":[{"id":2180,"href":"https:\/\/shop.lavi-soundandyoga.com\/es\/wp-json\/wp\/v2\/pages\/1785\/revisions\/2180"}],"wp:attachment":[{"href":"https:\/\/shop.lavi-soundandyoga.com\/es\/wp-json\/wp\/v2\/media?parent=1785"}],"curies":[{"name":"wp","href":"https:\/\/api.w.org\/{rel}","templated":true}]}}