{"id":1788,"date":"2023-03-13T17:42:15","date_gmt":"2023-03-13T17:42:15","guid":{"rendered":"https:\/\/shop.lavi-soundandyoga.com\/formas-de-pago"},"modified":"2025-02-24T16:38:04","modified_gmt":"2025-02-24T16:38:04","slug":"formas-de-pago","status":"publish","type":"page","link":"https:\/\/shop.lavi-soundandyoga.com\/es\/formas-de-pago","title":{"rendered":"Formas de pago"},"content":{"rendered":"\t\t<div data-elementor-type=\"wp-page\" data-elementor-id=\"1788\" class=\"elementor elementor-1788 elementor-16\" data-elementor-post-type=\"page\">\n\t\t\t\t<div class=\"elementor-element elementor-element-1f480dcd e-flex e-con-boxed e-con e-parent\" data-id=\"1f480dcd\" data-element_type=\"container\">\n\t\t\t\t\t<div class=\"e-con-inner\">\n\t\t\t\t<div class=\"elementor-element elementor-element-11e181f elementor-widget elementor-widget-heading\" data-id=\"11e181f\" data-element_type=\"widget\" data-widget_type=\"heading.default\">\n\t\t\t\t<div class=\"elementor-widget-container\">\n\t\t\t\t\t<h2 class=\"elementor-heading-title elementor-size-default\">Formas de pago<\/h2>\t\t\t\t<\/div>\n\t\t\t\t<\/div>\n\t\t\t\t<div class=\"elementor-element elementor-element-3d65c05a elementor-widget elementor-widget-text-editor\" data-id=\"3d65c05a\" data-element_type=\"widget\" data-widget_type=\"text-editor.default\">\n\t\t\t\t<div class=\"elementor-widget-container\">\n\t\t\t\t\t\t\t\t\t<p><strong>Descargo de responsabilidad: El siguiente ejemplo ha sido elaborado por un abogado<a href=\"https:\/\/drschwenke.de\" rel=\"nofollow\">(https:\/\/drschwenke.de)<\/a> de acuerdo con los requisitos t\u00edpicos de una tienda online. Sin embargo, s\u00f3lo debes utilizar la plantilla despu\u00e9s de examinarla detenidamente y adaptarla a tu modelo empresarial espec\u00edfico. Por tanto, el siguiente ejemplo contiene notas adicionales que debes observar y pasajes en rojo que debes comprobar en particular y adaptar si es necesario. Por favor, elimina las notas despu\u00e9s de editar. En caso de duda, busca asesoramiento jur\u00eddico. Derechos de autor: Puedes utilizar el dise\u00f1o dentro del dominio\/sitio web siempre que tu licencia Marketpress se aplique a \u00e9l. No est\u00e1 permitida la divulgaci\u00f3n a terceros, incluidos los clientes (por ejemplo, como desarrolladores).<\/strong><\/p><p><strong>Formas de pago<\/strong><\/p><p>Ofrecemos los siguientes m\u00e9todos de pago. S\u00f3lo tienes que elegir la forma de pago que m\u00e1s te convenga. Los gastos de env\u00edo dependen en parte de la forma de pago seleccionada. Los precios indicados en las respectivas ofertas son precios finales. Incluyen todos los componentes del precio, incluidos los impuestos aplicables, como el IVA. S\u00f3lo en el caso de entregas transfronterizas puedes tener que pagar otros impuestos (por ejemplo, en el caso de una adquisici\u00f3n intracomunitaria) y\/o derechos (por ejemplo, derechos de aduana) en casos concretos, pero no al vendedor, sino a las autoridades aduaneras o fiscales all\u00ed competentes. Los gastos de entrega y env\u00edo en que se incurra no est\u00e1n incluidos en el precio de compra, pueden consultarse a trav\u00e9s de la p\u00e1gina \u00abGastos de env\u00edo\u00bb, se muestran por separado durante el proceso de pedido y corren por tu cuenta adicionalmente.<\/p><p><em>Contra reembolso<\/em><\/p><p>Ten a mano el importe de la factura; el repartidor cobrar\u00e1 en efectivo en el momento de la entrega (no se aceptan cheques). El pago contra reembolso est\u00e1 sujeto a un cargo adicional de [6,50 EUR Nachnahmegeb\u00fchren], que se abona directamente a la empresa de paqueter\u00eda.<\/p><p><em>Domiciliaci\u00f3n bancaria<\/em><\/p><p>Una vez realizado el pedido, cobraremos el importe de la factura de tu pedido en la cuenta bancaria que tengas registrada.  [Plus 2 Euro Geb\u00fchr]<\/p><p><em>En la cuenta<\/em><br>Simplemente pide y paga despu\u00e9s.  [Plus 2 Euro Geb\u00fchr]<\/p><p><em>Tarjeta de cr\u00e9dito<\/em><\/p><p>S\u00f3lo tienes que pagar con tarjeta de cr\u00e9dito.<\/p><p><em>PayPal<\/em><\/p><p>Paga de forma a\u00fan m\u00e1s r\u00e1pida y segura con tu cuenta PayPal.<\/p><p><em>Pago por adelantado<\/em><\/p><p>Env\u00edo gratuito dentro de Alemania (excepto env\u00edo urgente)<\/p><p>Por favor, transfiere el importe total de tu pedido a nuestra cuenta:<\/p><p>Titular de la cuenta: Demoshop GmbH &amp; Co. KG<br>N\u00famero de cuenta: 10000000<br>C\u00f3digo Sort: 222 22 222<br>Banco: Bank Demostadt<br>SWIFT: DELE944834<br>IBAN: DE12345678910111213<\/p><p><em>Pago en met\u00e1lico<\/em><\/p><p>Haz tu pedido en l\u00ednea y rec\u00f3gelo en nuestra tienda:<\/p><p>Demoshop, Demostrasse 13<br>12345 Musterstadt, Alemania<br>Lun - Vie 8:30 - 13:00, 14:30 - 18:00<br>S\u00e1b 9:00 - 13:00<\/p>\t\t\t\t\t\t\t\t<\/div>\n\t\t\t\t<\/div>\n\t\t\t\t\t<\/div>\n\t\t\t\t<\/div>\n\t\t\t\t<\/div>\n\t\t","protected":false},"excerpt":{"rendered":"<p>Formas de pago Descargo de responsabilidad: El siguiente ejemplo ha sido elaborado por un abogado(https:\/\/drschwenke.de) de acuerdo con los requisitos t\u00edpicos de una tienda online. Sin embargo, s\u00f3lo debes utilizar la plantilla despu\u00e9s de examinarla detenidamente y adaptarla a tu modelo empresarial espec\u00edfico. Por tanto, el siguiente ejemplo contiene notas adicionales que debes observar y [&hellip;]<\/p>\n","protected":false},"author":1,"featured_media":0,"parent":0,"menu_order":0,"comment_status":"closed","ping_status":"closed","template":"","meta":{"_acf_changed":false,"footnotes":""},"class_list":["post-1788","page","type-page","status-publish","hentry"],"acf":[],"yoast_head":"<!-- This site is optimized with the Yoast SEO plugin v24.5 - https:\/\/yoast.com\/wordpress\/plugins\/seo\/ -->\n<title>Formas de pago | LaVi - Sound &amp; Yoga<\/title>\n<meta name=\"robots\" content=\"index, follow, max-snippet:-1, max-image-preview:large, max-video-preview:-1\" \/>\n<link rel=\"canonical\" href=\"https:\/\/shop.lavi-soundandyoga.com\/es\/formas-de-pago\" \/>\n<meta property=\"og:locale\" content=\"es_ES\" \/>\n<meta property=\"og:type\" content=\"article\" \/>\n<meta property=\"og:title\" content=\"Formas de pago | LaVi - Sound &amp; Yoga\" \/>\n<meta property=\"og:description\" content=\"Formas de pago Descargo de responsabilidad: El siguiente ejemplo ha sido elaborado por un abogado(https:\/\/drschwenke.de) de acuerdo con los requisitos t\u00edpicos de una tienda online. Sin embargo, s\u00f3lo debes utilizar la plantilla despu\u00e9s de examinarla detenidamente y adaptarla a tu modelo empresarial espec\u00edfico. Por tanto, el siguiente ejemplo contiene notas adicionales que debes observar y [&hellip;]\" \/>\n<meta property=\"og:url\" content=\"https:\/\/shop.lavi-soundandyoga.com\/es\/formas-de-pago\" \/>\n<meta property=\"og:site_name\" content=\"LaVi - Sound &amp; Yoga\" \/>\n<meta property=\"article:publisher\" content=\"https:\/\/www.facebook.com\/lavisoundandyoga\" \/>\n<meta property=\"article:modified_time\" content=\"2025-02-24T16:38:04+00:00\" \/>\n<meta property=\"og:image\" content=\"https:\/\/shop.lavi-soundandyoga.com\/wp-content\/uploads\/2023\/03\/Lavi-Logo-81-\u00d7-93-px.png\" \/>\n\t<meta property=\"og:image:width\" content=\"81\" \/>\n\t<meta property=\"og:image:height\" content=\"93\" \/>\n\t<meta property=\"og:image:type\" content=\"image\/png\" \/>\n<meta name=\"twitter:card\" content=\"summary_large_image\" \/>\n<meta name=\"twitter:label1\" content=\"Tiempo de lectura\" \/>\n\t<meta name=\"twitter:data1\" content=\"2 minutos\" \/>\n<script type=\"application\/ld+json\" class=\"yoast-schema-graph\">{\"@context\":\"https:\/\/schema.org\",\"@graph\":[{\"@type\":\"WebPage\",\"@id\":\"https:\/\/shop.lavi-soundandyoga.com\/es\/formas-de-pago\",\"url\":\"https:\/\/shop.lavi-soundandyoga.com\/es\/formas-de-pago\",\"name\":\"Formas de pago | LaVi - Sound &amp; Yoga\",\"isPartOf\":{\"@id\":\"https:\/\/shop.lavi-soundandyoga.com\/es#website\"},\"datePublished\":\"2023-03-13T17:42:15+00:00\",\"dateModified\":\"2025-02-24T16:38:04+00:00\",\"breadcrumb\":{\"@id\":\"https:\/\/shop.lavi-soundandyoga.com\/es\/formas-de-pago#breadcrumb\"},\"inLanguage\":\"es\",\"potentialAction\":[{\"@type\":\"ReadAction\",\"target\":[\"https:\/\/shop.lavi-soundandyoga.com\/es\/formas-de-pago\"]}]},{\"@type\":\"BreadcrumbList\",\"@id\":\"https:\/\/shop.lavi-soundandyoga.com\/es\/formas-de-pago#breadcrumb\",\"itemListElement\":[{\"@type\":\"ListItem\",\"position\":1,\"name\":\"LaVi Shop\",\"item\":\"https:\/\/shop.lavi-soundandyoga.com\/es\/tienda\"},{\"@type\":\"ListItem\",\"position\":2,\"name\":\"Formas de pago\"}]},{\"@type\":\"WebSite\",\"@id\":\"https:\/\/shop.lavi-soundandyoga.com\/es#website\",\"url\":\"https:\/\/shop.lavi-soundandyoga.com\/es\",\"name\":\"LaVi Sound & Yoga\",\"description\":\"Yin Yoga and Sound Healing\",\"publisher\":{\"@id\":\"https:\/\/shop.lavi-soundandyoga.com\/es#organization\"},\"alternateName\":\"Lavi\",\"potentialAction\":[{\"@type\":\"SearchAction\",\"target\":{\"@type\":\"EntryPoint\",\"urlTemplate\":\"https:\/\/shop.lavi-soundandyoga.com\/es?s={search_term_string}\"},\"query-input\":{\"@type\":\"PropertyValueSpecification\",\"valueRequired\":true,\"valueName\":\"search_term_string\"}}],\"inLanguage\":\"es\"},{\"@type\":\"Organization\",\"@id\":\"https:\/\/shop.lavi-soundandyoga.com\/es#organization\",\"name\":\"LaVi Sound and Yoga\",\"alternateName\":\"LaVi\",\"url\":\"https:\/\/shop.lavi-soundandyoga.com\/es\",\"logo\":{\"@type\":\"ImageObject\",\"inLanguage\":\"es\",\"@id\":\"https:\/\/shop.lavi-soundandyoga.com\/es#\/schema\/logo\/image\/\",\"url\":\"https:\/\/shop.lavi-soundandyoga.com\/wp-content\/uploads\/2025\/01\/LaVi_LogoFINAL1.png\",\"contentUrl\":\"https:\/\/shop.lavi-soundandyoga.com\/wp-content\/uploads\/2025\/01\/LaVi_LogoFINAL1.png\",\"width\":343,\"height\":339,\"caption\":\"LaVi Sound and Yoga\"},\"image\":{\"@id\":\"https:\/\/shop.lavi-soundandyoga.com\/es#\/schema\/logo\/image\/\"},\"sameAs\":[\"https:\/\/www.facebook.com\/lavisoundandyoga\",\"https:\/\/www.instagram.com\/lavi_sound_and_yoga\/\",\"https:\/\/www.youtube.com\/channel\/UCuQTy-TOirHAZruDryEKTXQ\",\"https:\/\/www.tiktok.com\/@lavisoundandyoga\",\"https:\/\/open.spotify.com\/artist\/6lpTHiTkCOgxZ9BUonU0zM\"]}]}<\/script>\n<!-- \/ Yoast SEO plugin. -->","yoast_head_json":{"title":"Formas de pago | LaVi - Sound &amp; Yoga","robots":{"index":"index","follow":"follow","max-snippet":"max-snippet:-1","max-image-preview":"max-image-preview:large","max-video-preview":"max-video-preview:-1"},"canonical":"https:\/\/shop.lavi-soundandyoga.com\/es\/formas-de-pago","og_locale":"es_ES","og_type":"article","og_title":"Formas de pago | LaVi - Sound &amp; Yoga","og_description":"Formas de pago Descargo de responsabilidad: El siguiente ejemplo ha sido elaborado por un abogado(https:\/\/drschwenke.de) de acuerdo con los requisitos t\u00edpicos de una tienda online. Sin embargo, s\u00f3lo debes utilizar la plantilla despu\u00e9s de examinarla detenidamente y adaptarla a tu modelo empresarial espec\u00edfico. Por tanto, el siguiente ejemplo contiene notas adicionales que debes observar y [&hellip;]","og_url":"https:\/\/shop.lavi-soundandyoga.com\/es\/formas-de-pago","og_site_name":"LaVi - Sound &amp; Yoga","article_publisher":"https:\/\/www.facebook.com\/lavisoundandyoga","article_modified_time":"2025-02-24T16:38:04+00:00","og_image":[{"width":81,"height":93,"url":"https:\/\/shop.lavi-soundandyoga.com\/wp-content\/uploads\/2023\/03\/Lavi-Logo-81-\u00d7-93-px.png","type":"image\/png"}],"twitter_card":"summary_large_image","twitter_misc":{"Tiempo de lectura":"2 minutos"},"schema":{"@context":"https:\/\/schema.org","@graph":[{"@type":"WebPage","@id":"https:\/\/shop.lavi-soundandyoga.com\/es\/formas-de-pago","url":"https:\/\/shop.lavi-soundandyoga.com\/es\/formas-de-pago","name":"Formas de pago | LaVi - Sound &amp; Yoga","isPartOf":{"@id":"https:\/\/shop.lavi-soundandyoga.com\/es#website"},"datePublished":"2023-03-13T17:42:15+00:00","dateModified":"2025-02-24T16:38:04+00:00","breadcrumb":{"@id":"https:\/\/shop.lavi-soundandyoga.com\/es\/formas-de-pago#breadcrumb"},"inLanguage":"es","potentialAction":[{"@type":"ReadAction","target":["https:\/\/shop.lavi-soundandyoga.com\/es\/formas-de-pago"]}]},{"@type":"BreadcrumbList","@id":"https:\/\/shop.lavi-soundandyoga.com\/es\/formas-de-pago#breadcrumb","itemListElement":[{"@type":"ListItem","position":1,"name":"LaVi Shop","item":"https:\/\/shop.lavi-soundandyoga.com\/es\/tienda"},{"@type":"ListItem","position":2,"name":"Formas de pago"}]},{"@type":"WebSite","@id":"https:\/\/shop.lavi-soundandyoga.com\/es#website","url":"https:\/\/shop.lavi-soundandyoga.com\/es","name":"LaVi Sound & Yoga","description":"Yin Yoga and Sound Healing","publisher":{"@id":"https:\/\/shop.lavi-soundandyoga.com\/es#organization"},"alternateName":"Lavi","potentialAction":[{"@type":"SearchAction","target":{"@type":"EntryPoint","urlTemplate":"https:\/\/shop.lavi-soundandyoga.com\/es?s={search_term_string}"},"query-input":{"@type":"PropertyValueSpecification","valueRequired":true,"valueName":"search_term_string"}}],"inLanguage":"es"},{"@type":"Organization","@id":"https:\/\/shop.lavi-soundandyoga.com\/es#organization","name":"LaVi Sound and Yoga","alternateName":"LaVi","url":"https:\/\/shop.lavi-soundandyoga.com\/es","logo":{"@type":"ImageObject","inLanguage":"es","@id":"https:\/\/shop.lavi-soundandyoga.com\/es#\/schema\/logo\/image\/","url":"https:\/\/shop.lavi-soundandyoga.com\/wp-content\/uploads\/2025\/01\/LaVi_LogoFINAL1.png","contentUrl":"https:\/\/shop.lavi-soundandyoga.com\/wp-content\/uploads\/2025\/01\/LaVi_LogoFINAL1.png","width":343,"height":339,"caption":"LaVi Sound and Yoga"},"image":{"@id":"https:\/\/shop.lavi-soundandyoga.com\/es#\/schema\/logo\/image\/"},"sameAs":["https:\/\/www.facebook.com\/lavisoundandyoga","https:\/\/www.instagram.com\/lavi_sound_and_yoga\/","https:\/\/www.youtube.com\/channel\/UCuQTy-TOirHAZruDryEKTXQ","https:\/\/www.tiktok.com\/@lavisoundandyoga","https:\/\/open.spotify.com\/artist\/6lpTHiTkCOgxZ9BUonU0zM"]}]}},"jetpack_sharing_enabled":true,"_links":{"self":[{"href":"https:\/\/shop.lavi-soundandyoga.com\/es\/wp-json\/wp\/v2\/pages\/1788","targetHints":{"allow":["GET"]}}],"collection":[{"href":"https:\/\/shop.lavi-soundandyoga.com\/es\/wp-json\/wp\/v2\/pages"}],"about":[{"href":"https:\/\/shop.lavi-soundandyoga.com\/es\/wp-json\/wp\/v2\/types\/page"}],"author":[{"embeddable":true,"href":"https:\/\/shop.lavi-soundandyoga.com\/es\/wp-json\/wp\/v2\/users\/1"}],"replies":[{"embeddable":true,"href":"https:\/\/shop.lavi-soundandyoga.com\/es\/wp-json\/wp\/v2\/comments?post=1788"}],"version-history":[{"count":2,"href":"https:\/\/shop.lavi-soundandyoga.com\/es\/wp-json\/wp\/v2\/pages\/1788\/revisions"}],"predecessor-version":[{"id":2203,"href":"https:\/\/shop.lavi-soundandyoga.com\/es\/wp-json\/wp\/v2\/pages\/1788\/revisions\/2203"}],"wp:attachment":[{"href":"https:\/\/shop.lavi-soundandyoga.com\/es\/wp-json\/wp\/v2\/media?parent=1788"}],"curies":[{"name":"wp","href":"https:\/\/api.w.org\/{rel}","templated":true}]}}