{"id":1876,"date":"2023-03-13T17:42:15","date_gmt":"2023-03-13T17:42:15","guid":{"rendered":"https:\/\/shop.lavi-soundandyoga.com\/revocacion-de-contenidos-digitales"},"modified":"2025-02-24T16:30:19","modified_gmt":"2025-02-24T16:30:19","slug":"revocacion-de-contenidos-digitales","status":"publish","type":"page","link":"https:\/\/shop.lavi-soundandyoga.com\/es\/revocacion-de-contenidos-digitales","title":{"rendered":"Revocaci\u00f3n de contenidos digitales"},"content":{"rendered":"\t\t<div data-elementor-type=\"wp-page\" data-elementor-id=\"1876\" class=\"elementor elementor-1876 elementor-14\" data-elementor-post-type=\"page\">\n\t\t\t\t<div class=\"elementor-element elementor-element-411321a5 e-flex e-con-boxed e-con e-parent\" data-id=\"411321a5\" data-element_type=\"container\">\n\t\t\t\t\t<div class=\"e-con-inner\">\n\t\t\t\t<div class=\"elementor-element elementor-element-85dc894 elementor-widget elementor-widget-heading\" data-id=\"85dc894\" data-element_type=\"widget\" data-widget_type=\"heading.default\">\n\t\t\t\t<div class=\"elementor-widget-container\">\n\t\t\t\t\t<h2 class=\"elementor-heading-title elementor-size-default\">Revocaci\u00f3n de contenidos digitales<\/h2>\t\t\t\t<\/div>\n\t\t\t\t<\/div>\n\t\t\t\t<div class=\"elementor-element elementor-element-49dae8dc elementor-widget elementor-widget-text-editor\" data-id=\"49dae8dc\" data-element_type=\"widget\" data-widget_type=\"text-editor.default\">\n\t\t\t\t<div class=\"elementor-widget-container\">\n\t\t\t\t\t\t\t\t\t<p><strong>Descargo de responsabilidad: El siguiente ejemplo ha sido elaborado por un abogado<a href=\"https:\/\/drschwenke.de\" rel=\"nofollow\">(https:\/\/drschwenke.de)<\/a> de acuerdo con los requisitos t\u00edpicos de una tienda online. Sin embargo, s\u00f3lo debes utilizar la plantilla despu\u00e9s de examinarla detenidamente y adaptarla a tu modelo empresarial espec\u00edfico. Por tanto, el siguiente ejemplo contiene notas adicionales que debes observar y pasajes en rojo que debes comprobar en particular y adaptar si es necesario. Por favor, elimina las notas despu\u00e9s de editar. En caso de duda, busca asesoramiento jur\u00eddico. Derechos de autor: Puedes utilizar el dise\u00f1o dentro del dominio\/sitio web siempre que tu licencia Marketpress se aplique a \u00e9l. No est\u00e1 permitida la divulgaci\u00f3n a terceros, incluidos los clientes (por ejemplo, como desarrolladores).<\/strong><\/p><p><em>Pol\u00edtica de cancelaci\u00f3n<\/em><strong>de un contrato de suministro de contenidos digitales que no se suministran en un soporte f\u00edsico de datos<\/strong><br><em>Pol\u00edtica de cancelaci\u00f3n<\/em><br>Un consumidor es toda persona f\u00edsica que celebra un negocio jur\u00eddico con fines predominantemente ajenos a su actividad comercial, empresarial o profesional.<\/p><p><em>Derecho de rescisi\u00f3n<\/em><br>Tienes derecho a rescindir este contrato en un plazo de catorce d\u00edas sin indicar motivo alguno. El plazo de desistimiento es de catorce d\u00edas a partir de la celebraci\u00f3n del contrato. Para ejercer tu derecho de cancelaci\u00f3n, debes enviarnos ([Insertar: Nombre\/empresa, direcci\u00f3n, n\u00famero de tel\u00e9fono y direcci\u00f3n de correo electr\u00f3nico. Tambi\u00e9n puedes utilizar el c\u00f3digo corto [woocommerce_es_disclaimer_address_data] e introducir la direcci\u00f3n en los ajustes]) mediante una declaraci\u00f3n clara (por ejemplo, una carta enviada por correo postal o un correo electr\u00f3nico) de tu decisi\u00f3n de cancelar este contrato. Puedes utilizar el modelo de formulario de cancelaci\u00f3n adjunto, pero no es obligatorio. Para cumplir el plazo de cancelaci\u00f3n, basta con que env\u00edes tu notificaci\u00f3n de ejercicio del derecho de cancelaci\u00f3n antes de que expire el plazo de cancelaci\u00f3n.<\/p><p><em>Consecuencias de la anulaci\u00f3n<\/em><br>Si anulas este contrato, te reembolsaremos todos los pagos que hayamos recibido de ti, incluidos los gastos de env\u00edo (a excepci\u00f3n de los gastos suplementarios resultantes de tu elecci\u00f3n de un tipo de env\u00edo distinto del tipo menos costoso de env\u00edo est\u00e1ndar que ofrezcamos), sin ninguna demora indebida y, en cualquier caso, a m\u00e1s tardar 14 d\u00edas a partir del d\u00eda en que se nos informe de tu decisi\u00f3n de anular este contrato. Para este reembolso, utilizaremos el mismo medio de pago que utilizaste para la transacci\u00f3n original, a menos que se acuerde expresamente otra cosa contigo; en ning\u00fan caso se te cobrar\u00e1n comisiones por este reembolso.<\/p><p><em>Modelo de formulario de cancelaci\u00f3n<\/em><br>(Si deseas cancelar el contrato, rellena y env\u00eda este formulario.)<br>- A [Insertar: Nombre\/empresa, direcci\u00f3n, direcci\u00f3n de correo electr\u00f3nico y, si existe, n\u00famero de fax]:<br>- Por la presente, yo\/nosotros (*) desisto\/desistimos del contrato celebrado por m\u00ed\/nosotros (*) para la compra de los siguientes bienes (*)\/la prestaci\u00f3n del siguiente servicio (*)<br>- Pedido el (*)\/recibido el (*)<br>- Nombre del\/de los consumidor\/es<br>- Direcci\u00f3n del\/de los consumidor\/es<br>- Firma del\/de los consumidor\/es (s\u00f3lo si se comunica en papel)<br>- Fecha<br>-------<br>(*) T\u00e1chese lo que no proceda.<\/p><p><em>Exclusi\u00f3n o expiraci\u00f3n<\/em> prematura del derecho de <em>desistimiento<\/em><br>El derecho de desistimiento no se aplica a los contratos de suministro de contenidos digitales que no sean prefabricados y para cuya producci\u00f3n sea decisiva una selecci\u00f3n o determinaci\u00f3n individual por parte del consumidor o que est\u00e9n claramente adaptados a las necesidades personales del consumidor.<br>El derecho de desistimiento expira prematuramente si no hemos empezado a ejecutar el contrato hasta despu\u00e9s de que t\u00fa hayas a) has dado tu consentimiento expreso y, al mismo tiempo, has confirmado tu conocimiento de que perder\u00e1s tu derecho de desistimiento al iniciarse la ejecuci\u00f3n del contrato por nuestra parte, y b) hayamos puesto a tu disposici\u00f3n el contenido de tu declaraci\u00f3n en un soporte duradero dentro de un plazo razonable tras la celebraci\u00f3n del contrato, pero a m\u00e1s tardar en el momento de la entrega de los bienes o antes de que comience la prestaci\u00f3n del servicio. Nos gustar\u00eda se\u00f1alar que podemos hacer depender la celebraci\u00f3n del contrato del consentimiento y la confirmaci\u00f3n antes mencionados. El derecho de desistimiento expirar\u00e1 prematuramente si no hemos empezado a ejecutar el contrato hasta que hayas dado tu consentimiento expreso y, al mismo tiempo, hayas confirmado tu conocimiento de que perder\u00e1s tu derecho de desistimiento cuando empecemos a ejecutar el contrato. Nos gustar\u00eda se\u00f1alar que podemos hacer depender la celebraci\u00f3n del contrato del consentimiento y la confirmaci\u00f3n antes mencionados.<\/p>\t\t\t\t\t\t\t\t<\/div>\n\t\t\t\t<\/div>\n\t\t\t\t\t<\/div>\n\t\t\t\t<\/div>\n\t\t\t\t<\/div>\n\t\t","protected":false},"excerpt":{"rendered":"<p>Revocaci\u00f3n de contenidos digitales Descargo de responsabilidad: El siguiente ejemplo ha sido elaborado por un abogado(https:\/\/drschwenke.de) de acuerdo con los requisitos t\u00edpicos de una tienda online. Sin embargo, s\u00f3lo debes utilizar la plantilla despu\u00e9s de examinarla detenidamente y adaptarla a tu modelo empresarial espec\u00edfico. Por tanto, el siguiente ejemplo contiene notas adicionales que debes observar [&hellip;]<\/p>\n","protected":false},"author":1,"featured_media":0,"parent":0,"menu_order":0,"comment_status":"closed","ping_status":"closed","template":"","meta":{"_acf_changed":false,"footnotes":""},"class_list":["post-1876","page","type-page","status-publish","hentry"],"acf":[],"yoast_head":"<!-- This site is optimized with the Yoast SEO plugin v24.5 - https:\/\/yoast.com\/wordpress\/plugins\/seo\/ -->\n<title>Revocaci\u00f3n de contenidos digitales | LaVi - Sound &amp; Yoga<\/title>\n<meta name=\"robots\" content=\"index, follow, max-snippet:-1, max-image-preview:large, max-video-preview:-1\" \/>\n<link rel=\"canonical\" href=\"https:\/\/shop.lavi-soundandyoga.com\/es\/revocacion-de-contenidos-digitales\" \/>\n<meta property=\"og:locale\" content=\"es_ES\" \/>\n<meta property=\"og:type\" content=\"article\" \/>\n<meta property=\"og:title\" content=\"Revocaci\u00f3n de contenidos digitales | LaVi - Sound &amp; Yoga\" \/>\n<meta property=\"og:description\" content=\"Revocaci\u00f3n de contenidos digitales Descargo de responsabilidad: El siguiente ejemplo ha sido elaborado por un abogado(https:\/\/drschwenke.de) de acuerdo con los requisitos t\u00edpicos de una tienda online. Sin embargo, s\u00f3lo debes utilizar la plantilla despu\u00e9s de examinarla detenidamente y adaptarla a tu modelo empresarial espec\u00edfico. Por tanto, el siguiente ejemplo contiene notas adicionales que debes observar [&hellip;]\" \/>\n<meta property=\"og:url\" content=\"https:\/\/shop.lavi-soundandyoga.com\/es\/revocacion-de-contenidos-digitales\" \/>\n<meta property=\"og:site_name\" content=\"LaVi - Sound &amp; Yoga\" \/>\n<meta property=\"article:publisher\" content=\"https:\/\/www.facebook.com\/lavisoundandyoga\" \/>\n<meta property=\"article:modified_time\" content=\"2025-02-24T16:30:19+00:00\" \/>\n<meta property=\"og:image\" content=\"https:\/\/shop.lavi-soundandyoga.com\/wp-content\/uploads\/2023\/03\/Lavi-Logo-81-\u00d7-93-px.png\" \/>\n\t<meta property=\"og:image:width\" content=\"81\" \/>\n\t<meta property=\"og:image:height\" content=\"93\" \/>\n\t<meta property=\"og:image:type\" content=\"image\/png\" \/>\n<meta name=\"twitter:card\" content=\"summary_large_image\" \/>\n<meta name=\"twitter:label1\" content=\"Tiempo de lectura\" \/>\n\t<meta name=\"twitter:data1\" content=\"4 minutos\" \/>\n<script type=\"application\/ld+json\" class=\"yoast-schema-graph\">{\"@context\":\"https:\/\/schema.org\",\"@graph\":[{\"@type\":\"WebPage\",\"@id\":\"https:\/\/shop.lavi-soundandyoga.com\/es\/revocacion-de-contenidos-digitales\",\"url\":\"https:\/\/shop.lavi-soundandyoga.com\/es\/revocacion-de-contenidos-digitales\",\"name\":\"Revocaci\u00f3n de contenidos digitales | LaVi - Sound &amp; Yoga\",\"isPartOf\":{\"@id\":\"https:\/\/shop.lavi-soundandyoga.com\/es#website\"},\"datePublished\":\"2023-03-13T17:42:15+00:00\",\"dateModified\":\"2025-02-24T16:30:19+00:00\",\"breadcrumb\":{\"@id\":\"https:\/\/shop.lavi-soundandyoga.com\/es\/revocacion-de-contenidos-digitales#breadcrumb\"},\"inLanguage\":\"es\",\"potentialAction\":[{\"@type\":\"ReadAction\",\"target\":[\"https:\/\/shop.lavi-soundandyoga.com\/es\/revocacion-de-contenidos-digitales\"]}]},{\"@type\":\"BreadcrumbList\",\"@id\":\"https:\/\/shop.lavi-soundandyoga.com\/es\/revocacion-de-contenidos-digitales#breadcrumb\",\"itemListElement\":[{\"@type\":\"ListItem\",\"position\":1,\"name\":\"LaVi Shop\",\"item\":\"https:\/\/shop.lavi-soundandyoga.com\/es\/tienda\"},{\"@type\":\"ListItem\",\"position\":2,\"name\":\"Revocaci\u00f3n de contenidos digitales\"}]},{\"@type\":\"WebSite\",\"@id\":\"https:\/\/shop.lavi-soundandyoga.com\/es#website\",\"url\":\"https:\/\/shop.lavi-soundandyoga.com\/es\",\"name\":\"LaVi Sound & Yoga\",\"description\":\"Yin Yoga and Sound Healing\",\"publisher\":{\"@id\":\"https:\/\/shop.lavi-soundandyoga.com\/es#organization\"},\"alternateName\":\"Lavi\",\"potentialAction\":[{\"@type\":\"SearchAction\",\"target\":{\"@type\":\"EntryPoint\",\"urlTemplate\":\"https:\/\/shop.lavi-soundandyoga.com\/es?s={search_term_string}\"},\"query-input\":{\"@type\":\"PropertyValueSpecification\",\"valueRequired\":true,\"valueName\":\"search_term_string\"}}],\"inLanguage\":\"es\"},{\"@type\":\"Organization\",\"@id\":\"https:\/\/shop.lavi-soundandyoga.com\/es#organization\",\"name\":\"LaVi Sound and Yoga\",\"alternateName\":\"LaVi\",\"url\":\"https:\/\/shop.lavi-soundandyoga.com\/es\",\"logo\":{\"@type\":\"ImageObject\",\"inLanguage\":\"es\",\"@id\":\"https:\/\/shop.lavi-soundandyoga.com\/es#\/schema\/logo\/image\/\",\"url\":\"https:\/\/shop.lavi-soundandyoga.com\/wp-content\/uploads\/2025\/01\/LaVi_LogoFINAL1.png\",\"contentUrl\":\"https:\/\/shop.lavi-soundandyoga.com\/wp-content\/uploads\/2025\/01\/LaVi_LogoFINAL1.png\",\"width\":343,\"height\":339,\"caption\":\"LaVi Sound and Yoga\"},\"image\":{\"@id\":\"https:\/\/shop.lavi-soundandyoga.com\/es#\/schema\/logo\/image\/\"},\"sameAs\":[\"https:\/\/www.facebook.com\/lavisoundandyoga\",\"https:\/\/www.instagram.com\/lavi_sound_and_yoga\/\",\"https:\/\/www.youtube.com\/channel\/UCuQTy-TOirHAZruDryEKTXQ\",\"https:\/\/www.tiktok.com\/@lavisoundandyoga\",\"https:\/\/open.spotify.com\/artist\/6lpTHiTkCOgxZ9BUonU0zM\"]}]}<\/script>\n<!-- \/ Yoast SEO plugin. -->","yoast_head_json":{"title":"Revocaci\u00f3n de contenidos digitales | LaVi - Sound &amp; Yoga","robots":{"index":"index","follow":"follow","max-snippet":"max-snippet:-1","max-image-preview":"max-image-preview:large","max-video-preview":"max-video-preview:-1"},"canonical":"https:\/\/shop.lavi-soundandyoga.com\/es\/revocacion-de-contenidos-digitales","og_locale":"es_ES","og_type":"article","og_title":"Revocaci\u00f3n de contenidos digitales | LaVi - Sound &amp; Yoga","og_description":"Revocaci\u00f3n de contenidos digitales Descargo de responsabilidad: El siguiente ejemplo ha sido elaborado por un abogado(https:\/\/drschwenke.de) de acuerdo con los requisitos t\u00edpicos de una tienda online. Sin embargo, s\u00f3lo debes utilizar la plantilla despu\u00e9s de examinarla detenidamente y adaptarla a tu modelo empresarial espec\u00edfico. Por tanto, el siguiente ejemplo contiene notas adicionales que debes observar [&hellip;]","og_url":"https:\/\/shop.lavi-soundandyoga.com\/es\/revocacion-de-contenidos-digitales","og_site_name":"LaVi - Sound &amp; Yoga","article_publisher":"https:\/\/www.facebook.com\/lavisoundandyoga","article_modified_time":"2025-02-24T16:30:19+00:00","og_image":[{"width":81,"height":93,"url":"https:\/\/shop.lavi-soundandyoga.com\/wp-content\/uploads\/2023\/03\/Lavi-Logo-81-\u00d7-93-px.png","type":"image\/png"}],"twitter_card":"summary_large_image","twitter_misc":{"Tiempo de lectura":"4 minutos"},"schema":{"@context":"https:\/\/schema.org","@graph":[{"@type":"WebPage","@id":"https:\/\/shop.lavi-soundandyoga.com\/es\/revocacion-de-contenidos-digitales","url":"https:\/\/shop.lavi-soundandyoga.com\/es\/revocacion-de-contenidos-digitales","name":"Revocaci\u00f3n de contenidos digitales | LaVi - Sound &amp; Yoga","isPartOf":{"@id":"https:\/\/shop.lavi-soundandyoga.com\/es#website"},"datePublished":"2023-03-13T17:42:15+00:00","dateModified":"2025-02-24T16:30:19+00:00","breadcrumb":{"@id":"https:\/\/shop.lavi-soundandyoga.com\/es\/revocacion-de-contenidos-digitales#breadcrumb"},"inLanguage":"es","potentialAction":[{"@type":"ReadAction","target":["https:\/\/shop.lavi-soundandyoga.com\/es\/revocacion-de-contenidos-digitales"]}]},{"@type":"BreadcrumbList","@id":"https:\/\/shop.lavi-soundandyoga.com\/es\/revocacion-de-contenidos-digitales#breadcrumb","itemListElement":[{"@type":"ListItem","position":1,"name":"LaVi Shop","item":"https:\/\/shop.lavi-soundandyoga.com\/es\/tienda"},{"@type":"ListItem","position":2,"name":"Revocaci\u00f3n de contenidos digitales"}]},{"@type":"WebSite","@id":"https:\/\/shop.lavi-soundandyoga.com\/es#website","url":"https:\/\/shop.lavi-soundandyoga.com\/es","name":"LaVi Sound & Yoga","description":"Yin Yoga and Sound Healing","publisher":{"@id":"https:\/\/shop.lavi-soundandyoga.com\/es#organization"},"alternateName":"Lavi","potentialAction":[{"@type":"SearchAction","target":{"@type":"EntryPoint","urlTemplate":"https:\/\/shop.lavi-soundandyoga.com\/es?s={search_term_string}"},"query-input":{"@type":"PropertyValueSpecification","valueRequired":true,"valueName":"search_term_string"}}],"inLanguage":"es"},{"@type":"Organization","@id":"https:\/\/shop.lavi-soundandyoga.com\/es#organization","name":"LaVi Sound and Yoga","alternateName":"LaVi","url":"https:\/\/shop.lavi-soundandyoga.com\/es","logo":{"@type":"ImageObject","inLanguage":"es","@id":"https:\/\/shop.lavi-soundandyoga.com\/es#\/schema\/logo\/image\/","url":"https:\/\/shop.lavi-soundandyoga.com\/wp-content\/uploads\/2025\/01\/LaVi_LogoFINAL1.png","contentUrl":"https:\/\/shop.lavi-soundandyoga.com\/wp-content\/uploads\/2025\/01\/LaVi_LogoFINAL1.png","width":343,"height":339,"caption":"LaVi Sound and Yoga"},"image":{"@id":"https:\/\/shop.lavi-soundandyoga.com\/es#\/schema\/logo\/image\/"},"sameAs":["https:\/\/www.facebook.com\/lavisoundandyoga","https:\/\/www.instagram.com\/lavi_sound_and_yoga\/","https:\/\/www.youtube.com\/channel\/UCuQTy-TOirHAZruDryEKTXQ","https:\/\/www.tiktok.com\/@lavisoundandyoga","https:\/\/open.spotify.com\/artist\/6lpTHiTkCOgxZ9BUonU0zM"]}]}},"jetpack_sharing_enabled":true,"_links":{"self":[{"href":"https:\/\/shop.lavi-soundandyoga.com\/es\/wp-json\/wp\/v2\/pages\/1876","targetHints":{"allow":["GET"]}}],"collection":[{"href":"https:\/\/shop.lavi-soundandyoga.com\/es\/wp-json\/wp\/v2\/pages"}],"about":[{"href":"https:\/\/shop.lavi-soundandyoga.com\/es\/wp-json\/wp\/v2\/types\/page"}],"author":[{"embeddable":true,"href":"https:\/\/shop.lavi-soundandyoga.com\/es\/wp-json\/wp\/v2\/users\/1"}],"replies":[{"embeddable":true,"href":"https:\/\/shop.lavi-soundandyoga.com\/es\/wp-json\/wp\/v2\/comments?post=1876"}],"version-history":[{"count":2,"href":"https:\/\/shop.lavi-soundandyoga.com\/es\/wp-json\/wp\/v2\/pages\/1876\/revisions"}],"predecessor-version":[{"id":2198,"href":"https:\/\/shop.lavi-soundandyoga.com\/es\/wp-json\/wp\/v2\/pages\/1876\/revisions\/2198"}],"wp:attachment":[{"href":"https:\/\/shop.lavi-soundandyoga.com\/es\/wp-json\/wp\/v2\/media?parent=1876"}],"curies":[{"name":"wp","href":"https:\/\/api.w.org\/{rel}","templated":true}]}}