{"id":1855,"date":"2023-03-21T17:54:29","date_gmt":"2023-03-21T17:54:29","guid":{"rendered":"https:\/\/shop.lavi-soundandyoga.com\/product\/esencia-de-durga"},"modified":"2023-03-21T17:54:29","modified_gmt":"2023-03-21T17:54:29","slug":"esencia-de-durga","status":"publish","type":"product","link":"https:\/\/shop.lavi-soundandyoga.com\/es\/producto\/esencias\/esencia-de-durga","title":{"rendered":"Esencia de Durga"},"content":{"rendered":"<p>Esta fragancia unisex mezcla notas de <strong>pomelo, naranja, romero, vainilla y vetiver<\/strong>, mezcladas con jojoba, coco y vitamina E. \u00dasalo para obtener energ\u00eda y vigor suaves: Durga energiza y eleva el \u00e1nimo a la vez que relaja. El pomelo, estimulante de la mente, y <strong>la mandarina<\/strong>, positiva y energizante, se equilibran maravillosamente con el aceite de romero para ayudar a la concentraci\u00f3n y la memoria. La vainilla dulce y el <strong>haba tonka<\/strong> calman y reducen la ansiedad y ayudan con los problemas respiratorios. La lima aporta un frescor equilibrante, redondeado con una nota de fondo de aceite de vetiver calmante, reconstituyente y enraizante.   <\/p>\n<p>Ninguno de nuestros aceites contiene alcohol ni agua. Son superf\u00e1ciles de aplicar en cualquier lugar, ya que el frasco compacto de 9 ml tiene un aplicador roll-on suave y sin fricci\u00f3n. Los productos de la L\u00ednea Diosa est\u00e1n hechos a mano en Nueva York, EE.UU., y todos se fabrican en peque\u00f1os lotes.   El frasco y el envase son 100% reciclables, las esencias no contienen alcohol ni parabenos y se producen sin pruebas con animales.<\/p>\n<p>La <strong>diosa Durga<\/strong> simboliza la energ\u00eda c\u00f3smica y la creaci\u00f3n y representa el poder maternal. Como consorte de Shiva, es una diosa muy fuerte y se le atribuye poder creativo. Es la personificaci\u00f3n de la madre luchadora que protege a sus hijos y les ayuda en el camino hacia la autorrealizaci\u00f3n. Sus seguidores veneran a la diosa de radiante belleza y su poder curativo y de alivio del sufrimiento.   <\/p>\n","protected":false},"excerpt":{"rendered":"<p><span style=\"vertical-align: inherit;\"><span style=\"vertical-align: inherit;\">Durga Esencia Roll on<\/span><\/span><\/p>\n<p>fabricado por The Goddess Line, Nueva York<\/p>\n<p>vegano, aceites puros sin alcohol, agua ni aditivos<\/p>\n","protected":false},"featured_media":1411,"comment_status":"closed","ping_status":"closed","template":"","meta":{"_acf_changed":false},"product_brand":[],"product_cat":[156],"product_tag":[],"class_list":{"0":"post-1855","1":"product","2":"type-product","3":"status-publish","4":"has-post-thumbnail","6":"product_cat-esencias","7":"product_shipping_class-prio","9":"first","10":"instock","11":"purchasable","12":"product-type-simple"},"acf":[],"yoast_head":"<!-- This site is optimized with the Yoast SEO plugin v24.5 - https:\/\/yoast.com\/wordpress\/plugins\/seo\/ -->\n<title>Esencia de Durga | LaVi - Sound &amp; Yoga<\/title>\n<meta name=\"description\" content=\"La Esencia Durga es una mezcla de fragancias de pomelo, naranja, romero, vainilla y vetiver, y est\u00e1 compuesta por aceites 100% naturales y ecol\u00f3gicos.\" \/>\n<meta name=\"robots\" content=\"index, follow, max-snippet:-1, max-image-preview:large, max-video-preview:-1\" \/>\n<link rel=\"canonical\" href=\"https:\/\/shop.lavi-soundandyoga.com\/es\/producto\/esencias\/esencia-de-durga\" \/>\n<meta property=\"og:locale\" content=\"es_ES\" \/>\n<meta property=\"og:type\" content=\"article\" \/>\n<meta property=\"og:title\" content=\"Esencia de Durga | LaVi - Sound &amp; Yoga\" \/>\n<meta property=\"og:description\" content=\"La Esencia Durga es una mezcla de fragancias de pomelo, naranja, romero, vainilla y vetiver, y est\u00e1 compuesta por aceites 100% naturales y ecol\u00f3gicos.\" \/>\n<meta property=\"og:url\" content=\"https:\/\/shop.lavi-soundandyoga.com\/es\/producto\/esencias\/esencia-de-durga\" \/>\n<meta property=\"og:site_name\" content=\"LaVi - Sound &amp; Yoga\" \/>\n<meta property=\"article:publisher\" content=\"https:\/\/www.facebook.com\/lavisoundandyoga\" \/>\n<meta property=\"og:image\" content=\"https:\/\/shop.lavi-soundandyoga.com\/wp-content\/uploads\/2023\/03\/durga_box_w_oil_1600x1600_dec2f484-06b3-40a1-9bac-dda58384d450_1400x.jpg\" \/>\n\t<meta property=\"og:image:width\" content=\"1400\" \/>\n\t<meta property=\"og:image:height\" content=\"1400\" \/>\n\t<meta property=\"og:image:type\" content=\"image\/jpeg\" \/>\n<meta name=\"twitter:card\" content=\"summary_large_image\" \/>\n<meta name=\"twitter:label1\" content=\"Tiempo de lectura\" \/>\n\t<meta name=\"twitter:data1\" content=\"1 minuto\" \/>\n<script type=\"application\/ld+json\" class=\"yoast-schema-graph\">{\"@context\":\"https:\/\/schema.org\",\"@graph\":[{\"@type\":[\"WebPage\",\"ItemPage\"],\"@id\":\"https:\/\/shop.lavi-soundandyoga.com\/es\/producto\/esencias\/esencia-de-durga\",\"url\":\"https:\/\/shop.lavi-soundandyoga.com\/es\/producto\/esencias\/esencia-de-durga\",\"name\":\"Esencia de Durga | LaVi - Sound &amp; Yoga\",\"isPartOf\":{\"@id\":\"https:\/\/shop.lavi-soundandyoga.com\/es#website\"},\"primaryImageOfPage\":{\"@id\":\"https:\/\/shop.lavi-soundandyoga.com\/es\/producto\/esencias\/esencia-de-durga#primaryimage\"},\"image\":{\"@id\":\"https:\/\/shop.lavi-soundandyoga.com\/es\/producto\/esencias\/esencia-de-durga#primaryimage\"},\"thumbnailUrl\":\"https:\/\/shop.lavi-soundandyoga.com\/wp-content\/uploads\/2023\/03\/durga_box_w_oil_1600x1600_dec2f484-06b3-40a1-9bac-dda58384d450_1400x.jpg\",\"datePublished\":\"2023-03-21T17:54:29+00:00\",\"description\":\"La Esencia Durga es una mezcla de fragancias de pomelo, naranja, romero, vainilla y vetiver, y est\u00e1 compuesta por aceites 100% naturales y ecol\u00f3gicos.\",\"breadcrumb\":{\"@id\":\"https:\/\/shop.lavi-soundandyoga.com\/es\/producto\/esencias\/esencia-de-durga#breadcrumb\"},\"inLanguage\":\"es\",\"potentialAction\":[{\"@type\":\"ReadAction\",\"target\":[\"https:\/\/shop.lavi-soundandyoga.com\/es\/producto\/esencias\/esencia-de-durga\"]}]},{\"@type\":\"ImageObject\",\"inLanguage\":\"es\",\"@id\":\"https:\/\/shop.lavi-soundandyoga.com\/es\/producto\/esencias\/esencia-de-durga#primaryimage\",\"url\":\"https:\/\/shop.lavi-soundandyoga.com\/wp-content\/uploads\/2023\/03\/durga_box_w_oil_1600x1600_dec2f484-06b3-40a1-9bac-dda58384d450_1400x.jpg\",\"contentUrl\":\"https:\/\/shop.lavi-soundandyoga.com\/wp-content\/uploads\/2023\/03\/durga_box_w_oil_1600x1600_dec2f484-06b3-40a1-9bac-dda58384d450_1400x.jpg\",\"width\":1400,\"height\":1400,\"caption\":\"Esencia de Durga\"},{\"@type\":\"BreadcrumbList\",\"@id\":\"https:\/\/shop.lavi-soundandyoga.com\/es\/producto\/esencias\/esencia-de-durga#breadcrumb\",\"itemListElement\":[{\"@type\":\"ListItem\",\"position\":1,\"name\":\"LaVi Shop\",\"item\":\"https:\/\/shop.lavi-soundandyoga.com\/es\/tienda\"},{\"@type\":\"ListItem\",\"position\":2,\"name\":\"Productos\",\"item\":\"https:\/\/shop.lavi-soundandyoga.com\/es\/shop\"},{\"@type\":\"ListItem\",\"position\":3,\"name\":\"Esencias\",\"item\":\"https:\/\/shop.lavi-soundandyoga.com\/es\/categoria-producto\/esencias\"},{\"@type\":\"ListItem\",\"position\":4,\"name\":\"Esencia de Durga\"}]},{\"@type\":\"WebSite\",\"@id\":\"https:\/\/shop.lavi-soundandyoga.com\/es#website\",\"url\":\"https:\/\/shop.lavi-soundandyoga.com\/es\",\"name\":\"LaVi Sound & Yoga\",\"description\":\"Yin Yoga and Sound Healing\",\"publisher\":{\"@id\":\"https:\/\/shop.lavi-soundandyoga.com\/es#organization\"},\"alternateName\":\"Lavi\",\"potentialAction\":[{\"@type\":\"SearchAction\",\"target\":{\"@type\":\"EntryPoint\",\"urlTemplate\":\"https:\/\/shop.lavi-soundandyoga.com\/es?s={search_term_string}\"},\"query-input\":{\"@type\":\"PropertyValueSpecification\",\"valueRequired\":true,\"valueName\":\"search_term_string\"}}],\"inLanguage\":\"es\"},{\"@type\":\"Organization\",\"@id\":\"https:\/\/shop.lavi-soundandyoga.com\/es#organization\",\"name\":\"LaVi Sound and Yoga\",\"alternateName\":\"LaVi\",\"url\":\"https:\/\/shop.lavi-soundandyoga.com\/es\",\"logo\":{\"@type\":\"ImageObject\",\"inLanguage\":\"es\",\"@id\":\"https:\/\/shop.lavi-soundandyoga.com\/es#\/schema\/logo\/image\/\",\"url\":\"https:\/\/shop.lavi-soundandyoga.com\/wp-content\/uploads\/2025\/01\/LaVi_LogoFINAL1.png\",\"contentUrl\":\"https:\/\/shop.lavi-soundandyoga.com\/wp-content\/uploads\/2025\/01\/LaVi_LogoFINAL1.png\",\"width\":343,\"height\":339,\"caption\":\"LaVi Sound and Yoga\"},\"image\":{\"@id\":\"https:\/\/shop.lavi-soundandyoga.com\/es#\/schema\/logo\/image\/\"},\"sameAs\":[\"https:\/\/www.facebook.com\/lavisoundandyoga\",\"https:\/\/www.instagram.com\/lavi_sound_and_yoga\/\",\"https:\/\/www.youtube.com\/channel\/UCuQTy-TOirHAZruDryEKTXQ\",\"https:\/\/www.tiktok.com\/@lavisoundandyoga\",\"https:\/\/open.spotify.com\/artist\/6lpTHiTkCOgxZ9BUonU0zM\"]}]}<\/script>\n<!-- \/ Yoast SEO plugin. -->","yoast_head_json":{"title":"Esencia de Durga | LaVi - Sound &amp; Yoga","description":"La Esencia Durga es una mezcla de fragancias de pomelo, naranja, romero, vainilla y vetiver, y est\u00e1 compuesta por aceites 100% naturales y ecol\u00f3gicos.","robots":{"index":"index","follow":"follow","max-snippet":"max-snippet:-1","max-image-preview":"max-image-preview:large","max-video-preview":"max-video-preview:-1"},"canonical":"https:\/\/shop.lavi-soundandyoga.com\/es\/producto\/esencias\/esencia-de-durga","og_locale":"es_ES","og_type":"article","og_title":"Esencia de Durga | LaVi - Sound &amp; Yoga","og_description":"La Esencia Durga es una mezcla de fragancias de pomelo, naranja, romero, vainilla y vetiver, y est\u00e1 compuesta por aceites 100% naturales y ecol\u00f3gicos.","og_url":"https:\/\/shop.lavi-soundandyoga.com\/es\/producto\/esencias\/esencia-de-durga","og_site_name":"LaVi - Sound &amp; Yoga","article_publisher":"https:\/\/www.facebook.com\/lavisoundandyoga","og_image":[{"width":1400,"height":1400,"url":"https:\/\/shop.lavi-soundandyoga.com\/wp-content\/uploads\/2023\/03\/durga_box_w_oil_1600x1600_dec2f484-06b3-40a1-9bac-dda58384d450_1400x.jpg","type":"image\/jpeg"}],"twitter_card":"summary_large_image","twitter_misc":{"Tiempo de lectura":"1 minuto"},"schema":{"@context":"https:\/\/schema.org","@graph":[{"@type":["WebPage","ItemPage"],"@id":"https:\/\/shop.lavi-soundandyoga.com\/es\/producto\/esencias\/esencia-de-durga","url":"https:\/\/shop.lavi-soundandyoga.com\/es\/producto\/esencias\/esencia-de-durga","name":"Esencia de Durga | LaVi - Sound &amp; Yoga","isPartOf":{"@id":"https:\/\/shop.lavi-soundandyoga.com\/es#website"},"primaryImageOfPage":{"@id":"https:\/\/shop.lavi-soundandyoga.com\/es\/producto\/esencias\/esencia-de-durga#primaryimage"},"image":{"@id":"https:\/\/shop.lavi-soundandyoga.com\/es\/producto\/esencias\/esencia-de-durga#primaryimage"},"thumbnailUrl":"https:\/\/shop.lavi-soundandyoga.com\/wp-content\/uploads\/2023\/03\/durga_box_w_oil_1600x1600_dec2f484-06b3-40a1-9bac-dda58384d450_1400x.jpg","datePublished":"2023-03-21T17:54:29+00:00","description":"La Esencia Durga es una mezcla de fragancias de pomelo, naranja, romero, vainilla y vetiver, y est\u00e1 compuesta por aceites 100% naturales y ecol\u00f3gicos.","breadcrumb":{"@id":"https:\/\/shop.lavi-soundandyoga.com\/es\/producto\/esencias\/esencia-de-durga#breadcrumb"},"inLanguage":"es","potentialAction":[{"@type":"ReadAction","target":["https:\/\/shop.lavi-soundandyoga.com\/es\/producto\/esencias\/esencia-de-durga"]}]},{"@type":"ImageObject","inLanguage":"es","@id":"https:\/\/shop.lavi-soundandyoga.com\/es\/producto\/esencias\/esencia-de-durga#primaryimage","url":"https:\/\/shop.lavi-soundandyoga.com\/wp-content\/uploads\/2023\/03\/durga_box_w_oil_1600x1600_dec2f484-06b3-40a1-9bac-dda58384d450_1400x.jpg","contentUrl":"https:\/\/shop.lavi-soundandyoga.com\/wp-content\/uploads\/2023\/03\/durga_box_w_oil_1600x1600_dec2f484-06b3-40a1-9bac-dda58384d450_1400x.jpg","width":1400,"height":1400,"caption":"Esencia de Durga"},{"@type":"BreadcrumbList","@id":"https:\/\/shop.lavi-soundandyoga.com\/es\/producto\/esencias\/esencia-de-durga#breadcrumb","itemListElement":[{"@type":"ListItem","position":1,"name":"LaVi Shop","item":"https:\/\/shop.lavi-soundandyoga.com\/es\/tienda"},{"@type":"ListItem","position":2,"name":"Productos","item":"https:\/\/shop.lavi-soundandyoga.com\/es\/shop"},{"@type":"ListItem","position":3,"name":"Esencias","item":"https:\/\/shop.lavi-soundandyoga.com\/es\/categoria-producto\/esencias"},{"@type":"ListItem","position":4,"name":"Esencia de Durga"}]},{"@type":"WebSite","@id":"https:\/\/shop.lavi-soundandyoga.com\/es#website","url":"https:\/\/shop.lavi-soundandyoga.com\/es","name":"LaVi Sound & Yoga","description":"Yin Yoga and Sound Healing","publisher":{"@id":"https:\/\/shop.lavi-soundandyoga.com\/es#organization"},"alternateName":"Lavi","potentialAction":[{"@type":"SearchAction","target":{"@type":"EntryPoint","urlTemplate":"https:\/\/shop.lavi-soundandyoga.com\/es?s={search_term_string}"},"query-input":{"@type":"PropertyValueSpecification","valueRequired":true,"valueName":"search_term_string"}}],"inLanguage":"es"},{"@type":"Organization","@id":"https:\/\/shop.lavi-soundandyoga.com\/es#organization","name":"LaVi Sound and Yoga","alternateName":"LaVi","url":"https:\/\/shop.lavi-soundandyoga.com\/es","logo":{"@type":"ImageObject","inLanguage":"es","@id":"https:\/\/shop.lavi-soundandyoga.com\/es#\/schema\/logo\/image\/","url":"https:\/\/shop.lavi-soundandyoga.com\/wp-content\/uploads\/2025\/01\/LaVi_LogoFINAL1.png","contentUrl":"https:\/\/shop.lavi-soundandyoga.com\/wp-content\/uploads\/2025\/01\/LaVi_LogoFINAL1.png","width":343,"height":339,"caption":"LaVi Sound and Yoga"},"image":{"@id":"https:\/\/shop.lavi-soundandyoga.com\/es#\/schema\/logo\/image\/"},"sameAs":["https:\/\/www.facebook.com\/lavisoundandyoga","https:\/\/www.instagram.com\/lavi_sound_and_yoga\/","https:\/\/www.youtube.com\/channel\/UCuQTy-TOirHAZruDryEKTXQ","https:\/\/www.tiktok.com\/@lavisoundandyoga","https:\/\/open.spotify.com\/artist\/6lpTHiTkCOgxZ9BUonU0zM"]}]}},"jetpack_sharing_enabled":true,"_links":{"self":[{"href":"https:\/\/shop.lavi-soundandyoga.com\/es\/wp-json\/wp\/v2\/product\/1855","targetHints":{"allow":["GET"]}}],"collection":[{"href":"https:\/\/shop.lavi-soundandyoga.com\/es\/wp-json\/wp\/v2\/product"}],"about":[{"href":"https:\/\/shop.lavi-soundandyoga.com\/es\/wp-json\/wp\/v2\/types\/product"}],"replies":[{"embeddable":true,"href":"https:\/\/shop.lavi-soundandyoga.com\/es\/wp-json\/wp\/v2\/comments?post=1855"}],"wp:featuredmedia":[{"embeddable":true,"href":"https:\/\/shop.lavi-soundandyoga.com\/es\/wp-json\/wp\/v2\/media\/1411"}],"wp:attachment":[{"href":"https:\/\/shop.lavi-soundandyoga.com\/es\/wp-json\/wp\/v2\/media?parent=1855"}],"wp:term":[{"taxonomy":"product_brand","embeddable":true,"href":"https:\/\/shop.lavi-soundandyoga.com\/es\/wp-json\/wp\/v2\/product_brand?post=1855"},{"taxonomy":"product_cat","embeddable":true,"href":"https:\/\/shop.lavi-soundandyoga.com\/es\/wp-json\/wp\/v2\/product_cat?post=1855"},{"taxonomy":"product_tag","embeddable":true,"href":"https:\/\/shop.lavi-soundandyoga.com\/es\/wp-json\/wp\/v2\/product_tag?post=1855"}],"curies":[{"name":"wp","href":"https:\/\/api.w.org\/{rel}","templated":true}]}}