{"id":1858,"date":"2023-03-21T07:55:15","date_gmt":"2023-03-21T07:55:15","guid":{"rendered":"https:\/\/shop.lavi-soundandyoga.com\/product\/esencia-de-saraswati"},"modified":"2023-03-21T07:55:15","modified_gmt":"2023-03-21T07:55:15","slug":"esencia-de-saraswati","status":"publish","type":"product","link":"https:\/\/shop.lavi-soundandyoga.com\/es\/producto\/esencias\/esencia-de-saraswati","title":{"rendered":"Esencia de Saraswati"},"content":{"rendered":"<div class=\"x11i5rnm xat24cr x1mh8g0r x1vvkbs xdj266r\">\n<p class=\"x11i5rnm xat24cr x1mh8g0r x1vvkbs xdj266r\">Deleita tus sentidos con esta mezcla de <strong>jazm\u00edn, neroli y pachul\u00ed,<\/strong> combinada con aceite de jojoba, aceite de coco fraccionado y aceite de semilla de uva. Saraswati contiene <strong>jazm\u00edn sambac<\/strong> indio para elevar y estimular; <strong>neroli<\/strong> tunecino para calmar los nervios y la ansiedad; y pachul\u00ed a\u00f1ejo para combatir la depresi\u00f3n. <\/p>\n<p class=\"x11i5rnm xat24cr x1mh8g0r x1vvkbs xtlvy1s\">Ninguno de nuestros aceites contiene alcohol ni agua. Son superf\u00e1ciles de aplicar en cualquier lugar, ya que el frasco compacto de 9 ml tiene un aplicador roll-on suave y sin fricci\u00f3n. Los productos de la L\u00ednea Diosa est\u00e1n hechos a mano en Nueva York, EE.UU., y todos se fabrican en peque\u00f1os lotes. El frasco y el envase son 100% reciclables, las esencias no contienen alcohol, parabenos ni crueldad.   <\/p>\n<p class=\"x11i5rnm xat24cr x1mh8g0r x1vvkbs xtlvy1s\"><strong>Saraswati es la diosa india<\/strong> de la sabidur\u00eda y la erudici\u00f3n. Es la Shakti del poder femenino del dios Brahma. Es la diosa del aprendizaje, la lengua, la ciencia y las artes, la poes\u00eda, la m\u00fasica y la danza. Tambi\u00e9n se la conoce como la \u00abMadre de los Vedas\u00bb, que invent\u00f3 el alfabeto s\u00e1nscrito.   <\/p>\n<\/div>\n","protected":false},"excerpt":{"rendered":"<p><span style=\"vertical-align: inherit;\"><span style=\"vertical-align: inherit;\"><span style=\"vertical-align: inherit;\"><span style=\"vertical-align: inherit;\">Esencia Saraswati Roll on<\/span><\/span><\/span><\/span><\/p>\n<p>fabricado por The Goddess Line, Nueva York<\/p>\n<p>vegano, aceites puros sin alcohol, agua ni aditivos<\/p>\n","protected":false},"featured_media":1403,"comment_status":"closed","ping_status":"closed","template":"","meta":{"_acf_changed":false},"product_brand":[],"product_cat":[156],"product_tag":[],"class_list":{"0":"post-1858","1":"product","2":"type-product","3":"status-publish","4":"has-post-thumbnail","6":"product_cat-esencias","7":"product_shipping_class-prio","9":"first","10":"outofstock","11":"sale","12":"purchasable","13":"product-type-simple"},"acf":[],"yoast_head":"<!-- This site is optimized with the Yoast SEO plugin v24.5 - https:\/\/yoast.com\/wordpress\/plugins\/seo\/ -->\n<title>Esencia de Saraswati | LaVi - Sound &amp; Yoga<\/title>\n<meta name=\"description\" content=\"La esencia Saraswati es una mezcla de fragancias de jazm\u00edn, neroli y pachul\u00ed y est\u00e1 compuesta por aceites 100% naturales y ecol\u00f3gicos.\" \/>\n<meta name=\"robots\" content=\"index, follow, max-snippet:-1, max-image-preview:large, max-video-preview:-1\" \/>\n<link rel=\"canonical\" href=\"https:\/\/shop.lavi-soundandyoga.com\/es\/producto\/esencias\/esencia-de-saraswati\" \/>\n<meta property=\"og:locale\" content=\"es_ES\" \/>\n<meta property=\"og:type\" content=\"article\" \/>\n<meta property=\"og:title\" content=\"Esencia de Saraswati | LaVi - Sound &amp; Yoga\" \/>\n<meta property=\"og:description\" content=\"La esencia Saraswati es una mezcla de fragancias de jazm\u00edn, neroli y pachul\u00ed y est\u00e1 compuesta por aceites 100% naturales y ecol\u00f3gicos.\" \/>\n<meta property=\"og:url\" content=\"https:\/\/shop.lavi-soundandyoga.com\/es\/producto\/esencias\/esencia-de-saraswati\" \/>\n<meta property=\"og:site_name\" content=\"LaVi - Sound &amp; Yoga\" \/>\n<meta property=\"article:publisher\" content=\"https:\/\/www.facebook.com\/lavisoundandyoga\" \/>\n<meta property=\"og:image\" content=\"https:\/\/shop.lavi-soundandyoga.com\/wp-content\/uploads\/2023\/03\/saraswati_box_w_oil_1600x1600_f9a2ce19-0c50-477f-8ba0-d3fbe058fb32_1400x.jpg\" \/>\n\t<meta property=\"og:image:width\" content=\"1400\" \/>\n\t<meta property=\"og:image:height\" content=\"1400\" \/>\n\t<meta property=\"og:image:type\" content=\"image\/jpeg\" \/>\n<meta name=\"twitter:card\" content=\"summary_large_image\" \/>\n<meta name=\"twitter:label1\" content=\"Tiempo de lectura\" \/>\n\t<meta name=\"twitter:data1\" content=\"1 minuto\" \/>\n<script type=\"application\/ld+json\" class=\"yoast-schema-graph\">{\"@context\":\"https:\/\/schema.org\",\"@graph\":[{\"@type\":[\"WebPage\",\"ItemPage\"],\"@id\":\"https:\/\/shop.lavi-soundandyoga.com\/es\/producto\/esencias\/esencia-de-saraswati\",\"url\":\"https:\/\/shop.lavi-soundandyoga.com\/es\/producto\/esencias\/esencia-de-saraswati\",\"name\":\"Esencia de Saraswati | LaVi - Sound &amp; Yoga\",\"isPartOf\":{\"@id\":\"https:\/\/shop.lavi-soundandyoga.com\/es#website\"},\"primaryImageOfPage\":{\"@id\":\"https:\/\/shop.lavi-soundandyoga.com\/es\/producto\/esencias\/esencia-de-saraswati#primaryimage\"},\"image\":{\"@id\":\"https:\/\/shop.lavi-soundandyoga.com\/es\/producto\/esencias\/esencia-de-saraswati#primaryimage\"},\"thumbnailUrl\":\"https:\/\/shop.lavi-soundandyoga.com\/wp-content\/uploads\/2023\/03\/saraswati_box_w_oil_1600x1600_f9a2ce19-0c50-477f-8ba0-d3fbe058fb32_1400x.jpg\",\"datePublished\":\"2023-03-21T07:55:15+00:00\",\"description\":\"La esencia Saraswati es una mezcla de fragancias de jazm\u00edn, neroli y pachul\u00ed y est\u00e1 compuesta por aceites 100% naturales y ecol\u00f3gicos.\",\"breadcrumb\":{\"@id\":\"https:\/\/shop.lavi-soundandyoga.com\/es\/producto\/esencias\/esencia-de-saraswati#breadcrumb\"},\"inLanguage\":\"es\",\"potentialAction\":[{\"@type\":\"ReadAction\",\"target\":[\"https:\/\/shop.lavi-soundandyoga.com\/es\/producto\/esencias\/esencia-de-saraswati\"]}]},{\"@type\":\"ImageObject\",\"inLanguage\":\"es\",\"@id\":\"https:\/\/shop.lavi-soundandyoga.com\/es\/producto\/esencias\/esencia-de-saraswati#primaryimage\",\"url\":\"https:\/\/shop.lavi-soundandyoga.com\/wp-content\/uploads\/2023\/03\/saraswati_box_w_oil_1600x1600_f9a2ce19-0c50-477f-8ba0-d3fbe058fb32_1400x.jpg\",\"contentUrl\":\"https:\/\/shop.lavi-soundandyoga.com\/wp-content\/uploads\/2023\/03\/saraswati_box_w_oil_1600x1600_f9a2ce19-0c50-477f-8ba0-d3fbe058fb32_1400x.jpg\",\"width\":1400,\"height\":1400,\"caption\":\"Esencia de Saraswati\"},{\"@type\":\"BreadcrumbList\",\"@id\":\"https:\/\/shop.lavi-soundandyoga.com\/es\/producto\/esencias\/esencia-de-saraswati#breadcrumb\",\"itemListElement\":[{\"@type\":\"ListItem\",\"position\":1,\"name\":\"LaVi Shop\",\"item\":\"https:\/\/shop.lavi-soundandyoga.com\/es\/tienda\"},{\"@type\":\"ListItem\",\"position\":2,\"name\":\"Productos\",\"item\":\"https:\/\/shop.lavi-soundandyoga.com\/es\/shop\"},{\"@type\":\"ListItem\",\"position\":3,\"name\":\"Esencias\",\"item\":\"https:\/\/shop.lavi-soundandyoga.com\/es\/categoria-producto\/esencias\"},{\"@type\":\"ListItem\",\"position\":4,\"name\":\"Esencia de Saraswati\"}]},{\"@type\":\"WebSite\",\"@id\":\"https:\/\/shop.lavi-soundandyoga.com\/es#website\",\"url\":\"https:\/\/shop.lavi-soundandyoga.com\/es\",\"name\":\"LaVi Sound & Yoga\",\"description\":\"Yin Yoga and Sound Healing\",\"publisher\":{\"@id\":\"https:\/\/shop.lavi-soundandyoga.com\/es#organization\"},\"alternateName\":\"Lavi\",\"potentialAction\":[{\"@type\":\"SearchAction\",\"target\":{\"@type\":\"EntryPoint\",\"urlTemplate\":\"https:\/\/shop.lavi-soundandyoga.com\/es?s={search_term_string}\"},\"query-input\":{\"@type\":\"PropertyValueSpecification\",\"valueRequired\":true,\"valueName\":\"search_term_string\"}}],\"inLanguage\":\"es\"},{\"@type\":\"Organization\",\"@id\":\"https:\/\/shop.lavi-soundandyoga.com\/es#organization\",\"name\":\"LaVi Sound and Yoga\",\"alternateName\":\"LaVi\",\"url\":\"https:\/\/shop.lavi-soundandyoga.com\/es\",\"logo\":{\"@type\":\"ImageObject\",\"inLanguage\":\"es\",\"@id\":\"https:\/\/shop.lavi-soundandyoga.com\/es#\/schema\/logo\/image\/\",\"url\":\"https:\/\/shop.lavi-soundandyoga.com\/wp-content\/uploads\/2025\/01\/LaVi_LogoFINAL1.png\",\"contentUrl\":\"https:\/\/shop.lavi-soundandyoga.com\/wp-content\/uploads\/2025\/01\/LaVi_LogoFINAL1.png\",\"width\":343,\"height\":339,\"caption\":\"LaVi Sound and Yoga\"},\"image\":{\"@id\":\"https:\/\/shop.lavi-soundandyoga.com\/es#\/schema\/logo\/image\/\"},\"sameAs\":[\"https:\/\/www.facebook.com\/lavisoundandyoga\",\"https:\/\/www.instagram.com\/lavi_sound_and_yoga\/\",\"https:\/\/www.youtube.com\/channel\/UCuQTy-TOirHAZruDryEKTXQ\",\"https:\/\/www.tiktok.com\/@lavisoundandyoga\",\"https:\/\/open.spotify.com\/artist\/6lpTHiTkCOgxZ9BUonU0zM\"]}]}<\/script>\n<!-- \/ Yoast SEO plugin. -->","yoast_head_json":{"title":"Esencia de Saraswati | LaVi - Sound &amp; Yoga","description":"La esencia Saraswati es una mezcla de fragancias de jazm\u00edn, neroli y pachul\u00ed y est\u00e1 compuesta por aceites 100% naturales y ecol\u00f3gicos.","robots":{"index":"index","follow":"follow","max-snippet":"max-snippet:-1","max-image-preview":"max-image-preview:large","max-video-preview":"max-video-preview:-1"},"canonical":"https:\/\/shop.lavi-soundandyoga.com\/es\/producto\/esencias\/esencia-de-saraswati","og_locale":"es_ES","og_type":"article","og_title":"Esencia de Saraswati | LaVi - Sound &amp; Yoga","og_description":"La esencia Saraswati es una mezcla de fragancias de jazm\u00edn, neroli y pachul\u00ed y est\u00e1 compuesta por aceites 100% naturales y ecol\u00f3gicos.","og_url":"https:\/\/shop.lavi-soundandyoga.com\/es\/producto\/esencias\/esencia-de-saraswati","og_site_name":"LaVi - Sound &amp; Yoga","article_publisher":"https:\/\/www.facebook.com\/lavisoundandyoga","og_image":[{"width":1400,"height":1400,"url":"https:\/\/shop.lavi-soundandyoga.com\/wp-content\/uploads\/2023\/03\/saraswati_box_w_oil_1600x1600_f9a2ce19-0c50-477f-8ba0-d3fbe058fb32_1400x.jpg","type":"image\/jpeg"}],"twitter_card":"summary_large_image","twitter_misc":{"Tiempo de lectura":"1 minuto"},"schema":{"@context":"https:\/\/schema.org","@graph":[{"@type":["WebPage","ItemPage"],"@id":"https:\/\/shop.lavi-soundandyoga.com\/es\/producto\/esencias\/esencia-de-saraswati","url":"https:\/\/shop.lavi-soundandyoga.com\/es\/producto\/esencias\/esencia-de-saraswati","name":"Esencia de Saraswati | LaVi - Sound &amp; Yoga","isPartOf":{"@id":"https:\/\/shop.lavi-soundandyoga.com\/es#website"},"primaryImageOfPage":{"@id":"https:\/\/shop.lavi-soundandyoga.com\/es\/producto\/esencias\/esencia-de-saraswati#primaryimage"},"image":{"@id":"https:\/\/shop.lavi-soundandyoga.com\/es\/producto\/esencias\/esencia-de-saraswati#primaryimage"},"thumbnailUrl":"https:\/\/shop.lavi-soundandyoga.com\/wp-content\/uploads\/2023\/03\/saraswati_box_w_oil_1600x1600_f9a2ce19-0c50-477f-8ba0-d3fbe058fb32_1400x.jpg","datePublished":"2023-03-21T07:55:15+00:00","description":"La esencia Saraswati es una mezcla de fragancias de jazm\u00edn, neroli y pachul\u00ed y est\u00e1 compuesta por aceites 100% naturales y ecol\u00f3gicos.","breadcrumb":{"@id":"https:\/\/shop.lavi-soundandyoga.com\/es\/producto\/esencias\/esencia-de-saraswati#breadcrumb"},"inLanguage":"es","potentialAction":[{"@type":"ReadAction","target":["https:\/\/shop.lavi-soundandyoga.com\/es\/producto\/esencias\/esencia-de-saraswati"]}]},{"@type":"ImageObject","inLanguage":"es","@id":"https:\/\/shop.lavi-soundandyoga.com\/es\/producto\/esencias\/esencia-de-saraswati#primaryimage","url":"https:\/\/shop.lavi-soundandyoga.com\/wp-content\/uploads\/2023\/03\/saraswati_box_w_oil_1600x1600_f9a2ce19-0c50-477f-8ba0-d3fbe058fb32_1400x.jpg","contentUrl":"https:\/\/shop.lavi-soundandyoga.com\/wp-content\/uploads\/2023\/03\/saraswati_box_w_oil_1600x1600_f9a2ce19-0c50-477f-8ba0-d3fbe058fb32_1400x.jpg","width":1400,"height":1400,"caption":"Esencia de Saraswati"},{"@type":"BreadcrumbList","@id":"https:\/\/shop.lavi-soundandyoga.com\/es\/producto\/esencias\/esencia-de-saraswati#breadcrumb","itemListElement":[{"@type":"ListItem","position":1,"name":"LaVi Shop","item":"https:\/\/shop.lavi-soundandyoga.com\/es\/tienda"},{"@type":"ListItem","position":2,"name":"Productos","item":"https:\/\/shop.lavi-soundandyoga.com\/es\/shop"},{"@type":"ListItem","position":3,"name":"Esencias","item":"https:\/\/shop.lavi-soundandyoga.com\/es\/categoria-producto\/esencias"},{"@type":"ListItem","position":4,"name":"Esencia de Saraswati"}]},{"@type":"WebSite","@id":"https:\/\/shop.lavi-soundandyoga.com\/es#website","url":"https:\/\/shop.lavi-soundandyoga.com\/es","name":"LaVi Sound & Yoga","description":"Yin Yoga and Sound Healing","publisher":{"@id":"https:\/\/shop.lavi-soundandyoga.com\/es#organization"},"alternateName":"Lavi","potentialAction":[{"@type":"SearchAction","target":{"@type":"EntryPoint","urlTemplate":"https:\/\/shop.lavi-soundandyoga.com\/es?s={search_term_string}"},"query-input":{"@type":"PropertyValueSpecification","valueRequired":true,"valueName":"search_term_string"}}],"inLanguage":"es"},{"@type":"Organization","@id":"https:\/\/shop.lavi-soundandyoga.com\/es#organization","name":"LaVi Sound and Yoga","alternateName":"LaVi","url":"https:\/\/shop.lavi-soundandyoga.com\/es","logo":{"@type":"ImageObject","inLanguage":"es","@id":"https:\/\/shop.lavi-soundandyoga.com\/es#\/schema\/logo\/image\/","url":"https:\/\/shop.lavi-soundandyoga.com\/wp-content\/uploads\/2025\/01\/LaVi_LogoFINAL1.png","contentUrl":"https:\/\/shop.lavi-soundandyoga.com\/wp-content\/uploads\/2025\/01\/LaVi_LogoFINAL1.png","width":343,"height":339,"caption":"LaVi Sound and Yoga"},"image":{"@id":"https:\/\/shop.lavi-soundandyoga.com\/es#\/schema\/logo\/image\/"},"sameAs":["https:\/\/www.facebook.com\/lavisoundandyoga","https:\/\/www.instagram.com\/lavi_sound_and_yoga\/","https:\/\/www.youtube.com\/channel\/UCuQTy-TOirHAZruDryEKTXQ","https:\/\/www.tiktok.com\/@lavisoundandyoga","https:\/\/open.spotify.com\/artist\/6lpTHiTkCOgxZ9BUonU0zM"]}]}},"jetpack_sharing_enabled":true,"_links":{"self":[{"href":"https:\/\/shop.lavi-soundandyoga.com\/es\/wp-json\/wp\/v2\/product\/1858","targetHints":{"allow":["GET"]}}],"collection":[{"href":"https:\/\/shop.lavi-soundandyoga.com\/es\/wp-json\/wp\/v2\/product"}],"about":[{"href":"https:\/\/shop.lavi-soundandyoga.com\/es\/wp-json\/wp\/v2\/types\/product"}],"replies":[{"embeddable":true,"href":"https:\/\/shop.lavi-soundandyoga.com\/es\/wp-json\/wp\/v2\/comments?post=1858"}],"wp:featuredmedia":[{"embeddable":true,"href":"https:\/\/shop.lavi-soundandyoga.com\/es\/wp-json\/wp\/v2\/media\/1403"}],"wp:attachment":[{"href":"https:\/\/shop.lavi-soundandyoga.com\/es\/wp-json\/wp\/v2\/media?parent=1858"}],"wp:term":[{"taxonomy":"product_brand","embeddable":true,"href":"https:\/\/shop.lavi-soundandyoga.com\/es\/wp-json\/wp\/v2\/product_brand?post=1858"},{"taxonomy":"product_cat","embeddable":true,"href":"https:\/\/shop.lavi-soundandyoga.com\/es\/wp-json\/wp\/v2\/product_cat?post=1858"},{"taxonomy":"product_tag","embeddable":true,"href":"https:\/\/shop.lavi-soundandyoga.com\/es\/wp-json\/wp\/v2\/product_tag?post=1858"}],"curies":[{"name":"wp","href":"https:\/\/api.w.org\/{rel}","templated":true}]}}