{"id":1901,"date":"2023-05-09T09:57:46","date_gmt":"2023-05-09T09:57:46","guid":{"rendered":"https:\/\/shop.lavi-soundandyoga.com\/product\/pulsera-de-cristal-de-roca"},"modified":"2023-05-09T09:57:46","modified_gmt":"2023-05-09T09:57:46","slug":"pulsera-de-cristal-de-roca","status":"publish","type":"product","link":"https:\/\/shop.lavi-soundandyoga.com\/es\/producto\/pulseras\/pulsera-de-cristal-de-roca","title":{"rendered":"Pulsera de cristal de roca"},"content":{"rendered":"<p>Cristal de roca - m\u00e1xima vibraci\u00f3n y curaci\u00f3n<\/p>\n<ul>\n<li>la piedra curativa y amplificadora m\u00e1s poderosa que absorbe, almacena, libera y regula las energ\u00edas<\/li>\n<li>Disuelve obstrucciones de todo tipo<\/li>\n<li>La vibraci\u00f3n del cristal de roca vibra en sinton\u00eda con el nivel energ\u00e9tico de la persona que necesita su curaci\u00f3n<\/li>\n<li>gu\u00eda las energ\u00edas hacia el estado m\u00e1s perfecto posible<\/li>\n<li>limpia nuestros \u00f3rganos y el cuerpo sutil y act\u00faa como un profundo limpiador del alma<\/li>\n<li>eleva las energ\u00edas a nivel espiritual al nivel m\u00e1s elevado y act\u00faa en todos los niveles del ser<\/li>\n<li>El cristal de roca abre y refuerza todos los chakras<\/li>\n<li>nos ayuda a concentrarnos, libera recuerdos y abre la mente a nuevas ideas<\/li>\n<li>El cristal de roca potencia el efecto de todas las piedras de su entorno<\/li>\n<\/ul>\n<p>F\u00edsico<\/p>\n<ul>\n<li>Maestro Sanador que puede utilizarse para todas las afecciones<\/li>\n<li>estimula el sistema inmunitario y equilibra el organismo<\/li>\n<li>Armoniza los chakras y el cuerpo sutil<\/li>\n<li>puede utilizarse maravillosamente para calmar las quemaduras<\/li>\n<\/ul>\n<p>Chakra<\/p>\n<ul>\n<li>Chakra Coronario<\/li>\n<\/ul>\n<p>Recomendaciones para los signos del zod\u00edaco:<br \/>\nEl cristal de roca es la \u00fanica piedra adecuada para los 12 signos del zod\u00edaco sin excepci\u00f3n y favorece todas las cualidades.<\/p>\n<p>Limpieza y carga<br \/>\nLimpieza: Coloca las piedras en sal y agua destilada<br \/>\nCarga: col\u00f3calas al sol o a la luz de la luna<\/p>\n<p>&nbsp;<\/p>\n<p>Cada cuenta de este mala nos ofrece su propia belleza individual. Cada piedra est\u00e1 hecha a mano y es \u00fanica. Por tanto, puede haber diferencias entre las piedras, lo que forma parte de su origen natural. El uso de piedras para el bienestar no sustituye al tratamiento m\u00e9dico. El diagn\u00f3stico m\u00e9dico es esencial y debe continuarse el tratamiento. Toda esta informaci\u00f3n se facilita sin garant\u00eda y LaVi - Sound &amp; Yoga no acepta ninguna responsabilidad.     <\/p>\n","protected":false},"excerpt":{"rendered":"<p>Pulsera de piedras de cristal de roca<\/p>\n<p>Para abrir y cerrar<\/p>\n<p>Cuentas Fabricada en Jaipur\/India<\/p>\n<p>Esta pulsera ha sido dise\u00f1ada y fabricada a mano en Alemania por LaVi Sound and Yoga<\/p>\n","protected":false},"featured_media":1588,"comment_status":"closed","ping_status":"closed","template":"","meta":{"_acf_changed":false},"product_brand":[],"product_cat":[180],"product_tag":[],"class_list":{"0":"post-1901","1":"product","2":"type-product","3":"status-publish","4":"has-post-thumbnail","6":"product_cat-pulseras","7":"product_shipping_class-prio","9":"first","10":"instock","11":"purchasable","12":"product-type-variable"},"acf":[],"yoast_head":"<!-- This site is optimized with the Yoast SEO plugin v24.5 - https:\/\/yoast.com\/wordpress\/plugins\/seo\/ -->\n<title>Pulsera de cristal de roca | LaVi - Sound &amp; Yoga<\/title>\n<meta name=\"description\" content=\"Pulsera de cristal de roca hecha a mano. Proporciona la m\u00e1s alta vibraci\u00f3n y curaci\u00f3n a todos los niveles. El cristal de roca amplifica todas las energ\u00edas.\" \/>\n<meta name=\"robots\" content=\"index, follow, max-snippet:-1, max-image-preview:large, max-video-preview:-1\" \/>\n<link rel=\"canonical\" href=\"https:\/\/shop.lavi-soundandyoga.com\/es\/producto\/pulseras\/pulsera-de-cristal-de-roca\" \/>\n<meta property=\"og:locale\" content=\"es_ES\" \/>\n<meta property=\"og:type\" content=\"article\" \/>\n<meta property=\"og:title\" content=\"Pulsera de cristal de roca | LaVi - Sound &amp; Yoga\" \/>\n<meta property=\"og:description\" content=\"Pulsera de cristal de roca hecha a mano. Proporciona la m\u00e1s alta vibraci\u00f3n y curaci\u00f3n a todos los niveles. El cristal de roca amplifica todas las energ\u00edas.\" \/>\n<meta property=\"og:url\" content=\"https:\/\/shop.lavi-soundandyoga.com\/es\/producto\/pulseras\/pulsera-de-cristal-de-roca\" \/>\n<meta property=\"og:site_name\" content=\"LaVi - Sound &amp; Yoga\" \/>\n<meta property=\"article:publisher\" content=\"https:\/\/www.facebook.com\/lavisoundandyoga\" \/>\n<meta property=\"og:image\" content=\"https:\/\/shop.lavi-soundandyoga.com\/wp-content\/uploads\/2023\/05\/BergkristalBrac-scaled.jpg\" \/>\n\t<meta property=\"og:image:width\" content=\"1707\" \/>\n\t<meta property=\"og:image:height\" content=\"2560\" \/>\n\t<meta property=\"og:image:type\" content=\"image\/jpeg\" \/>\n<meta name=\"twitter:card\" content=\"summary_large_image\" \/>\n<meta name=\"twitter:label1\" content=\"Tiempo de lectura\" \/>\n\t<meta name=\"twitter:data1\" content=\"2 minutos\" \/>\n<script type=\"application\/ld+json\" class=\"yoast-schema-graph\">{\"@context\":\"https:\/\/schema.org\",\"@graph\":[{\"@type\":[\"WebPage\",\"ItemPage\"],\"@id\":\"https:\/\/shop.lavi-soundandyoga.com\/es\/producto\/pulseras\/pulsera-de-cristal-de-roca\",\"url\":\"https:\/\/shop.lavi-soundandyoga.com\/es\/producto\/pulseras\/pulsera-de-cristal-de-roca\",\"name\":\"Pulsera de cristal de roca | LaVi - Sound &amp; Yoga\",\"isPartOf\":{\"@id\":\"https:\/\/shop.lavi-soundandyoga.com\/es#website\"},\"primaryImageOfPage\":{\"@id\":\"https:\/\/shop.lavi-soundandyoga.com\/es\/producto\/pulseras\/pulsera-de-cristal-de-roca#primaryimage\"},\"image\":{\"@id\":\"https:\/\/shop.lavi-soundandyoga.com\/es\/producto\/pulseras\/pulsera-de-cristal-de-roca#primaryimage\"},\"thumbnailUrl\":\"https:\/\/shop.lavi-soundandyoga.com\/wp-content\/uploads\/2023\/05\/BergkristalBrac-scaled.jpg\",\"datePublished\":\"2023-05-09T09:57:46+00:00\",\"description\":\"Pulsera de cristal de roca hecha a mano. Proporciona la m\u00e1s alta vibraci\u00f3n y curaci\u00f3n a todos los niveles. El cristal de roca amplifica todas las energ\u00edas.\",\"breadcrumb\":{\"@id\":\"https:\/\/shop.lavi-soundandyoga.com\/es\/producto\/pulseras\/pulsera-de-cristal-de-roca#breadcrumb\"},\"inLanguage\":\"es\",\"potentialAction\":[{\"@type\":\"ReadAction\",\"target\":[\"https:\/\/shop.lavi-soundandyoga.com\/es\/producto\/pulseras\/pulsera-de-cristal-de-roca\"]}]},{\"@type\":\"ImageObject\",\"inLanguage\":\"es\",\"@id\":\"https:\/\/shop.lavi-soundandyoga.com\/es\/producto\/pulseras\/pulsera-de-cristal-de-roca#primaryimage\",\"url\":\"https:\/\/shop.lavi-soundandyoga.com\/wp-content\/uploads\/2023\/05\/BergkristalBrac-scaled.jpg\",\"contentUrl\":\"https:\/\/shop.lavi-soundandyoga.com\/wp-content\/uploads\/2023\/05\/BergkristalBrac-scaled.jpg\",\"width\":1707,\"height\":2560,\"caption\":\"Pulsera de cristal de roca\"},{\"@type\":\"BreadcrumbList\",\"@id\":\"https:\/\/shop.lavi-soundandyoga.com\/es\/producto\/pulseras\/pulsera-de-cristal-de-roca#breadcrumb\",\"itemListElement\":[{\"@type\":\"ListItem\",\"position\":1,\"name\":\"LaVi Shop\",\"item\":\"https:\/\/shop.lavi-soundandyoga.com\/es\/tienda\"},{\"@type\":\"ListItem\",\"position\":2,\"name\":\"Productos\",\"item\":\"https:\/\/shop.lavi-soundandyoga.com\/es\/shop\"},{\"@type\":\"ListItem\",\"position\":3,\"name\":\"Edelstein Malas\",\"item\":\"https:\/\/shop.lavi-soundandyoga.com\/product-category\/edelstein-malas\"},{\"@type\":\"ListItem\",\"position\":4,\"name\":\"Pulseras\",\"item\":\"https:\/\/shop.lavi-soundandyoga.com\/es\/categoria-producto\/pulseras\"},{\"@type\":\"ListItem\",\"position\":5,\"name\":\"Pulsera de cristal de roca\"}]},{\"@type\":\"WebSite\",\"@id\":\"https:\/\/shop.lavi-soundandyoga.com\/es#website\",\"url\":\"https:\/\/shop.lavi-soundandyoga.com\/es\",\"name\":\"LaVi Sound & Yoga\",\"description\":\"Yin Yoga and Sound Healing\",\"publisher\":{\"@id\":\"https:\/\/shop.lavi-soundandyoga.com\/es#organization\"},\"alternateName\":\"Lavi\",\"potentialAction\":[{\"@type\":\"SearchAction\",\"target\":{\"@type\":\"EntryPoint\",\"urlTemplate\":\"https:\/\/shop.lavi-soundandyoga.com\/es?s={search_term_string}\"},\"query-input\":{\"@type\":\"PropertyValueSpecification\",\"valueRequired\":true,\"valueName\":\"search_term_string\"}}],\"inLanguage\":\"es\"},{\"@type\":\"Organization\",\"@id\":\"https:\/\/shop.lavi-soundandyoga.com\/es#organization\",\"name\":\"LaVi Sound and Yoga\",\"alternateName\":\"LaVi\",\"url\":\"https:\/\/shop.lavi-soundandyoga.com\/es\",\"logo\":{\"@type\":\"ImageObject\",\"inLanguage\":\"es\",\"@id\":\"https:\/\/shop.lavi-soundandyoga.com\/es#\/schema\/logo\/image\/\",\"url\":\"https:\/\/shop.lavi-soundandyoga.com\/wp-content\/uploads\/2025\/01\/LaVi_LogoFINAL1.png\",\"contentUrl\":\"https:\/\/shop.lavi-soundandyoga.com\/wp-content\/uploads\/2025\/01\/LaVi_LogoFINAL1.png\",\"width\":343,\"height\":339,\"caption\":\"LaVi Sound and Yoga\"},\"image\":{\"@id\":\"https:\/\/shop.lavi-soundandyoga.com\/es#\/schema\/logo\/image\/\"},\"sameAs\":[\"https:\/\/www.facebook.com\/lavisoundandyoga\",\"https:\/\/www.instagram.com\/lavi_sound_and_yoga\/\",\"https:\/\/www.youtube.com\/channel\/UCuQTy-TOirHAZruDryEKTXQ\",\"https:\/\/www.tiktok.com\/@lavisoundandyoga\",\"https:\/\/open.spotify.com\/artist\/6lpTHiTkCOgxZ9BUonU0zM\"]}]}<\/script>\n<!-- \/ Yoast SEO plugin. -->","yoast_head_json":{"title":"Pulsera de cristal de roca | LaVi - Sound &amp; Yoga","description":"Pulsera de cristal de roca hecha a mano. Proporciona la m\u00e1s alta vibraci\u00f3n y curaci\u00f3n a todos los niveles. El cristal de roca amplifica todas las energ\u00edas.","robots":{"index":"index","follow":"follow","max-snippet":"max-snippet:-1","max-image-preview":"max-image-preview:large","max-video-preview":"max-video-preview:-1"},"canonical":"https:\/\/shop.lavi-soundandyoga.com\/es\/producto\/pulseras\/pulsera-de-cristal-de-roca","og_locale":"es_ES","og_type":"article","og_title":"Pulsera de cristal de roca | LaVi - Sound &amp; Yoga","og_description":"Pulsera de cristal de roca hecha a mano. Proporciona la m\u00e1s alta vibraci\u00f3n y curaci\u00f3n a todos los niveles. El cristal de roca amplifica todas las energ\u00edas.","og_url":"https:\/\/shop.lavi-soundandyoga.com\/es\/producto\/pulseras\/pulsera-de-cristal-de-roca","og_site_name":"LaVi - Sound &amp; Yoga","article_publisher":"https:\/\/www.facebook.com\/lavisoundandyoga","og_image":[{"width":1707,"height":2560,"url":"https:\/\/shop.lavi-soundandyoga.com\/wp-content\/uploads\/2023\/05\/BergkristalBrac-scaled.jpg","type":"image\/jpeg"}],"twitter_card":"summary_large_image","twitter_misc":{"Tiempo de lectura":"2 minutos"},"schema":{"@context":"https:\/\/schema.org","@graph":[{"@type":["WebPage","ItemPage"],"@id":"https:\/\/shop.lavi-soundandyoga.com\/es\/producto\/pulseras\/pulsera-de-cristal-de-roca","url":"https:\/\/shop.lavi-soundandyoga.com\/es\/producto\/pulseras\/pulsera-de-cristal-de-roca","name":"Pulsera de cristal de roca | LaVi - Sound &amp; Yoga","isPartOf":{"@id":"https:\/\/shop.lavi-soundandyoga.com\/es#website"},"primaryImageOfPage":{"@id":"https:\/\/shop.lavi-soundandyoga.com\/es\/producto\/pulseras\/pulsera-de-cristal-de-roca#primaryimage"},"image":{"@id":"https:\/\/shop.lavi-soundandyoga.com\/es\/producto\/pulseras\/pulsera-de-cristal-de-roca#primaryimage"},"thumbnailUrl":"https:\/\/shop.lavi-soundandyoga.com\/wp-content\/uploads\/2023\/05\/BergkristalBrac-scaled.jpg","datePublished":"2023-05-09T09:57:46+00:00","description":"Pulsera de cristal de roca hecha a mano. Proporciona la m\u00e1s alta vibraci\u00f3n y curaci\u00f3n a todos los niveles. El cristal de roca amplifica todas las energ\u00edas.","breadcrumb":{"@id":"https:\/\/shop.lavi-soundandyoga.com\/es\/producto\/pulseras\/pulsera-de-cristal-de-roca#breadcrumb"},"inLanguage":"es","potentialAction":[{"@type":"ReadAction","target":["https:\/\/shop.lavi-soundandyoga.com\/es\/producto\/pulseras\/pulsera-de-cristal-de-roca"]}]},{"@type":"ImageObject","inLanguage":"es","@id":"https:\/\/shop.lavi-soundandyoga.com\/es\/producto\/pulseras\/pulsera-de-cristal-de-roca#primaryimage","url":"https:\/\/shop.lavi-soundandyoga.com\/wp-content\/uploads\/2023\/05\/BergkristalBrac-scaled.jpg","contentUrl":"https:\/\/shop.lavi-soundandyoga.com\/wp-content\/uploads\/2023\/05\/BergkristalBrac-scaled.jpg","width":1707,"height":2560,"caption":"Pulsera de cristal de roca"},{"@type":"BreadcrumbList","@id":"https:\/\/shop.lavi-soundandyoga.com\/es\/producto\/pulseras\/pulsera-de-cristal-de-roca#breadcrumb","itemListElement":[{"@type":"ListItem","position":1,"name":"LaVi Shop","item":"https:\/\/shop.lavi-soundandyoga.com\/es\/tienda"},{"@type":"ListItem","position":2,"name":"Productos","item":"https:\/\/shop.lavi-soundandyoga.com\/es\/shop"},{"@type":"ListItem","position":3,"name":"Edelstein Malas","item":"https:\/\/shop.lavi-soundandyoga.com\/product-category\/edelstein-malas"},{"@type":"ListItem","position":4,"name":"Pulseras","item":"https:\/\/shop.lavi-soundandyoga.com\/es\/categoria-producto\/pulseras"},{"@type":"ListItem","position":5,"name":"Pulsera de cristal de roca"}]},{"@type":"WebSite","@id":"https:\/\/shop.lavi-soundandyoga.com\/es#website","url":"https:\/\/shop.lavi-soundandyoga.com\/es","name":"LaVi Sound & Yoga","description":"Yin Yoga and Sound Healing","publisher":{"@id":"https:\/\/shop.lavi-soundandyoga.com\/es#organization"},"alternateName":"Lavi","potentialAction":[{"@type":"SearchAction","target":{"@type":"EntryPoint","urlTemplate":"https:\/\/shop.lavi-soundandyoga.com\/es?s={search_term_string}"},"query-input":{"@type":"PropertyValueSpecification","valueRequired":true,"valueName":"search_term_string"}}],"inLanguage":"es"},{"@type":"Organization","@id":"https:\/\/shop.lavi-soundandyoga.com\/es#organization","name":"LaVi Sound and Yoga","alternateName":"LaVi","url":"https:\/\/shop.lavi-soundandyoga.com\/es","logo":{"@type":"ImageObject","inLanguage":"es","@id":"https:\/\/shop.lavi-soundandyoga.com\/es#\/schema\/logo\/image\/","url":"https:\/\/shop.lavi-soundandyoga.com\/wp-content\/uploads\/2025\/01\/LaVi_LogoFINAL1.png","contentUrl":"https:\/\/shop.lavi-soundandyoga.com\/wp-content\/uploads\/2025\/01\/LaVi_LogoFINAL1.png","width":343,"height":339,"caption":"LaVi Sound and Yoga"},"image":{"@id":"https:\/\/shop.lavi-soundandyoga.com\/es#\/schema\/logo\/image\/"},"sameAs":["https:\/\/www.facebook.com\/lavisoundandyoga","https:\/\/www.instagram.com\/lavi_sound_and_yoga\/","https:\/\/www.youtube.com\/channel\/UCuQTy-TOirHAZruDryEKTXQ","https:\/\/www.tiktok.com\/@lavisoundandyoga","https:\/\/open.spotify.com\/artist\/6lpTHiTkCOgxZ9BUonU0zM"]}]}},"jetpack_sharing_enabled":true,"_links":{"self":[{"href":"https:\/\/shop.lavi-soundandyoga.com\/es\/wp-json\/wp\/v2\/product\/1901","targetHints":{"allow":["GET"]}}],"collection":[{"href":"https:\/\/shop.lavi-soundandyoga.com\/es\/wp-json\/wp\/v2\/product"}],"about":[{"href":"https:\/\/shop.lavi-soundandyoga.com\/es\/wp-json\/wp\/v2\/types\/product"}],"replies":[{"embeddable":true,"href":"https:\/\/shop.lavi-soundandyoga.com\/es\/wp-json\/wp\/v2\/comments?post=1901"}],"wp:featuredmedia":[{"embeddable":true,"href":"https:\/\/shop.lavi-soundandyoga.com\/es\/wp-json\/wp\/v2\/media\/1588"}],"wp:attachment":[{"href":"https:\/\/shop.lavi-soundandyoga.com\/es\/wp-json\/wp\/v2\/media?parent=1901"}],"wp:term":[{"taxonomy":"product_brand","embeddable":true,"href":"https:\/\/shop.lavi-soundandyoga.com\/es\/wp-json\/wp\/v2\/product_brand?post=1901"},{"taxonomy":"product_cat","embeddable":true,"href":"https:\/\/shop.lavi-soundandyoga.com\/es\/wp-json\/wp\/v2\/product_cat?post=1901"},{"taxonomy":"product_tag","embeddable":true,"href":"https:\/\/shop.lavi-soundandyoga.com\/es\/wp-json\/wp\/v2\/product_tag?post=1901"}],"curies":[{"name":"wp","href":"https:\/\/api.w.org\/{rel}","templated":true}]}}