{"id":1940,"date":"2023-05-09T09:13:41","date_gmt":"2023-05-09T09:13:41","guid":{"rendered":"https:\/\/shop.lavi-soundandyoga.com\/product\/pulsera-de-labradorita"},"modified":"2023-05-09T09:13:41","modified_gmt":"2023-05-09T09:13:41","slug":"pulsera-de-labradorita","status":"publish","type":"product","link":"https:\/\/shop.lavi-soundandyoga.com\/es\/producto\/pulseras\/pulsera-de-labradorita","title":{"rendered":"Pulsera de labradorita"},"content":{"rendered":"<p>Labradorita - fuerte protecci\u00f3n y verdad interior<\/p>\n<ul>\n<li>piedra protectora fuerte y m\u00edstica<\/li>\n<li>aporta luz, conciencia y conexi\u00f3n con la energ\u00eda universal<\/li>\n<li>Disuelve y absorbe las energ\u00edas negativas.<\/li>\n<li>alinea nuestro cuerpo f\u00edsico y et\u00e9rico nos conecta con la espiritualidad y estimula la intuici\u00f3n<\/li>\n<li>da a su portador confianza y fe en s\u00ed mismo y, por tanto, tambi\u00e9n ayuda a superar miedos e inseguridades<\/li>\n<li>Se calma una mente hiperactiva y se refuerzan la imaginaci\u00f3n y la creatividad<\/li>\n<li>La labradorita nos acompa\u00f1a en los momentos de cambio y nos da resistencia y fuerza<\/li>\n<\/ul>\n<p>F\u00edsico<\/p>\n<ul>\n<li>se adapta a su portador, cambia y nos trae lo que buscamos<\/li>\n<li>Ayuda en los trastornos oculares y cerebrales, alivia el estr\u00e9s y regula el metabolismo<\/li>\n<li>protege la garganta y la voz y activa los m\u00fasculos y la columna vertebral<\/li>\n<li>Estimula la circulaci\u00f3n sangu\u00ednea, equilibra las hormonas, ayuda con los problemas menstruales y el reumatismo<\/li>\n<\/ul>\n<p>Chakra:<\/p>\n<ul>\n<li>Chakra del coraz\u00f3n<\/li>\n<li>Plexo solar<\/li>\n<\/ul>\n<p>Recomendaciones para los signos del zodiaco:<\/p>\n<ul>\n<li>C\u00e1ncer<\/li>\n<li>Gemela<\/li>\n<li>Pescado<\/li>\n<li>Sagitario<\/li>\n<li>Escorpio<\/li>\n<li>Le\u00f3n<\/li>\n<li>Toro<\/li>\n<\/ul>\n<p>Limpieza y carga:<br \/>\nLa labradorita suele necesitar poca limpieza, ya que es muy fuerte. Si la utilizan los terapeutas, necesita m\u00e1s limpieza, as\u00ed que coloca las piedras en sal y agua destilada.<br \/>\nLa labradorita puede cargarse al sol o sobre un gran cuarzo. <\/p>\n<p>Cada cuenta de este mala nos ofrece su propia belleza individual. Cada piedra est\u00e1 hecha a mano y es \u00fanica.<br \/>\nPor lo tanto, puede haber diferencias entre las piedras, lo que forma parte del origen natural. <\/p>\n<p>El uso de piedras para el bienestar no sustituye al tratamiento m\u00e9dico.<br \/>\nEl diagn\u00f3stico m\u00e9dico es esencial y debe continuarse el tratamiento.<br \/>\nToda esta informaci\u00f3n se proporciona sin garant\u00eda y LaVi - Sound &amp; Yoga no acepta ninguna responsabilidad.<\/p>\n","protected":false},"excerpt":{"rendered":"<p>Pulsera de piedra labradorita (calidad AAA)<\/p>\n<p>Para abrir y cerrar<\/p>\n<p>Cuentas fabricadas en Jaipur\/India (piedra de origen Canad\u00e1)<\/p>\n<p>Esta pulsera ha sido dise\u00f1ada y fabricada a mano en Alemania por LaVi - Sound &amp; Yoga<\/p>\n","protected":false},"featured_media":1568,"comment_status":"closed","ping_status":"closed","template":"","meta":{"_acf_changed":false},"product_brand":[],"product_cat":[180],"product_tag":[],"class_list":{"0":"post-1940","1":"product","2":"type-product","3":"status-publish","4":"has-post-thumbnail","6":"product_cat-pulseras","7":"product_shipping_class-prio","9":"first","10":"instock","11":"purchasable","12":"product-type-variable"},"acf":[],"yoast_head":"<!-- This site is optimized with the Yoast SEO plugin v24.5 - https:\/\/yoast.com\/wordpress\/plugins\/seo\/ -->\n<title>Pulsera de labradorita | LaVi - Sound &amp; Yoga<\/title>\n<meta name=\"description\" content=\"Pulsera de labradorita hecha a mano. La labradorita proporciona una fuerte protecci\u00f3n y verdad interior y disuelve las energ\u00edas negativas.\" \/>\n<meta name=\"robots\" content=\"index, follow, max-snippet:-1, max-image-preview:large, max-video-preview:-1\" \/>\n<link rel=\"canonical\" href=\"https:\/\/shop.lavi-soundandyoga.com\/es\/producto\/pulseras\/pulsera-de-labradorita\" \/>\n<meta property=\"og:locale\" content=\"es_ES\" \/>\n<meta property=\"og:type\" content=\"article\" \/>\n<meta property=\"og:title\" content=\"Pulsera de labradorita | LaVi - Sound &amp; Yoga\" \/>\n<meta property=\"og:description\" content=\"Pulsera de labradorita hecha a mano. La labradorita proporciona una fuerte protecci\u00f3n y verdad interior y disuelve las energ\u00edas negativas.\" \/>\n<meta property=\"og:url\" content=\"https:\/\/shop.lavi-soundandyoga.com\/es\/producto\/pulseras\/pulsera-de-labradorita\" \/>\n<meta property=\"og:site_name\" content=\"LaVi - Sound &amp; Yoga\" \/>\n<meta property=\"article:publisher\" content=\"https:\/\/www.facebook.com\/lavisoundandyoga\" \/>\n<meta property=\"og:image\" content=\"https:\/\/shop.lavi-soundandyoga.com\/wp-content\/uploads\/2023\/05\/LabradoritArmband-scaled.jpg\" \/>\n\t<meta property=\"og:image:width\" content=\"1707\" \/>\n\t<meta property=\"og:image:height\" content=\"2560\" \/>\n\t<meta property=\"og:image:type\" content=\"image\/jpeg\" \/>\n<meta name=\"twitter:card\" content=\"summary_large_image\" \/>\n<meta name=\"twitter:label1\" content=\"Tiempo de lectura\" \/>\n\t<meta name=\"twitter:data1\" content=\"2 minutos\" \/>\n<script type=\"application\/ld+json\" class=\"yoast-schema-graph\">{\"@context\":\"https:\/\/schema.org\",\"@graph\":[{\"@type\":[\"WebPage\",\"ItemPage\"],\"@id\":\"https:\/\/shop.lavi-soundandyoga.com\/es\/producto\/pulseras\/pulsera-de-labradorita\",\"url\":\"https:\/\/shop.lavi-soundandyoga.com\/es\/producto\/pulseras\/pulsera-de-labradorita\",\"name\":\"Pulsera de labradorita | LaVi - Sound &amp; Yoga\",\"isPartOf\":{\"@id\":\"https:\/\/shop.lavi-soundandyoga.com\/es#website\"},\"primaryImageOfPage\":{\"@id\":\"https:\/\/shop.lavi-soundandyoga.com\/es\/producto\/pulseras\/pulsera-de-labradorita#primaryimage\"},\"image\":{\"@id\":\"https:\/\/shop.lavi-soundandyoga.com\/es\/producto\/pulseras\/pulsera-de-labradorita#primaryimage\"},\"thumbnailUrl\":\"https:\/\/shop.lavi-soundandyoga.com\/wp-content\/uploads\/2023\/05\/LabradoritArmband-scaled.jpg\",\"datePublished\":\"2023-05-09T09:13:41+00:00\",\"description\":\"Pulsera de labradorita hecha a mano. La labradorita proporciona una fuerte protecci\u00f3n y verdad interior y disuelve las energ\u00edas negativas.\",\"breadcrumb\":{\"@id\":\"https:\/\/shop.lavi-soundandyoga.com\/es\/producto\/pulseras\/pulsera-de-labradorita#breadcrumb\"},\"inLanguage\":\"es\",\"potentialAction\":[{\"@type\":\"ReadAction\",\"target\":[\"https:\/\/shop.lavi-soundandyoga.com\/es\/producto\/pulseras\/pulsera-de-labradorita\"]}]},{\"@type\":\"ImageObject\",\"inLanguage\":\"es\",\"@id\":\"https:\/\/shop.lavi-soundandyoga.com\/es\/producto\/pulseras\/pulsera-de-labradorita#primaryimage\",\"url\":\"https:\/\/shop.lavi-soundandyoga.com\/wp-content\/uploads\/2023\/05\/LabradoritArmband-scaled.jpg\",\"contentUrl\":\"https:\/\/shop.lavi-soundandyoga.com\/wp-content\/uploads\/2023\/05\/LabradoritArmband-scaled.jpg\",\"width\":1707,\"height\":2560,\"caption\":\"Pulsera de labradorita\"},{\"@type\":\"BreadcrumbList\",\"@id\":\"https:\/\/shop.lavi-soundandyoga.com\/es\/producto\/pulseras\/pulsera-de-labradorita#breadcrumb\",\"itemListElement\":[{\"@type\":\"ListItem\",\"position\":1,\"name\":\"LaVi Shop\",\"item\":\"https:\/\/shop.lavi-soundandyoga.com\/es\/tienda\"},{\"@type\":\"ListItem\",\"position\":2,\"name\":\"Productos\",\"item\":\"https:\/\/shop.lavi-soundandyoga.com\/es\/shop\"},{\"@type\":\"ListItem\",\"position\":3,\"name\":\"Edelstein Malas\",\"item\":\"https:\/\/shop.lavi-soundandyoga.com\/product-category\/edelstein-malas\"},{\"@type\":\"ListItem\",\"position\":4,\"name\":\"Pulseras\",\"item\":\"https:\/\/shop.lavi-soundandyoga.com\/es\/categoria-producto\/pulseras\"},{\"@type\":\"ListItem\",\"position\":5,\"name\":\"Pulsera de labradorita\"}]},{\"@type\":\"WebSite\",\"@id\":\"https:\/\/shop.lavi-soundandyoga.com\/es#website\",\"url\":\"https:\/\/shop.lavi-soundandyoga.com\/es\",\"name\":\"LaVi Sound & Yoga\",\"description\":\"Yin Yoga and Sound Healing\",\"publisher\":{\"@id\":\"https:\/\/shop.lavi-soundandyoga.com\/es#organization\"},\"alternateName\":\"Lavi\",\"potentialAction\":[{\"@type\":\"SearchAction\",\"target\":{\"@type\":\"EntryPoint\",\"urlTemplate\":\"https:\/\/shop.lavi-soundandyoga.com\/es?s={search_term_string}\"},\"query-input\":{\"@type\":\"PropertyValueSpecification\",\"valueRequired\":true,\"valueName\":\"search_term_string\"}}],\"inLanguage\":\"es\"},{\"@type\":\"Organization\",\"@id\":\"https:\/\/shop.lavi-soundandyoga.com\/es#organization\",\"name\":\"LaVi Sound and Yoga\",\"alternateName\":\"LaVi\",\"url\":\"https:\/\/shop.lavi-soundandyoga.com\/es\",\"logo\":{\"@type\":\"ImageObject\",\"inLanguage\":\"es\",\"@id\":\"https:\/\/shop.lavi-soundandyoga.com\/es#\/schema\/logo\/image\/\",\"url\":\"https:\/\/shop.lavi-soundandyoga.com\/wp-content\/uploads\/2025\/01\/LaVi_LogoFINAL1.png\",\"contentUrl\":\"https:\/\/shop.lavi-soundandyoga.com\/wp-content\/uploads\/2025\/01\/LaVi_LogoFINAL1.png\",\"width\":343,\"height\":339,\"caption\":\"LaVi Sound and Yoga\"},\"image\":{\"@id\":\"https:\/\/shop.lavi-soundandyoga.com\/es#\/schema\/logo\/image\/\"},\"sameAs\":[\"https:\/\/www.facebook.com\/lavisoundandyoga\",\"https:\/\/www.instagram.com\/lavi_sound_and_yoga\/\",\"https:\/\/www.youtube.com\/channel\/UCuQTy-TOirHAZruDryEKTXQ\",\"https:\/\/www.tiktok.com\/@lavisoundandyoga\",\"https:\/\/open.spotify.com\/artist\/6lpTHiTkCOgxZ9BUonU0zM\"]}]}<\/script>\n<!-- \/ Yoast SEO plugin. -->","yoast_head_json":{"title":"Pulsera de labradorita | LaVi - Sound &amp; Yoga","description":"Pulsera de labradorita hecha a mano. La labradorita proporciona una fuerte protecci\u00f3n y verdad interior y disuelve las energ\u00edas negativas.","robots":{"index":"index","follow":"follow","max-snippet":"max-snippet:-1","max-image-preview":"max-image-preview:large","max-video-preview":"max-video-preview:-1"},"canonical":"https:\/\/shop.lavi-soundandyoga.com\/es\/producto\/pulseras\/pulsera-de-labradorita","og_locale":"es_ES","og_type":"article","og_title":"Pulsera de labradorita | LaVi - Sound &amp; Yoga","og_description":"Pulsera de labradorita hecha a mano. La labradorita proporciona una fuerte protecci\u00f3n y verdad interior y disuelve las energ\u00edas negativas.","og_url":"https:\/\/shop.lavi-soundandyoga.com\/es\/producto\/pulseras\/pulsera-de-labradorita","og_site_name":"LaVi - Sound &amp; Yoga","article_publisher":"https:\/\/www.facebook.com\/lavisoundandyoga","og_image":[{"width":1707,"height":2560,"url":"https:\/\/shop.lavi-soundandyoga.com\/wp-content\/uploads\/2023\/05\/LabradoritArmband-scaled.jpg","type":"image\/jpeg"}],"twitter_card":"summary_large_image","twitter_misc":{"Tiempo de lectura":"2 minutos"},"schema":{"@context":"https:\/\/schema.org","@graph":[{"@type":["WebPage","ItemPage"],"@id":"https:\/\/shop.lavi-soundandyoga.com\/es\/producto\/pulseras\/pulsera-de-labradorita","url":"https:\/\/shop.lavi-soundandyoga.com\/es\/producto\/pulseras\/pulsera-de-labradorita","name":"Pulsera de labradorita | LaVi - Sound &amp; Yoga","isPartOf":{"@id":"https:\/\/shop.lavi-soundandyoga.com\/es#website"},"primaryImageOfPage":{"@id":"https:\/\/shop.lavi-soundandyoga.com\/es\/producto\/pulseras\/pulsera-de-labradorita#primaryimage"},"image":{"@id":"https:\/\/shop.lavi-soundandyoga.com\/es\/producto\/pulseras\/pulsera-de-labradorita#primaryimage"},"thumbnailUrl":"https:\/\/shop.lavi-soundandyoga.com\/wp-content\/uploads\/2023\/05\/LabradoritArmband-scaled.jpg","datePublished":"2023-05-09T09:13:41+00:00","description":"Pulsera de labradorita hecha a mano. La labradorita proporciona una fuerte protecci\u00f3n y verdad interior y disuelve las energ\u00edas negativas.","breadcrumb":{"@id":"https:\/\/shop.lavi-soundandyoga.com\/es\/producto\/pulseras\/pulsera-de-labradorita#breadcrumb"},"inLanguage":"es","potentialAction":[{"@type":"ReadAction","target":["https:\/\/shop.lavi-soundandyoga.com\/es\/producto\/pulseras\/pulsera-de-labradorita"]}]},{"@type":"ImageObject","inLanguage":"es","@id":"https:\/\/shop.lavi-soundandyoga.com\/es\/producto\/pulseras\/pulsera-de-labradorita#primaryimage","url":"https:\/\/shop.lavi-soundandyoga.com\/wp-content\/uploads\/2023\/05\/LabradoritArmband-scaled.jpg","contentUrl":"https:\/\/shop.lavi-soundandyoga.com\/wp-content\/uploads\/2023\/05\/LabradoritArmband-scaled.jpg","width":1707,"height":2560,"caption":"Pulsera de labradorita"},{"@type":"BreadcrumbList","@id":"https:\/\/shop.lavi-soundandyoga.com\/es\/producto\/pulseras\/pulsera-de-labradorita#breadcrumb","itemListElement":[{"@type":"ListItem","position":1,"name":"LaVi Shop","item":"https:\/\/shop.lavi-soundandyoga.com\/es\/tienda"},{"@type":"ListItem","position":2,"name":"Productos","item":"https:\/\/shop.lavi-soundandyoga.com\/es\/shop"},{"@type":"ListItem","position":3,"name":"Edelstein Malas","item":"https:\/\/shop.lavi-soundandyoga.com\/product-category\/edelstein-malas"},{"@type":"ListItem","position":4,"name":"Pulseras","item":"https:\/\/shop.lavi-soundandyoga.com\/es\/categoria-producto\/pulseras"},{"@type":"ListItem","position":5,"name":"Pulsera de labradorita"}]},{"@type":"WebSite","@id":"https:\/\/shop.lavi-soundandyoga.com\/es#website","url":"https:\/\/shop.lavi-soundandyoga.com\/es","name":"LaVi Sound & Yoga","description":"Yin Yoga and Sound Healing","publisher":{"@id":"https:\/\/shop.lavi-soundandyoga.com\/es#organization"},"alternateName":"Lavi","potentialAction":[{"@type":"SearchAction","target":{"@type":"EntryPoint","urlTemplate":"https:\/\/shop.lavi-soundandyoga.com\/es?s={search_term_string}"},"query-input":{"@type":"PropertyValueSpecification","valueRequired":true,"valueName":"search_term_string"}}],"inLanguage":"es"},{"@type":"Organization","@id":"https:\/\/shop.lavi-soundandyoga.com\/es#organization","name":"LaVi Sound and Yoga","alternateName":"LaVi","url":"https:\/\/shop.lavi-soundandyoga.com\/es","logo":{"@type":"ImageObject","inLanguage":"es","@id":"https:\/\/shop.lavi-soundandyoga.com\/es#\/schema\/logo\/image\/","url":"https:\/\/shop.lavi-soundandyoga.com\/wp-content\/uploads\/2025\/01\/LaVi_LogoFINAL1.png","contentUrl":"https:\/\/shop.lavi-soundandyoga.com\/wp-content\/uploads\/2025\/01\/LaVi_LogoFINAL1.png","width":343,"height":339,"caption":"LaVi Sound and Yoga"},"image":{"@id":"https:\/\/shop.lavi-soundandyoga.com\/es#\/schema\/logo\/image\/"},"sameAs":["https:\/\/www.facebook.com\/lavisoundandyoga","https:\/\/www.instagram.com\/lavi_sound_and_yoga\/","https:\/\/www.youtube.com\/channel\/UCuQTy-TOirHAZruDryEKTXQ","https:\/\/www.tiktok.com\/@lavisoundandyoga","https:\/\/open.spotify.com\/artist\/6lpTHiTkCOgxZ9BUonU0zM"]}]}},"jetpack_sharing_enabled":true,"_links":{"self":[{"href":"https:\/\/shop.lavi-soundandyoga.com\/es\/wp-json\/wp\/v2\/product\/1940","targetHints":{"allow":["GET"]}}],"collection":[{"href":"https:\/\/shop.lavi-soundandyoga.com\/es\/wp-json\/wp\/v2\/product"}],"about":[{"href":"https:\/\/shop.lavi-soundandyoga.com\/es\/wp-json\/wp\/v2\/types\/product"}],"replies":[{"embeddable":true,"href":"https:\/\/shop.lavi-soundandyoga.com\/es\/wp-json\/wp\/v2\/comments?post=1940"}],"wp:featuredmedia":[{"embeddable":true,"href":"https:\/\/shop.lavi-soundandyoga.com\/es\/wp-json\/wp\/v2\/media\/1568"}],"wp:attachment":[{"href":"https:\/\/shop.lavi-soundandyoga.com\/es\/wp-json\/wp\/v2\/media?parent=1940"}],"wp:term":[{"taxonomy":"product_brand","embeddable":true,"href":"https:\/\/shop.lavi-soundandyoga.com\/es\/wp-json\/wp\/v2\/product_brand?post=1940"},{"taxonomy":"product_cat","embeddable":true,"href":"https:\/\/shop.lavi-soundandyoga.com\/es\/wp-json\/wp\/v2\/product_cat?post=1940"},{"taxonomy":"product_tag","embeddable":true,"href":"https:\/\/shop.lavi-soundandyoga.com\/es\/wp-json\/wp\/v2\/product_tag?post=1940"}],"curies":[{"name":"wp","href":"https:\/\/api.w.org\/{rel}","templated":true}]}}