{"id":1955,"date":"2023-05-07T11:18:58","date_gmt":"2023-05-07T11:18:58","guid":{"rendered":"https:\/\/shop.lavi-soundandyoga.com\/product\/camiseta-de-ensueno"},"modified":"2023-05-07T11:18:58","modified_gmt":"2023-05-07T11:18:58","slug":"camiseta-de-ensueno","status":"publish","type":"product","link":"https:\/\/shop.lavi-soundandyoga.com\/es\/producto\/ropa\/camiseta-de-ensueno","title":{"rendered":"Camiseta de ensue\u00f1o"},"content":{"rendered":"<p>Esta camiseta est\u00e1 hecha de punto de algod\u00f3n org\u00e1nico el\u00e1stico y una parte de elastano, y es una compa\u00f1era estupenda para tu pr\u00e1ctica de yoga o tu vida cotidiana.<br \/>\nEl estampado del atrapasue\u00f1os es un dibujo a mano de Vincent y muestra que nuestros sue\u00f1os pueden hacerse realidad.<\/p>\n<p>&nbsp;<\/p>\n","protected":false},"excerpt":{"rendered":"<p>Camiseta estampada atrapasue\u00f1os de algod\u00f3n org\u00e1nico<\/p>\n<p>Dise\u00f1o propio, hecho con amor<\/p>\n","protected":false},"featured_media":1554,"comment_status":"closed","ping_status":"closed","template":"","meta":{"_acf_changed":false},"product_brand":[],"product_cat":[152],"product_tag":[],"class_list":{"0":"post-1955","1":"product","2":"type-product","3":"status-publish","4":"has-post-thumbnail","6":"product_cat-ropa","7":"product_shipping_class-paquete-m","9":"first","10":"instock","11":"sale","12":"purchasable","13":"product-type-variable"},"acf":[],"yoast_head":"<!-- This site is optimized with the Yoast SEO plugin v24.5 - https:\/\/yoast.com\/wordpress\/plugins\/seo\/ -->\n<title>Camiseta de ensue\u00f1o | LaVi - Sound &amp; Yoga<\/title>\n<meta name=\"description\" content=\"Bonita camiseta estampada para tu pr\u00e1ctica de yoga, hecha de algod\u00f3n org\u00e1nico el\u00e1stico. Dise\u00f1o propio y producci\u00f3n justa.\" \/>\n<meta name=\"robots\" content=\"index, follow, max-snippet:-1, max-image-preview:large, max-video-preview:-1\" \/>\n<link rel=\"canonical\" href=\"https:\/\/shop.lavi-soundandyoga.com\/es\/producto\/ropa\/camiseta-de-ensueno\" \/>\n<meta property=\"og:locale\" content=\"es_ES\" \/>\n<meta property=\"og:type\" content=\"article\" \/>\n<meta property=\"og:title\" content=\"Camiseta de ensue\u00f1o | LaVi - Sound &amp; Yoga\" \/>\n<meta property=\"og:description\" content=\"Bonita camiseta estampada para tu pr\u00e1ctica de yoga, hecha de algod\u00f3n org\u00e1nico el\u00e1stico. Dise\u00f1o propio y producci\u00f3n justa.\" \/>\n<meta property=\"og:url\" content=\"https:\/\/shop.lavi-soundandyoga.com\/es\/producto\/ropa\/camiseta-de-ensueno\" \/>\n<meta property=\"og:site_name\" content=\"LaVi - Sound &amp; Yoga\" \/>\n<meta property=\"article:publisher\" content=\"https:\/\/www.facebook.com\/lavisoundandyoga\" \/>\n<meta property=\"og:image\" content=\"https:\/\/shop.lavi-soundandyoga.com\/wp-content\/uploads\/2023\/05\/IMG_8099-scaled.jpg\" \/>\n\t<meta property=\"og:image:width\" content=\"1920\" \/>\n\t<meta property=\"og:image:height\" content=\"2560\" \/>\n\t<meta property=\"og:image:type\" content=\"image\/jpeg\" \/>\n<meta name=\"twitter:card\" content=\"summary_large_image\" \/>\n<script type=\"application\/ld+json\" class=\"yoast-schema-graph\">{\"@context\":\"https:\/\/schema.org\",\"@graph\":[{\"@type\":[\"WebPage\",\"ItemPage\"],\"@id\":\"https:\/\/shop.lavi-soundandyoga.com\/es\/producto\/ropa\/camiseta-de-ensueno\",\"url\":\"https:\/\/shop.lavi-soundandyoga.com\/es\/producto\/ropa\/camiseta-de-ensueno\",\"name\":\"Camiseta de ensue\u00f1o | LaVi - Sound &amp; Yoga\",\"isPartOf\":{\"@id\":\"https:\/\/shop.lavi-soundandyoga.com\/es#website\"},\"primaryImageOfPage\":{\"@id\":\"https:\/\/shop.lavi-soundandyoga.com\/es\/producto\/ropa\/camiseta-de-ensueno#primaryimage\"},\"image\":{\"@id\":\"https:\/\/shop.lavi-soundandyoga.com\/es\/producto\/ropa\/camiseta-de-ensueno#primaryimage\"},\"thumbnailUrl\":\"https:\/\/shop.lavi-soundandyoga.com\/wp-content\/uploads\/2023\/05\/IMG_8099-scaled.jpg\",\"datePublished\":\"2023-05-07T11:18:58+00:00\",\"description\":\"Bonita camiseta estampada para tu pr\u00e1ctica de yoga, hecha de algod\u00f3n org\u00e1nico el\u00e1stico. Dise\u00f1o propio y producci\u00f3n justa.\",\"breadcrumb\":{\"@id\":\"https:\/\/shop.lavi-soundandyoga.com\/es\/producto\/ropa\/camiseta-de-ensueno#breadcrumb\"},\"inLanguage\":\"es\",\"potentialAction\":[{\"@type\":\"ReadAction\",\"target\":[\"https:\/\/shop.lavi-soundandyoga.com\/es\/producto\/ropa\/camiseta-de-ensueno\"]}]},{\"@type\":\"ImageObject\",\"inLanguage\":\"es\",\"@id\":\"https:\/\/shop.lavi-soundandyoga.com\/es\/producto\/ropa\/camiseta-de-ensueno#primaryimage\",\"url\":\"https:\/\/shop.lavi-soundandyoga.com\/wp-content\/uploads\/2023\/05\/IMG_8099-scaled.jpg\",\"contentUrl\":\"https:\/\/shop.lavi-soundandyoga.com\/wp-content\/uploads\/2023\/05\/IMG_8099-scaled.jpg\",\"width\":1920,\"height\":2560,\"caption\":\"Camiseta de yoga Atrapasue\u00f1os\"},{\"@type\":\"BreadcrumbList\",\"@id\":\"https:\/\/shop.lavi-soundandyoga.com\/es\/producto\/ropa\/camiseta-de-ensueno#breadcrumb\",\"itemListElement\":[{\"@type\":\"ListItem\",\"position\":1,\"name\":\"LaVi Shop\",\"item\":\"https:\/\/shop.lavi-soundandyoga.com\/es\/tienda\"},{\"@type\":\"ListItem\",\"position\":2,\"name\":\"Productos\",\"item\":\"https:\/\/shop.lavi-soundandyoga.com\/es\/shop\"},{\"@type\":\"ListItem\",\"position\":3,\"name\":\"Ropa\",\"item\":\"https:\/\/shop.lavi-soundandyoga.com\/es\/categoria-producto\/ropa\"},{\"@type\":\"ListItem\",\"position\":4,\"name\":\"Camiseta de ensue\u00f1o\"}]},{\"@type\":\"WebSite\",\"@id\":\"https:\/\/shop.lavi-soundandyoga.com\/es#website\",\"url\":\"https:\/\/shop.lavi-soundandyoga.com\/es\",\"name\":\"LaVi Sound & Yoga\",\"description\":\"Yin Yoga and Sound Healing\",\"publisher\":{\"@id\":\"https:\/\/shop.lavi-soundandyoga.com\/es#organization\"},\"alternateName\":\"Lavi\",\"potentialAction\":[{\"@type\":\"SearchAction\",\"target\":{\"@type\":\"EntryPoint\",\"urlTemplate\":\"https:\/\/shop.lavi-soundandyoga.com\/es?s={search_term_string}\"},\"query-input\":{\"@type\":\"PropertyValueSpecification\",\"valueRequired\":true,\"valueName\":\"search_term_string\"}}],\"inLanguage\":\"es\"},{\"@type\":\"Organization\",\"@id\":\"https:\/\/shop.lavi-soundandyoga.com\/es#organization\",\"name\":\"LaVi Sound and Yoga\",\"alternateName\":\"LaVi\",\"url\":\"https:\/\/shop.lavi-soundandyoga.com\/es\",\"logo\":{\"@type\":\"ImageObject\",\"inLanguage\":\"es\",\"@id\":\"https:\/\/shop.lavi-soundandyoga.com\/es#\/schema\/logo\/image\/\",\"url\":\"https:\/\/shop.lavi-soundandyoga.com\/wp-content\/uploads\/2025\/01\/LaVi_LogoFINAL1.png\",\"contentUrl\":\"https:\/\/shop.lavi-soundandyoga.com\/wp-content\/uploads\/2025\/01\/LaVi_LogoFINAL1.png\",\"width\":343,\"height\":339,\"caption\":\"LaVi Sound and Yoga\"},\"image\":{\"@id\":\"https:\/\/shop.lavi-soundandyoga.com\/es#\/schema\/logo\/image\/\"},\"sameAs\":[\"https:\/\/www.facebook.com\/lavisoundandyoga\",\"https:\/\/www.instagram.com\/lavi_sound_and_yoga\/\",\"https:\/\/www.youtube.com\/channel\/UCuQTy-TOirHAZruDryEKTXQ\",\"https:\/\/www.tiktok.com\/@lavisoundandyoga\",\"https:\/\/open.spotify.com\/artist\/6lpTHiTkCOgxZ9BUonU0zM\"]}]}<\/script>\n<!-- \/ Yoast SEO plugin. -->","yoast_head_json":{"title":"Camiseta de ensue\u00f1o | LaVi - Sound &amp; Yoga","description":"Bonita camiseta estampada para tu pr\u00e1ctica de yoga, hecha de algod\u00f3n org\u00e1nico el\u00e1stico. Dise\u00f1o propio y producci\u00f3n justa.","robots":{"index":"index","follow":"follow","max-snippet":"max-snippet:-1","max-image-preview":"max-image-preview:large","max-video-preview":"max-video-preview:-1"},"canonical":"https:\/\/shop.lavi-soundandyoga.com\/es\/producto\/ropa\/camiseta-de-ensueno","og_locale":"es_ES","og_type":"article","og_title":"Camiseta de ensue\u00f1o | LaVi - Sound &amp; Yoga","og_description":"Bonita camiseta estampada para tu pr\u00e1ctica de yoga, hecha de algod\u00f3n org\u00e1nico el\u00e1stico. Dise\u00f1o propio y producci\u00f3n justa.","og_url":"https:\/\/shop.lavi-soundandyoga.com\/es\/producto\/ropa\/camiseta-de-ensueno","og_site_name":"LaVi - Sound &amp; Yoga","article_publisher":"https:\/\/www.facebook.com\/lavisoundandyoga","og_image":[{"width":1920,"height":2560,"url":"https:\/\/shop.lavi-soundandyoga.com\/wp-content\/uploads\/2023\/05\/IMG_8099-scaled.jpg","type":"image\/jpeg"}],"twitter_card":"summary_large_image","schema":{"@context":"https:\/\/schema.org","@graph":[{"@type":["WebPage","ItemPage"],"@id":"https:\/\/shop.lavi-soundandyoga.com\/es\/producto\/ropa\/camiseta-de-ensueno","url":"https:\/\/shop.lavi-soundandyoga.com\/es\/producto\/ropa\/camiseta-de-ensueno","name":"Camiseta de ensue\u00f1o | LaVi - Sound &amp; Yoga","isPartOf":{"@id":"https:\/\/shop.lavi-soundandyoga.com\/es#website"},"primaryImageOfPage":{"@id":"https:\/\/shop.lavi-soundandyoga.com\/es\/producto\/ropa\/camiseta-de-ensueno#primaryimage"},"image":{"@id":"https:\/\/shop.lavi-soundandyoga.com\/es\/producto\/ropa\/camiseta-de-ensueno#primaryimage"},"thumbnailUrl":"https:\/\/shop.lavi-soundandyoga.com\/wp-content\/uploads\/2023\/05\/IMG_8099-scaled.jpg","datePublished":"2023-05-07T11:18:58+00:00","description":"Bonita camiseta estampada para tu pr\u00e1ctica de yoga, hecha de algod\u00f3n org\u00e1nico el\u00e1stico. Dise\u00f1o propio y producci\u00f3n justa.","breadcrumb":{"@id":"https:\/\/shop.lavi-soundandyoga.com\/es\/producto\/ropa\/camiseta-de-ensueno#breadcrumb"},"inLanguage":"es","potentialAction":[{"@type":"ReadAction","target":["https:\/\/shop.lavi-soundandyoga.com\/es\/producto\/ropa\/camiseta-de-ensueno"]}]},{"@type":"ImageObject","inLanguage":"es","@id":"https:\/\/shop.lavi-soundandyoga.com\/es\/producto\/ropa\/camiseta-de-ensueno#primaryimage","url":"https:\/\/shop.lavi-soundandyoga.com\/wp-content\/uploads\/2023\/05\/IMG_8099-scaled.jpg","contentUrl":"https:\/\/shop.lavi-soundandyoga.com\/wp-content\/uploads\/2023\/05\/IMG_8099-scaled.jpg","width":1920,"height":2560,"caption":"Camiseta de yoga Atrapasue\u00f1os"},{"@type":"BreadcrumbList","@id":"https:\/\/shop.lavi-soundandyoga.com\/es\/producto\/ropa\/camiseta-de-ensueno#breadcrumb","itemListElement":[{"@type":"ListItem","position":1,"name":"LaVi Shop","item":"https:\/\/shop.lavi-soundandyoga.com\/es\/tienda"},{"@type":"ListItem","position":2,"name":"Productos","item":"https:\/\/shop.lavi-soundandyoga.com\/es\/shop"},{"@type":"ListItem","position":3,"name":"Ropa","item":"https:\/\/shop.lavi-soundandyoga.com\/es\/categoria-producto\/ropa"},{"@type":"ListItem","position":4,"name":"Camiseta de ensue\u00f1o"}]},{"@type":"WebSite","@id":"https:\/\/shop.lavi-soundandyoga.com\/es#website","url":"https:\/\/shop.lavi-soundandyoga.com\/es","name":"LaVi Sound & Yoga","description":"Yin Yoga and Sound Healing","publisher":{"@id":"https:\/\/shop.lavi-soundandyoga.com\/es#organization"},"alternateName":"Lavi","potentialAction":[{"@type":"SearchAction","target":{"@type":"EntryPoint","urlTemplate":"https:\/\/shop.lavi-soundandyoga.com\/es?s={search_term_string}"},"query-input":{"@type":"PropertyValueSpecification","valueRequired":true,"valueName":"search_term_string"}}],"inLanguage":"es"},{"@type":"Organization","@id":"https:\/\/shop.lavi-soundandyoga.com\/es#organization","name":"LaVi Sound and Yoga","alternateName":"LaVi","url":"https:\/\/shop.lavi-soundandyoga.com\/es","logo":{"@type":"ImageObject","inLanguage":"es","@id":"https:\/\/shop.lavi-soundandyoga.com\/es#\/schema\/logo\/image\/","url":"https:\/\/shop.lavi-soundandyoga.com\/wp-content\/uploads\/2025\/01\/LaVi_LogoFINAL1.png","contentUrl":"https:\/\/shop.lavi-soundandyoga.com\/wp-content\/uploads\/2025\/01\/LaVi_LogoFINAL1.png","width":343,"height":339,"caption":"LaVi Sound and Yoga"},"image":{"@id":"https:\/\/shop.lavi-soundandyoga.com\/es#\/schema\/logo\/image\/"},"sameAs":["https:\/\/www.facebook.com\/lavisoundandyoga","https:\/\/www.instagram.com\/lavi_sound_and_yoga\/","https:\/\/www.youtube.com\/channel\/UCuQTy-TOirHAZruDryEKTXQ","https:\/\/www.tiktok.com\/@lavisoundandyoga","https:\/\/open.spotify.com\/artist\/6lpTHiTkCOgxZ9BUonU0zM"]}]}},"jetpack_sharing_enabled":true,"_links":{"self":[{"href":"https:\/\/shop.lavi-soundandyoga.com\/es\/wp-json\/wp\/v2\/product\/1955","targetHints":{"allow":["GET"]}}],"collection":[{"href":"https:\/\/shop.lavi-soundandyoga.com\/es\/wp-json\/wp\/v2\/product"}],"about":[{"href":"https:\/\/shop.lavi-soundandyoga.com\/es\/wp-json\/wp\/v2\/types\/product"}],"replies":[{"embeddable":true,"href":"https:\/\/shop.lavi-soundandyoga.com\/es\/wp-json\/wp\/v2\/comments?post=1955"}],"wp:featuredmedia":[{"embeddable":true,"href":"https:\/\/shop.lavi-soundandyoga.com\/es\/wp-json\/wp\/v2\/media\/1554"}],"wp:attachment":[{"href":"https:\/\/shop.lavi-soundandyoga.com\/es\/wp-json\/wp\/v2\/media?parent=1955"}],"wp:term":[{"taxonomy":"product_brand","embeddable":true,"href":"https:\/\/shop.lavi-soundandyoga.com\/es\/wp-json\/wp\/v2\/product_brand?post=1955"},{"taxonomy":"product_cat","embeddable":true,"href":"https:\/\/shop.lavi-soundandyoga.com\/es\/wp-json\/wp\/v2\/product_cat?post=1955"},{"taxonomy":"product_tag","embeddable":true,"href":"https:\/\/shop.lavi-soundandyoga.com\/es\/wp-json\/wp\/v2\/product_tag?post=1955"}],"curies":[{"name":"wp","href":"https:\/\/api.w.org\/{rel}","templated":true}]}}