{"id":1976,"date":"2023-05-06T10:58:37","date_gmt":"2023-05-06T10:58:37","guid":{"rendered":"https:\/\/shop.lavi-soundandyoga.com\/product\/juego-de-campanillas-koshi-4-elementos"},"modified":"2023-05-06T10:58:37","modified_gmt":"2023-05-06T10:58:37","slug":"juego-de-campanillas-koshi-4-elementos","status":"publish","type":"product","link":"https:\/\/shop.lavi-soundandyoga.com\/es\/producto\/instrumentos-de-curacion-por-sonido\/juegos-de-sonido-koshi\/juego-de-campanillas-koshi-4-elementos","title":{"rendered":"Juego de campanillas Koshi - 4 elementos"},"content":{"rendered":"<p>El carill\u00f3n Koshi, un aut\u00e9ntico instrumento musical, es una creaci\u00f3n original y de gran calidad. Cada carill\u00f3n se fabrica en un taller al pie de los Pirineos y es el resultado de una refinada t\u00e9cnica artesanal. <\/p>\n<p>El carill\u00f3n Koshi tiene un sonido profundo y una larga resonancia. Todos los elementos tienen su propio sonido y con este conjunto puedes combinar todos los sonidos. <\/p>\n<p>El Carill\u00f3n Koshi puede utilizarse de distintas formas, como relajante y calmante en clases de yoga, en sesiones, en terapia de sonido o incluso en tu propia casa.<\/p>\n<p>Es ante todo un instrumento musical, pero su dise\u00f1o natural y elegante invita a integrarse en cualquier interior.<\/p>\n<p>&nbsp;<\/p>\n<p><span class=\"fx-text fx-text--plus list-item__text\">Estado de \u00e1nimo  <\/span><\/p>\n<p><span class=\"fx-text fx-text--plus list-item__text\">Aqua: A, D, F, G, A, D, F, A<\/span><\/p>\n<p>Tierra: G, C, E, F, G, C, E, G<\/p>\n<p>Aire: A, C, E, A, B, C, E, B<\/p>\n<p>Fuego: G, B, D, G, B, D, G, A<\/p>\n","protected":false},"excerpt":{"rendered":"<p>4 carillones Koshi<\/p>\n<p><span class=\"fx-text fx-text--plus list-item__text\">Cuerpo de bamb\u00fa aceitado<\/span><\/p>\n<p><span class=\"fx-text fx-text--plus list-item__text\">fabricado en Francia<\/span><\/p>\n","protected":false},"featured_media":2453,"comment_status":"closed","ping_status":"closed","template":"","meta":{"_acf_changed":false},"product_brand":[],"product_cat":[170,190],"product_tag":[],"class_list":{"0":"post-1976","1":"product","2":"type-product","3":"status-publish","4":"has-post-thumbnail","6":"product_cat-instrumentos-de-curacion-por-sonido","7":"product_cat-juegos-de-sonido-koshi","8":"product_shipping_class-paquete-l","10":"first","11":"instock","12":"purchasable","13":"product-type-simple"},"acf":[],"yoast_head":"<!-- This site is optimized with the Yoast SEO plugin v24.5 - https:\/\/yoast.com\/wordpress\/plugins\/seo\/ -->\n<title>Juego de campanillas Koshi - 4 elementos | LaVi - Sound &amp; Yoga<\/title>\n<meta name=\"description\" content=\"Las campanillas Koshi, un instrumento musical que se utiliza en la terapia de sonido y en las clases de yoga, tienen un sonido profundo y una larga resonancia.\" \/>\n<meta name=\"robots\" content=\"index, follow, max-snippet:-1, max-image-preview:large, max-video-preview:-1\" \/>\n<link rel=\"canonical\" href=\"https:\/\/shop.lavi-soundandyoga.com\/es\/producto\/instrumentos-de-curacion-por-sonido\/juegos-de-sonido-koshi\/juego-de-campanillas-koshi-4-elementos\" \/>\n<meta property=\"og:locale\" content=\"es_ES\" \/>\n<meta property=\"og:type\" content=\"article\" \/>\n<meta property=\"og:title\" content=\"Juego de campanillas Koshi - 4 elementos | LaVi - Sound &amp; Yoga\" \/>\n<meta property=\"og:description\" content=\"Las campanillas Koshi, un instrumento musical que se utiliza en la terapia de sonido y en las clases de yoga, tienen un sonido profundo y una larga resonancia.\" \/>\n<meta property=\"og:url\" content=\"https:\/\/shop.lavi-soundandyoga.com\/es\/producto\/instrumentos-de-curacion-por-sonido\/juegos-de-sonido-koshi\/juego-de-campanillas-koshi-4-elementos\" \/>\n<meta property=\"og:site_name\" content=\"LaVi - Sound &amp; Yoga\" \/>\n<meta property=\"article:publisher\" content=\"https:\/\/www.facebook.com\/lavisoundandyoga\" \/>\n<meta property=\"og:image\" content=\"https:\/\/shop.lavi-soundandyoga.com\/wp-content\/uploads\/2023\/05\/11-768x1024.png\" \/>\n\t<meta property=\"og:image:width\" content=\"768\" \/>\n\t<meta property=\"og:image:height\" content=\"1024\" \/>\n\t<meta property=\"og:image:type\" content=\"image\/png\" \/>\n<meta name=\"twitter:card\" content=\"summary_large_image\" \/>\n<meta name=\"twitter:label1\" content=\"Tiempo de lectura\" \/>\n\t<meta name=\"twitter:data1\" content=\"1 minuto\" \/>\n<script type=\"application\/ld+json\" class=\"yoast-schema-graph\">{\"@context\":\"https:\/\/schema.org\",\"@graph\":[{\"@type\":[\"WebPage\",\"ItemPage\"],\"@id\":\"https:\/\/shop.lavi-soundandyoga.com\/es\/producto\/instrumentos-de-curacion-por-sonido\/juegos-de-sonido-koshi\/juego-de-campanillas-koshi-4-elementos\",\"url\":\"https:\/\/shop.lavi-soundandyoga.com\/es\/producto\/instrumentos-de-curacion-por-sonido\/juegos-de-sonido-koshi\/juego-de-campanillas-koshi-4-elementos\",\"name\":\"Juego de campanillas Koshi - 4 elementos | LaVi - Sound &amp; Yoga\",\"isPartOf\":{\"@id\":\"https:\/\/shop.lavi-soundandyoga.com\/es#website\"},\"primaryImageOfPage\":{\"@id\":\"https:\/\/shop.lavi-soundandyoga.com\/es\/producto\/instrumentos-de-curacion-por-sonido\/juegos-de-sonido-koshi\/juego-de-campanillas-koshi-4-elementos#primaryimage\"},\"image\":{\"@id\":\"https:\/\/shop.lavi-soundandyoga.com\/es\/producto\/instrumentos-de-curacion-por-sonido\/juegos-de-sonido-koshi\/juego-de-campanillas-koshi-4-elementos#primaryimage\"},\"thumbnailUrl\":\"https:\/\/shop.lavi-soundandyoga.com\/wp-content\/uploads\/2023\/05\/11.png\",\"datePublished\":\"2023-05-06T10:58:37+00:00\",\"description\":\"Las campanillas Koshi, un instrumento musical que se utiliza en la terapia de sonido y en las clases de yoga, tienen un sonido profundo y una larga resonancia.\",\"breadcrumb\":{\"@id\":\"https:\/\/shop.lavi-soundandyoga.com\/es\/producto\/instrumentos-de-curacion-por-sonido\/juegos-de-sonido-koshi\/juego-de-campanillas-koshi-4-elementos#breadcrumb\"},\"inLanguage\":\"es\",\"potentialAction\":[{\"@type\":\"ReadAction\",\"target\":[\"https:\/\/shop.lavi-soundandyoga.com\/es\/producto\/instrumentos-de-curacion-por-sonido\/juegos-de-sonido-koshi\/juego-de-campanillas-koshi-4-elementos\"]}]},{\"@type\":\"ImageObject\",\"inLanguage\":\"es\",\"@id\":\"https:\/\/shop.lavi-soundandyoga.com\/es\/producto\/instrumentos-de-curacion-por-sonido\/juegos-de-sonido-koshi\/juego-de-campanillas-koshi-4-elementos#primaryimage\",\"url\":\"https:\/\/shop.lavi-soundandyoga.com\/wp-content\/uploads\/2023\/05\/11.png\",\"contentUrl\":\"https:\/\/shop.lavi-soundandyoga.com\/wp-content\/uploads\/2023\/05\/11.png\",\"width\":1200,\"height\":1600,\"caption\":\"Koshi Klangspiel Set 4 Elemente\"},{\"@type\":\"BreadcrumbList\",\"@id\":\"https:\/\/shop.lavi-soundandyoga.com\/es\/producto\/instrumentos-de-curacion-por-sonido\/juegos-de-sonido-koshi\/juego-de-campanillas-koshi-4-elementos#breadcrumb\",\"itemListElement\":[{\"@type\":\"ListItem\",\"position\":1,\"name\":\"LaVi Shop\",\"item\":\"https:\/\/shop.lavi-soundandyoga.com\/es\/tienda\"},{\"@type\":\"ListItem\",\"position\":2,\"name\":\"Productos\",\"item\":\"https:\/\/shop.lavi-soundandyoga.com\/es\/shop\"},{\"@type\":\"ListItem\",\"position\":3,\"name\":\"Instrumentos de curaci\u00f3n por sonido\",\"item\":\"https:\/\/shop.lavi-soundandyoga.com\/es\/categoria-producto\/instrumentos-de-curacion-por-sonido\"},{\"@type\":\"ListItem\",\"position\":4,\"name\":\"Juegos de sonido Koshi\",\"item\":\"https:\/\/shop.lavi-soundandyoga.com\/es\/categoria-producto\/instrumentos-de-curacion-por-sonido\/juegos-de-sonido-koshi\"},{\"@type\":\"ListItem\",\"position\":5,\"name\":\"Juego de campanillas Koshi - 4 elementos\"}]},{\"@type\":\"WebSite\",\"@id\":\"https:\/\/shop.lavi-soundandyoga.com\/es#website\",\"url\":\"https:\/\/shop.lavi-soundandyoga.com\/es\",\"name\":\"LaVi Sound & Yoga\",\"description\":\"Yin Yoga and Sound Healing\",\"publisher\":{\"@id\":\"https:\/\/shop.lavi-soundandyoga.com\/es#organization\"},\"alternateName\":\"Lavi\",\"potentialAction\":[{\"@type\":\"SearchAction\",\"target\":{\"@type\":\"EntryPoint\",\"urlTemplate\":\"https:\/\/shop.lavi-soundandyoga.com\/es?s={search_term_string}\"},\"query-input\":{\"@type\":\"PropertyValueSpecification\",\"valueRequired\":true,\"valueName\":\"search_term_string\"}}],\"inLanguage\":\"es\"},{\"@type\":\"Organization\",\"@id\":\"https:\/\/shop.lavi-soundandyoga.com\/es#organization\",\"name\":\"LaVi Sound and Yoga\",\"alternateName\":\"LaVi\",\"url\":\"https:\/\/shop.lavi-soundandyoga.com\/es\",\"logo\":{\"@type\":\"ImageObject\",\"inLanguage\":\"es\",\"@id\":\"https:\/\/shop.lavi-soundandyoga.com\/es#\/schema\/logo\/image\/\",\"url\":\"https:\/\/shop.lavi-soundandyoga.com\/wp-content\/uploads\/2025\/01\/LaVi_LogoFINAL1.png\",\"contentUrl\":\"https:\/\/shop.lavi-soundandyoga.com\/wp-content\/uploads\/2025\/01\/LaVi_LogoFINAL1.png\",\"width\":343,\"height\":339,\"caption\":\"LaVi Sound and Yoga\"},\"image\":{\"@id\":\"https:\/\/shop.lavi-soundandyoga.com\/es#\/schema\/logo\/image\/\"},\"sameAs\":[\"https:\/\/www.facebook.com\/lavisoundandyoga\",\"https:\/\/www.instagram.com\/lavi_sound_and_yoga\/\",\"https:\/\/www.youtube.com\/channel\/UCuQTy-TOirHAZruDryEKTXQ\",\"https:\/\/www.tiktok.com\/@lavisoundandyoga\",\"https:\/\/open.spotify.com\/artist\/6lpTHiTkCOgxZ9BUonU0zM\"]}]}<\/script>\n<!-- \/ Yoast SEO plugin. -->","yoast_head_json":{"title":"Juego de campanillas Koshi - 4 elementos | LaVi - Sound &amp; Yoga","description":"Las campanillas Koshi, un instrumento musical que se utiliza en la terapia de sonido y en las clases de yoga, tienen un sonido profundo y una larga resonancia.","robots":{"index":"index","follow":"follow","max-snippet":"max-snippet:-1","max-image-preview":"max-image-preview:large","max-video-preview":"max-video-preview:-1"},"canonical":"https:\/\/shop.lavi-soundandyoga.com\/es\/producto\/instrumentos-de-curacion-por-sonido\/juegos-de-sonido-koshi\/juego-de-campanillas-koshi-4-elementos","og_locale":"es_ES","og_type":"article","og_title":"Juego de campanillas Koshi - 4 elementos | LaVi - Sound &amp; Yoga","og_description":"Las campanillas Koshi, un instrumento musical que se utiliza en la terapia de sonido y en las clases de yoga, tienen un sonido profundo y una larga resonancia.","og_url":"https:\/\/shop.lavi-soundandyoga.com\/es\/producto\/instrumentos-de-curacion-por-sonido\/juegos-de-sonido-koshi\/juego-de-campanillas-koshi-4-elementos","og_site_name":"LaVi - Sound &amp; Yoga","article_publisher":"https:\/\/www.facebook.com\/lavisoundandyoga","og_image":[{"width":768,"height":1024,"url":"https:\/\/shop.lavi-soundandyoga.com\/wp-content\/uploads\/2023\/05\/11-768x1024.png","type":"image\/png"}],"twitter_card":"summary_large_image","twitter_misc":{"Tiempo de lectura":"1 minuto"},"schema":{"@context":"https:\/\/schema.org","@graph":[{"@type":["WebPage","ItemPage"],"@id":"https:\/\/shop.lavi-soundandyoga.com\/es\/producto\/instrumentos-de-curacion-por-sonido\/juegos-de-sonido-koshi\/juego-de-campanillas-koshi-4-elementos","url":"https:\/\/shop.lavi-soundandyoga.com\/es\/producto\/instrumentos-de-curacion-por-sonido\/juegos-de-sonido-koshi\/juego-de-campanillas-koshi-4-elementos","name":"Juego de campanillas Koshi - 4 elementos | LaVi - Sound &amp; Yoga","isPartOf":{"@id":"https:\/\/shop.lavi-soundandyoga.com\/es#website"},"primaryImageOfPage":{"@id":"https:\/\/shop.lavi-soundandyoga.com\/es\/producto\/instrumentos-de-curacion-por-sonido\/juegos-de-sonido-koshi\/juego-de-campanillas-koshi-4-elementos#primaryimage"},"image":{"@id":"https:\/\/shop.lavi-soundandyoga.com\/es\/producto\/instrumentos-de-curacion-por-sonido\/juegos-de-sonido-koshi\/juego-de-campanillas-koshi-4-elementos#primaryimage"},"thumbnailUrl":"https:\/\/shop.lavi-soundandyoga.com\/wp-content\/uploads\/2023\/05\/11.png","datePublished":"2023-05-06T10:58:37+00:00","description":"Las campanillas Koshi, un instrumento musical que se utiliza en la terapia de sonido y en las clases de yoga, tienen un sonido profundo y una larga resonancia.","breadcrumb":{"@id":"https:\/\/shop.lavi-soundandyoga.com\/es\/producto\/instrumentos-de-curacion-por-sonido\/juegos-de-sonido-koshi\/juego-de-campanillas-koshi-4-elementos#breadcrumb"},"inLanguage":"es","potentialAction":[{"@type":"ReadAction","target":["https:\/\/shop.lavi-soundandyoga.com\/es\/producto\/instrumentos-de-curacion-por-sonido\/juegos-de-sonido-koshi\/juego-de-campanillas-koshi-4-elementos"]}]},{"@type":"ImageObject","inLanguage":"es","@id":"https:\/\/shop.lavi-soundandyoga.com\/es\/producto\/instrumentos-de-curacion-por-sonido\/juegos-de-sonido-koshi\/juego-de-campanillas-koshi-4-elementos#primaryimage","url":"https:\/\/shop.lavi-soundandyoga.com\/wp-content\/uploads\/2023\/05\/11.png","contentUrl":"https:\/\/shop.lavi-soundandyoga.com\/wp-content\/uploads\/2023\/05\/11.png","width":1200,"height":1600,"caption":"Koshi Klangspiel Set 4 Elemente"},{"@type":"BreadcrumbList","@id":"https:\/\/shop.lavi-soundandyoga.com\/es\/producto\/instrumentos-de-curacion-por-sonido\/juegos-de-sonido-koshi\/juego-de-campanillas-koshi-4-elementos#breadcrumb","itemListElement":[{"@type":"ListItem","position":1,"name":"LaVi Shop","item":"https:\/\/shop.lavi-soundandyoga.com\/es\/tienda"},{"@type":"ListItem","position":2,"name":"Productos","item":"https:\/\/shop.lavi-soundandyoga.com\/es\/shop"},{"@type":"ListItem","position":3,"name":"Instrumentos de curaci\u00f3n por sonido","item":"https:\/\/shop.lavi-soundandyoga.com\/es\/categoria-producto\/instrumentos-de-curacion-por-sonido"},{"@type":"ListItem","position":4,"name":"Juegos de sonido Koshi","item":"https:\/\/shop.lavi-soundandyoga.com\/es\/categoria-producto\/instrumentos-de-curacion-por-sonido\/juegos-de-sonido-koshi"},{"@type":"ListItem","position":5,"name":"Juego de campanillas Koshi - 4 elementos"}]},{"@type":"WebSite","@id":"https:\/\/shop.lavi-soundandyoga.com\/es#website","url":"https:\/\/shop.lavi-soundandyoga.com\/es","name":"LaVi Sound & Yoga","description":"Yin Yoga and Sound Healing","publisher":{"@id":"https:\/\/shop.lavi-soundandyoga.com\/es#organization"},"alternateName":"Lavi","potentialAction":[{"@type":"SearchAction","target":{"@type":"EntryPoint","urlTemplate":"https:\/\/shop.lavi-soundandyoga.com\/es?s={search_term_string}"},"query-input":{"@type":"PropertyValueSpecification","valueRequired":true,"valueName":"search_term_string"}}],"inLanguage":"es"},{"@type":"Organization","@id":"https:\/\/shop.lavi-soundandyoga.com\/es#organization","name":"LaVi Sound and Yoga","alternateName":"LaVi","url":"https:\/\/shop.lavi-soundandyoga.com\/es","logo":{"@type":"ImageObject","inLanguage":"es","@id":"https:\/\/shop.lavi-soundandyoga.com\/es#\/schema\/logo\/image\/","url":"https:\/\/shop.lavi-soundandyoga.com\/wp-content\/uploads\/2025\/01\/LaVi_LogoFINAL1.png","contentUrl":"https:\/\/shop.lavi-soundandyoga.com\/wp-content\/uploads\/2025\/01\/LaVi_LogoFINAL1.png","width":343,"height":339,"caption":"LaVi Sound and Yoga"},"image":{"@id":"https:\/\/shop.lavi-soundandyoga.com\/es#\/schema\/logo\/image\/"},"sameAs":["https:\/\/www.facebook.com\/lavisoundandyoga","https:\/\/www.instagram.com\/lavi_sound_and_yoga\/","https:\/\/www.youtube.com\/channel\/UCuQTy-TOirHAZruDryEKTXQ","https:\/\/www.tiktok.com\/@lavisoundandyoga","https:\/\/open.spotify.com\/artist\/6lpTHiTkCOgxZ9BUonU0zM"]}]}},"jetpack_sharing_enabled":true,"_links":{"self":[{"href":"https:\/\/shop.lavi-soundandyoga.com\/es\/wp-json\/wp\/v2\/product\/1976","targetHints":{"allow":["GET"]}}],"collection":[{"href":"https:\/\/shop.lavi-soundandyoga.com\/es\/wp-json\/wp\/v2\/product"}],"about":[{"href":"https:\/\/shop.lavi-soundandyoga.com\/es\/wp-json\/wp\/v2\/types\/product"}],"replies":[{"embeddable":true,"href":"https:\/\/shop.lavi-soundandyoga.com\/es\/wp-json\/wp\/v2\/comments?post=1976"}],"wp:featuredmedia":[{"embeddable":true,"href":"https:\/\/shop.lavi-soundandyoga.com\/es\/wp-json\/wp\/v2\/media\/2453"}],"wp:attachment":[{"href":"https:\/\/shop.lavi-soundandyoga.com\/es\/wp-json\/wp\/v2\/media?parent=1976"}],"wp:term":[{"taxonomy":"product_brand","embeddable":true,"href":"https:\/\/shop.lavi-soundandyoga.com\/es\/wp-json\/wp\/v2\/product_brand?post=1976"},{"taxonomy":"product_cat","embeddable":true,"href":"https:\/\/shop.lavi-soundandyoga.com\/es\/wp-json\/wp\/v2\/product_cat?post=1976"},{"taxonomy":"product_tag","embeddable":true,"href":"https:\/\/shop.lavi-soundandyoga.com\/es\/wp-json\/wp\/v2\/product_tag?post=1976"}],"curies":[{"name":"wp","href":"https:\/\/api.w.org\/{rel}","templated":true}]}}