{"id":1992,"date":"2023-04-17T10:30:42","date_gmt":"2023-04-17T10:30:42","guid":{"rendered":"https:\/\/shop.lavi-soundandyoga.com\/product\/mala-de-ojo-de-tigre-rojo-conexion-a-tierra-y-proteccion"},"modified":"2023-04-17T10:30:42","modified_gmt":"2023-04-17T10:30:42","slug":"mala-de-ojo-de-tigre-rojo-conexion-a-tierra-y-proteccion","status":"publish","type":"product","link":"https:\/\/shop.lavi-soundandyoga.com\/es\/producto\/mala-clasico-con-piedras-preciosas\/mala-de-ojo-de-tigre-rojo-conexion-a-tierra-y-proteccion","title":{"rendered":"Mala de ojo de tigre rojo - conexi\u00f3n a tierra y protecci\u00f3n"},"content":{"rendered":"<p>Ojo de tigre rojo (ojo de buey) - la piedra del arraigo y la fuerza de voluntad<\/p>\n<ul>\n<li>El ojo de tigre rojo tambi\u00e9n se llama ojo de buey<\/li>\n<li>combina la energ\u00eda de la tierra con la energ\u00eda del sol para crear una fuerte conexi\u00f3n<\/li>\n<li>Armoniza los chakras inferiores en particular para crear la conexi\u00f3n a tierra<\/li>\n<li>buena influencia sobre nuestra fuerza de voluntad y apoya nuestra asertividad, valent\u00eda y aporta claridad a nuestras intenciones<\/li>\n<li>puede utilizarse para problemas de autoestima, autocr\u00edtica y creatividad bloqueada<\/li>\n<li>Emocionalmente, esta piedra equilibra nuestros lados yin y yang y estimula nuestro cuerpo emocional<\/li>\n<li>Alegra nuestro estado de \u00e1nimo y alivia la depresi\u00f3n y el letargo<\/li>\n<\/ul>\n<p>F\u00edsico<\/p>\n<ul>\n<li>Favorece la flexibilidad de las articulaciones y alivia el dolor de espalda<\/li>\n<li>puede utilizarse para fracturas \u00f3seas y en deportes<\/li>\n<li>aporta fuerza f\u00edsica y dinamismo<\/li>\n<li>\u00fatil para los problemas oculares y puede reforzar el metabolismo en el tracto gastrointestinal.<\/li>\n<\/ul>\n<p>Chakra:<\/p>\n<ul>\n<li>Chakra Ra\u00edz<\/li>\n<\/ul>\n<p>Recomendaciones para los signos del zodiaco:<\/p>\n<ul>\n<li>Le\u00f3n<\/li>\n<li>Gemela<\/li>\n<li>Toro<\/li>\n<li>Virgo<\/li>\n<\/ul>\n<p>Limpieza y carga:<br \/>\nLimpieza: Coloca las piedras en sal y agua destilada<br \/>\nCarga: Col\u00f3calas al sol o sobre un gran cuarzo<\/p>\n<p>Cada cuenta de este mala nos ofrece su propia belleza individual. Cada piedra est\u00e1 hecha a mano y es \u00fanica.<br \/>\nPor lo tanto, puede haber diferencias entre las piedras, lo que forma parte del origen natural. <\/p>\n<p>El uso de piedras para el bienestar no sustituye al tratamiento m\u00e9dico.<br \/>\nEl diagn\u00f3stico m\u00e9dico es esencial y debe continuarse el tratamiento.<br \/>\nToda esta informaci\u00f3n se proporciona sin garant\u00eda y LaVi Sound and Yoga no acepta ninguna responsabilidad.<\/p>\n","protected":false},"excerpt":{"rendered":"<p>Mala de piedra de ojo de tigre rojo<\/p>\n<p>108 cuentas + 8 cuentas (acabado)<\/p>\n<p>Cuentas Hecho en Jaipur\/India<\/p>\n<p>Este mala fue dise\u00f1ado y hecho a mano en Alemania por LaVi Sound and Yoga<\/p>\n","protected":false},"featured_media":1520,"comment_status":"closed","ping_status":"closed","template":"","meta":{"_acf_changed":false},"product_brand":[],"product_cat":[163],"product_tag":[],"class_list":{"0":"post-1992","1":"product","2":"type-product","3":"status-publish","4":"has-post-thumbnail","6":"product_cat-mala-clasico-con-piedras-preciosas","7":"product_shipping_class-prio","9":"first","10":"instock","11":"purchasable","12":"product-type-variable","13":"has-default-attributes"},"acf":[],"yoast_head":"<!-- This site is optimized with the Yoast SEO plugin v24.5 - https:\/\/yoast.com\/wordpress\/plugins\/seo\/ -->\n<title>Mala de ojo de tigre rojo - conexi\u00f3n a tierra y protecci\u00f3n | LaVi - Sound &amp; Yoga<\/title>\n<meta name=\"description\" content=\"Mala de ojo de tigre rojo hecho a mano con 108 cuentas. Proporciona enraizamiento, protecci\u00f3n y conexi\u00f3n a tierra, y es la piedra del chakra ra\u00edz.\" \/>\n<meta name=\"robots\" content=\"index, follow, max-snippet:-1, max-image-preview:large, max-video-preview:-1\" \/>\n<link rel=\"canonical\" href=\"https:\/\/shop.lavi-soundandyoga.com\/es\/producto\/mala-clasico-con-piedras-preciosas\/mala-de-ojo-de-tigre-rojo-conexion-a-tierra-y-proteccion\" \/>\n<meta property=\"og:locale\" content=\"es_ES\" \/>\n<meta property=\"og:type\" content=\"article\" \/>\n<meta property=\"og:title\" content=\"Mala de ojo de tigre rojo - conexi\u00f3n a tierra y protecci\u00f3n | LaVi - Sound &amp; Yoga\" \/>\n<meta property=\"og:description\" content=\"Mala de ojo de tigre rojo hecho a mano con 108 cuentas. Proporciona enraizamiento, protecci\u00f3n y conexi\u00f3n a tierra, y es la piedra del chakra ra\u00edz.\" \/>\n<meta property=\"og:url\" content=\"https:\/\/shop.lavi-soundandyoga.com\/es\/producto\/mala-clasico-con-piedras-preciosas\/mala-de-ojo-de-tigre-rojo-conexion-a-tierra-y-proteccion\" \/>\n<meta property=\"og:site_name\" content=\"LaVi - Sound &amp; Yoga\" \/>\n<meta property=\"article:publisher\" content=\"https:\/\/www.facebook.com\/lavisoundandyoga\" \/>\n<meta property=\"og:image\" content=\"https:\/\/shop.lavi-soundandyoga.com\/wp-content\/uploads\/2023\/04\/RedTigereyeMak-scaled.jpg\" \/>\n\t<meta property=\"og:image:width\" content=\"1707\" \/>\n\t<meta property=\"og:image:height\" content=\"2560\" \/>\n\t<meta property=\"og:image:type\" content=\"image\/jpeg\" \/>\n<meta name=\"twitter:card\" content=\"summary_large_image\" \/>\n<meta name=\"twitter:label1\" content=\"Tiempo de lectura\" \/>\n\t<meta name=\"twitter:data1\" content=\"1 minuto\" \/>\n<script type=\"application\/ld+json\" class=\"yoast-schema-graph\">{\"@context\":\"https:\/\/schema.org\",\"@graph\":[{\"@type\":[\"WebPage\",\"ItemPage\"],\"@id\":\"https:\/\/shop.lavi-soundandyoga.com\/es\/producto\/mala-clasico-con-piedras-preciosas\/mala-de-ojo-de-tigre-rojo-conexion-a-tierra-y-proteccion\",\"url\":\"https:\/\/shop.lavi-soundandyoga.com\/es\/producto\/mala-clasico-con-piedras-preciosas\/mala-de-ojo-de-tigre-rojo-conexion-a-tierra-y-proteccion\",\"name\":\"Mala de ojo de tigre rojo - conexi\u00f3n a tierra y protecci\u00f3n | LaVi - Sound &amp; Yoga\",\"isPartOf\":{\"@id\":\"https:\/\/shop.lavi-soundandyoga.com\/es#website\"},\"primaryImageOfPage\":{\"@id\":\"https:\/\/shop.lavi-soundandyoga.com\/es\/producto\/mala-clasico-con-piedras-preciosas\/mala-de-ojo-de-tigre-rojo-conexion-a-tierra-y-proteccion#primaryimage\"},\"image\":{\"@id\":\"https:\/\/shop.lavi-soundandyoga.com\/es\/producto\/mala-clasico-con-piedras-preciosas\/mala-de-ojo-de-tigre-rojo-conexion-a-tierra-y-proteccion#primaryimage\"},\"thumbnailUrl\":\"https:\/\/shop.lavi-soundandyoga.com\/wp-content\/uploads\/2023\/04\/RedTigereyeMak-scaled.jpg\",\"datePublished\":\"2023-04-17T10:30:42+00:00\",\"description\":\"Mala de ojo de tigre rojo hecho a mano con 108 cuentas. Proporciona enraizamiento, protecci\u00f3n y conexi\u00f3n a tierra, y es la piedra del chakra ra\u00edz.\",\"breadcrumb\":{\"@id\":\"https:\/\/shop.lavi-soundandyoga.com\/es\/producto\/mala-clasico-con-piedras-preciosas\/mala-de-ojo-de-tigre-rojo-conexion-a-tierra-y-proteccion#breadcrumb\"},\"inLanguage\":\"es\",\"potentialAction\":[{\"@type\":\"ReadAction\",\"target\":[\"https:\/\/shop.lavi-soundandyoga.com\/es\/producto\/mala-clasico-con-piedras-preciosas\/mala-de-ojo-de-tigre-rojo-conexion-a-tierra-y-proteccion\"]}]},{\"@type\":\"ImageObject\",\"inLanguage\":\"es\",\"@id\":\"https:\/\/shop.lavi-soundandyoga.com\/es\/producto\/mala-clasico-con-piedras-preciosas\/mala-de-ojo-de-tigre-rojo-conexion-a-tierra-y-proteccion#primaryimage\",\"url\":\"https:\/\/shop.lavi-soundandyoga.com\/wp-content\/uploads\/2023\/04\/RedTigereyeMak-scaled.jpg\",\"contentUrl\":\"https:\/\/shop.lavi-soundandyoga.com\/wp-content\/uploads\/2023\/04\/RedTigereyeMak-scaled.jpg\",\"width\":1707,\"height\":2560,\"caption\":\"Mala de ojo de tigre rojo, conexi\u00f3n a tierra y protecci\u00f3n\"},{\"@type\":\"BreadcrumbList\",\"@id\":\"https:\/\/shop.lavi-soundandyoga.com\/es\/producto\/mala-clasico-con-piedras-preciosas\/mala-de-ojo-de-tigre-rojo-conexion-a-tierra-y-proteccion#breadcrumb\",\"itemListElement\":[{\"@type\":\"ListItem\",\"position\":1,\"name\":\"LaVi Shop\",\"item\":\"https:\/\/shop.lavi-soundandyoga.com\/es\/tienda\"},{\"@type\":\"ListItem\",\"position\":2,\"name\":\"Productos\",\"item\":\"https:\/\/shop.lavi-soundandyoga.com\/es\/shop\"},{\"@type\":\"ListItem\",\"position\":3,\"name\":\"Edelstein Malas\",\"item\":\"https:\/\/shop.lavi-soundandyoga.com\/product-category\/edelstein-malas\"},{\"@type\":\"ListItem\",\"position\":4,\"name\":\"Mala cl\u00e1sico con piedras preciosas\",\"item\":\"https:\/\/shop.lavi-soundandyoga.com\/es\/categoria-producto\/mala-clasico-con-piedras-preciosas\"},{\"@type\":\"ListItem\",\"position\":5,\"name\":\"Mala de ojo de tigre rojo - conexi\u00f3n a tierra y protecci\u00f3n\"}]},{\"@type\":\"WebSite\",\"@id\":\"https:\/\/shop.lavi-soundandyoga.com\/es#website\",\"url\":\"https:\/\/shop.lavi-soundandyoga.com\/es\",\"name\":\"LaVi Sound & Yoga\",\"description\":\"Yin Yoga and Sound Healing\",\"publisher\":{\"@id\":\"https:\/\/shop.lavi-soundandyoga.com\/es#organization\"},\"alternateName\":\"Lavi\",\"potentialAction\":[{\"@type\":\"SearchAction\",\"target\":{\"@type\":\"EntryPoint\",\"urlTemplate\":\"https:\/\/shop.lavi-soundandyoga.com\/es?s={search_term_string}\"},\"query-input\":{\"@type\":\"PropertyValueSpecification\",\"valueRequired\":true,\"valueName\":\"search_term_string\"}}],\"inLanguage\":\"es\"},{\"@type\":\"Organization\",\"@id\":\"https:\/\/shop.lavi-soundandyoga.com\/es#organization\",\"name\":\"LaVi Sound and Yoga\",\"alternateName\":\"LaVi\",\"url\":\"https:\/\/shop.lavi-soundandyoga.com\/es\",\"logo\":{\"@type\":\"ImageObject\",\"inLanguage\":\"es\",\"@id\":\"https:\/\/shop.lavi-soundandyoga.com\/es#\/schema\/logo\/image\/\",\"url\":\"https:\/\/shop.lavi-soundandyoga.com\/wp-content\/uploads\/2025\/01\/LaVi_LogoFINAL1.png\",\"contentUrl\":\"https:\/\/shop.lavi-soundandyoga.com\/wp-content\/uploads\/2025\/01\/LaVi_LogoFINAL1.png\",\"width\":343,\"height\":339,\"caption\":\"LaVi Sound and Yoga\"},\"image\":{\"@id\":\"https:\/\/shop.lavi-soundandyoga.com\/es#\/schema\/logo\/image\/\"},\"sameAs\":[\"https:\/\/www.facebook.com\/lavisoundandyoga\",\"https:\/\/www.instagram.com\/lavi_sound_and_yoga\/\",\"https:\/\/www.youtube.com\/channel\/UCuQTy-TOirHAZruDryEKTXQ\",\"https:\/\/www.tiktok.com\/@lavisoundandyoga\",\"https:\/\/open.spotify.com\/artist\/6lpTHiTkCOgxZ9BUonU0zM\"]}]}<\/script>\n<!-- \/ Yoast SEO plugin. -->","yoast_head_json":{"title":"Mala de ojo de tigre rojo - conexi\u00f3n a tierra y protecci\u00f3n | LaVi - Sound &amp; Yoga","description":"Mala de ojo de tigre rojo hecho a mano con 108 cuentas. Proporciona enraizamiento, protecci\u00f3n y conexi\u00f3n a tierra, y es la piedra del chakra ra\u00edz.","robots":{"index":"index","follow":"follow","max-snippet":"max-snippet:-1","max-image-preview":"max-image-preview:large","max-video-preview":"max-video-preview:-1"},"canonical":"https:\/\/shop.lavi-soundandyoga.com\/es\/producto\/mala-clasico-con-piedras-preciosas\/mala-de-ojo-de-tigre-rojo-conexion-a-tierra-y-proteccion","og_locale":"es_ES","og_type":"article","og_title":"Mala de ojo de tigre rojo - conexi\u00f3n a tierra y protecci\u00f3n | LaVi - Sound &amp; Yoga","og_description":"Mala de ojo de tigre rojo hecho a mano con 108 cuentas. Proporciona enraizamiento, protecci\u00f3n y conexi\u00f3n a tierra, y es la piedra del chakra ra\u00edz.","og_url":"https:\/\/shop.lavi-soundandyoga.com\/es\/producto\/mala-clasico-con-piedras-preciosas\/mala-de-ojo-de-tigre-rojo-conexion-a-tierra-y-proteccion","og_site_name":"LaVi - Sound &amp; Yoga","article_publisher":"https:\/\/www.facebook.com\/lavisoundandyoga","og_image":[{"width":1707,"height":2560,"url":"https:\/\/shop.lavi-soundandyoga.com\/wp-content\/uploads\/2023\/04\/RedTigereyeMak-scaled.jpg","type":"image\/jpeg"}],"twitter_card":"summary_large_image","twitter_misc":{"Tiempo de lectura":"1 minuto"},"schema":{"@context":"https:\/\/schema.org","@graph":[{"@type":["WebPage","ItemPage"],"@id":"https:\/\/shop.lavi-soundandyoga.com\/es\/producto\/mala-clasico-con-piedras-preciosas\/mala-de-ojo-de-tigre-rojo-conexion-a-tierra-y-proteccion","url":"https:\/\/shop.lavi-soundandyoga.com\/es\/producto\/mala-clasico-con-piedras-preciosas\/mala-de-ojo-de-tigre-rojo-conexion-a-tierra-y-proteccion","name":"Mala de ojo de tigre rojo - conexi\u00f3n a tierra y protecci\u00f3n | LaVi - Sound &amp; Yoga","isPartOf":{"@id":"https:\/\/shop.lavi-soundandyoga.com\/es#website"},"primaryImageOfPage":{"@id":"https:\/\/shop.lavi-soundandyoga.com\/es\/producto\/mala-clasico-con-piedras-preciosas\/mala-de-ojo-de-tigre-rojo-conexion-a-tierra-y-proteccion#primaryimage"},"image":{"@id":"https:\/\/shop.lavi-soundandyoga.com\/es\/producto\/mala-clasico-con-piedras-preciosas\/mala-de-ojo-de-tigre-rojo-conexion-a-tierra-y-proteccion#primaryimage"},"thumbnailUrl":"https:\/\/shop.lavi-soundandyoga.com\/wp-content\/uploads\/2023\/04\/RedTigereyeMak-scaled.jpg","datePublished":"2023-04-17T10:30:42+00:00","description":"Mala de ojo de tigre rojo hecho a mano con 108 cuentas. Proporciona enraizamiento, protecci\u00f3n y conexi\u00f3n a tierra, y es la piedra del chakra ra\u00edz.","breadcrumb":{"@id":"https:\/\/shop.lavi-soundandyoga.com\/es\/producto\/mala-clasico-con-piedras-preciosas\/mala-de-ojo-de-tigre-rojo-conexion-a-tierra-y-proteccion#breadcrumb"},"inLanguage":"es","potentialAction":[{"@type":"ReadAction","target":["https:\/\/shop.lavi-soundandyoga.com\/es\/producto\/mala-clasico-con-piedras-preciosas\/mala-de-ojo-de-tigre-rojo-conexion-a-tierra-y-proteccion"]}]},{"@type":"ImageObject","inLanguage":"es","@id":"https:\/\/shop.lavi-soundandyoga.com\/es\/producto\/mala-clasico-con-piedras-preciosas\/mala-de-ojo-de-tigre-rojo-conexion-a-tierra-y-proteccion#primaryimage","url":"https:\/\/shop.lavi-soundandyoga.com\/wp-content\/uploads\/2023\/04\/RedTigereyeMak-scaled.jpg","contentUrl":"https:\/\/shop.lavi-soundandyoga.com\/wp-content\/uploads\/2023\/04\/RedTigereyeMak-scaled.jpg","width":1707,"height":2560,"caption":"Mala de ojo de tigre rojo, conexi\u00f3n a tierra y protecci\u00f3n"},{"@type":"BreadcrumbList","@id":"https:\/\/shop.lavi-soundandyoga.com\/es\/producto\/mala-clasico-con-piedras-preciosas\/mala-de-ojo-de-tigre-rojo-conexion-a-tierra-y-proteccion#breadcrumb","itemListElement":[{"@type":"ListItem","position":1,"name":"LaVi Shop","item":"https:\/\/shop.lavi-soundandyoga.com\/es\/tienda"},{"@type":"ListItem","position":2,"name":"Productos","item":"https:\/\/shop.lavi-soundandyoga.com\/es\/shop"},{"@type":"ListItem","position":3,"name":"Edelstein Malas","item":"https:\/\/shop.lavi-soundandyoga.com\/product-category\/edelstein-malas"},{"@type":"ListItem","position":4,"name":"Mala cl\u00e1sico con piedras preciosas","item":"https:\/\/shop.lavi-soundandyoga.com\/es\/categoria-producto\/mala-clasico-con-piedras-preciosas"},{"@type":"ListItem","position":5,"name":"Mala de ojo de tigre rojo - conexi\u00f3n a tierra y protecci\u00f3n"}]},{"@type":"WebSite","@id":"https:\/\/shop.lavi-soundandyoga.com\/es#website","url":"https:\/\/shop.lavi-soundandyoga.com\/es","name":"LaVi Sound & Yoga","description":"Yin Yoga and Sound Healing","publisher":{"@id":"https:\/\/shop.lavi-soundandyoga.com\/es#organization"},"alternateName":"Lavi","potentialAction":[{"@type":"SearchAction","target":{"@type":"EntryPoint","urlTemplate":"https:\/\/shop.lavi-soundandyoga.com\/es?s={search_term_string}"},"query-input":{"@type":"PropertyValueSpecification","valueRequired":true,"valueName":"search_term_string"}}],"inLanguage":"es"},{"@type":"Organization","@id":"https:\/\/shop.lavi-soundandyoga.com\/es#organization","name":"LaVi Sound and Yoga","alternateName":"LaVi","url":"https:\/\/shop.lavi-soundandyoga.com\/es","logo":{"@type":"ImageObject","inLanguage":"es","@id":"https:\/\/shop.lavi-soundandyoga.com\/es#\/schema\/logo\/image\/","url":"https:\/\/shop.lavi-soundandyoga.com\/wp-content\/uploads\/2025\/01\/LaVi_LogoFINAL1.png","contentUrl":"https:\/\/shop.lavi-soundandyoga.com\/wp-content\/uploads\/2025\/01\/LaVi_LogoFINAL1.png","width":343,"height":339,"caption":"LaVi Sound and Yoga"},"image":{"@id":"https:\/\/shop.lavi-soundandyoga.com\/es#\/schema\/logo\/image\/"},"sameAs":["https:\/\/www.facebook.com\/lavisoundandyoga","https:\/\/www.instagram.com\/lavi_sound_and_yoga\/","https:\/\/www.youtube.com\/channel\/UCuQTy-TOirHAZruDryEKTXQ","https:\/\/www.tiktok.com\/@lavisoundandyoga","https:\/\/open.spotify.com\/artist\/6lpTHiTkCOgxZ9BUonU0zM"]}]}},"jetpack_sharing_enabled":true,"_links":{"self":[{"href":"https:\/\/shop.lavi-soundandyoga.com\/es\/wp-json\/wp\/v2\/product\/1992","targetHints":{"allow":["GET"]}}],"collection":[{"href":"https:\/\/shop.lavi-soundandyoga.com\/es\/wp-json\/wp\/v2\/product"}],"about":[{"href":"https:\/\/shop.lavi-soundandyoga.com\/es\/wp-json\/wp\/v2\/types\/product"}],"replies":[{"embeddable":true,"href":"https:\/\/shop.lavi-soundandyoga.com\/es\/wp-json\/wp\/v2\/comments?post=1992"}],"wp:featuredmedia":[{"embeddable":true,"href":"https:\/\/shop.lavi-soundandyoga.com\/es\/wp-json\/wp\/v2\/media\/1520"}],"wp:attachment":[{"href":"https:\/\/shop.lavi-soundandyoga.com\/es\/wp-json\/wp\/v2\/media?parent=1992"}],"wp:term":[{"taxonomy":"product_brand","embeddable":true,"href":"https:\/\/shop.lavi-soundandyoga.com\/es\/wp-json\/wp\/v2\/product_brand?post=1992"},{"taxonomy":"product_cat","embeddable":true,"href":"https:\/\/shop.lavi-soundandyoga.com\/es\/wp-json\/wp\/v2\/product_cat?post=1992"},{"taxonomy":"product_tag","embeddable":true,"href":"https:\/\/shop.lavi-soundandyoga.com\/es\/wp-json\/wp\/v2\/product_tag?post=1992"}],"curies":[{"name":"wp","href":"https:\/\/api.w.org\/{rel}","templated":true}]}}