{"id":1997,"date":"2023-04-13T11:29:11","date_gmt":"2023-04-13T11:29:11","guid":{"rendered":"https:\/\/shop.lavi-soundandyoga.com\/product\/mala-de-fluorita-orden-y-conexion"},"modified":"2023-04-13T11:29:11","modified_gmt":"2023-04-13T11:29:11","slug":"mala-de-fluorita-orden-y-conexion","status":"publish","type":"product","link":"https:\/\/shop.lavi-soundandyoga.com\/es\/producto\/mala-clasico-con-piedras-preciosas\/mala-de-fluorita-orden-y-conexion","title":{"rendered":"Mala de Fluorita - Orden y Conexi\u00f3n"},"content":{"rendered":"<p>Fluorita - orden y conexi\u00f3n:<\/p>\n<ul>\n<li>Muy protectora, sobre todo a nivel f\u00edsico<\/li>\n<li>ayuda a reconocer cu\u00e1ndo las influencias externas obstaculizan los procesos internos y nos protege de la manipulaci\u00f3n mental y psicol\u00f3gica<\/li>\n<li>limpia y estabiliza nuestra aura, elimina las energ\u00edas negativas y el estr\u00e9s de todo tipo<\/li>\n<li>reorganiza a todos los niveles y estructura la vida cotidiana.<\/li>\n<li>favorece nuestra concentraci\u00f3n, la absorci\u00f3n de nueva informaci\u00f3n y nuestra capacidad de aprendizaje<\/li>\n<li>refuerza la coordinaci\u00f3n f\u00edsica y mental, contrarresta los trastornos mentales y nos aporta la verdad objetiva y la comprensi\u00f3n<\/li>\n<li>pone en relaci\u00f3n la comprensi\u00f3n del cuerpo y la mente<\/li>\n<li>Protecci\u00f3n eficaz contra las radiaciones electromagn\u00e9ticas y las influencias inform\u00e1ticas<\/li>\n<\/ul>\n<p>F\u00edsicamente:<\/p>\n<ul>\n<li>un poderoso sanador de infecciones y trastornos<\/li>\n<li>mantiene los dientes, las c\u00e9lulas y los huesos y repara el ADN<\/li>\n<li>regenera nuestras mucosas y nuestra piel y cura las heridas<\/li>\n<li>puede ayudar con la gripe, los resfriados y la sinusitis<\/li>\n<li>moviliza las articulaciones, alivia la artritis, el reumatismo y las lesiones de la columna vertebral<\/li>\n<li>  mejora nuestra coordinaci\u00f3n f\u00edsica, nuestro equilibrio y nuestro balance.<\/li>\n<\/ul>\n<p>Chakra:<\/p>\n<ul>\n<li>Chakra del tercer ojo<\/li>\n<\/ul>\n<p>Recomendaciones para los signos del zodiaco:<\/p>\n<ul>\n<li>Acuario<\/li>\n<li>Pescado<\/li>\n<li>Capricornio<\/li>\n<li>Limpieza y carga<\/li>\n<\/ul>\n<p>Limpieza: Introduce las piedras en sal y agua destilada<br \/>\nCarga: col\u00f3calas al sol o sobre un cuarzo grande<br \/>\nCada cuenta de este mala nos proporciona su propia belleza individual. Cada piedra est\u00e1 hecha a mano y es \u00fanica.<br \/>\nPor tanto, puede haber diferencias entre las piedras, lo que forma parte de su origen natural. <\/p>\n<p>El uso de piedras para el bienestar no sustituye al tratamiento m\u00e9dico.<br \/>\nEl diagn\u00f3stico m\u00e9dico es esencial y debe continuarse el tratamiento.<br \/>\nToda esta informaci\u00f3n se proporciona sin garant\u00eda y LaVi no acepta ninguna responsabilidad.<\/p>\n","protected":false},"excerpt":{"rendered":"<p>Mala de piedra fluorita (calidad AAA)<\/p>\n<p>108 cuentas + 8 cuentas (acabado)<\/p>\n<p>Cuentas Fabricado en Jaipur\/India<\/p>\n<p>Este mala ha sido dise\u00f1ado y fabricado a mano en Alemania por LaVi Sound and Yoga<\/p>\n","protected":false},"featured_media":1504,"comment_status":"closed","ping_status":"closed","template":"","meta":{"_acf_changed":false},"product_brand":[],"product_cat":[163],"product_tag":[],"class_list":{"0":"post-1997","1":"product","2":"type-product","3":"status-publish","4":"has-post-thumbnail","6":"product_cat-mala-clasico-con-piedras-preciosas","7":"product_shipping_class-prio","9":"first","10":"instock","11":"purchasable","12":"product-type-variable","13":"has-default-attributes"},"acf":[],"yoast_head":"<!-- This site is optimized with the Yoast SEO plugin v24.5 - https:\/\/yoast.com\/wordpress\/plugins\/seo\/ -->\n<title>Mala de Fluorita - Orden y Conexi\u00f3n | LaVi - Sound &amp; Yoga<\/title>\n<meta name=\"description\" content=\"Mala de fluorita hecha a mano con 108 cuentas. La fluorita favorece el orden y la conexi\u00f3n y limpia nuestra aura y nuestro cuerpo.\" \/>\n<meta name=\"robots\" content=\"index, follow, max-snippet:-1, max-image-preview:large, max-video-preview:-1\" \/>\n<link rel=\"canonical\" href=\"https:\/\/shop.lavi-soundandyoga.com\/es\/producto\/mala-clasico-con-piedras-preciosas\/mala-de-fluorita-orden-y-conexion\" \/>\n<meta property=\"og:locale\" content=\"es_ES\" \/>\n<meta property=\"og:type\" content=\"article\" \/>\n<meta property=\"og:title\" content=\"Mala de Fluorita - Orden y Conexi\u00f3n | LaVi - Sound &amp; Yoga\" \/>\n<meta property=\"og:description\" content=\"Mala de fluorita hecha a mano con 108 cuentas. La fluorita favorece el orden y la conexi\u00f3n y limpia nuestra aura y nuestro cuerpo.\" \/>\n<meta property=\"og:url\" content=\"https:\/\/shop.lavi-soundandyoga.com\/es\/producto\/mala-clasico-con-piedras-preciosas\/mala-de-fluorita-orden-y-conexion\" \/>\n<meta property=\"og:site_name\" content=\"LaVi - Sound &amp; Yoga\" \/>\n<meta property=\"article:publisher\" content=\"https:\/\/www.facebook.com\/lavisoundandyoga\" \/>\n<meta property=\"og:image\" content=\"https:\/\/shop.lavi-soundandyoga.com\/wp-content\/uploads\/2023\/04\/FluoritCl-scaled.jpg\" \/>\n\t<meta property=\"og:image:width\" content=\"1707\" \/>\n\t<meta property=\"og:image:height\" content=\"2560\" \/>\n\t<meta property=\"og:image:type\" content=\"image\/jpeg\" \/>\n<meta name=\"twitter:card\" content=\"summary_large_image\" \/>\n<meta name=\"twitter:label1\" content=\"Tiempo de lectura\" \/>\n\t<meta name=\"twitter:data1\" content=\"2 minutos\" \/>\n<script type=\"application\/ld+json\" class=\"yoast-schema-graph\">{\"@context\":\"https:\/\/schema.org\",\"@graph\":[{\"@type\":[\"WebPage\",\"ItemPage\"],\"@id\":\"https:\/\/shop.lavi-soundandyoga.com\/es\/producto\/mala-clasico-con-piedras-preciosas\/mala-de-fluorita-orden-y-conexion\",\"url\":\"https:\/\/shop.lavi-soundandyoga.com\/es\/producto\/mala-clasico-con-piedras-preciosas\/mala-de-fluorita-orden-y-conexion\",\"name\":\"Mala de Fluorita - Orden y Conexi\u00f3n | LaVi - Sound &amp; Yoga\",\"isPartOf\":{\"@id\":\"https:\/\/shop.lavi-soundandyoga.com\/es#website\"},\"primaryImageOfPage\":{\"@id\":\"https:\/\/shop.lavi-soundandyoga.com\/es\/producto\/mala-clasico-con-piedras-preciosas\/mala-de-fluorita-orden-y-conexion#primaryimage\"},\"image\":{\"@id\":\"https:\/\/shop.lavi-soundandyoga.com\/es\/producto\/mala-clasico-con-piedras-preciosas\/mala-de-fluorita-orden-y-conexion#primaryimage\"},\"thumbnailUrl\":\"https:\/\/shop.lavi-soundandyoga.com\/wp-content\/uploads\/2023\/04\/FluoritCl-scaled.jpg\",\"datePublished\":\"2023-04-13T11:29:11+00:00\",\"description\":\"Mala de fluorita hecha a mano con 108 cuentas. La fluorita favorece el orden y la conexi\u00f3n y limpia nuestra aura y nuestro cuerpo.\",\"breadcrumb\":{\"@id\":\"https:\/\/shop.lavi-soundandyoga.com\/es\/producto\/mala-clasico-con-piedras-preciosas\/mala-de-fluorita-orden-y-conexion#breadcrumb\"},\"inLanguage\":\"es\",\"potentialAction\":[{\"@type\":\"ReadAction\",\"target\":[\"https:\/\/shop.lavi-soundandyoga.com\/es\/producto\/mala-clasico-con-piedras-preciosas\/mala-de-fluorita-orden-y-conexion\"]}]},{\"@type\":\"ImageObject\",\"inLanguage\":\"es\",\"@id\":\"https:\/\/shop.lavi-soundandyoga.com\/es\/producto\/mala-clasico-con-piedras-preciosas\/mala-de-fluorita-orden-y-conexion#primaryimage\",\"url\":\"https:\/\/shop.lavi-soundandyoga.com\/wp-content\/uploads\/2023\/04\/FluoritCl-scaled.jpg\",\"contentUrl\":\"https:\/\/shop.lavi-soundandyoga.com\/wp-content\/uploads\/2023\/04\/FluoritCl-scaled.jpg\",\"width\":1707,\"height\":2560,\"caption\":\"Mala de Fluorita - Orden y Conexi\u00f3n\"},{\"@type\":\"BreadcrumbList\",\"@id\":\"https:\/\/shop.lavi-soundandyoga.com\/es\/producto\/mala-clasico-con-piedras-preciosas\/mala-de-fluorita-orden-y-conexion#breadcrumb\",\"itemListElement\":[{\"@type\":\"ListItem\",\"position\":1,\"name\":\"LaVi Shop\",\"item\":\"https:\/\/shop.lavi-soundandyoga.com\/es\/tienda\"},{\"@type\":\"ListItem\",\"position\":2,\"name\":\"Productos\",\"item\":\"https:\/\/shop.lavi-soundandyoga.com\/es\/shop\"},{\"@type\":\"ListItem\",\"position\":3,\"name\":\"Edelstein Malas\",\"item\":\"https:\/\/shop.lavi-soundandyoga.com\/product-category\/edelstein-malas\"},{\"@type\":\"ListItem\",\"position\":4,\"name\":\"Mala cl\u00e1sico con piedras preciosas\",\"item\":\"https:\/\/shop.lavi-soundandyoga.com\/es\/categoria-producto\/mala-clasico-con-piedras-preciosas\"},{\"@type\":\"ListItem\",\"position\":5,\"name\":\"Mala de Fluorita - Orden y Conexi\u00f3n\"}]},{\"@type\":\"WebSite\",\"@id\":\"https:\/\/shop.lavi-soundandyoga.com\/es#website\",\"url\":\"https:\/\/shop.lavi-soundandyoga.com\/es\",\"name\":\"LaVi Sound & Yoga\",\"description\":\"Yin Yoga and Sound Healing\",\"publisher\":{\"@id\":\"https:\/\/shop.lavi-soundandyoga.com\/es#organization\"},\"alternateName\":\"Lavi\",\"potentialAction\":[{\"@type\":\"SearchAction\",\"target\":{\"@type\":\"EntryPoint\",\"urlTemplate\":\"https:\/\/shop.lavi-soundandyoga.com\/es?s={search_term_string}\"},\"query-input\":{\"@type\":\"PropertyValueSpecification\",\"valueRequired\":true,\"valueName\":\"search_term_string\"}}],\"inLanguage\":\"es\"},{\"@type\":\"Organization\",\"@id\":\"https:\/\/shop.lavi-soundandyoga.com\/es#organization\",\"name\":\"LaVi Sound and Yoga\",\"alternateName\":\"LaVi\",\"url\":\"https:\/\/shop.lavi-soundandyoga.com\/es\",\"logo\":{\"@type\":\"ImageObject\",\"inLanguage\":\"es\",\"@id\":\"https:\/\/shop.lavi-soundandyoga.com\/es#\/schema\/logo\/image\/\",\"url\":\"https:\/\/shop.lavi-soundandyoga.com\/wp-content\/uploads\/2025\/01\/LaVi_LogoFINAL1.png\",\"contentUrl\":\"https:\/\/shop.lavi-soundandyoga.com\/wp-content\/uploads\/2025\/01\/LaVi_LogoFINAL1.png\",\"width\":343,\"height\":339,\"caption\":\"LaVi Sound and Yoga\"},\"image\":{\"@id\":\"https:\/\/shop.lavi-soundandyoga.com\/es#\/schema\/logo\/image\/\"},\"sameAs\":[\"https:\/\/www.facebook.com\/lavisoundandyoga\",\"https:\/\/www.instagram.com\/lavi_sound_and_yoga\/\",\"https:\/\/www.youtube.com\/channel\/UCuQTy-TOirHAZruDryEKTXQ\",\"https:\/\/www.tiktok.com\/@lavisoundandyoga\",\"https:\/\/open.spotify.com\/artist\/6lpTHiTkCOgxZ9BUonU0zM\"]}]}<\/script>\n<!-- \/ Yoast SEO plugin. -->","yoast_head_json":{"title":"Mala de Fluorita - Orden y Conexi\u00f3n | LaVi - Sound &amp; Yoga","description":"Mala de fluorita hecha a mano con 108 cuentas. La fluorita favorece el orden y la conexi\u00f3n y limpia nuestra aura y nuestro cuerpo.","robots":{"index":"index","follow":"follow","max-snippet":"max-snippet:-1","max-image-preview":"max-image-preview:large","max-video-preview":"max-video-preview:-1"},"canonical":"https:\/\/shop.lavi-soundandyoga.com\/es\/producto\/mala-clasico-con-piedras-preciosas\/mala-de-fluorita-orden-y-conexion","og_locale":"es_ES","og_type":"article","og_title":"Mala de Fluorita - Orden y Conexi\u00f3n | LaVi - Sound &amp; Yoga","og_description":"Mala de fluorita hecha a mano con 108 cuentas. La fluorita favorece el orden y la conexi\u00f3n y limpia nuestra aura y nuestro cuerpo.","og_url":"https:\/\/shop.lavi-soundandyoga.com\/es\/producto\/mala-clasico-con-piedras-preciosas\/mala-de-fluorita-orden-y-conexion","og_site_name":"LaVi - Sound &amp; Yoga","article_publisher":"https:\/\/www.facebook.com\/lavisoundandyoga","og_image":[{"width":1707,"height":2560,"url":"https:\/\/shop.lavi-soundandyoga.com\/wp-content\/uploads\/2023\/04\/FluoritCl-scaled.jpg","type":"image\/jpeg"}],"twitter_card":"summary_large_image","twitter_misc":{"Tiempo de lectura":"2 minutos"},"schema":{"@context":"https:\/\/schema.org","@graph":[{"@type":["WebPage","ItemPage"],"@id":"https:\/\/shop.lavi-soundandyoga.com\/es\/producto\/mala-clasico-con-piedras-preciosas\/mala-de-fluorita-orden-y-conexion","url":"https:\/\/shop.lavi-soundandyoga.com\/es\/producto\/mala-clasico-con-piedras-preciosas\/mala-de-fluorita-orden-y-conexion","name":"Mala de Fluorita - Orden y Conexi\u00f3n | LaVi - Sound &amp; Yoga","isPartOf":{"@id":"https:\/\/shop.lavi-soundandyoga.com\/es#website"},"primaryImageOfPage":{"@id":"https:\/\/shop.lavi-soundandyoga.com\/es\/producto\/mala-clasico-con-piedras-preciosas\/mala-de-fluorita-orden-y-conexion#primaryimage"},"image":{"@id":"https:\/\/shop.lavi-soundandyoga.com\/es\/producto\/mala-clasico-con-piedras-preciosas\/mala-de-fluorita-orden-y-conexion#primaryimage"},"thumbnailUrl":"https:\/\/shop.lavi-soundandyoga.com\/wp-content\/uploads\/2023\/04\/FluoritCl-scaled.jpg","datePublished":"2023-04-13T11:29:11+00:00","description":"Mala de fluorita hecha a mano con 108 cuentas. La fluorita favorece el orden y la conexi\u00f3n y limpia nuestra aura y nuestro cuerpo.","breadcrumb":{"@id":"https:\/\/shop.lavi-soundandyoga.com\/es\/producto\/mala-clasico-con-piedras-preciosas\/mala-de-fluorita-orden-y-conexion#breadcrumb"},"inLanguage":"es","potentialAction":[{"@type":"ReadAction","target":["https:\/\/shop.lavi-soundandyoga.com\/es\/producto\/mala-clasico-con-piedras-preciosas\/mala-de-fluorita-orden-y-conexion"]}]},{"@type":"ImageObject","inLanguage":"es","@id":"https:\/\/shop.lavi-soundandyoga.com\/es\/producto\/mala-clasico-con-piedras-preciosas\/mala-de-fluorita-orden-y-conexion#primaryimage","url":"https:\/\/shop.lavi-soundandyoga.com\/wp-content\/uploads\/2023\/04\/FluoritCl-scaled.jpg","contentUrl":"https:\/\/shop.lavi-soundandyoga.com\/wp-content\/uploads\/2023\/04\/FluoritCl-scaled.jpg","width":1707,"height":2560,"caption":"Mala de Fluorita - Orden y Conexi\u00f3n"},{"@type":"BreadcrumbList","@id":"https:\/\/shop.lavi-soundandyoga.com\/es\/producto\/mala-clasico-con-piedras-preciosas\/mala-de-fluorita-orden-y-conexion#breadcrumb","itemListElement":[{"@type":"ListItem","position":1,"name":"LaVi Shop","item":"https:\/\/shop.lavi-soundandyoga.com\/es\/tienda"},{"@type":"ListItem","position":2,"name":"Productos","item":"https:\/\/shop.lavi-soundandyoga.com\/es\/shop"},{"@type":"ListItem","position":3,"name":"Edelstein Malas","item":"https:\/\/shop.lavi-soundandyoga.com\/product-category\/edelstein-malas"},{"@type":"ListItem","position":4,"name":"Mala cl\u00e1sico con piedras preciosas","item":"https:\/\/shop.lavi-soundandyoga.com\/es\/categoria-producto\/mala-clasico-con-piedras-preciosas"},{"@type":"ListItem","position":5,"name":"Mala de Fluorita - Orden y Conexi\u00f3n"}]},{"@type":"WebSite","@id":"https:\/\/shop.lavi-soundandyoga.com\/es#website","url":"https:\/\/shop.lavi-soundandyoga.com\/es","name":"LaVi Sound & Yoga","description":"Yin Yoga and Sound Healing","publisher":{"@id":"https:\/\/shop.lavi-soundandyoga.com\/es#organization"},"alternateName":"Lavi","potentialAction":[{"@type":"SearchAction","target":{"@type":"EntryPoint","urlTemplate":"https:\/\/shop.lavi-soundandyoga.com\/es?s={search_term_string}"},"query-input":{"@type":"PropertyValueSpecification","valueRequired":true,"valueName":"search_term_string"}}],"inLanguage":"es"},{"@type":"Organization","@id":"https:\/\/shop.lavi-soundandyoga.com\/es#organization","name":"LaVi Sound and Yoga","alternateName":"LaVi","url":"https:\/\/shop.lavi-soundandyoga.com\/es","logo":{"@type":"ImageObject","inLanguage":"es","@id":"https:\/\/shop.lavi-soundandyoga.com\/es#\/schema\/logo\/image\/","url":"https:\/\/shop.lavi-soundandyoga.com\/wp-content\/uploads\/2025\/01\/LaVi_LogoFINAL1.png","contentUrl":"https:\/\/shop.lavi-soundandyoga.com\/wp-content\/uploads\/2025\/01\/LaVi_LogoFINAL1.png","width":343,"height":339,"caption":"LaVi Sound and Yoga"},"image":{"@id":"https:\/\/shop.lavi-soundandyoga.com\/es#\/schema\/logo\/image\/"},"sameAs":["https:\/\/www.facebook.com\/lavisoundandyoga","https:\/\/www.instagram.com\/lavi_sound_and_yoga\/","https:\/\/www.youtube.com\/channel\/UCuQTy-TOirHAZruDryEKTXQ","https:\/\/www.tiktok.com\/@lavisoundandyoga","https:\/\/open.spotify.com\/artist\/6lpTHiTkCOgxZ9BUonU0zM"]}]}},"jetpack_sharing_enabled":true,"_links":{"self":[{"href":"https:\/\/shop.lavi-soundandyoga.com\/es\/wp-json\/wp\/v2\/product\/1997","targetHints":{"allow":["GET"]}}],"collection":[{"href":"https:\/\/shop.lavi-soundandyoga.com\/es\/wp-json\/wp\/v2\/product"}],"about":[{"href":"https:\/\/shop.lavi-soundandyoga.com\/es\/wp-json\/wp\/v2\/types\/product"}],"replies":[{"embeddable":true,"href":"https:\/\/shop.lavi-soundandyoga.com\/es\/wp-json\/wp\/v2\/comments?post=1997"}],"wp:featuredmedia":[{"embeddable":true,"href":"https:\/\/shop.lavi-soundandyoga.com\/es\/wp-json\/wp\/v2\/media\/1504"}],"wp:attachment":[{"href":"https:\/\/shop.lavi-soundandyoga.com\/es\/wp-json\/wp\/v2\/media?parent=1997"}],"wp:term":[{"taxonomy":"product_brand","embeddable":true,"href":"https:\/\/shop.lavi-soundandyoga.com\/es\/wp-json\/wp\/v2\/product_brand?post=1997"},{"taxonomy":"product_cat","embeddable":true,"href":"https:\/\/shop.lavi-soundandyoga.com\/es\/wp-json\/wp\/v2\/product_cat?post=1997"},{"taxonomy":"product_tag","embeddable":true,"href":"https:\/\/shop.lavi-soundandyoga.com\/es\/wp-json\/wp\/v2\/product_tag?post=1997"}],"curies":[{"name":"wp","href":"https:\/\/api.w.org\/{rel}","templated":true}]}}