{"id":1998,"date":"2023-04-17T10:22:16","date_gmt":"2023-04-17T10:22:16","guid":{"rendered":"https:\/\/shop.lavi-soundandyoga.com\/product\/mala-de-piedra-lunar-multicolor-nuevos-comienzos-y-emociones"},"modified":"2023-04-17T10:22:16","modified_gmt":"2023-04-17T10:22:16","slug":"mala-de-piedra-lunar-multicolor-nuevos-comienzos-y-emociones","status":"publish","type":"product","link":"https:\/\/shop.lavi-soundandyoga.com\/es\/producto\/mala-clasico-con-piedras-preciosas\/mala-de-piedra-lunar-multicolor-nuevos-comienzos-y-emociones","title":{"rendered":"Mala de piedra lunar (multicolor) - nuevos comienzos y emociones"},"content":{"rendered":"<p>Piedra lunar la piedra de los \u00abnuevos comienzos\u00bb y las emociones<\/p>\n<ul>\n<li>fuertemente relacionado con la luna y el ciclo del cambio, nos recuerda el cambio constante en nuestras vidas<\/li>\n<li>act\u00faa siempre para el bien y hace consciente lo inconsciente<\/li>\n<li>refuerza la intuici\u00f3n y la empat\u00eda<\/li>\n<li>Imagen especular de nuestras emociones y su efecto m\u00e1s fuerte es la calma de las emociones<\/li>\n<li>Calma las reacciones exageradas ante situaciones y desencadenantes emocionales <\/li>\n<li>alivia la inestabilidad emocional y el estr\u00e9s<\/li>\n<li>Piedra yin: llena de receptividad, pasividad y energ\u00eda femenina<\/li>\n<li>equilibra las energ\u00edas masculino-femeninas y pone al hombre en contacto con su lado femenino<\/li>\n<li>ayuda a desarrollar la sensibilidad, la creatividad y la suavidad<\/li>\n<li>aporta sue\u00f1os claros (especialmente durante la luna llena)<\/li>\n<\/ul>\n<p>F\u00edsico<\/p>\n<ul>\n<li>tiene un fuerte efecto sobre el ciclo reproductor femenino y alivia las enfermedades y tensiones relacionadas con la menstruaci\u00f3n<\/li>\n<li>Conectada a la gl\u00e1ndula pineal, armoniza el sistema hormonal, estabiliza los desequilibrios de los fluidos y se ajusta al reloj biot\u00e9rmico<\/li>\n<li>favorece los \u00f3rganos digestivos y reproductores<\/li>\n<li>Ayuda a la absorci\u00f3n de nutrientes y elimina toxinas<\/li>\n<li>alivia las afecciones relacionadas con el desgaste de la piel, el cabello, los ojos y \u00f3rganos como el h\u00edgado y el p\u00e1ncreas<\/li>\n<li>maravilloso para el s\u00edndrome premenstrual, la concepci\u00f3n, el embarazo, el parto, la lactancia materna<\/li>\n<\/ul>\n<p>Chakra:<\/p>\n<ul>\n<li>Chakra del plexo solar<\/li>\n<li>Chakra de la garganta<\/li>\n<\/ul>\n<p>Recomendaciones para los signos del zodiaco:<\/p>\n<ul>\n<li>C\u00e1ncer<\/li>\n<li>Gemela<\/li>\n<li>Capricornio<\/li>\n<li>Pescado<\/li>\n<\/ul>\n<p>Limpieza y carga:<br \/>\nLimpieza: coloca las piedras en agua destilada<br \/>\nCarga: col\u00f3calas a la luz de la luna o sobre una gran piedra de cuarzo<\/p>\n<p>Cada cuenta de este mala nos ofrece su propia belleza individual. Cada piedra est\u00e1 hecha a mano y es \u00fanica.<br \/>\nPor lo tanto, puede haber diferencias entre las piedras, lo que forma parte del origen natural. <\/p>\n<p>El uso de piedras para el bienestar no sustituye al tratamiento m\u00e9dico.<br \/>\nEl diagn\u00f3stico m\u00e9dico es esencial y debe continuarse el tratamiento.<br \/>\nToda esta informaci\u00f3n se proporciona sin garant\u00eda y LaVi Sound and Yoga no acepta ninguna responsabilidad.<\/p>\n","protected":false},"excerpt":{"rendered":"<p>Mala de piedra lunar multicolor (calidad AAA)<\/p>\n<p>108 cuentas + 8 cuentas (extremo)<\/p>\n<p>Cuentas Fabricado en Jaipur\/India<\/p>\n<p>Este mala ha sido dise\u00f1ado y fabricado a mano en Alemania por LaVi Sound and Yoga<\/p>\n","protected":false},"featured_media":1535,"comment_status":"closed","ping_status":"closed","template":"","meta":{"_acf_changed":false},"product_brand":[],"product_cat":[163],"product_tag":[],"class_list":{"0":"post-1998","1":"product","2":"type-product","3":"status-publish","4":"has-post-thumbnail","6":"product_cat-mala-clasico-con-piedras-preciosas","7":"product_shipping_class-prio","9":"first","10":"instock","11":"purchasable","12":"product-type-variable","13":"has-default-attributes"},"acf":[],"yoast_head":"<!-- This site is optimized with the Yoast SEO plugin v24.5 - https:\/\/yoast.com\/wordpress\/plugins\/seo\/ -->\n<title>Mala de piedra lunar (multicolor) - nuevos comienzos y emociones | LaVi - Sound &amp; Yoga<\/title>\n<meta name=\"description\" content=\"Mala multicolor de piedra lunar hecho a mano con 108 cuentas. Una piedra yin que favorece las emociones y los nuevos comienzos y equilibra las hormonas femeninas.\" \/>\n<meta name=\"robots\" content=\"index, follow, max-snippet:-1, max-image-preview:large, max-video-preview:-1\" \/>\n<link rel=\"canonical\" href=\"https:\/\/shop.lavi-soundandyoga.com\/es\/producto\/mala-clasico-con-piedras-preciosas\/mala-de-piedra-lunar-multicolor-nuevos-comienzos-y-emociones\" \/>\n<meta property=\"og:locale\" content=\"es_ES\" \/>\n<meta property=\"og:type\" content=\"article\" \/>\n<meta property=\"og:title\" content=\"Mala de piedra lunar (multicolor) - nuevos comienzos y emociones | LaVi - Sound &amp; Yoga\" \/>\n<meta property=\"og:description\" content=\"Mala multicolor de piedra lunar hecho a mano con 108 cuentas. Una piedra yin que favorece las emociones y los nuevos comienzos y equilibra las hormonas femeninas.\" \/>\n<meta property=\"og:url\" content=\"https:\/\/shop.lavi-soundandyoga.com\/es\/producto\/mala-clasico-con-piedras-preciosas\/mala-de-piedra-lunar-multicolor-nuevos-comienzos-y-emociones\" \/>\n<meta property=\"og:site_name\" content=\"LaVi - Sound &amp; Yoga\" \/>\n<meta property=\"article:publisher\" content=\"https:\/\/www.facebook.com\/lavisoundandyoga\" \/>\n<meta property=\"og:image\" content=\"https:\/\/shop.lavi-soundandyoga.com\/wp-content\/uploads\/2023\/04\/MondsteinClbe1-scaled.jpg\" \/>\n\t<meta property=\"og:image:width\" content=\"1707\" \/>\n\t<meta property=\"og:image:height\" content=\"2560\" \/>\n\t<meta property=\"og:image:type\" content=\"image\/jpeg\" \/>\n<meta name=\"twitter:card\" content=\"summary_large_image\" \/>\n<meta name=\"twitter:label1\" content=\"Tiempo de lectura\" \/>\n\t<meta name=\"twitter:data1\" content=\"2 minutos\" \/>\n<script type=\"application\/ld+json\" class=\"yoast-schema-graph\">{\"@context\":\"https:\/\/schema.org\",\"@graph\":[{\"@type\":[\"WebPage\",\"ItemPage\"],\"@id\":\"https:\/\/shop.lavi-soundandyoga.com\/es\/producto\/mala-clasico-con-piedras-preciosas\/mala-de-piedra-lunar-multicolor-nuevos-comienzos-y-emociones\",\"url\":\"https:\/\/shop.lavi-soundandyoga.com\/es\/producto\/mala-clasico-con-piedras-preciosas\/mala-de-piedra-lunar-multicolor-nuevos-comienzos-y-emociones\",\"name\":\"Mala de piedra lunar (multicolor) - nuevos comienzos y emociones | LaVi - Sound &amp; Yoga\",\"isPartOf\":{\"@id\":\"https:\/\/shop.lavi-soundandyoga.com\/es#website\"},\"primaryImageOfPage\":{\"@id\":\"https:\/\/shop.lavi-soundandyoga.com\/es\/producto\/mala-clasico-con-piedras-preciosas\/mala-de-piedra-lunar-multicolor-nuevos-comienzos-y-emociones#primaryimage\"},\"image\":{\"@id\":\"https:\/\/shop.lavi-soundandyoga.com\/es\/producto\/mala-clasico-con-piedras-preciosas\/mala-de-piedra-lunar-multicolor-nuevos-comienzos-y-emociones#primaryimage\"},\"thumbnailUrl\":\"https:\/\/shop.lavi-soundandyoga.com\/wp-content\/uploads\/2023\/04\/MondsteinClbe1-scaled.jpg\",\"datePublished\":\"2023-04-17T10:22:16+00:00\",\"description\":\"Mala multicolor de piedra lunar hecho a mano con 108 cuentas. Una piedra yin que favorece las emociones y los nuevos comienzos y equilibra las hormonas femeninas.\",\"breadcrumb\":{\"@id\":\"https:\/\/shop.lavi-soundandyoga.com\/es\/producto\/mala-clasico-con-piedras-preciosas\/mala-de-piedra-lunar-multicolor-nuevos-comienzos-y-emociones#breadcrumb\"},\"inLanguage\":\"es\",\"potentialAction\":[{\"@type\":\"ReadAction\",\"target\":[\"https:\/\/shop.lavi-soundandyoga.com\/es\/producto\/mala-clasico-con-piedras-preciosas\/mala-de-piedra-lunar-multicolor-nuevos-comienzos-y-emociones\"]}]},{\"@type\":\"ImageObject\",\"inLanguage\":\"es\",\"@id\":\"https:\/\/shop.lavi-soundandyoga.com\/es\/producto\/mala-clasico-con-piedras-preciosas\/mala-de-piedra-lunar-multicolor-nuevos-comienzos-y-emociones#primaryimage\",\"url\":\"https:\/\/shop.lavi-soundandyoga.com\/wp-content\/uploads\/2023\/04\/MondsteinClbe1-scaled.jpg\",\"contentUrl\":\"https:\/\/shop.lavi-soundandyoga.com\/wp-content\/uploads\/2023\/04\/MondsteinClbe1-scaled.jpg\",\"width\":1707,\"height\":2560,\"caption\":\"Mala de piedra lunar - piedra de las emociones y los nuevos comienzos\"},{\"@type\":\"BreadcrumbList\",\"@id\":\"https:\/\/shop.lavi-soundandyoga.com\/es\/producto\/mala-clasico-con-piedras-preciosas\/mala-de-piedra-lunar-multicolor-nuevos-comienzos-y-emociones#breadcrumb\",\"itemListElement\":[{\"@type\":\"ListItem\",\"position\":1,\"name\":\"LaVi Shop\",\"item\":\"https:\/\/shop.lavi-soundandyoga.com\/es\/tienda\"},{\"@type\":\"ListItem\",\"position\":2,\"name\":\"Productos\",\"item\":\"https:\/\/shop.lavi-soundandyoga.com\/es\/shop\"},{\"@type\":\"ListItem\",\"position\":3,\"name\":\"Edelstein Malas\",\"item\":\"https:\/\/shop.lavi-soundandyoga.com\/product-category\/edelstein-malas\"},{\"@type\":\"ListItem\",\"position\":4,\"name\":\"Mala cl\u00e1sico con piedras preciosas\",\"item\":\"https:\/\/shop.lavi-soundandyoga.com\/es\/categoria-producto\/mala-clasico-con-piedras-preciosas\"},{\"@type\":\"ListItem\",\"position\":5,\"name\":\"Mala de piedra lunar (multicolor) - nuevos comienzos y emociones\"}]},{\"@type\":\"WebSite\",\"@id\":\"https:\/\/shop.lavi-soundandyoga.com\/es#website\",\"url\":\"https:\/\/shop.lavi-soundandyoga.com\/es\",\"name\":\"LaVi Sound & Yoga\",\"description\":\"Yin Yoga and Sound Healing\",\"publisher\":{\"@id\":\"https:\/\/shop.lavi-soundandyoga.com\/es#organization\"},\"alternateName\":\"Lavi\",\"potentialAction\":[{\"@type\":\"SearchAction\",\"target\":{\"@type\":\"EntryPoint\",\"urlTemplate\":\"https:\/\/shop.lavi-soundandyoga.com\/es?s={search_term_string}\"},\"query-input\":{\"@type\":\"PropertyValueSpecification\",\"valueRequired\":true,\"valueName\":\"search_term_string\"}}],\"inLanguage\":\"es\"},{\"@type\":\"Organization\",\"@id\":\"https:\/\/shop.lavi-soundandyoga.com\/es#organization\",\"name\":\"LaVi Sound and Yoga\",\"alternateName\":\"LaVi\",\"url\":\"https:\/\/shop.lavi-soundandyoga.com\/es\",\"logo\":{\"@type\":\"ImageObject\",\"inLanguage\":\"es\",\"@id\":\"https:\/\/shop.lavi-soundandyoga.com\/es#\/schema\/logo\/image\/\",\"url\":\"https:\/\/shop.lavi-soundandyoga.com\/wp-content\/uploads\/2025\/01\/LaVi_LogoFINAL1.png\",\"contentUrl\":\"https:\/\/shop.lavi-soundandyoga.com\/wp-content\/uploads\/2025\/01\/LaVi_LogoFINAL1.png\",\"width\":343,\"height\":339,\"caption\":\"LaVi Sound and Yoga\"},\"image\":{\"@id\":\"https:\/\/shop.lavi-soundandyoga.com\/es#\/schema\/logo\/image\/\"},\"sameAs\":[\"https:\/\/www.facebook.com\/lavisoundandyoga\",\"https:\/\/www.instagram.com\/lavi_sound_and_yoga\/\",\"https:\/\/www.youtube.com\/channel\/UCuQTy-TOirHAZruDryEKTXQ\",\"https:\/\/www.tiktok.com\/@lavisoundandyoga\",\"https:\/\/open.spotify.com\/artist\/6lpTHiTkCOgxZ9BUonU0zM\"]}]}<\/script>\n<!-- \/ Yoast SEO plugin. -->","yoast_head_json":{"title":"Mala de piedra lunar (multicolor) - nuevos comienzos y emociones | LaVi - Sound &amp; Yoga","description":"Mala multicolor de piedra lunar hecho a mano con 108 cuentas. Una piedra yin que favorece las emociones y los nuevos comienzos y equilibra las hormonas femeninas.","robots":{"index":"index","follow":"follow","max-snippet":"max-snippet:-1","max-image-preview":"max-image-preview:large","max-video-preview":"max-video-preview:-1"},"canonical":"https:\/\/shop.lavi-soundandyoga.com\/es\/producto\/mala-clasico-con-piedras-preciosas\/mala-de-piedra-lunar-multicolor-nuevos-comienzos-y-emociones","og_locale":"es_ES","og_type":"article","og_title":"Mala de piedra lunar (multicolor) - nuevos comienzos y emociones | LaVi - Sound &amp; Yoga","og_description":"Mala multicolor de piedra lunar hecho a mano con 108 cuentas. Una piedra yin que favorece las emociones y los nuevos comienzos y equilibra las hormonas femeninas.","og_url":"https:\/\/shop.lavi-soundandyoga.com\/es\/producto\/mala-clasico-con-piedras-preciosas\/mala-de-piedra-lunar-multicolor-nuevos-comienzos-y-emociones","og_site_name":"LaVi - Sound &amp; Yoga","article_publisher":"https:\/\/www.facebook.com\/lavisoundandyoga","og_image":[{"width":1707,"height":2560,"url":"https:\/\/shop.lavi-soundandyoga.com\/wp-content\/uploads\/2023\/04\/MondsteinClbe1-scaled.jpg","type":"image\/jpeg"}],"twitter_card":"summary_large_image","twitter_misc":{"Tiempo de lectura":"2 minutos"},"schema":{"@context":"https:\/\/schema.org","@graph":[{"@type":["WebPage","ItemPage"],"@id":"https:\/\/shop.lavi-soundandyoga.com\/es\/producto\/mala-clasico-con-piedras-preciosas\/mala-de-piedra-lunar-multicolor-nuevos-comienzos-y-emociones","url":"https:\/\/shop.lavi-soundandyoga.com\/es\/producto\/mala-clasico-con-piedras-preciosas\/mala-de-piedra-lunar-multicolor-nuevos-comienzos-y-emociones","name":"Mala de piedra lunar (multicolor) - nuevos comienzos y emociones | LaVi - Sound &amp; Yoga","isPartOf":{"@id":"https:\/\/shop.lavi-soundandyoga.com\/es#website"},"primaryImageOfPage":{"@id":"https:\/\/shop.lavi-soundandyoga.com\/es\/producto\/mala-clasico-con-piedras-preciosas\/mala-de-piedra-lunar-multicolor-nuevos-comienzos-y-emociones#primaryimage"},"image":{"@id":"https:\/\/shop.lavi-soundandyoga.com\/es\/producto\/mala-clasico-con-piedras-preciosas\/mala-de-piedra-lunar-multicolor-nuevos-comienzos-y-emociones#primaryimage"},"thumbnailUrl":"https:\/\/shop.lavi-soundandyoga.com\/wp-content\/uploads\/2023\/04\/MondsteinClbe1-scaled.jpg","datePublished":"2023-04-17T10:22:16+00:00","description":"Mala multicolor de piedra lunar hecho a mano con 108 cuentas. Una piedra yin que favorece las emociones y los nuevos comienzos y equilibra las hormonas femeninas.","breadcrumb":{"@id":"https:\/\/shop.lavi-soundandyoga.com\/es\/producto\/mala-clasico-con-piedras-preciosas\/mala-de-piedra-lunar-multicolor-nuevos-comienzos-y-emociones#breadcrumb"},"inLanguage":"es","potentialAction":[{"@type":"ReadAction","target":["https:\/\/shop.lavi-soundandyoga.com\/es\/producto\/mala-clasico-con-piedras-preciosas\/mala-de-piedra-lunar-multicolor-nuevos-comienzos-y-emociones"]}]},{"@type":"ImageObject","inLanguage":"es","@id":"https:\/\/shop.lavi-soundandyoga.com\/es\/producto\/mala-clasico-con-piedras-preciosas\/mala-de-piedra-lunar-multicolor-nuevos-comienzos-y-emociones#primaryimage","url":"https:\/\/shop.lavi-soundandyoga.com\/wp-content\/uploads\/2023\/04\/MondsteinClbe1-scaled.jpg","contentUrl":"https:\/\/shop.lavi-soundandyoga.com\/wp-content\/uploads\/2023\/04\/MondsteinClbe1-scaled.jpg","width":1707,"height":2560,"caption":"Mala de piedra lunar - piedra de las emociones y los nuevos comienzos"},{"@type":"BreadcrumbList","@id":"https:\/\/shop.lavi-soundandyoga.com\/es\/producto\/mala-clasico-con-piedras-preciosas\/mala-de-piedra-lunar-multicolor-nuevos-comienzos-y-emociones#breadcrumb","itemListElement":[{"@type":"ListItem","position":1,"name":"LaVi Shop","item":"https:\/\/shop.lavi-soundandyoga.com\/es\/tienda"},{"@type":"ListItem","position":2,"name":"Productos","item":"https:\/\/shop.lavi-soundandyoga.com\/es\/shop"},{"@type":"ListItem","position":3,"name":"Edelstein Malas","item":"https:\/\/shop.lavi-soundandyoga.com\/product-category\/edelstein-malas"},{"@type":"ListItem","position":4,"name":"Mala cl\u00e1sico con piedras preciosas","item":"https:\/\/shop.lavi-soundandyoga.com\/es\/categoria-producto\/mala-clasico-con-piedras-preciosas"},{"@type":"ListItem","position":5,"name":"Mala de piedra lunar (multicolor) - nuevos comienzos y emociones"}]},{"@type":"WebSite","@id":"https:\/\/shop.lavi-soundandyoga.com\/es#website","url":"https:\/\/shop.lavi-soundandyoga.com\/es","name":"LaVi Sound & Yoga","description":"Yin Yoga and Sound Healing","publisher":{"@id":"https:\/\/shop.lavi-soundandyoga.com\/es#organization"},"alternateName":"Lavi","potentialAction":[{"@type":"SearchAction","target":{"@type":"EntryPoint","urlTemplate":"https:\/\/shop.lavi-soundandyoga.com\/es?s={search_term_string}"},"query-input":{"@type":"PropertyValueSpecification","valueRequired":true,"valueName":"search_term_string"}}],"inLanguage":"es"},{"@type":"Organization","@id":"https:\/\/shop.lavi-soundandyoga.com\/es#organization","name":"LaVi Sound and Yoga","alternateName":"LaVi","url":"https:\/\/shop.lavi-soundandyoga.com\/es","logo":{"@type":"ImageObject","inLanguage":"es","@id":"https:\/\/shop.lavi-soundandyoga.com\/es#\/schema\/logo\/image\/","url":"https:\/\/shop.lavi-soundandyoga.com\/wp-content\/uploads\/2025\/01\/LaVi_LogoFINAL1.png","contentUrl":"https:\/\/shop.lavi-soundandyoga.com\/wp-content\/uploads\/2025\/01\/LaVi_LogoFINAL1.png","width":343,"height":339,"caption":"LaVi Sound and Yoga"},"image":{"@id":"https:\/\/shop.lavi-soundandyoga.com\/es#\/schema\/logo\/image\/"},"sameAs":["https:\/\/www.facebook.com\/lavisoundandyoga","https:\/\/www.instagram.com\/lavi_sound_and_yoga\/","https:\/\/www.youtube.com\/channel\/UCuQTy-TOirHAZruDryEKTXQ","https:\/\/www.tiktok.com\/@lavisoundandyoga","https:\/\/open.spotify.com\/artist\/6lpTHiTkCOgxZ9BUonU0zM"]}]}},"jetpack_sharing_enabled":true,"_links":{"self":[{"href":"https:\/\/shop.lavi-soundandyoga.com\/es\/wp-json\/wp\/v2\/product\/1998","targetHints":{"allow":["GET"]}}],"collection":[{"href":"https:\/\/shop.lavi-soundandyoga.com\/es\/wp-json\/wp\/v2\/product"}],"about":[{"href":"https:\/\/shop.lavi-soundandyoga.com\/es\/wp-json\/wp\/v2\/types\/product"}],"replies":[{"embeddable":true,"href":"https:\/\/shop.lavi-soundandyoga.com\/es\/wp-json\/wp\/v2\/comments?post=1998"}],"wp:featuredmedia":[{"embeddable":true,"href":"https:\/\/shop.lavi-soundandyoga.com\/es\/wp-json\/wp\/v2\/media\/1535"}],"wp:attachment":[{"href":"https:\/\/shop.lavi-soundandyoga.com\/es\/wp-json\/wp\/v2\/media?parent=1998"}],"wp:term":[{"taxonomy":"product_brand","embeddable":true,"href":"https:\/\/shop.lavi-soundandyoga.com\/es\/wp-json\/wp\/v2\/product_brand?post=1998"},{"taxonomy":"product_cat","embeddable":true,"href":"https:\/\/shop.lavi-soundandyoga.com\/es\/wp-json\/wp\/v2\/product_cat?post=1998"},{"taxonomy":"product_tag","embeddable":true,"href":"https:\/\/shop.lavi-soundandyoga.com\/es\/wp-json\/wp\/v2\/product_tag?post=1998"}],"curies":[{"name":"wp","href":"https:\/\/api.w.org\/{rel}","templated":true}]}}