{"id":2011,"date":"2023-04-17T15:31:48","date_gmt":"2023-04-17T15:31:48","guid":{"rendered":"https:\/\/shop.lavi-soundandyoga.com\/product\/proteccion-y-espiritualidad-lapislazuli-labradorita-mala"},"modified":"2023-04-17T15:31:48","modified_gmt":"2023-04-17T15:31:48","slug":"proteccion-y-espiritualidad-lapislazuli-labradorita-mala","status":"publish","type":"product","link":"https:\/\/shop.lavi-soundandyoga.com\/es\/producto\/estilos-especiales\/proteccion-y-espiritualidad-lapislazuli-labradorita-mala","title":{"rendered":"Protecci\u00f3n y espiritualidad Lapisl\u00e1zuli - Labradorita Mala"},"content":{"rendered":"<div class=\"x11i5rnm xat24cr x1mh8g0r x1vvkbs xdj266r\">Esta combinaci\u00f3n de piedras de lapisl\u00e1zuli y labradorita es una compa\u00f1era especial en tu camino espiritual que te proporciona protecci\u00f3n y perspicacia.<\/div>\n<div><\/div>\n<div class=\"x11i5rnm xat24cr x1mh8g0r x1vvkbs xtlvy1s\">Lapisl\u00e1zuli - guardi\u00e1n espiritual y autoconocimiento<\/div>\n<ul>\n<li class=\"x11i5rnm xat24cr x1mh8g0r x1vvkbs xtlvy1s\">estimula nuestra percepci\u00f3n espiritual,<\/li>\n<li class=\"x11i5rnm xat24cr x1mh8g0r x1vvkbs xtlvy1s\">Mejora el trabajo on\u00edrico y estimula el rendimiento personal y espiritual<\/li>\n<li class=\"x11i5rnm xat24cr x1mh8g0r x1vvkbs xtlvy1s\">alivia r\u00e1pidamente el estr\u00e9s y aporta paz profunda, serenidad y comprensi\u00f3n espiritual<\/li>\n<li class=\"x11i5rnm xat24cr x1mh8g0r x1vvkbs xtlvy1s\">Armoniza f\u00edsica, emocional, mental y espiritualmente para crear una profunda autoconciencia interior<\/li>\n<li class=\"x11i5rnm xat24cr x1mh8g0r x1vvkbs xtlvy1s\">aporta verdad, confianza en uno mismo y nos permite expresarnos sin compromiso<\/li>\n<li class=\"x11i5rnm xat24cr x1mh8g0r x1vvkbs xtlvy1s\">aporta valores duraderos de honestidad, compasi\u00f3n y rectitud a nuestra personalidad<\/li>\n<li class=\"x11i5rnm xat24cr x1mh8g0r x1vvkbs xtlvy1s\">Amplifica el pensamiento y aporta objetividad, claridad y creatividad<\/li>\n<li class=\"x11i5rnm xat24cr x1mh8g0r x1vvkbs xtlvy1s\">El lapisl\u00e1zuli tambi\u00e9n es una piedra protectora y act\u00faa como guardi\u00e1n espiritual<\/li>\n<\/ul>\n<div class=\"x11i5rnm xat24cr x1mh8g0r x1vvkbs xtlvy1s\"><\/div>\n<div class=\"x11i5rnm xat24cr x1mh8g0r x1vvkbs xtlvy1s\">Labradorita - fuerte protecci\u00f3n y verdad interior<\/div>\n<ul>\n<li class=\"x11i5rnm xat24cr x1mh8g0r x1vvkbs xtlvy1s\">piedra protectora fuerte y m\u00edstica<\/li>\n<li class=\"x11i5rnm xat24cr x1mh8g0r x1vvkbs xtlvy1s\">aporta luz, conciencia y conexi\u00f3n con la energ\u00eda universal<\/li>\n<li class=\"x11i5rnm xat24cr x1mh8g0r x1vvkbs xtlvy1s\">Disuelve y absorbe las energ\u00edas negativas.<\/li>\n<li class=\"x11i5rnm xat24cr x1mh8g0r x1vvkbs xtlvy1s\">alinea tanto nuestro cuerpo f\u00edsico como nuestro cuerpo et\u00e9rico<\/li>\n<li class=\"x11i5rnm xat24cr x1mh8g0r x1vvkbs xtlvy1s\">nos conecta con la espiritualidad y estimula la intuici\u00f3n<\/li>\n<\/ul>\n<div class=\"x11i5rnm xat24cr x1mh8g0r x1vvkbs xtlvy1s\"><\/div>\n<div class=\"x11i5rnm xat24cr x1mh8g0r x1vvkbs xtlvy1s\"><\/div>\n<div class=\"x11i5rnm xat24cr x1mh8g0r x1vvkbs xtlvy1s\">Cada cuenta de este mala nos ofrece su propia belleza individual. Cada piedra est\u00e1 hecha a mano y es \u00fanica. Por tanto, puede haber diferencias entre las piedras, lo que forma parte de su origen natural. El uso de piedras para el bienestar no sustituye al tratamiento m\u00e9dico. El diagn\u00f3stico m\u00e9dico es esencial y debe continuarse el tratamiento. Toda esta informaci\u00f3n se facilita sin garant\u00eda y LaVi Sound and Yoga no acepta ninguna responsabilidad.     <\/div>\n","protected":false},"excerpt":{"rendered":"<p>Mala de lapisl\u00e1zuli y piedra labradorita<br \/>\nincl. un adorno de plata aut\u00e9ntica <\/p>\n<p>108 cuentas + 8 cuentas (extremo)<\/p>\n<p>Producci\u00f3n de perlas en Jaipur\/India<\/p>\n<p>Este mala fue dise\u00f1ado y hecho a mano en Alemania por LaVi Sound and Yoga<\/p>\n","protected":false},"featured_media":1472,"comment_status":"closed","ping_status":"closed","template":"","meta":{"_acf_changed":false},"product_brand":[],"product_cat":[191],"product_tag":[],"class_list":{"0":"post-2011","1":"product","2":"type-product","3":"status-publish","4":"has-post-thumbnail","6":"product_cat-estilos-especiales","7":"product_shipping_class-prio","9":"first","10":"instock","11":"purchasable","12":"product-type-simple"},"acf":[],"yoast_head":"<!-- This site is optimized with the Yoast SEO plugin v24.5 - https:\/\/yoast.com\/wordpress\/plugins\/seo\/ -->\n<title>Protecci\u00f3n y espiritualidad Lapisl\u00e1zuli - Labradorita Mala | LaVi - Sound &amp; Yoga<\/title>\n<meta name=\"description\" content=\"Mala de lapisl\u00e1zuli y labradorita compuesto por 108 cuentas y adornos de plata aut\u00e9ntica, hecho a mano para la protecci\u00f3n y la espiritualidad.\" \/>\n<meta name=\"robots\" content=\"index, follow, max-snippet:-1, max-image-preview:large, max-video-preview:-1\" \/>\n<link rel=\"canonical\" href=\"https:\/\/shop.lavi-soundandyoga.com\/es\/producto\/estilos-especiales\/proteccion-y-espiritualidad-lapislazuli-labradorita-mala\" \/>\n<meta property=\"og:locale\" content=\"es_ES\" \/>\n<meta property=\"og:type\" content=\"article\" \/>\n<meta property=\"og:title\" content=\"Protecci\u00f3n y espiritualidad Lapisl\u00e1zuli - Labradorita Mala | LaVi - Sound &amp; Yoga\" \/>\n<meta property=\"og:description\" content=\"Mala de lapisl\u00e1zuli y labradorita compuesto por 108 cuentas y adornos de plata aut\u00e9ntica, hecho a mano para la protecci\u00f3n y la espiritualidad.\" \/>\n<meta property=\"og:url\" content=\"https:\/\/shop.lavi-soundandyoga.com\/es\/producto\/estilos-especiales\/proteccion-y-espiritualidad-lapislazuli-labradorita-mala\" \/>\n<meta property=\"og:site_name\" content=\"LaVi - Sound &amp; Yoga\" \/>\n<meta property=\"article:publisher\" content=\"https:\/\/www.facebook.com\/lavisoundandyoga\" \/>\n<meta property=\"og:image\" content=\"https:\/\/shop.lavi-soundandyoga.com\/wp-content\/uploads\/2023\/03\/LabradoritLapisSpecialSt1-scaled-e1679651558183.jpg\" \/>\n\t<meta property=\"og:image:width\" content=\"1707\" \/>\n\t<meta property=\"og:image:height\" content=\"2560\" \/>\n\t<meta property=\"og:image:type\" content=\"image\/jpeg\" \/>\n<meta name=\"twitter:card\" content=\"summary_large_image\" \/>\n<meta name=\"twitter:label1\" content=\"Tiempo de lectura\" \/>\n\t<meta name=\"twitter:data1\" content=\"1 minuto\" \/>\n<script type=\"application\/ld+json\" class=\"yoast-schema-graph\">{\"@context\":\"https:\/\/schema.org\",\"@graph\":[{\"@type\":[\"WebPage\",\"ItemPage\"],\"@id\":\"https:\/\/shop.lavi-soundandyoga.com\/es\/producto\/estilos-especiales\/proteccion-y-espiritualidad-lapislazuli-labradorita-mala\",\"url\":\"https:\/\/shop.lavi-soundandyoga.com\/es\/producto\/estilos-especiales\/proteccion-y-espiritualidad-lapislazuli-labradorita-mala\",\"name\":\"Protecci\u00f3n y espiritualidad Lapisl\u00e1zuli - Labradorita Mala | LaVi - Sound &amp; Yoga\",\"isPartOf\":{\"@id\":\"https:\/\/shop.lavi-soundandyoga.com\/es#website\"},\"primaryImageOfPage\":{\"@id\":\"https:\/\/shop.lavi-soundandyoga.com\/es\/producto\/estilos-especiales\/proteccion-y-espiritualidad-lapislazuli-labradorita-mala#primaryimage\"},\"image\":{\"@id\":\"https:\/\/shop.lavi-soundandyoga.com\/es\/producto\/estilos-especiales\/proteccion-y-espiritualidad-lapislazuli-labradorita-mala#primaryimage\"},\"thumbnailUrl\":\"https:\/\/shop.lavi-soundandyoga.com\/wp-content\/uploads\/2023\/03\/LabradoritLapisSpecialSt1-scaled-e1679651558183.jpg\",\"datePublished\":\"2023-04-17T15:31:48+00:00\",\"description\":\"Mala de lapisl\u00e1zuli y labradorita compuesto por 108 cuentas y adornos de plata aut\u00e9ntica, hecho a mano para la protecci\u00f3n y la espiritualidad.\",\"breadcrumb\":{\"@id\":\"https:\/\/shop.lavi-soundandyoga.com\/es\/producto\/estilos-especiales\/proteccion-y-espiritualidad-lapislazuli-labradorita-mala#breadcrumb\"},\"inLanguage\":\"es\",\"potentialAction\":[{\"@type\":\"ReadAction\",\"target\":[\"https:\/\/shop.lavi-soundandyoga.com\/es\/producto\/estilos-especiales\/proteccion-y-espiritualidad-lapislazuli-labradorita-mala\"]}]},{\"@type\":\"ImageObject\",\"inLanguage\":\"es\",\"@id\":\"https:\/\/shop.lavi-soundandyoga.com\/es\/producto\/estilos-especiales\/proteccion-y-espiritualidad-lapislazuli-labradorita-mala#primaryimage\",\"url\":\"https:\/\/shop.lavi-soundandyoga.com\/wp-content\/uploads\/2023\/03\/LabradoritLapisSpecialSt1-scaled-e1679651558183.jpg\",\"contentUrl\":\"https:\/\/shop.lavi-soundandyoga.com\/wp-content\/uploads\/2023\/03\/LabradoritLapisSpecialSt1-scaled-e1679651558183.jpg\",\"width\":1707,\"height\":2560,\"caption\":\"Mala de labradorita y rodocrosita para la protecci\u00f3n del coraz\u00f3n\"},{\"@type\":\"BreadcrumbList\",\"@id\":\"https:\/\/shop.lavi-soundandyoga.com\/es\/producto\/estilos-especiales\/proteccion-y-espiritualidad-lapislazuli-labradorita-mala#breadcrumb\",\"itemListElement\":[{\"@type\":\"ListItem\",\"position\":1,\"name\":\"LaVi Shop\",\"item\":\"https:\/\/shop.lavi-soundandyoga.com\/es\/tienda\"},{\"@type\":\"ListItem\",\"position\":2,\"name\":\"Productos\",\"item\":\"https:\/\/shop.lavi-soundandyoga.com\/es\/shop\"},{\"@type\":\"ListItem\",\"position\":3,\"name\":\"Edelstein Malas\",\"item\":\"https:\/\/shop.lavi-soundandyoga.com\/product-category\/edelstein-malas\"},{\"@type\":\"ListItem\",\"position\":4,\"name\":\"Estilos especiales\",\"item\":\"https:\/\/shop.lavi-soundandyoga.com\/es\/categoria-producto\/estilos-especiales\"},{\"@type\":\"ListItem\",\"position\":5,\"name\":\"Protecci\u00f3n y espiritualidad Lapisl\u00e1zuli - Labradorita Mala\"}]},{\"@type\":\"WebSite\",\"@id\":\"https:\/\/shop.lavi-soundandyoga.com\/es#website\",\"url\":\"https:\/\/shop.lavi-soundandyoga.com\/es\",\"name\":\"LaVi Sound & Yoga\",\"description\":\"Yin Yoga and Sound Healing\",\"publisher\":{\"@id\":\"https:\/\/shop.lavi-soundandyoga.com\/es#organization\"},\"alternateName\":\"Lavi\",\"potentialAction\":[{\"@type\":\"SearchAction\",\"target\":{\"@type\":\"EntryPoint\",\"urlTemplate\":\"https:\/\/shop.lavi-soundandyoga.com\/es?s={search_term_string}\"},\"query-input\":{\"@type\":\"PropertyValueSpecification\",\"valueRequired\":true,\"valueName\":\"search_term_string\"}}],\"inLanguage\":\"es\"},{\"@type\":\"Organization\",\"@id\":\"https:\/\/shop.lavi-soundandyoga.com\/es#organization\",\"name\":\"LaVi Sound and Yoga\",\"alternateName\":\"LaVi\",\"url\":\"https:\/\/shop.lavi-soundandyoga.com\/es\",\"logo\":{\"@type\":\"ImageObject\",\"inLanguage\":\"es\",\"@id\":\"https:\/\/shop.lavi-soundandyoga.com\/es#\/schema\/logo\/image\/\",\"url\":\"https:\/\/shop.lavi-soundandyoga.com\/wp-content\/uploads\/2025\/01\/LaVi_LogoFINAL1.png\",\"contentUrl\":\"https:\/\/shop.lavi-soundandyoga.com\/wp-content\/uploads\/2025\/01\/LaVi_LogoFINAL1.png\",\"width\":343,\"height\":339,\"caption\":\"LaVi Sound and Yoga\"},\"image\":{\"@id\":\"https:\/\/shop.lavi-soundandyoga.com\/es#\/schema\/logo\/image\/\"},\"sameAs\":[\"https:\/\/www.facebook.com\/lavisoundandyoga\",\"https:\/\/www.instagram.com\/lavi_sound_and_yoga\/\",\"https:\/\/www.youtube.com\/channel\/UCuQTy-TOirHAZruDryEKTXQ\",\"https:\/\/www.tiktok.com\/@lavisoundandyoga\",\"https:\/\/open.spotify.com\/artist\/6lpTHiTkCOgxZ9BUonU0zM\"]}]}<\/script>\n<!-- \/ Yoast SEO plugin. -->","yoast_head_json":{"title":"Protecci\u00f3n y espiritualidad Lapisl\u00e1zuli - Labradorita Mala | LaVi - Sound &amp; Yoga","description":"Mala de lapisl\u00e1zuli y labradorita compuesto por 108 cuentas y adornos de plata aut\u00e9ntica, hecho a mano para la protecci\u00f3n y la espiritualidad.","robots":{"index":"index","follow":"follow","max-snippet":"max-snippet:-1","max-image-preview":"max-image-preview:large","max-video-preview":"max-video-preview:-1"},"canonical":"https:\/\/shop.lavi-soundandyoga.com\/es\/producto\/estilos-especiales\/proteccion-y-espiritualidad-lapislazuli-labradorita-mala","og_locale":"es_ES","og_type":"article","og_title":"Protecci\u00f3n y espiritualidad Lapisl\u00e1zuli - Labradorita Mala | LaVi - Sound &amp; Yoga","og_description":"Mala de lapisl\u00e1zuli y labradorita compuesto por 108 cuentas y adornos de plata aut\u00e9ntica, hecho a mano para la protecci\u00f3n y la espiritualidad.","og_url":"https:\/\/shop.lavi-soundandyoga.com\/es\/producto\/estilos-especiales\/proteccion-y-espiritualidad-lapislazuli-labradorita-mala","og_site_name":"LaVi - Sound &amp; Yoga","article_publisher":"https:\/\/www.facebook.com\/lavisoundandyoga","og_image":[{"width":1707,"height":2560,"url":"https:\/\/shop.lavi-soundandyoga.com\/wp-content\/uploads\/2023\/03\/LabradoritLapisSpecialSt1-scaled-e1679651558183.jpg","type":"image\/jpeg"}],"twitter_card":"summary_large_image","twitter_misc":{"Tiempo de lectura":"1 minuto"},"schema":{"@context":"https:\/\/schema.org","@graph":[{"@type":["WebPage","ItemPage"],"@id":"https:\/\/shop.lavi-soundandyoga.com\/es\/producto\/estilos-especiales\/proteccion-y-espiritualidad-lapislazuli-labradorita-mala","url":"https:\/\/shop.lavi-soundandyoga.com\/es\/producto\/estilos-especiales\/proteccion-y-espiritualidad-lapislazuli-labradorita-mala","name":"Protecci\u00f3n y espiritualidad Lapisl\u00e1zuli - Labradorita Mala | LaVi - Sound &amp; Yoga","isPartOf":{"@id":"https:\/\/shop.lavi-soundandyoga.com\/es#website"},"primaryImageOfPage":{"@id":"https:\/\/shop.lavi-soundandyoga.com\/es\/producto\/estilos-especiales\/proteccion-y-espiritualidad-lapislazuli-labradorita-mala#primaryimage"},"image":{"@id":"https:\/\/shop.lavi-soundandyoga.com\/es\/producto\/estilos-especiales\/proteccion-y-espiritualidad-lapislazuli-labradorita-mala#primaryimage"},"thumbnailUrl":"https:\/\/shop.lavi-soundandyoga.com\/wp-content\/uploads\/2023\/03\/LabradoritLapisSpecialSt1-scaled-e1679651558183.jpg","datePublished":"2023-04-17T15:31:48+00:00","description":"Mala de lapisl\u00e1zuli y labradorita compuesto por 108 cuentas y adornos de plata aut\u00e9ntica, hecho a mano para la protecci\u00f3n y la espiritualidad.","breadcrumb":{"@id":"https:\/\/shop.lavi-soundandyoga.com\/es\/producto\/estilos-especiales\/proteccion-y-espiritualidad-lapislazuli-labradorita-mala#breadcrumb"},"inLanguage":"es","potentialAction":[{"@type":"ReadAction","target":["https:\/\/shop.lavi-soundandyoga.com\/es\/producto\/estilos-especiales\/proteccion-y-espiritualidad-lapislazuli-labradorita-mala"]}]},{"@type":"ImageObject","inLanguage":"es","@id":"https:\/\/shop.lavi-soundandyoga.com\/es\/producto\/estilos-especiales\/proteccion-y-espiritualidad-lapislazuli-labradorita-mala#primaryimage","url":"https:\/\/shop.lavi-soundandyoga.com\/wp-content\/uploads\/2023\/03\/LabradoritLapisSpecialSt1-scaled-e1679651558183.jpg","contentUrl":"https:\/\/shop.lavi-soundandyoga.com\/wp-content\/uploads\/2023\/03\/LabradoritLapisSpecialSt1-scaled-e1679651558183.jpg","width":1707,"height":2560,"caption":"Mala de labradorita y rodocrosita para la protecci\u00f3n del coraz\u00f3n"},{"@type":"BreadcrumbList","@id":"https:\/\/shop.lavi-soundandyoga.com\/es\/producto\/estilos-especiales\/proteccion-y-espiritualidad-lapislazuli-labradorita-mala#breadcrumb","itemListElement":[{"@type":"ListItem","position":1,"name":"LaVi Shop","item":"https:\/\/shop.lavi-soundandyoga.com\/es\/tienda"},{"@type":"ListItem","position":2,"name":"Productos","item":"https:\/\/shop.lavi-soundandyoga.com\/es\/shop"},{"@type":"ListItem","position":3,"name":"Edelstein Malas","item":"https:\/\/shop.lavi-soundandyoga.com\/product-category\/edelstein-malas"},{"@type":"ListItem","position":4,"name":"Estilos especiales","item":"https:\/\/shop.lavi-soundandyoga.com\/es\/categoria-producto\/estilos-especiales"},{"@type":"ListItem","position":5,"name":"Protecci\u00f3n y espiritualidad Lapisl\u00e1zuli - Labradorita Mala"}]},{"@type":"WebSite","@id":"https:\/\/shop.lavi-soundandyoga.com\/es#website","url":"https:\/\/shop.lavi-soundandyoga.com\/es","name":"LaVi Sound & Yoga","description":"Yin Yoga and Sound Healing","publisher":{"@id":"https:\/\/shop.lavi-soundandyoga.com\/es#organization"},"alternateName":"Lavi","potentialAction":[{"@type":"SearchAction","target":{"@type":"EntryPoint","urlTemplate":"https:\/\/shop.lavi-soundandyoga.com\/es?s={search_term_string}"},"query-input":{"@type":"PropertyValueSpecification","valueRequired":true,"valueName":"search_term_string"}}],"inLanguage":"es"},{"@type":"Organization","@id":"https:\/\/shop.lavi-soundandyoga.com\/es#organization","name":"LaVi Sound and Yoga","alternateName":"LaVi","url":"https:\/\/shop.lavi-soundandyoga.com\/es","logo":{"@type":"ImageObject","inLanguage":"es","@id":"https:\/\/shop.lavi-soundandyoga.com\/es#\/schema\/logo\/image\/","url":"https:\/\/shop.lavi-soundandyoga.com\/wp-content\/uploads\/2025\/01\/LaVi_LogoFINAL1.png","contentUrl":"https:\/\/shop.lavi-soundandyoga.com\/wp-content\/uploads\/2025\/01\/LaVi_LogoFINAL1.png","width":343,"height":339,"caption":"LaVi Sound and Yoga"},"image":{"@id":"https:\/\/shop.lavi-soundandyoga.com\/es#\/schema\/logo\/image\/"},"sameAs":["https:\/\/www.facebook.com\/lavisoundandyoga","https:\/\/www.instagram.com\/lavi_sound_and_yoga\/","https:\/\/www.youtube.com\/channel\/UCuQTy-TOirHAZruDryEKTXQ","https:\/\/www.tiktok.com\/@lavisoundandyoga","https:\/\/open.spotify.com\/artist\/6lpTHiTkCOgxZ9BUonU0zM"]}]}},"jetpack_sharing_enabled":true,"_links":{"self":[{"href":"https:\/\/shop.lavi-soundandyoga.com\/es\/wp-json\/wp\/v2\/product\/2011","targetHints":{"allow":["GET"]}}],"collection":[{"href":"https:\/\/shop.lavi-soundandyoga.com\/es\/wp-json\/wp\/v2\/product"}],"about":[{"href":"https:\/\/shop.lavi-soundandyoga.com\/es\/wp-json\/wp\/v2\/types\/product"}],"replies":[{"embeddable":true,"href":"https:\/\/shop.lavi-soundandyoga.com\/es\/wp-json\/wp\/v2\/comments?post=2011"}],"wp:featuredmedia":[{"embeddable":true,"href":"https:\/\/shop.lavi-soundandyoga.com\/es\/wp-json\/wp\/v2\/media\/1472"}],"wp:attachment":[{"href":"https:\/\/shop.lavi-soundandyoga.com\/es\/wp-json\/wp\/v2\/media?parent=2011"}],"wp:term":[{"taxonomy":"product_brand","embeddable":true,"href":"https:\/\/shop.lavi-soundandyoga.com\/es\/wp-json\/wp\/v2\/product_brand?post=2011"},{"taxonomy":"product_cat","embeddable":true,"href":"https:\/\/shop.lavi-soundandyoga.com\/es\/wp-json\/wp\/v2\/product_cat?post=2011"},{"taxonomy":"product_tag","embeddable":true,"href":"https:\/\/shop.lavi-soundandyoga.com\/es\/wp-json\/wp\/v2\/product_tag?post=2011"}],"curies":[{"name":"wp","href":"https:\/\/api.w.org\/{rel}","templated":true}]}}