{"id":2014,"date":"2023-04-17T15:30:08","date_gmt":"2023-04-17T15:30:08","guid":{"rendered":"https:\/\/shop.lavi-soundandyoga.com\/product\/mala-de-labradorita-y-rodocrosita-para-la-proteccion-del-corazon"},"modified":"2023-04-17T15:30:08","modified_gmt":"2023-04-17T15:30:08","slug":"mala-de-labradorita-y-rodocrosita-para-la-proteccion-del-corazon","status":"publish","type":"product","link":"https:\/\/shop.lavi-soundandyoga.com\/es\/producto\/estilos-especiales\/mala-de-labradorita-y-rodocrosita-para-la-proteccion-del-corazon","title":{"rendered":"Mala de labradorita y rodocrosita para la protecci\u00f3n del coraz\u00f3n"},"content":{"rendered":"<div class=\"x11i5rnm xat24cr x1mh8g0r x1vvkbs xdj266r\">Esta hermosa mezcla de piedras de labradorita y rodocrosita es una poderosa protecci\u00f3n para la energ\u00eda de nuestro coraz\u00f3n y aporta amor y compasi\u00f3n a tu meditaci\u00f3n.<\/div>\n<div><\/div>\n<div class=\"x11i5rnm xat24cr x1mh8g0r x1vvkbs xtlvy1s\">Labradorita - fuerte protecci\u00f3n y verdad interior<\/div>\n<ul>\n<li class=\"x11i5rnm xat24cr x1mh8g0r x1vvkbs xtlvy1s\">piedra protectora fuerte y m\u00edstica<\/li>\n<li class=\"x11i5rnm xat24cr x1mh8g0r x1vvkbs xtlvy1s\">aporta luz, conciencia y conexi\u00f3n con la energ\u00eda universal<\/li>\n<li class=\"x11i5rnm xat24cr x1mh8g0r x1vvkbs xtlvy1s\">Disuelve y absorbe las energ\u00edas negativas.<\/li>\n<li class=\"x11i5rnm xat24cr x1mh8g0r x1vvkbs xtlvy1s\">alinea nuestro cuerpo f\u00edsico y et\u00e9rico nos conecta con la espiritualidad y estimula la intuici\u00f3n<\/li>\n<li class=\"x11i5rnm xat24cr x1mh8g0r x1vvkbs xtlvy1s\">da a su portador confianza y fe en s\u00ed mismo y, por tanto, tambi\u00e9n ayuda a superar miedos e inseguridades<\/li>\n<\/ul>\n<div class=\"x11i5rnm xat24cr x1mh8g0r x1vvkbs xtlvy1s\"><\/div>\n<div class=\"x11i5rnm xat24cr x1mh8g0r x1vvkbs xtlvy1s\"><\/div>\n<div class=\"x11i5rnm xat24cr x1mh8g0r x1vvkbs xtlvy1s\">Rodocrosita - la piedra del amor desinteresado y la compasi\u00f3n<\/div>\n<ul>\n<li class=\"x11i5rnm xat24cr x1mh8g0r x1vvkbs xtlvy1s\">Maravilloso para el coraz\u00f3n y las relaciones de todo tipo<\/li>\n<li class=\"x11i5rnm xat24cr x1mh8g0r x1vvkbs xtlvy1s\">aporta bondad y compasi\u00f3n a nuestra toma de decisiones y equilibra nuestro juicio entre obligaci\u00f3n y emoci\u00f3n<\/li>\n<li class=\"x11i5rnm xat24cr x1mh8g0r x1vvkbs xtlvy1s\">mejora nuestra autoestima y calma el estr\u00e9s emocional<\/li>\n<li class=\"x11i5rnm xat24cr x1mh8g0r x1vvkbs xtlvy1s\">nos ayuda a identificar nuestros propios patrones y a ver el verdadero yo tanto en nosotros mismos como en los dem\u00e1s<\/li>\n<li class=\"x11i5rnm xat24cr x1mh8g0r x1vvkbs xtlvy1s\">saca suavemente a la superficie los sentimientos reprimidos y dolorosos para sanarlos<\/li>\n<li class=\"x11i5rnm xat24cr x1mh8g0r x1vvkbs xtlvy1s\">conectados a nuestra mente superior para integrar la nueva informaci\u00f3n<\/li>\n<li class=\"x11i5rnm xat24cr x1mh8g0r x1vvkbs xtlvy1s\">La Rodocrosita nos ayuda en nuestro camino a seguir nuestro coraz\u00f3n con determinaci\u00f3n<\/li>\n<\/ul>\n<div class=\"x11i5rnm xat24cr x1mh8g0r x1vvkbs xtlvy1s\"><\/div>\n<div class=\"x11i5rnm xat24cr x1mh8g0r x1vvkbs xtlvy1s\">Cada cuenta de este mala nos proporciona su propia belleza individual. Cada cuenta est\u00e1 hecha a mano y es \u00fanica.  Por tanto, puede haber diferencias entre las piedras, lo que forma parte de su origen natural. El uso de piedras para el bienestar no sustituye al tratamiento m\u00e9dico. El diagn\u00f3stico m\u00e9dico es esencial y debe continuarse el tratamiento.   Toda esta informaci\u00f3n se proporciona sin garant\u00eda y LaVi Sound and Yoga no acepta ninguna responsabilidad.<\/div>\n","protected":false},"excerpt":{"rendered":"<p>Mala de piedra de rodocrosita y labradorita, as\u00ed como adornos de plata aut\u00e9ntica<\/p>\n<p>108 cuentas + 8 cuentas (acabado)<\/p>\n<p>Cuentas fabricadas en Jaipur\/India (piedra de origen Ruman\u00eda)<\/p>\n<p>Este mala ha sido dise\u00f1ado y fabricado a mano en Alemania por LaVi - Sound &amp; Yoga<\/p>\n","protected":false},"featured_media":1476,"comment_status":"closed","ping_status":"closed","template":"","meta":{"_acf_changed":false},"product_brand":[],"product_cat":[191],"product_tag":[],"class_list":{"0":"post-2014","1":"product","2":"type-product","3":"status-publish","4":"has-post-thumbnail","6":"product_cat-estilos-especiales","7":"product_shipping_class-prio","9":"first","10":"instock","11":"purchasable","12":"product-type-simple"},"acf":[],"yoast_head":"<!-- This site is optimized with the Yoast SEO plugin v24.5 - https:\/\/yoast.com\/wordpress\/plugins\/seo\/ -->\n<title>Mala de labradorita y rodocrosita para la protecci\u00f3n del coraz\u00f3n | LaVi - Sound &amp; Yoga<\/title>\n<meta name=\"description\" content=\"El Mala de 108 cuentas de piedras de labradorita y rodocrosita es una fuerte protecci\u00f3n de la energ\u00eda de nuestro coraz\u00f3n y aporta amor y compasi\u00f3n a tu meditaci\u00f3n.\" \/>\n<meta name=\"robots\" content=\"index, follow, max-snippet:-1, max-image-preview:large, max-video-preview:-1\" \/>\n<link rel=\"canonical\" href=\"https:\/\/shop.lavi-soundandyoga.com\/es\/producto\/estilos-especiales\/mala-de-labradorita-y-rodocrosita-para-la-proteccion-del-corazon\" \/>\n<meta property=\"og:locale\" content=\"es_ES\" \/>\n<meta property=\"og:type\" content=\"article\" \/>\n<meta property=\"og:title\" content=\"Mala de labradorita y rodocrosita para la protecci\u00f3n del coraz\u00f3n | LaVi - Sound &amp; Yoga\" \/>\n<meta property=\"og:description\" content=\"El Mala de 108 cuentas de piedras de labradorita y rodocrosita es una fuerte protecci\u00f3n de la energ\u00eda de nuestro coraz\u00f3n y aporta amor y compasi\u00f3n a tu meditaci\u00f3n.\" \/>\n<meta property=\"og:url\" content=\"https:\/\/shop.lavi-soundandyoga.com\/es\/producto\/estilos-especiales\/mala-de-labradorita-y-rodocrosita-para-la-proteccion-del-corazon\" \/>\n<meta property=\"og:site_name\" content=\"LaVi - Sound &amp; Yoga\" \/>\n<meta property=\"article:publisher\" content=\"https:\/\/www.facebook.com\/lavisoundandyoga\" \/>\n<meta property=\"og:image\" content=\"https:\/\/shop.lavi-soundandyoga.com\/wp-content\/uploads\/2023\/03\/LabradoritRhodoSpecial-scaled.jpg\" \/>\n\t<meta property=\"og:image:width\" content=\"1707\" \/>\n\t<meta property=\"og:image:height\" content=\"2560\" \/>\n\t<meta property=\"og:image:type\" content=\"image\/jpeg\" \/>\n<meta name=\"twitter:card\" content=\"summary_large_image\" \/>\n<meta name=\"twitter:label1\" content=\"Tiempo de lectura\" \/>\n\t<meta name=\"twitter:data1\" content=\"1 minuto\" \/>\n<script type=\"application\/ld+json\" class=\"yoast-schema-graph\">{\"@context\":\"https:\/\/schema.org\",\"@graph\":[{\"@type\":[\"WebPage\",\"ItemPage\"],\"@id\":\"https:\/\/shop.lavi-soundandyoga.com\/es\/producto\/estilos-especiales\/mala-de-labradorita-y-rodocrosita-para-la-proteccion-del-corazon\",\"url\":\"https:\/\/shop.lavi-soundandyoga.com\/es\/producto\/estilos-especiales\/mala-de-labradorita-y-rodocrosita-para-la-proteccion-del-corazon\",\"name\":\"Mala de labradorita y rodocrosita para la protecci\u00f3n del coraz\u00f3n | LaVi - Sound &amp; Yoga\",\"isPartOf\":{\"@id\":\"https:\/\/shop.lavi-soundandyoga.com\/es#website\"},\"primaryImageOfPage\":{\"@id\":\"https:\/\/shop.lavi-soundandyoga.com\/es\/producto\/estilos-especiales\/mala-de-labradorita-y-rodocrosita-para-la-proteccion-del-corazon#primaryimage\"},\"image\":{\"@id\":\"https:\/\/shop.lavi-soundandyoga.com\/es\/producto\/estilos-especiales\/mala-de-labradorita-y-rodocrosita-para-la-proteccion-del-corazon#primaryimage\"},\"thumbnailUrl\":\"https:\/\/shop.lavi-soundandyoga.com\/wp-content\/uploads\/2023\/03\/LabradoritRhodoSpecial-scaled.jpg\",\"datePublished\":\"2023-04-17T15:30:08+00:00\",\"description\":\"El Mala de 108 cuentas de piedras de labradorita y rodocrosita es una fuerte protecci\u00f3n de la energ\u00eda de nuestro coraz\u00f3n y aporta amor y compasi\u00f3n a tu meditaci\u00f3n.\",\"breadcrumb\":{\"@id\":\"https:\/\/shop.lavi-soundandyoga.com\/es\/producto\/estilos-especiales\/mala-de-labradorita-y-rodocrosita-para-la-proteccion-del-corazon#breadcrumb\"},\"inLanguage\":\"es\",\"potentialAction\":[{\"@type\":\"ReadAction\",\"target\":[\"https:\/\/shop.lavi-soundandyoga.com\/es\/producto\/estilos-especiales\/mala-de-labradorita-y-rodocrosita-para-la-proteccion-del-corazon\"]}]},{\"@type\":\"ImageObject\",\"inLanguage\":\"es\",\"@id\":\"https:\/\/shop.lavi-soundandyoga.com\/es\/producto\/estilos-especiales\/mala-de-labradorita-y-rodocrosita-para-la-proteccion-del-corazon#primaryimage\",\"url\":\"https:\/\/shop.lavi-soundandyoga.com\/wp-content\/uploads\/2023\/03\/LabradoritRhodoSpecial-scaled.jpg\",\"contentUrl\":\"https:\/\/shop.lavi-soundandyoga.com\/wp-content\/uploads\/2023\/03\/LabradoritRhodoSpecial-scaled.jpg\",\"width\":1707,\"height\":2560,\"caption\":\"Mala de labradorita y rodocrosita para la protecci\u00f3n del coraz\u00f3n\"},{\"@type\":\"BreadcrumbList\",\"@id\":\"https:\/\/shop.lavi-soundandyoga.com\/es\/producto\/estilos-especiales\/mala-de-labradorita-y-rodocrosita-para-la-proteccion-del-corazon#breadcrumb\",\"itemListElement\":[{\"@type\":\"ListItem\",\"position\":1,\"name\":\"LaVi Shop\",\"item\":\"https:\/\/shop.lavi-soundandyoga.com\/es\/tienda\"},{\"@type\":\"ListItem\",\"position\":2,\"name\":\"Productos\",\"item\":\"https:\/\/shop.lavi-soundandyoga.com\/es\/shop\"},{\"@type\":\"ListItem\",\"position\":3,\"name\":\"Edelstein Malas\",\"item\":\"https:\/\/shop.lavi-soundandyoga.com\/product-category\/edelstein-malas\"},{\"@type\":\"ListItem\",\"position\":4,\"name\":\"Estilos especiales\",\"item\":\"https:\/\/shop.lavi-soundandyoga.com\/es\/categoria-producto\/estilos-especiales\"},{\"@type\":\"ListItem\",\"position\":5,\"name\":\"Mala de labradorita y rodocrosita para la protecci\u00f3n del coraz\u00f3n\"}]},{\"@type\":\"WebSite\",\"@id\":\"https:\/\/shop.lavi-soundandyoga.com\/es#website\",\"url\":\"https:\/\/shop.lavi-soundandyoga.com\/es\",\"name\":\"LaVi Sound & Yoga\",\"description\":\"Yin Yoga and Sound Healing\",\"publisher\":{\"@id\":\"https:\/\/shop.lavi-soundandyoga.com\/es#organization\"},\"alternateName\":\"Lavi\",\"potentialAction\":[{\"@type\":\"SearchAction\",\"target\":{\"@type\":\"EntryPoint\",\"urlTemplate\":\"https:\/\/shop.lavi-soundandyoga.com\/es?s={search_term_string}\"},\"query-input\":{\"@type\":\"PropertyValueSpecification\",\"valueRequired\":true,\"valueName\":\"search_term_string\"}}],\"inLanguage\":\"es\"},{\"@type\":\"Organization\",\"@id\":\"https:\/\/shop.lavi-soundandyoga.com\/es#organization\",\"name\":\"LaVi Sound and Yoga\",\"alternateName\":\"LaVi\",\"url\":\"https:\/\/shop.lavi-soundandyoga.com\/es\",\"logo\":{\"@type\":\"ImageObject\",\"inLanguage\":\"es\",\"@id\":\"https:\/\/shop.lavi-soundandyoga.com\/es#\/schema\/logo\/image\/\",\"url\":\"https:\/\/shop.lavi-soundandyoga.com\/wp-content\/uploads\/2025\/01\/LaVi_LogoFINAL1.png\",\"contentUrl\":\"https:\/\/shop.lavi-soundandyoga.com\/wp-content\/uploads\/2025\/01\/LaVi_LogoFINAL1.png\",\"width\":343,\"height\":339,\"caption\":\"LaVi Sound and Yoga\"},\"image\":{\"@id\":\"https:\/\/shop.lavi-soundandyoga.com\/es#\/schema\/logo\/image\/\"},\"sameAs\":[\"https:\/\/www.facebook.com\/lavisoundandyoga\",\"https:\/\/www.instagram.com\/lavi_sound_and_yoga\/\",\"https:\/\/www.youtube.com\/channel\/UCuQTy-TOirHAZruDryEKTXQ\",\"https:\/\/www.tiktok.com\/@lavisoundandyoga\",\"https:\/\/open.spotify.com\/artist\/6lpTHiTkCOgxZ9BUonU0zM\"]}]}<\/script>\n<!-- \/ Yoast SEO plugin. -->","yoast_head_json":{"title":"Mala de labradorita y rodocrosita para la protecci\u00f3n del coraz\u00f3n | LaVi - Sound &amp; Yoga","description":"El Mala de 108 cuentas de piedras de labradorita y rodocrosita es una fuerte protecci\u00f3n de la energ\u00eda de nuestro coraz\u00f3n y aporta amor y compasi\u00f3n a tu meditaci\u00f3n.","robots":{"index":"index","follow":"follow","max-snippet":"max-snippet:-1","max-image-preview":"max-image-preview:large","max-video-preview":"max-video-preview:-1"},"canonical":"https:\/\/shop.lavi-soundandyoga.com\/es\/producto\/estilos-especiales\/mala-de-labradorita-y-rodocrosita-para-la-proteccion-del-corazon","og_locale":"es_ES","og_type":"article","og_title":"Mala de labradorita y rodocrosita para la protecci\u00f3n del coraz\u00f3n | LaVi - Sound &amp; Yoga","og_description":"El Mala de 108 cuentas de piedras de labradorita y rodocrosita es una fuerte protecci\u00f3n de la energ\u00eda de nuestro coraz\u00f3n y aporta amor y compasi\u00f3n a tu meditaci\u00f3n.","og_url":"https:\/\/shop.lavi-soundandyoga.com\/es\/producto\/estilos-especiales\/mala-de-labradorita-y-rodocrosita-para-la-proteccion-del-corazon","og_site_name":"LaVi - Sound &amp; Yoga","article_publisher":"https:\/\/www.facebook.com\/lavisoundandyoga","og_image":[{"width":1707,"height":2560,"url":"https:\/\/shop.lavi-soundandyoga.com\/wp-content\/uploads\/2023\/03\/LabradoritRhodoSpecial-scaled.jpg","type":"image\/jpeg"}],"twitter_card":"summary_large_image","twitter_misc":{"Tiempo de lectura":"1 minuto"},"schema":{"@context":"https:\/\/schema.org","@graph":[{"@type":["WebPage","ItemPage"],"@id":"https:\/\/shop.lavi-soundandyoga.com\/es\/producto\/estilos-especiales\/mala-de-labradorita-y-rodocrosita-para-la-proteccion-del-corazon","url":"https:\/\/shop.lavi-soundandyoga.com\/es\/producto\/estilos-especiales\/mala-de-labradorita-y-rodocrosita-para-la-proteccion-del-corazon","name":"Mala de labradorita y rodocrosita para la protecci\u00f3n del coraz\u00f3n | LaVi - Sound &amp; Yoga","isPartOf":{"@id":"https:\/\/shop.lavi-soundandyoga.com\/es#website"},"primaryImageOfPage":{"@id":"https:\/\/shop.lavi-soundandyoga.com\/es\/producto\/estilos-especiales\/mala-de-labradorita-y-rodocrosita-para-la-proteccion-del-corazon#primaryimage"},"image":{"@id":"https:\/\/shop.lavi-soundandyoga.com\/es\/producto\/estilos-especiales\/mala-de-labradorita-y-rodocrosita-para-la-proteccion-del-corazon#primaryimage"},"thumbnailUrl":"https:\/\/shop.lavi-soundandyoga.com\/wp-content\/uploads\/2023\/03\/LabradoritRhodoSpecial-scaled.jpg","datePublished":"2023-04-17T15:30:08+00:00","description":"El Mala de 108 cuentas de piedras de labradorita y rodocrosita es una fuerte protecci\u00f3n de la energ\u00eda de nuestro coraz\u00f3n y aporta amor y compasi\u00f3n a tu meditaci\u00f3n.","breadcrumb":{"@id":"https:\/\/shop.lavi-soundandyoga.com\/es\/producto\/estilos-especiales\/mala-de-labradorita-y-rodocrosita-para-la-proteccion-del-corazon#breadcrumb"},"inLanguage":"es","potentialAction":[{"@type":"ReadAction","target":["https:\/\/shop.lavi-soundandyoga.com\/es\/producto\/estilos-especiales\/mala-de-labradorita-y-rodocrosita-para-la-proteccion-del-corazon"]}]},{"@type":"ImageObject","inLanguage":"es","@id":"https:\/\/shop.lavi-soundandyoga.com\/es\/producto\/estilos-especiales\/mala-de-labradorita-y-rodocrosita-para-la-proteccion-del-corazon#primaryimage","url":"https:\/\/shop.lavi-soundandyoga.com\/wp-content\/uploads\/2023\/03\/LabradoritRhodoSpecial-scaled.jpg","contentUrl":"https:\/\/shop.lavi-soundandyoga.com\/wp-content\/uploads\/2023\/03\/LabradoritRhodoSpecial-scaled.jpg","width":1707,"height":2560,"caption":"Mala de labradorita y rodocrosita para la protecci\u00f3n del coraz\u00f3n"},{"@type":"BreadcrumbList","@id":"https:\/\/shop.lavi-soundandyoga.com\/es\/producto\/estilos-especiales\/mala-de-labradorita-y-rodocrosita-para-la-proteccion-del-corazon#breadcrumb","itemListElement":[{"@type":"ListItem","position":1,"name":"LaVi Shop","item":"https:\/\/shop.lavi-soundandyoga.com\/es\/tienda"},{"@type":"ListItem","position":2,"name":"Productos","item":"https:\/\/shop.lavi-soundandyoga.com\/es\/shop"},{"@type":"ListItem","position":3,"name":"Edelstein Malas","item":"https:\/\/shop.lavi-soundandyoga.com\/product-category\/edelstein-malas"},{"@type":"ListItem","position":4,"name":"Estilos especiales","item":"https:\/\/shop.lavi-soundandyoga.com\/es\/categoria-producto\/estilos-especiales"},{"@type":"ListItem","position":5,"name":"Mala de labradorita y rodocrosita para la protecci\u00f3n del coraz\u00f3n"}]},{"@type":"WebSite","@id":"https:\/\/shop.lavi-soundandyoga.com\/es#website","url":"https:\/\/shop.lavi-soundandyoga.com\/es","name":"LaVi Sound & Yoga","description":"Yin Yoga and Sound Healing","publisher":{"@id":"https:\/\/shop.lavi-soundandyoga.com\/es#organization"},"alternateName":"Lavi","potentialAction":[{"@type":"SearchAction","target":{"@type":"EntryPoint","urlTemplate":"https:\/\/shop.lavi-soundandyoga.com\/es?s={search_term_string}"},"query-input":{"@type":"PropertyValueSpecification","valueRequired":true,"valueName":"search_term_string"}}],"inLanguage":"es"},{"@type":"Organization","@id":"https:\/\/shop.lavi-soundandyoga.com\/es#organization","name":"LaVi Sound and Yoga","alternateName":"LaVi","url":"https:\/\/shop.lavi-soundandyoga.com\/es","logo":{"@type":"ImageObject","inLanguage":"es","@id":"https:\/\/shop.lavi-soundandyoga.com\/es#\/schema\/logo\/image\/","url":"https:\/\/shop.lavi-soundandyoga.com\/wp-content\/uploads\/2025\/01\/LaVi_LogoFINAL1.png","contentUrl":"https:\/\/shop.lavi-soundandyoga.com\/wp-content\/uploads\/2025\/01\/LaVi_LogoFINAL1.png","width":343,"height":339,"caption":"LaVi Sound and Yoga"},"image":{"@id":"https:\/\/shop.lavi-soundandyoga.com\/es#\/schema\/logo\/image\/"},"sameAs":["https:\/\/www.facebook.com\/lavisoundandyoga","https:\/\/www.instagram.com\/lavi_sound_and_yoga\/","https:\/\/www.youtube.com\/channel\/UCuQTy-TOirHAZruDryEKTXQ","https:\/\/www.tiktok.com\/@lavisoundandyoga","https:\/\/open.spotify.com\/artist\/6lpTHiTkCOgxZ9BUonU0zM"]}]}},"jetpack_sharing_enabled":true,"_links":{"self":[{"href":"https:\/\/shop.lavi-soundandyoga.com\/es\/wp-json\/wp\/v2\/product\/2014","targetHints":{"allow":["GET"]}}],"collection":[{"href":"https:\/\/shop.lavi-soundandyoga.com\/es\/wp-json\/wp\/v2\/product"}],"about":[{"href":"https:\/\/shop.lavi-soundandyoga.com\/es\/wp-json\/wp\/v2\/types\/product"}],"replies":[{"embeddable":true,"href":"https:\/\/shop.lavi-soundandyoga.com\/es\/wp-json\/wp\/v2\/comments?post=2014"}],"wp:featuredmedia":[{"embeddable":true,"href":"https:\/\/shop.lavi-soundandyoga.com\/es\/wp-json\/wp\/v2\/media\/1476"}],"wp:attachment":[{"href":"https:\/\/shop.lavi-soundandyoga.com\/es\/wp-json\/wp\/v2\/media?parent=2014"}],"wp:term":[{"taxonomy":"product_brand","embeddable":true,"href":"https:\/\/shop.lavi-soundandyoga.com\/es\/wp-json\/wp\/v2\/product_brand?post=2014"},{"taxonomy":"product_cat","embeddable":true,"href":"https:\/\/shop.lavi-soundandyoga.com\/es\/wp-json\/wp\/v2\/product_cat?post=2014"},{"taxonomy":"product_tag","embeddable":true,"href":"https:\/\/shop.lavi-soundandyoga.com\/es\/wp-json\/wp\/v2\/product_tag?post=2014"}],"curies":[{"name":"wp","href":"https:\/\/api.w.org\/{rel}","templated":true}]}}