{"id":2018,"date":"2023-04-17T15:34:40","date_gmt":"2023-04-17T15:34:40","guid":{"rendered":"https:\/\/shop.lavi-soundandyoga.com\/product\/meditacion-profunda-y-paz-interior-mala-de-sandalo"},"modified":"2023-04-17T15:34:40","modified_gmt":"2023-04-17T15:34:40","slug":"meditacion-profunda-y-paz-interior-mala-de-sandalo","status":"publish","type":"product","link":"https:\/\/shop.lavi-soundandyoga.com\/es\/producto\/malas-de-sandalo\/meditacion-profunda-y-paz-interior-mala-de-sandalo","title":{"rendered":"Meditaci\u00f3n profunda y paz interior - mala de s\u00e1ndalo"},"content":{"rendered":"<div class=\"x11i5rnm xat24cr x1mh8g0r x1vvkbs xdj266r\">S\u00e1ndalo - meditaci\u00f3n profunda y paz interior<\/div>\n<div class=\"x11i5rnm xat24cr x1mh8g0r x1vvkbs xtlvy1s\"><\/div>\n<div class=\"x11i5rnm xat24cr x1mh8g0r x1vvkbs xtlvy1s\">favorece la meditaci\u00f3n y profundiza en la calma y la estabilidad de la mente se refuerza el poder de los deseos y se fomenta la comprensi\u00f3n, la alegr\u00eda y la apertura se estimula el chakra de la ra\u00edz y refuerza la confianza y la identidad propia el olor caracter\u00edstico, terroso y pesado, a la vez que dulce, tiene un efecto calmante, armonizador y equilibrante<\/div>\n<div class=\"x11i5rnm xat24cr x1mh8g0r x1vvkbs xtlvy1s\"><\/div>\n<div class=\"x11i5rnm xat24cr x1mh8g0r x1vvkbs xtlvy1s\">F\u00edsico<\/div>\n<div class=\"x11i5rnm xat24cr x1mh8g0r x1vvkbs xtlvy1s\">El s\u00e1ndalo favorece el sue\u00f1o, relaja y calma profundamente y puede ayudar con la ansiedad y el estr\u00e9s.<\/div>\n<div class=\"x11i5rnm xat24cr x1mh8g0r x1vvkbs xtlvy1s\"><\/div>\n<div class=\"x11i5rnm xat24cr x1mh8g0r x1vvkbs xtlvy1s\">Chakra<\/div>\n<div class=\"x11i5rnm xat24cr x1mh8g0r x1vvkbs xtlvy1s\">Chakra Ra\u00edz<\/div>\n<div class=\"x11i5rnm xat24cr x1mh8g0r x1vvkbs xtlvy1s\"><\/div>\n<div class=\"x11i5rnm xat24cr x1mh8g0r x1vvkbs xtlvy1s\">Cada cuenta de este mala nos proporciona su propia belleza individual. Cada cuenta est\u00e1 hecha a mano y es \u00fanica.  Por tanto, puede haber diferencias entre las piedras, lo que forma parte de su origen natural. El uso de piedras para el bienestar no sustituye al tratamiento m\u00e9dico. El diagn\u00f3stico m\u00e9dico es esencial y debe continuarse el tratamiento. Toda esta informaci\u00f3n se facilita sin garant\u00eda y LaVi Sound and Yoga no acepta ninguna responsabilidad.   <\/div>\n","protected":false},"excerpt":{"rendered":"<p>Mala de cuentas de s\u00e1ndalo<\/p>\n<p>108 cuentas + 8 cuentas (extremo)<\/p>\n<p>Cuentas Fabricado en Jaipur\/India<\/p>\n<p>Este mala ha sido dise\u00f1ado y fabricado a mano en Alemania por LaVi - Sound &amp; Yoga<\/p>\n","protected":false},"featured_media":1459,"comment_status":"closed","ping_status":"closed","template":"","meta":{"_acf_changed":false},"product_brand":[],"product_cat":[155],"product_tag":[],"class_list":{"0":"post-2018","1":"product","2":"type-product","3":"status-publish","4":"has-post-thumbnail","6":"product_cat-malas-de-sandalo","7":"product_shipping_class-prio","9":"first","10":"instock","11":"purchasable","12":"product-type-simple"},"acf":[],"yoast_head":"<!-- This site is optimized with the Yoast SEO plugin v24.5 - https:\/\/yoast.com\/wordpress\/plugins\/seo\/ -->\n<title>Meditaci\u00f3n profunda y paz interior - mala de s\u00e1ndalo | LaVi - Sound &amp; Yoga<\/title>\n<meta name=\"description\" content=\"Mala de s\u00e1ndalo compuesto por 108 cuentas, de la mejor calidad de s\u00e1ndalo y hecho a mano. El s\u00e1ndalo aporta meditaci\u00f3n profunda y paz interior.\" \/>\n<meta name=\"robots\" content=\"index, follow, max-snippet:-1, max-image-preview:large, max-video-preview:-1\" \/>\n<link rel=\"canonical\" href=\"https:\/\/shop.lavi-soundandyoga.com\/es\/producto\/malas-de-sandalo\/meditacion-profunda-y-paz-interior-mala-de-sandalo\" \/>\n<meta property=\"og:locale\" content=\"es_ES\" \/>\n<meta property=\"og:type\" content=\"article\" \/>\n<meta property=\"og:title\" content=\"Meditaci\u00f3n profunda y paz interior - mala de s\u00e1ndalo | LaVi - Sound &amp; Yoga\" \/>\n<meta property=\"og:description\" content=\"Mala de s\u00e1ndalo compuesto por 108 cuentas, de la mejor calidad de s\u00e1ndalo y hecho a mano. El s\u00e1ndalo aporta meditaci\u00f3n profunda y paz interior.\" \/>\n<meta property=\"og:url\" content=\"https:\/\/shop.lavi-soundandyoga.com\/es\/producto\/malas-de-sandalo\/meditacion-profunda-y-paz-interior-mala-de-sandalo\" \/>\n<meta property=\"og:site_name\" content=\"LaVi - Sound &amp; Yoga\" \/>\n<meta property=\"article:publisher\" content=\"https:\/\/www.facebook.com\/lavisoundandyoga\" \/>\n<meta property=\"og:image\" content=\"https:\/\/shop.lavi-soundandyoga.com\/wp-content\/uploads\/2023\/03\/SandelClassic-scaled.jpg\" \/>\n\t<meta property=\"og:image:width\" content=\"1707\" \/>\n\t<meta property=\"og:image:height\" content=\"2560\" \/>\n\t<meta property=\"og:image:type\" content=\"image\/jpeg\" \/>\n<meta name=\"twitter:card\" content=\"summary_large_image\" \/>\n<meta name=\"twitter:label1\" content=\"Tiempo de lectura\" \/>\n\t<meta name=\"twitter:data1\" content=\"1 minuto\" \/>\n<script type=\"application\/ld+json\" class=\"yoast-schema-graph\">{\"@context\":\"https:\/\/schema.org\",\"@graph\":[{\"@type\":[\"WebPage\",\"ItemPage\"],\"@id\":\"https:\/\/shop.lavi-soundandyoga.com\/es\/producto\/malas-de-sandalo\/meditacion-profunda-y-paz-interior-mala-de-sandalo\",\"url\":\"https:\/\/shop.lavi-soundandyoga.com\/es\/producto\/malas-de-sandalo\/meditacion-profunda-y-paz-interior-mala-de-sandalo\",\"name\":\"Meditaci\u00f3n profunda y paz interior - mala de s\u00e1ndalo | LaVi - Sound &amp; Yoga\",\"isPartOf\":{\"@id\":\"https:\/\/shop.lavi-soundandyoga.com\/es#website\"},\"primaryImageOfPage\":{\"@id\":\"https:\/\/shop.lavi-soundandyoga.com\/es\/producto\/malas-de-sandalo\/meditacion-profunda-y-paz-interior-mala-de-sandalo#primaryimage\"},\"image\":{\"@id\":\"https:\/\/shop.lavi-soundandyoga.com\/es\/producto\/malas-de-sandalo\/meditacion-profunda-y-paz-interior-mala-de-sandalo#primaryimage\"},\"thumbnailUrl\":\"https:\/\/shop.lavi-soundandyoga.com\/wp-content\/uploads\/2023\/03\/SandelClassic-scaled.jpg\",\"datePublished\":\"2023-04-17T15:34:40+00:00\",\"description\":\"Mala de s\u00e1ndalo compuesto por 108 cuentas, de la mejor calidad de s\u00e1ndalo y hecho a mano. El s\u00e1ndalo aporta meditaci\u00f3n profunda y paz interior.\",\"breadcrumb\":{\"@id\":\"https:\/\/shop.lavi-soundandyoga.com\/es\/producto\/malas-de-sandalo\/meditacion-profunda-y-paz-interior-mala-de-sandalo#breadcrumb\"},\"inLanguage\":\"es\",\"potentialAction\":[{\"@type\":\"ReadAction\",\"target\":[\"https:\/\/shop.lavi-soundandyoga.com\/es\/producto\/malas-de-sandalo\/meditacion-profunda-y-paz-interior-mala-de-sandalo\"]}]},{\"@type\":\"ImageObject\",\"inLanguage\":\"es\",\"@id\":\"https:\/\/shop.lavi-soundandyoga.com\/es\/producto\/malas-de-sandalo\/meditacion-profunda-y-paz-interior-mala-de-sandalo#primaryimage\",\"url\":\"https:\/\/shop.lavi-soundandyoga.com\/wp-content\/uploads\/2023\/03\/SandelClassic-scaled.jpg\",\"contentUrl\":\"https:\/\/shop.lavi-soundandyoga.com\/wp-content\/uploads\/2023\/03\/SandelClassic-scaled.jpg\",\"width\":1707,\"height\":2560,\"caption\":\"Meditaci\u00f3n profunda y paz interior - Mala de s\u00e1ndalo\"},{\"@type\":\"BreadcrumbList\",\"@id\":\"https:\/\/shop.lavi-soundandyoga.com\/es\/producto\/malas-de-sandalo\/meditacion-profunda-y-paz-interior-mala-de-sandalo#breadcrumb\",\"itemListElement\":[{\"@type\":\"ListItem\",\"position\":1,\"name\":\"LaVi Shop\",\"item\":\"https:\/\/shop.lavi-soundandyoga.com\/es\/tienda\"},{\"@type\":\"ListItem\",\"position\":2,\"name\":\"Productos\",\"item\":\"https:\/\/shop.lavi-soundandyoga.com\/es\/shop\"},{\"@type\":\"ListItem\",\"position\":3,\"name\":\"Edelstein Malas\",\"item\":\"https:\/\/shop.lavi-soundandyoga.com\/product-category\/edelstein-malas\"},{\"@type\":\"ListItem\",\"position\":4,\"name\":\"Malas de s\u00e1ndalo\",\"item\":\"https:\/\/shop.lavi-soundandyoga.com\/es\/categoria-producto\/malas-de-sandalo\"},{\"@type\":\"ListItem\",\"position\":5,\"name\":\"Meditaci\u00f3n profunda y paz interior - mala de s\u00e1ndalo\"}]},{\"@type\":\"WebSite\",\"@id\":\"https:\/\/shop.lavi-soundandyoga.com\/es#website\",\"url\":\"https:\/\/shop.lavi-soundandyoga.com\/es\",\"name\":\"LaVi Sound & Yoga\",\"description\":\"Yin Yoga and Sound Healing\",\"publisher\":{\"@id\":\"https:\/\/shop.lavi-soundandyoga.com\/es#organization\"},\"alternateName\":\"Lavi\",\"potentialAction\":[{\"@type\":\"SearchAction\",\"target\":{\"@type\":\"EntryPoint\",\"urlTemplate\":\"https:\/\/shop.lavi-soundandyoga.com\/es?s={search_term_string}\"},\"query-input\":{\"@type\":\"PropertyValueSpecification\",\"valueRequired\":true,\"valueName\":\"search_term_string\"}}],\"inLanguage\":\"es\"},{\"@type\":\"Organization\",\"@id\":\"https:\/\/shop.lavi-soundandyoga.com\/es#organization\",\"name\":\"LaVi Sound and Yoga\",\"alternateName\":\"LaVi\",\"url\":\"https:\/\/shop.lavi-soundandyoga.com\/es\",\"logo\":{\"@type\":\"ImageObject\",\"inLanguage\":\"es\",\"@id\":\"https:\/\/shop.lavi-soundandyoga.com\/es#\/schema\/logo\/image\/\",\"url\":\"https:\/\/shop.lavi-soundandyoga.com\/wp-content\/uploads\/2025\/01\/LaVi_LogoFINAL1.png\",\"contentUrl\":\"https:\/\/shop.lavi-soundandyoga.com\/wp-content\/uploads\/2025\/01\/LaVi_LogoFINAL1.png\",\"width\":343,\"height\":339,\"caption\":\"LaVi Sound and Yoga\"},\"image\":{\"@id\":\"https:\/\/shop.lavi-soundandyoga.com\/es#\/schema\/logo\/image\/\"},\"sameAs\":[\"https:\/\/www.facebook.com\/lavisoundandyoga\",\"https:\/\/www.instagram.com\/lavi_sound_and_yoga\/\",\"https:\/\/www.youtube.com\/channel\/UCuQTy-TOirHAZruDryEKTXQ\",\"https:\/\/www.tiktok.com\/@lavisoundandyoga\",\"https:\/\/open.spotify.com\/artist\/6lpTHiTkCOgxZ9BUonU0zM\"]}]}<\/script>\n<!-- \/ Yoast SEO plugin. -->","yoast_head_json":{"title":"Meditaci\u00f3n profunda y paz interior - mala de s\u00e1ndalo | LaVi - Sound &amp; Yoga","description":"Mala de s\u00e1ndalo compuesto por 108 cuentas, de la mejor calidad de s\u00e1ndalo y hecho a mano. El s\u00e1ndalo aporta meditaci\u00f3n profunda y paz interior.","robots":{"index":"index","follow":"follow","max-snippet":"max-snippet:-1","max-image-preview":"max-image-preview:large","max-video-preview":"max-video-preview:-1"},"canonical":"https:\/\/shop.lavi-soundandyoga.com\/es\/producto\/malas-de-sandalo\/meditacion-profunda-y-paz-interior-mala-de-sandalo","og_locale":"es_ES","og_type":"article","og_title":"Meditaci\u00f3n profunda y paz interior - mala de s\u00e1ndalo | LaVi - Sound &amp; Yoga","og_description":"Mala de s\u00e1ndalo compuesto por 108 cuentas, de la mejor calidad de s\u00e1ndalo y hecho a mano. El s\u00e1ndalo aporta meditaci\u00f3n profunda y paz interior.","og_url":"https:\/\/shop.lavi-soundandyoga.com\/es\/producto\/malas-de-sandalo\/meditacion-profunda-y-paz-interior-mala-de-sandalo","og_site_name":"LaVi - Sound &amp; Yoga","article_publisher":"https:\/\/www.facebook.com\/lavisoundandyoga","og_image":[{"width":1707,"height":2560,"url":"https:\/\/shop.lavi-soundandyoga.com\/wp-content\/uploads\/2023\/03\/SandelClassic-scaled.jpg","type":"image\/jpeg"}],"twitter_card":"summary_large_image","twitter_misc":{"Tiempo de lectura":"1 minuto"},"schema":{"@context":"https:\/\/schema.org","@graph":[{"@type":["WebPage","ItemPage"],"@id":"https:\/\/shop.lavi-soundandyoga.com\/es\/producto\/malas-de-sandalo\/meditacion-profunda-y-paz-interior-mala-de-sandalo","url":"https:\/\/shop.lavi-soundandyoga.com\/es\/producto\/malas-de-sandalo\/meditacion-profunda-y-paz-interior-mala-de-sandalo","name":"Meditaci\u00f3n profunda y paz interior - mala de s\u00e1ndalo | LaVi - Sound &amp; Yoga","isPartOf":{"@id":"https:\/\/shop.lavi-soundandyoga.com\/es#website"},"primaryImageOfPage":{"@id":"https:\/\/shop.lavi-soundandyoga.com\/es\/producto\/malas-de-sandalo\/meditacion-profunda-y-paz-interior-mala-de-sandalo#primaryimage"},"image":{"@id":"https:\/\/shop.lavi-soundandyoga.com\/es\/producto\/malas-de-sandalo\/meditacion-profunda-y-paz-interior-mala-de-sandalo#primaryimage"},"thumbnailUrl":"https:\/\/shop.lavi-soundandyoga.com\/wp-content\/uploads\/2023\/03\/SandelClassic-scaled.jpg","datePublished":"2023-04-17T15:34:40+00:00","description":"Mala de s\u00e1ndalo compuesto por 108 cuentas, de la mejor calidad de s\u00e1ndalo y hecho a mano. El s\u00e1ndalo aporta meditaci\u00f3n profunda y paz interior.","breadcrumb":{"@id":"https:\/\/shop.lavi-soundandyoga.com\/es\/producto\/malas-de-sandalo\/meditacion-profunda-y-paz-interior-mala-de-sandalo#breadcrumb"},"inLanguage":"es","potentialAction":[{"@type":"ReadAction","target":["https:\/\/shop.lavi-soundandyoga.com\/es\/producto\/malas-de-sandalo\/meditacion-profunda-y-paz-interior-mala-de-sandalo"]}]},{"@type":"ImageObject","inLanguage":"es","@id":"https:\/\/shop.lavi-soundandyoga.com\/es\/producto\/malas-de-sandalo\/meditacion-profunda-y-paz-interior-mala-de-sandalo#primaryimage","url":"https:\/\/shop.lavi-soundandyoga.com\/wp-content\/uploads\/2023\/03\/SandelClassic-scaled.jpg","contentUrl":"https:\/\/shop.lavi-soundandyoga.com\/wp-content\/uploads\/2023\/03\/SandelClassic-scaled.jpg","width":1707,"height":2560,"caption":"Meditaci\u00f3n profunda y paz interior - Mala de s\u00e1ndalo"},{"@type":"BreadcrumbList","@id":"https:\/\/shop.lavi-soundandyoga.com\/es\/producto\/malas-de-sandalo\/meditacion-profunda-y-paz-interior-mala-de-sandalo#breadcrumb","itemListElement":[{"@type":"ListItem","position":1,"name":"LaVi Shop","item":"https:\/\/shop.lavi-soundandyoga.com\/es\/tienda"},{"@type":"ListItem","position":2,"name":"Productos","item":"https:\/\/shop.lavi-soundandyoga.com\/es\/shop"},{"@type":"ListItem","position":3,"name":"Edelstein Malas","item":"https:\/\/shop.lavi-soundandyoga.com\/product-category\/edelstein-malas"},{"@type":"ListItem","position":4,"name":"Malas de s\u00e1ndalo","item":"https:\/\/shop.lavi-soundandyoga.com\/es\/categoria-producto\/malas-de-sandalo"},{"@type":"ListItem","position":5,"name":"Meditaci\u00f3n profunda y paz interior - mala de s\u00e1ndalo"}]},{"@type":"WebSite","@id":"https:\/\/shop.lavi-soundandyoga.com\/es#website","url":"https:\/\/shop.lavi-soundandyoga.com\/es","name":"LaVi Sound & Yoga","description":"Yin Yoga and Sound Healing","publisher":{"@id":"https:\/\/shop.lavi-soundandyoga.com\/es#organization"},"alternateName":"Lavi","potentialAction":[{"@type":"SearchAction","target":{"@type":"EntryPoint","urlTemplate":"https:\/\/shop.lavi-soundandyoga.com\/es?s={search_term_string}"},"query-input":{"@type":"PropertyValueSpecification","valueRequired":true,"valueName":"search_term_string"}}],"inLanguage":"es"},{"@type":"Organization","@id":"https:\/\/shop.lavi-soundandyoga.com\/es#organization","name":"LaVi Sound and Yoga","alternateName":"LaVi","url":"https:\/\/shop.lavi-soundandyoga.com\/es","logo":{"@type":"ImageObject","inLanguage":"es","@id":"https:\/\/shop.lavi-soundandyoga.com\/es#\/schema\/logo\/image\/","url":"https:\/\/shop.lavi-soundandyoga.com\/wp-content\/uploads\/2025\/01\/LaVi_LogoFINAL1.png","contentUrl":"https:\/\/shop.lavi-soundandyoga.com\/wp-content\/uploads\/2025\/01\/LaVi_LogoFINAL1.png","width":343,"height":339,"caption":"LaVi Sound and Yoga"},"image":{"@id":"https:\/\/shop.lavi-soundandyoga.com\/es#\/schema\/logo\/image\/"},"sameAs":["https:\/\/www.facebook.com\/lavisoundandyoga","https:\/\/www.instagram.com\/lavi_sound_and_yoga\/","https:\/\/www.youtube.com\/channel\/UCuQTy-TOirHAZruDryEKTXQ","https:\/\/www.tiktok.com\/@lavisoundandyoga","https:\/\/open.spotify.com\/artist\/6lpTHiTkCOgxZ9BUonU0zM"]}]}},"jetpack_sharing_enabled":true,"_links":{"self":[{"href":"https:\/\/shop.lavi-soundandyoga.com\/es\/wp-json\/wp\/v2\/product\/2018","targetHints":{"allow":["GET"]}}],"collection":[{"href":"https:\/\/shop.lavi-soundandyoga.com\/es\/wp-json\/wp\/v2\/product"}],"about":[{"href":"https:\/\/shop.lavi-soundandyoga.com\/es\/wp-json\/wp\/v2\/types\/product"}],"replies":[{"embeddable":true,"href":"https:\/\/shop.lavi-soundandyoga.com\/es\/wp-json\/wp\/v2\/comments?post=2018"}],"wp:featuredmedia":[{"embeddable":true,"href":"https:\/\/shop.lavi-soundandyoga.com\/es\/wp-json\/wp\/v2\/media\/1459"}],"wp:attachment":[{"href":"https:\/\/shop.lavi-soundandyoga.com\/es\/wp-json\/wp\/v2\/media?parent=2018"}],"wp:term":[{"taxonomy":"product_brand","embeddable":true,"href":"https:\/\/shop.lavi-soundandyoga.com\/es\/wp-json\/wp\/v2\/product_brand?post=2018"},{"taxonomy":"product_cat","embeddable":true,"href":"https:\/\/shop.lavi-soundandyoga.com\/es\/wp-json\/wp\/v2\/product_cat?post=2018"},{"taxonomy":"product_tag","embeddable":true,"href":"https:\/\/shop.lavi-soundandyoga.com\/es\/wp-json\/wp\/v2\/product_tag?post=2018"}],"curies":[{"name":"wp","href":"https:\/\/api.w.org\/{rel}","templated":true}]}}