{"id":2027,"date":"2023-03-24T16:56:22","date_gmt":"2023-03-24T16:56:22","guid":{"rendered":"https:\/\/shop.lavi-soundandyoga.com\/product\/eva-taylor"},"modified":"2025-09-28T12:14:52","modified_gmt":"2025-09-28T12:14:52","slug":"eva-taylor","status":"publish","type":"product","link":"https:\/\/shop.lavi-soundandyoga.com\/es\/producto\/firma-mala\/eva-taylor","title":{"rendered":"Eva Taylor"},"content":{"rendered":"<p>Hola, me llamo Eva Taylor.<br \/>\nHe viajado por el mundo durante muchos a\u00f1os. Hice mi formaci\u00f3n de profesora de yoga en 2006 en un ashram cerca de San Francisco. Fue all\u00ed donde compr\u00e9 mi primer mala, que signific\u00f3 m\u00e1s para m\u00ed y me aport\u00f3 m\u00e1s de lo que esperaba en aquel momento. Mi viaje me llev\u00f3 despu\u00e9s a Hawai y Australia y directamente a los brazos del gran amor de mi vida. As\u00ed es la vida. Porque la raz\u00f3n por la que part\u00ed hacia lo desconocido en aquel entonces era triste. Pero todo en la vida es un regalo, aunque al principio no lo reconozcamos como tal.<br \/>\nAs\u00ed que la vida es dulce, oscura y cristalina. El contraste en mi mala entre los tonos pastel rosados de la rodocrosita y el negro profundo de la turmalina simboliza para m\u00ed la diversidad y los contrastes de la vida. Que todo lo que experimentamos en la vida es una oportunidad para crecer. No importa lo que nos parezca al principio.         <\/p>\n<p>El cristal de roca con su pureza y poder curativo como 3er elemento de color en el mala Un mala para el amor, la protecci\u00f3n y la curaci\u00f3n y para que nunca olvides que tienes todo lo que necesitas dentro de ti.<br \/>\nMi viaje de entonces continu\u00f3 en parejas. Y ahora somos cuatro. Vivimos en W\u00fcrzburg, al borde del bosque, en una casita. Doy clases de yoga y junto con Colin organizamos sesiones de yoga unplugged. En ellas combinamos canciones de cantautores con asanas de yoga. De nuevo, diferentes aspectos de la vida que en realidad no tienen nada que ver entre s\u00ed y, sin embargo, son tan hermosos juntos. Si quieres ver m\u00e1s de m\u00ed (de nosotros): Fines de semana de yoga, talleres, sesiones de yoga unplugged, clases de cocina ayurv\u00e9dica (con Colin): www.evataylor-yoga.com<br \/>\nA todas mis clases de yoga se puede asistir online desde cualquier parte del mundo. \u00a1Estoy deseando verte!<br \/>\nMucho amor Desde el coraz\u00f3n Eva<\/p>\n<p>Aqu\u00ed tienes una visi\u00f3n general del efecto de las piedras del maravilloso mala de Eva:<\/p>\n<p>Rodocrosita: maravillosa para el coraz\u00f3n y las relaciones de todo tipo; mejora nuestra autoestima y alivia el estr\u00e9s emocional; la Rodocrosita nos ayuda en nuestro camino a seguir nuestro coraz\u00f3n con determinaci\u00f3n.<\/p>\n<p>Turmalina: limpia y transforma las energ\u00edas densas en vibraciones m\u00e1s ligeras y brillantes; nos protege de las malas energ\u00edas que nos rodean y tambi\u00e9n de las radiaciones electromagn\u00e9ticas<\/p>\n<p>Cristal de roca: la piedra curativa y amplificadora m\u00e1s poderosa que absorbe, almacena, libera y regula las energ\u00edas y libera bloqueos de todo tipo Cada cuenta de este mala nos aporta su propia belleza individual.<\/p>\n<p>&nbsp;<\/p>\n<p>Cada perla est\u00e1 hecha a mano y es \u00fanica. Por tanto, puede haber diferencias entre las piedras, lo que forma parte de su origen natural. El uso de piedras para el bienestar no sustituye al tratamiento m\u00e9dico. El diagn\u00f3stico m\u00e9dico es esencial y debe continuarse el tratamiento. Toda esta informaci\u00f3n se facilita sin garant\u00eda y Lavi - Sound &amp; Yoga no acepta ninguna responsabilidad.    <\/p>\n","protected":false},"excerpt":{"rendered":"<p>Mala de piedra rodocrosita, turmalina y cristal de roca<\/p>\n<p>108 cuentas + 8 cuentas (acabado)<\/p>\n<p>Cuentas Fabricado en Jaipur\/India (piedra de origen Ruman\u00eda)<\/p>\n<p>Este mala ha sido dise\u00f1ado y fabricado a mano en Alemania por LaVi Sound and Yoga<\/p>\n","protected":false},"featured_media":1486,"comment_status":"closed","ping_status":"closed","template":"","meta":{"_acf_changed":false},"product_brand":[],"product_cat":[192],"product_tag":[],"class_list":{"0":"post-2027","1":"product","2":"type-product","3":"status-publish","4":"has-post-thumbnail","6":"product_cat-firma-mala","7":"product_shipping_class-prio","9":"first","10":"instock","11":"purchasable","12":"product-type-simple"},"acf":[],"yoast_head":"<!-- This site is optimized with the Yoast SEO plugin v24.5 - https:\/\/yoast.com\/wordpress\/plugins\/seo\/ -->\n<title>Eva Taylor | LaVi - Sound &amp; Yoga<\/title>\n<meta name=\"robots\" content=\"index, follow, max-snippet:-1, max-image-preview:large, max-video-preview:-1\" \/>\n<link rel=\"canonical\" href=\"https:\/\/shop.lavi-soundandyoga.com\/es\/producto\/firma-mala\/eva-taylor\" \/>\n<meta property=\"og:locale\" content=\"es_ES\" \/>\n<meta property=\"og:type\" content=\"article\" \/>\n<meta property=\"og:title\" content=\"Eva Taylor | LaVi - Sound &amp; Yoga\" \/>\n<meta property=\"og:description\" content=\"Mala de piedra rodocrosita, turmalina y cristal de roca 108 cuentas + 8 cuentas (acabado) Cuentas Fabricado en Jaipur\/India (piedra de origen Ruman\u00eda) Este mala ha sido dise\u00f1ado y fabricado a mano en Alemania por LaVi Sound and Yoga\" \/>\n<meta property=\"og:url\" content=\"https:\/\/shop.lavi-soundandyoga.com\/es\/producto\/firma-mala\/eva-taylor\" \/>\n<meta property=\"og:site_name\" content=\"LaVi - Sound &amp; Yoga\" \/>\n<meta property=\"article:publisher\" content=\"https:\/\/www.facebook.com\/lavisoundandyoga\" \/>\n<meta property=\"article:modified_time\" content=\"2025-09-28T12:14:52+00:00\" \/>\n<meta property=\"og:image\" content=\"https:\/\/shop.lavi-soundandyoga.com\/wp-content\/uploads\/2023\/03\/MalaEva-scaled.jpg\" \/>\n\t<meta property=\"og:image:width\" content=\"1707\" \/>\n\t<meta property=\"og:image:height\" content=\"2560\" \/>\n\t<meta property=\"og:image:type\" content=\"image\/jpeg\" \/>\n<meta name=\"twitter:card\" content=\"summary_large_image\" \/>\n<meta name=\"twitter:label1\" content=\"Tiempo de lectura\" \/>\n\t<meta name=\"twitter:data1\" content=\"3 minutos\" \/>\n<script type=\"application\/ld+json\" class=\"yoast-schema-graph\">{\"@context\":\"https:\/\/schema.org\",\"@graph\":[{\"@type\":[\"WebPage\",\"ItemPage\"],\"@id\":\"https:\/\/shop.lavi-soundandyoga.com\/es\/producto\/firma-mala\/eva-taylor\",\"url\":\"https:\/\/shop.lavi-soundandyoga.com\/es\/producto\/firma-mala\/eva-taylor\",\"name\":\"Eva Taylor | LaVi - Sound &amp; Yoga\",\"isPartOf\":{\"@id\":\"https:\/\/shop.lavi-soundandyoga.com\/es#website\"},\"primaryImageOfPage\":{\"@id\":\"https:\/\/shop.lavi-soundandyoga.com\/es\/producto\/firma-mala\/eva-taylor#primaryimage\"},\"image\":{\"@id\":\"https:\/\/shop.lavi-soundandyoga.com\/es\/producto\/firma-mala\/eva-taylor#primaryimage\"},\"thumbnailUrl\":\"https:\/\/shop.lavi-soundandyoga.com\/wp-content\/uploads\/2023\/03\/MalaEva-scaled.jpg\",\"datePublished\":\"2023-03-24T16:56:22+00:00\",\"dateModified\":\"2025-09-28T12:14:52+00:00\",\"breadcrumb\":{\"@id\":\"https:\/\/shop.lavi-soundandyoga.com\/es\/producto\/firma-mala\/eva-taylor#breadcrumb\"},\"inLanguage\":\"es\",\"potentialAction\":[{\"@type\":\"ReadAction\",\"target\":[\"https:\/\/shop.lavi-soundandyoga.com\/es\/producto\/firma-mala\/eva-taylor\"]}]},{\"@type\":\"ImageObject\",\"inLanguage\":\"es\",\"@id\":\"https:\/\/shop.lavi-soundandyoga.com\/es\/producto\/firma-mala\/eva-taylor#primaryimage\",\"url\":\"https:\/\/shop.lavi-soundandyoga.com\/wp-content\/uploads\/2023\/03\/MalaEva-scaled.jpg\",\"contentUrl\":\"https:\/\/shop.lavi-soundandyoga.com\/wp-content\/uploads\/2023\/03\/MalaEva-scaled.jpg\",\"width\":1707,\"height\":2560},{\"@type\":\"BreadcrumbList\",\"@id\":\"https:\/\/shop.lavi-soundandyoga.com\/es\/producto\/firma-mala\/eva-taylor#breadcrumb\",\"itemListElement\":[{\"@type\":\"ListItem\",\"position\":1,\"name\":\"LaVi Shop\",\"item\":\"https:\/\/shop.lavi-soundandyoga.com\/es\/tienda\"},{\"@type\":\"ListItem\",\"position\":2,\"name\":\"Productos\",\"item\":\"https:\/\/shop.lavi-soundandyoga.com\/es\/shop\"},{\"@type\":\"ListItem\",\"position\":3,\"name\":\"Edelstein Malas\",\"item\":\"https:\/\/shop.lavi-soundandyoga.com\/product-category\/edelstein-malas\"},{\"@type\":\"ListItem\",\"position\":4,\"name\":\"Firma Mala\",\"item\":\"https:\/\/shop.lavi-soundandyoga.com\/es\/categoria-producto\/firma-mala\"},{\"@type\":\"ListItem\",\"position\":5,\"name\":\"Eva Taylor\"}]},{\"@type\":\"WebSite\",\"@id\":\"https:\/\/shop.lavi-soundandyoga.com\/es#website\",\"url\":\"https:\/\/shop.lavi-soundandyoga.com\/es\",\"name\":\"LaVi Sound & Yoga\",\"description\":\"Yin Yoga and Sound Healing\",\"publisher\":{\"@id\":\"https:\/\/shop.lavi-soundandyoga.com\/es#organization\"},\"alternateName\":\"Lavi\",\"potentialAction\":[{\"@type\":\"SearchAction\",\"target\":{\"@type\":\"EntryPoint\",\"urlTemplate\":\"https:\/\/shop.lavi-soundandyoga.com\/es?s={search_term_string}\"},\"query-input\":{\"@type\":\"PropertyValueSpecification\",\"valueRequired\":true,\"valueName\":\"search_term_string\"}}],\"inLanguage\":\"es\"},{\"@type\":\"Organization\",\"@id\":\"https:\/\/shop.lavi-soundandyoga.com\/es#organization\",\"name\":\"LaVi Sound and Yoga\",\"alternateName\":\"LaVi\",\"url\":\"https:\/\/shop.lavi-soundandyoga.com\/es\",\"logo\":{\"@type\":\"ImageObject\",\"inLanguage\":\"es\",\"@id\":\"https:\/\/shop.lavi-soundandyoga.com\/es#\/schema\/logo\/image\/\",\"url\":\"https:\/\/shop.lavi-soundandyoga.com\/wp-content\/uploads\/2025\/01\/LaVi_LogoFINAL1.png\",\"contentUrl\":\"https:\/\/shop.lavi-soundandyoga.com\/wp-content\/uploads\/2025\/01\/LaVi_LogoFINAL1.png\",\"width\":343,\"height\":339,\"caption\":\"LaVi Sound and Yoga\"},\"image\":{\"@id\":\"https:\/\/shop.lavi-soundandyoga.com\/es#\/schema\/logo\/image\/\"},\"sameAs\":[\"https:\/\/www.facebook.com\/lavisoundandyoga\",\"https:\/\/www.instagram.com\/lavi_sound_and_yoga\/\",\"https:\/\/www.youtube.com\/channel\/UCuQTy-TOirHAZruDryEKTXQ\",\"https:\/\/www.tiktok.com\/@lavisoundandyoga\",\"https:\/\/open.spotify.com\/artist\/6lpTHiTkCOgxZ9BUonU0zM\"]}]}<\/script>\n<!-- \/ Yoast SEO plugin. -->","yoast_head_json":{"title":"Eva Taylor | LaVi - Sound &amp; Yoga","robots":{"index":"index","follow":"follow","max-snippet":"max-snippet:-1","max-image-preview":"max-image-preview:large","max-video-preview":"max-video-preview:-1"},"canonical":"https:\/\/shop.lavi-soundandyoga.com\/es\/producto\/firma-mala\/eva-taylor","og_locale":"es_ES","og_type":"article","og_title":"Eva Taylor | LaVi - Sound &amp; Yoga","og_description":"Mala de piedra rodocrosita, turmalina y cristal de roca 108 cuentas + 8 cuentas (acabado) Cuentas Fabricado en Jaipur\/India (piedra de origen Ruman\u00eda) Este mala ha sido dise\u00f1ado y fabricado a mano en Alemania por LaVi Sound and Yoga","og_url":"https:\/\/shop.lavi-soundandyoga.com\/es\/producto\/firma-mala\/eva-taylor","og_site_name":"LaVi - Sound &amp; Yoga","article_publisher":"https:\/\/www.facebook.com\/lavisoundandyoga","article_modified_time":"2025-09-28T12:14:52+00:00","og_image":[{"width":1707,"height":2560,"url":"https:\/\/shop.lavi-soundandyoga.com\/wp-content\/uploads\/2023\/03\/MalaEva-scaled.jpg","type":"image\/jpeg"}],"twitter_card":"summary_large_image","twitter_misc":{"Tiempo de lectura":"3 minutos"},"schema":{"@context":"https:\/\/schema.org","@graph":[{"@type":["WebPage","ItemPage"],"@id":"https:\/\/shop.lavi-soundandyoga.com\/es\/producto\/firma-mala\/eva-taylor","url":"https:\/\/shop.lavi-soundandyoga.com\/es\/producto\/firma-mala\/eva-taylor","name":"Eva Taylor | LaVi - Sound &amp; Yoga","isPartOf":{"@id":"https:\/\/shop.lavi-soundandyoga.com\/es#website"},"primaryImageOfPage":{"@id":"https:\/\/shop.lavi-soundandyoga.com\/es\/producto\/firma-mala\/eva-taylor#primaryimage"},"image":{"@id":"https:\/\/shop.lavi-soundandyoga.com\/es\/producto\/firma-mala\/eva-taylor#primaryimage"},"thumbnailUrl":"https:\/\/shop.lavi-soundandyoga.com\/wp-content\/uploads\/2023\/03\/MalaEva-scaled.jpg","datePublished":"2023-03-24T16:56:22+00:00","dateModified":"2025-09-28T12:14:52+00:00","breadcrumb":{"@id":"https:\/\/shop.lavi-soundandyoga.com\/es\/producto\/firma-mala\/eva-taylor#breadcrumb"},"inLanguage":"es","potentialAction":[{"@type":"ReadAction","target":["https:\/\/shop.lavi-soundandyoga.com\/es\/producto\/firma-mala\/eva-taylor"]}]},{"@type":"ImageObject","inLanguage":"es","@id":"https:\/\/shop.lavi-soundandyoga.com\/es\/producto\/firma-mala\/eva-taylor#primaryimage","url":"https:\/\/shop.lavi-soundandyoga.com\/wp-content\/uploads\/2023\/03\/MalaEva-scaled.jpg","contentUrl":"https:\/\/shop.lavi-soundandyoga.com\/wp-content\/uploads\/2023\/03\/MalaEva-scaled.jpg","width":1707,"height":2560},{"@type":"BreadcrumbList","@id":"https:\/\/shop.lavi-soundandyoga.com\/es\/producto\/firma-mala\/eva-taylor#breadcrumb","itemListElement":[{"@type":"ListItem","position":1,"name":"LaVi Shop","item":"https:\/\/shop.lavi-soundandyoga.com\/es\/tienda"},{"@type":"ListItem","position":2,"name":"Productos","item":"https:\/\/shop.lavi-soundandyoga.com\/es\/shop"},{"@type":"ListItem","position":3,"name":"Edelstein Malas","item":"https:\/\/shop.lavi-soundandyoga.com\/product-category\/edelstein-malas"},{"@type":"ListItem","position":4,"name":"Firma Mala","item":"https:\/\/shop.lavi-soundandyoga.com\/es\/categoria-producto\/firma-mala"},{"@type":"ListItem","position":5,"name":"Eva Taylor"}]},{"@type":"WebSite","@id":"https:\/\/shop.lavi-soundandyoga.com\/es#website","url":"https:\/\/shop.lavi-soundandyoga.com\/es","name":"LaVi Sound & Yoga","description":"Yin Yoga and Sound Healing","publisher":{"@id":"https:\/\/shop.lavi-soundandyoga.com\/es#organization"},"alternateName":"Lavi","potentialAction":[{"@type":"SearchAction","target":{"@type":"EntryPoint","urlTemplate":"https:\/\/shop.lavi-soundandyoga.com\/es?s={search_term_string}"},"query-input":{"@type":"PropertyValueSpecification","valueRequired":true,"valueName":"search_term_string"}}],"inLanguage":"es"},{"@type":"Organization","@id":"https:\/\/shop.lavi-soundandyoga.com\/es#organization","name":"LaVi Sound and Yoga","alternateName":"LaVi","url":"https:\/\/shop.lavi-soundandyoga.com\/es","logo":{"@type":"ImageObject","inLanguage":"es","@id":"https:\/\/shop.lavi-soundandyoga.com\/es#\/schema\/logo\/image\/","url":"https:\/\/shop.lavi-soundandyoga.com\/wp-content\/uploads\/2025\/01\/LaVi_LogoFINAL1.png","contentUrl":"https:\/\/shop.lavi-soundandyoga.com\/wp-content\/uploads\/2025\/01\/LaVi_LogoFINAL1.png","width":343,"height":339,"caption":"LaVi Sound and Yoga"},"image":{"@id":"https:\/\/shop.lavi-soundandyoga.com\/es#\/schema\/logo\/image\/"},"sameAs":["https:\/\/www.facebook.com\/lavisoundandyoga","https:\/\/www.instagram.com\/lavi_sound_and_yoga\/","https:\/\/www.youtube.com\/channel\/UCuQTy-TOirHAZruDryEKTXQ","https:\/\/www.tiktok.com\/@lavisoundandyoga","https:\/\/open.spotify.com\/artist\/6lpTHiTkCOgxZ9BUonU0zM"]}]}},"jetpack_sharing_enabled":true,"_links":{"self":[{"href":"https:\/\/shop.lavi-soundandyoga.com\/es\/wp-json\/wp\/v2\/product\/2027","targetHints":{"allow":["GET"]}}],"collection":[{"href":"https:\/\/shop.lavi-soundandyoga.com\/es\/wp-json\/wp\/v2\/product"}],"about":[{"href":"https:\/\/shop.lavi-soundandyoga.com\/es\/wp-json\/wp\/v2\/types\/product"}],"replies":[{"embeddable":true,"href":"https:\/\/shop.lavi-soundandyoga.com\/es\/wp-json\/wp\/v2\/comments?post=2027"}],"wp:featuredmedia":[{"embeddable":true,"href":"https:\/\/shop.lavi-soundandyoga.com\/es\/wp-json\/wp\/v2\/media\/1486"}],"wp:attachment":[{"href":"https:\/\/shop.lavi-soundandyoga.com\/es\/wp-json\/wp\/v2\/media?parent=2027"}],"wp:term":[{"taxonomy":"product_brand","embeddable":true,"href":"https:\/\/shop.lavi-soundandyoga.com\/es\/wp-json\/wp\/v2\/product_brand?post=2027"},{"taxonomy":"product_cat","embeddable":true,"href":"https:\/\/shop.lavi-soundandyoga.com\/es\/wp-json\/wp\/v2\/product_cat?post=2027"},{"taxonomy":"product_tag","embeddable":true,"href":"https:\/\/shop.lavi-soundandyoga.com\/es\/wp-json\/wp\/v2\/product_tag?post=2027"}],"curies":[{"name":"wp","href":"https:\/\/api.w.org\/{rel}","templated":true}]}}