{"id":2028,"date":"2023-03-24T10:24:34","date_gmt":"2023-03-24T10:24:34","guid":{"rendered":"https:\/\/shop.lavi-soundandyoga.com\/product\/annika-isterling-la-conexion-profunda"},"modified":"2023-03-24T10:24:34","modified_gmt":"2023-03-24T10:24:34","slug":"annika-isterling-la-conexion-profunda","status":"publish","type":"product","link":"https:\/\/shop.lavi-soundandyoga.com\/es\/producto\/firma-mala\/annika-isterling-la-conexion-profunda","title":{"rendered":"Annika Isterling - La conexi\u00f3n profunda"},"content":{"rendered":"<p>\u00abPara m\u00ed, el yoga no significa necesariamente dominar las posturas de yoga m\u00e1s inusuales, sino prestar toda mi atenci\u00f3n a los movimientos m\u00e1s sencillos\u00bb.<\/p>\n<p>Annika Isterling es esposa, yoguini, madre de dos hijos, profesora de yoga, modelo, autora de 3 libros de yoga y practica yoga desde hace m\u00e1s de 18 a\u00f1os. Imparte retiros de yoga, talleres, formaci\u00f3n de profesores y programas de tutor\u00eda para profesores en toda Europa. Esta pr\u00e1ctica le ha ayudado mucho a crear un sentido de conexi\u00f3n en su vida y ahora quiere apoyar a otros con LA PROFUNDA CONEXI\u00d3N | mu\u00e9vete - respira - conecta | online para profundizar en la conexi\u00f3n contigo mismo, tu cuerpo, tu mente, tu coraz\u00f3n y tu vida.<br \/>\nLa combinaci\u00f3n de yoga, entrenamiento, respiraci\u00f3n, meditaci\u00f3n y charlas inspiradoras sobre estilos de vida ayuda a profundizar y fortalecer la relaci\u00f3n contigo mismo. #itsallaboutconnection<br \/>\nDefiende la claridad en sus acciones y en su ser, por eso s\u00f3lo ha elegido un tipo de piedra para su mala de firma de LaVi.<br \/>\nLa turmalina la acompa\u00f1a desde que estaba en su segunda formaci\u00f3n como profesora de yoga y se dio cuenta de que su pr\u00e1ctica la hac\u00eda m\u00e1s sensible a las energ\u00edas de los dem\u00e1s y de que buscaba algo que reforzara su propia energ\u00eda y creara una especie de escudo protector para s\u00ed misma. La Turmalina no s\u00f3lo limpia y transforma las energ\u00edas densas en vibraciones m\u00e1s ligeras y brillantes, sino que tambi\u00e9n ayuda a fortalecer el chakra ra\u00edz. Esto es algo con lo que Annika definitivamente necesita un poco de ayuda, ya que su naturaleza positiva, entusiasta y espont\u00e1nea significa que gasta su energ\u00eda con facilidad y conectarse a tierra siempre es bueno para ella. El Mala Firma de Turmalina es un valioso compa\u00f1ero diario para su pr\u00e1ctica de la meditaci\u00f3n.      <\/p>\n<p>Cada cuenta de este mala nos proporciona su propia belleza individual. Cada cuenta est\u00e1 hecha a mano y es \u00fanica. Por tanto, puede haber diferencias entre las piedras, lo que forma parte de su origen natural. El uso de piedras para el bienestar no sustituye al tratamiento m\u00e9dico. El diagn\u00f3stico m\u00e9dico es esencial y debe continuarse el tratamiento. Toda esta informaci\u00f3n se facilita sin garant\u00eda y Lavi - Sonido y Yoga no acepta ninguna responsabilidad.     <\/p>\n","protected":false},"excerpt":{"rendered":"<p>Mala de piedra turmalina y adornos de plata aut\u00e9ntica<\/p>\n<p>108 cuentas + 8 cuentas (extremo)<\/p>\n<p>Cuentas Fabricado en Jaipur\/India<\/p>\n<p>Este mala ha sido dise\u00f1ado y fabricado a mano en Alemania por LaVi Sound and Yoga<\/p>\n","protected":false},"featured_media":2484,"comment_status":"closed","ping_status":"closed","template":"","meta":{"_acf_changed":false},"product_brand":[],"product_cat":[192],"product_tag":[],"class_list":{"0":"post-2028","1":"product","2":"type-product","3":"status-publish","4":"has-post-thumbnail","6":"product_cat-firma-mala","7":"product_shipping_class-prio","9":"first","10":"instock","11":"purchasable","12":"product-type-simple"},"acf":[],"yoast_head":"<!-- This site is optimized with the Yoast SEO plugin v24.5 - https:\/\/yoast.com\/wordpress\/plugins\/seo\/ -->\n<title>Annika Isterling - La conexi\u00f3n profunda | LaVi - Sound &amp; Yoga<\/title>\n<meta name=\"robots\" content=\"index, follow, max-snippet:-1, max-image-preview:large, max-video-preview:-1\" \/>\n<link rel=\"canonical\" href=\"https:\/\/shop.lavi-soundandyoga.com\/es\/producto\/firma-mala\/annika-isterling-la-conexion-profunda\" \/>\n<meta property=\"og:locale\" content=\"es_ES\" \/>\n<meta property=\"og:type\" content=\"article\" \/>\n<meta property=\"og:title\" content=\"Annika Isterling - La conexi\u00f3n profunda | LaVi - Sound &amp; Yoga\" \/>\n<meta property=\"og:description\" content=\"Mala de piedra turmalina y adornos de plata aut\u00e9ntica 108 cuentas + 8 cuentas (extremo) Cuentas Fabricado en Jaipur\/India Este mala ha sido dise\u00f1ado y fabricado a mano en Alemania por LaVi Sound and Yoga\" \/>\n<meta property=\"og:url\" content=\"https:\/\/shop.lavi-soundandyoga.com\/es\/producto\/firma-mala\/annika-isterling-la-conexion-profunda\" \/>\n<meta property=\"og:site_name\" content=\"LaVi - Sound &amp; Yoga\" \/>\n<meta property=\"article:publisher\" content=\"https:\/\/www.facebook.com\/lavisoundandyoga\" \/>\n<meta property=\"og:image\" content=\"https:\/\/shop.lavi-soundandyoga.com\/wp-content\/uploads\/2023\/03\/Annika.jpg\" \/>\n\t<meta property=\"og:image:width\" content=\"729\" \/>\n\t<meta property=\"og:image:height\" content=\"1020\" \/>\n\t<meta property=\"og:image:type\" content=\"image\/jpeg\" \/>\n<meta name=\"twitter:card\" content=\"summary_large_image\" \/>\n<meta name=\"twitter:label1\" content=\"Tiempo de lectura\" \/>\n\t<meta name=\"twitter:data1\" content=\"2 minutos\" \/>\n<script type=\"application\/ld+json\" class=\"yoast-schema-graph\">{\"@context\":\"https:\/\/schema.org\",\"@graph\":[{\"@type\":[\"WebPage\",\"ItemPage\"],\"@id\":\"https:\/\/shop.lavi-soundandyoga.com\/es\/producto\/firma-mala\/annika-isterling-la-conexion-profunda\",\"url\":\"https:\/\/shop.lavi-soundandyoga.com\/es\/producto\/firma-mala\/annika-isterling-la-conexion-profunda\",\"name\":\"Annika Isterling - La conexi\u00f3n profunda | LaVi - Sound &amp; Yoga\",\"isPartOf\":{\"@id\":\"https:\/\/shop.lavi-soundandyoga.com\/es#website\"},\"primaryImageOfPage\":{\"@id\":\"https:\/\/shop.lavi-soundandyoga.com\/es\/producto\/firma-mala\/annika-isterling-la-conexion-profunda#primaryimage\"},\"image\":{\"@id\":\"https:\/\/shop.lavi-soundandyoga.com\/es\/producto\/firma-mala\/annika-isterling-la-conexion-profunda#primaryimage\"},\"thumbnailUrl\":\"https:\/\/shop.lavi-soundandyoga.com\/wp-content\/uploads\/2023\/03\/DSC06686-scaled.jpg\",\"datePublished\":\"2023-03-24T10:24:34+00:00\",\"breadcrumb\":{\"@id\":\"https:\/\/shop.lavi-soundandyoga.com\/es\/producto\/firma-mala\/annika-isterling-la-conexion-profunda#breadcrumb\"},\"inLanguage\":\"es\",\"potentialAction\":[{\"@type\":\"ReadAction\",\"target\":[\"https:\/\/shop.lavi-soundandyoga.com\/es\/producto\/firma-mala\/annika-isterling-la-conexion-profunda\"]}]},{\"@type\":\"ImageObject\",\"inLanguage\":\"es\",\"@id\":\"https:\/\/shop.lavi-soundandyoga.com\/es\/producto\/firma-mala\/annika-isterling-la-conexion-profunda#primaryimage\",\"url\":\"https:\/\/shop.lavi-soundandyoga.com\/wp-content\/uploads\/2023\/03\/DSC06686-scaled.jpg\",\"contentUrl\":\"https:\/\/shop.lavi-soundandyoga.com\/wp-content\/uploads\/2023\/03\/DSC06686-scaled.jpg\",\"width\":1707,\"height\":2560},{\"@type\":\"BreadcrumbList\",\"@id\":\"https:\/\/shop.lavi-soundandyoga.com\/es\/producto\/firma-mala\/annika-isterling-la-conexion-profunda#breadcrumb\",\"itemListElement\":[{\"@type\":\"ListItem\",\"position\":1,\"name\":\"LaVi Shop\",\"item\":\"https:\/\/shop.lavi-soundandyoga.com\/es\/tienda\"},{\"@type\":\"ListItem\",\"position\":2,\"name\":\"Productos\",\"item\":\"https:\/\/shop.lavi-soundandyoga.com\/es\/shop\"},{\"@type\":\"ListItem\",\"position\":3,\"name\":\"Edelstein Malas\",\"item\":\"https:\/\/shop.lavi-soundandyoga.com\/product-category\/edelstein-malas\"},{\"@type\":\"ListItem\",\"position\":4,\"name\":\"Firma Mala\",\"item\":\"https:\/\/shop.lavi-soundandyoga.com\/es\/categoria-producto\/firma-mala\"},{\"@type\":\"ListItem\",\"position\":5,\"name\":\"Annika Isterling - La conexi\u00f3n profunda\"}]},{\"@type\":\"WebSite\",\"@id\":\"https:\/\/shop.lavi-soundandyoga.com\/es#website\",\"url\":\"https:\/\/shop.lavi-soundandyoga.com\/es\",\"name\":\"LaVi Sound & Yoga\",\"description\":\"Yin Yoga and Sound Healing\",\"publisher\":{\"@id\":\"https:\/\/shop.lavi-soundandyoga.com\/es#organization\"},\"alternateName\":\"Lavi\",\"potentialAction\":[{\"@type\":\"SearchAction\",\"target\":{\"@type\":\"EntryPoint\",\"urlTemplate\":\"https:\/\/shop.lavi-soundandyoga.com\/es?s={search_term_string}\"},\"query-input\":{\"@type\":\"PropertyValueSpecification\",\"valueRequired\":true,\"valueName\":\"search_term_string\"}}],\"inLanguage\":\"es\"},{\"@type\":\"Organization\",\"@id\":\"https:\/\/shop.lavi-soundandyoga.com\/es#organization\",\"name\":\"LaVi Sound and Yoga\",\"alternateName\":\"LaVi\",\"url\":\"https:\/\/shop.lavi-soundandyoga.com\/es\",\"logo\":{\"@type\":\"ImageObject\",\"inLanguage\":\"es\",\"@id\":\"https:\/\/shop.lavi-soundandyoga.com\/es#\/schema\/logo\/image\/\",\"url\":\"https:\/\/shop.lavi-soundandyoga.com\/wp-content\/uploads\/2025\/01\/LaVi_LogoFINAL1.png\",\"contentUrl\":\"https:\/\/shop.lavi-soundandyoga.com\/wp-content\/uploads\/2025\/01\/LaVi_LogoFINAL1.png\",\"width\":343,\"height\":339,\"caption\":\"LaVi Sound and Yoga\"},\"image\":{\"@id\":\"https:\/\/shop.lavi-soundandyoga.com\/es#\/schema\/logo\/image\/\"},\"sameAs\":[\"https:\/\/www.facebook.com\/lavisoundandyoga\",\"https:\/\/www.instagram.com\/lavi_sound_and_yoga\/\",\"https:\/\/www.youtube.com\/channel\/UCuQTy-TOirHAZruDryEKTXQ\",\"https:\/\/www.tiktok.com\/@lavisoundandyoga\",\"https:\/\/open.spotify.com\/artist\/6lpTHiTkCOgxZ9BUonU0zM\"]}]}<\/script>\n<!-- \/ Yoast SEO plugin. -->","yoast_head_json":{"title":"Annika Isterling - La conexi\u00f3n profunda | LaVi - Sound &amp; Yoga","robots":{"index":"index","follow":"follow","max-snippet":"max-snippet:-1","max-image-preview":"max-image-preview:large","max-video-preview":"max-video-preview:-1"},"canonical":"https:\/\/shop.lavi-soundandyoga.com\/es\/producto\/firma-mala\/annika-isterling-la-conexion-profunda","og_locale":"es_ES","og_type":"article","og_title":"Annika Isterling - La conexi\u00f3n profunda | LaVi - Sound &amp; Yoga","og_description":"Mala de piedra turmalina y adornos de plata aut\u00e9ntica 108 cuentas + 8 cuentas (extremo) Cuentas Fabricado en Jaipur\/India Este mala ha sido dise\u00f1ado y fabricado a mano en Alemania por LaVi Sound and Yoga","og_url":"https:\/\/shop.lavi-soundandyoga.com\/es\/producto\/firma-mala\/annika-isterling-la-conexion-profunda","og_site_name":"LaVi - Sound &amp; Yoga","article_publisher":"https:\/\/www.facebook.com\/lavisoundandyoga","og_image":[{"width":729,"height":1020,"url":"https:\/\/shop.lavi-soundandyoga.com\/wp-content\/uploads\/2023\/03\/Annika.jpg","type":"image\/jpeg"}],"twitter_card":"summary_large_image","twitter_misc":{"Tiempo de lectura":"2 minutos"},"schema":{"@context":"https:\/\/schema.org","@graph":[{"@type":["WebPage","ItemPage"],"@id":"https:\/\/shop.lavi-soundandyoga.com\/es\/producto\/firma-mala\/annika-isterling-la-conexion-profunda","url":"https:\/\/shop.lavi-soundandyoga.com\/es\/producto\/firma-mala\/annika-isterling-la-conexion-profunda","name":"Annika Isterling - La conexi\u00f3n profunda | LaVi - Sound &amp; Yoga","isPartOf":{"@id":"https:\/\/shop.lavi-soundandyoga.com\/es#website"},"primaryImageOfPage":{"@id":"https:\/\/shop.lavi-soundandyoga.com\/es\/producto\/firma-mala\/annika-isterling-la-conexion-profunda#primaryimage"},"image":{"@id":"https:\/\/shop.lavi-soundandyoga.com\/es\/producto\/firma-mala\/annika-isterling-la-conexion-profunda#primaryimage"},"thumbnailUrl":"https:\/\/shop.lavi-soundandyoga.com\/wp-content\/uploads\/2023\/03\/DSC06686-scaled.jpg","datePublished":"2023-03-24T10:24:34+00:00","breadcrumb":{"@id":"https:\/\/shop.lavi-soundandyoga.com\/es\/producto\/firma-mala\/annika-isterling-la-conexion-profunda#breadcrumb"},"inLanguage":"es","potentialAction":[{"@type":"ReadAction","target":["https:\/\/shop.lavi-soundandyoga.com\/es\/producto\/firma-mala\/annika-isterling-la-conexion-profunda"]}]},{"@type":"ImageObject","inLanguage":"es","@id":"https:\/\/shop.lavi-soundandyoga.com\/es\/producto\/firma-mala\/annika-isterling-la-conexion-profunda#primaryimage","url":"https:\/\/shop.lavi-soundandyoga.com\/wp-content\/uploads\/2023\/03\/DSC06686-scaled.jpg","contentUrl":"https:\/\/shop.lavi-soundandyoga.com\/wp-content\/uploads\/2023\/03\/DSC06686-scaled.jpg","width":1707,"height":2560},{"@type":"BreadcrumbList","@id":"https:\/\/shop.lavi-soundandyoga.com\/es\/producto\/firma-mala\/annika-isterling-la-conexion-profunda#breadcrumb","itemListElement":[{"@type":"ListItem","position":1,"name":"LaVi Shop","item":"https:\/\/shop.lavi-soundandyoga.com\/es\/tienda"},{"@type":"ListItem","position":2,"name":"Productos","item":"https:\/\/shop.lavi-soundandyoga.com\/es\/shop"},{"@type":"ListItem","position":3,"name":"Edelstein Malas","item":"https:\/\/shop.lavi-soundandyoga.com\/product-category\/edelstein-malas"},{"@type":"ListItem","position":4,"name":"Firma Mala","item":"https:\/\/shop.lavi-soundandyoga.com\/es\/categoria-producto\/firma-mala"},{"@type":"ListItem","position":5,"name":"Annika Isterling - La conexi\u00f3n profunda"}]},{"@type":"WebSite","@id":"https:\/\/shop.lavi-soundandyoga.com\/es#website","url":"https:\/\/shop.lavi-soundandyoga.com\/es","name":"LaVi Sound & Yoga","description":"Yin Yoga and Sound Healing","publisher":{"@id":"https:\/\/shop.lavi-soundandyoga.com\/es#organization"},"alternateName":"Lavi","potentialAction":[{"@type":"SearchAction","target":{"@type":"EntryPoint","urlTemplate":"https:\/\/shop.lavi-soundandyoga.com\/es?s={search_term_string}"},"query-input":{"@type":"PropertyValueSpecification","valueRequired":true,"valueName":"search_term_string"}}],"inLanguage":"es"},{"@type":"Organization","@id":"https:\/\/shop.lavi-soundandyoga.com\/es#organization","name":"LaVi Sound and Yoga","alternateName":"LaVi","url":"https:\/\/shop.lavi-soundandyoga.com\/es","logo":{"@type":"ImageObject","inLanguage":"es","@id":"https:\/\/shop.lavi-soundandyoga.com\/es#\/schema\/logo\/image\/","url":"https:\/\/shop.lavi-soundandyoga.com\/wp-content\/uploads\/2025\/01\/LaVi_LogoFINAL1.png","contentUrl":"https:\/\/shop.lavi-soundandyoga.com\/wp-content\/uploads\/2025\/01\/LaVi_LogoFINAL1.png","width":343,"height":339,"caption":"LaVi Sound and Yoga"},"image":{"@id":"https:\/\/shop.lavi-soundandyoga.com\/es#\/schema\/logo\/image\/"},"sameAs":["https:\/\/www.facebook.com\/lavisoundandyoga","https:\/\/www.instagram.com\/lavi_sound_and_yoga\/","https:\/\/www.youtube.com\/channel\/UCuQTy-TOirHAZruDryEKTXQ","https:\/\/www.tiktok.com\/@lavisoundandyoga","https:\/\/open.spotify.com\/artist\/6lpTHiTkCOgxZ9BUonU0zM"]}]}},"jetpack_sharing_enabled":true,"_links":{"self":[{"href":"https:\/\/shop.lavi-soundandyoga.com\/es\/wp-json\/wp\/v2\/product\/2028","targetHints":{"allow":["GET"]}}],"collection":[{"href":"https:\/\/shop.lavi-soundandyoga.com\/es\/wp-json\/wp\/v2\/product"}],"about":[{"href":"https:\/\/shop.lavi-soundandyoga.com\/es\/wp-json\/wp\/v2\/types\/product"}],"replies":[{"embeddable":true,"href":"https:\/\/shop.lavi-soundandyoga.com\/es\/wp-json\/wp\/v2\/comments?post=2028"}],"wp:featuredmedia":[{"embeddable":true,"href":"https:\/\/shop.lavi-soundandyoga.com\/es\/wp-json\/wp\/v2\/media\/2484"}],"wp:attachment":[{"href":"https:\/\/shop.lavi-soundandyoga.com\/es\/wp-json\/wp\/v2\/media?parent=2028"}],"wp:term":[{"taxonomy":"product_brand","embeddable":true,"href":"https:\/\/shop.lavi-soundandyoga.com\/es\/wp-json\/wp\/v2\/product_brand?post=2028"},{"taxonomy":"product_cat","embeddable":true,"href":"https:\/\/shop.lavi-soundandyoga.com\/es\/wp-json\/wp\/v2\/product_cat?post=2028"},{"taxonomy":"product_tag","embeddable":true,"href":"https:\/\/shop.lavi-soundandyoga.com\/es\/wp-json\/wp\/v2\/product_tag?post=2028"}],"curies":[{"name":"wp","href":"https:\/\/api.w.org\/{rel}","templated":true}]}}