{"id":2029,"date":"2023-04-17T15:27:52","date_gmt":"2023-04-17T15:27:52","guid":{"rendered":"https:\/\/shop.lavi-soundandyoga.com\/product\/mala-del-amor-amatista-cuarzo-rosa-y-cristal-de-roca"},"modified":"2023-04-17T15:27:52","modified_gmt":"2023-04-17T15:27:52","slug":"mala-del-amor-amatista-cuarzo-rosa-y-cristal-de-roca","status":"publish","type":"product","link":"https:\/\/shop.lavi-soundandyoga.com\/es\/producto\/estilos-especiales\/mala-del-amor-amatista-cuarzo-rosa-y-cristal-de-roca","title":{"rendered":"Mala del Amor - amatista, cuarzo rosa y cristal de roca"},"content":{"rendered":"<p>Esta suave mezcla de amatista, cuarzo rosa y piedras de cristal de roca simboliza la conexi\u00f3n del amor incondicional, la sabidur\u00eda espiritual y la vibraci\u00f3n m\u00e1s elevada<\/p>\n<p>Amatista - la piedra de la espiritualidad, el amor divino y la sabidur\u00eda interior<\/p>\n<ul>\n<li>Poder curativo, limpiador y protector extremadamente fuerte<\/li>\n<li>alta espiritualidad, mejora el despertar espiritual natural m\u00e1s tranquilo<\/li>\n<li>Extremadamente beneficioso para la mente, calmante y adecuadamente estimulante<\/li>\n<li>ayuda a la concentraci\u00f3n mental y a controlar las propias capacidades<\/li>\n<li>Facilita las decisiones<\/li>\n<\/ul>\n<p>Cuarzo Rosa - la piedra del amor incondicional y la paz infinita<\/p>\n<ul>\n<li>el cristal m\u00e1s importante para el chakra del coraz\u00f3n, que ense\u00f1a la verdadera esencia del amor<\/li>\n<li>limpia el coraz\u00f3n a todos los niveles y aporta amor profundo y amor propio<\/li>\n<li>refuerza la empat\u00eda y la sensibilidad y ayuda a aceptar los cambios necesarios<\/li>\n<li>puede utilizarse para tus intenciones positivas y afirmaciones<\/li>\n<li>Libera las emociones reprimidas y el dolor<\/li>\n<li>apoya el autoperd\u00f3n y la autoaceptaci\u00f3n, pide autoconfianza y autoestima.<\/li>\n<\/ul>\n<p>Cristal de roca - m\u00e1xima vibraci\u00f3n y curaci\u00f3n<\/p>\n<ul>\n<li>la piedra curativa y amplificadora m\u00e1s poderosa que absorbe, almacena, libera y regula las energ\u00edas<\/li>\n<li>Disuelve obstrucciones de todo tipo<\/li>\n<li>eleva las energ\u00edas a nivel espiritual al nivel m\u00e1s elevado y act\u00faa en todos los niveles del ser<\/li>\n<li>El cristal de roca abre y refuerza todos los chakras<\/li>\n<li>nos ayuda a concentrarnos, libera recuerdos y abre la mente a nuevas ideas<\/li>\n<li>El cristal de roca potencia el efecto de todas las piedras de su entorno<\/li>\n<\/ul>\n<p>Cada cuenta de este mala nos proporciona su propia belleza individual. Cada cuenta est\u00e1 hecha a mano y es \u00fanica.  Por tanto, puede haber diferencias entre las piedras, lo que forma parte de su origen natural. El uso de piedras para el bienestar no sustituye al tratamiento m\u00e9dico. El diagn\u00f3stico m\u00e9dico es esencial y debe continuarse el tratamiento. Toda esta informaci\u00f3n se facilita sin garant\u00eda y LaVi Sound and Yoga no acepta ninguna responsabilidad.   <\/p>\n","protected":false},"excerpt":{"rendered":"<p>Mala de amatista, cristal de roca y piedra de cuarzo rosa<\/p>\n<p>108 cuentas + 8 cuentas (acabado)<\/p>\n<p>Cuentas Hecho en Jaipur\/India<\/p>\n<p>Este mala fue dise\u00f1ado y hecho a mano en Alemania por LaVi Sound and Yoga<\/p>\n","protected":false},"featured_media":1478,"comment_status":"closed","ping_status":"closed","template":"","meta":{"_acf_changed":false},"product_brand":[],"product_cat":[191],"product_tag":[],"class_list":{"0":"post-2029","1":"product","2":"type-product","3":"status-publish","4":"has-post-thumbnail","6":"product_cat-estilos-especiales","7":"product_shipping_class-prio","9":"first","10":"instock","11":"purchasable","12":"product-type-simple"},"acf":[],"yoast_head":"<!-- This site is optimized with the Yoast SEO plugin v24.5 - https:\/\/yoast.com\/wordpress\/plugins\/seo\/ -->\n<title>Mala del Amor - amatista, cuarzo rosa y cristal de roca | LaVi - Sound &amp; Yoga<\/title>\n<meta name=\"description\" content=\"El Mala del Amor se compone de 108 cuentas de amatista, cuarzo rosa y cristal de roca, y est\u00e1 hecho a mano. Proporciona amor, sabidur\u00eda y paz.\" \/>\n<meta name=\"robots\" content=\"index, follow, max-snippet:-1, max-image-preview:large, max-video-preview:-1\" \/>\n<link rel=\"canonical\" href=\"https:\/\/shop.lavi-soundandyoga.com\/es\/producto\/estilos-especiales\/mala-del-amor-amatista-cuarzo-rosa-y-cristal-de-roca\" \/>\n<meta property=\"og:locale\" content=\"es_ES\" \/>\n<meta property=\"og:type\" content=\"article\" \/>\n<meta property=\"og:title\" content=\"Mala del Amor - amatista, cuarzo rosa y cristal de roca | LaVi - Sound &amp; Yoga\" \/>\n<meta property=\"og:description\" content=\"El Mala del Amor se compone de 108 cuentas de amatista, cuarzo rosa y cristal de roca, y est\u00e1 hecho a mano. Proporciona amor, sabidur\u00eda y paz.\" \/>\n<meta property=\"og:url\" content=\"https:\/\/shop.lavi-soundandyoga.com\/es\/producto\/estilos-especiales\/mala-del-amor-amatista-cuarzo-rosa-y-cristal-de-roca\" \/>\n<meta property=\"og:site_name\" content=\"LaVi - Sound &amp; Yoga\" \/>\n<meta property=\"article:publisher\" content=\"https:\/\/www.facebook.com\/lavisoundandyoga\" \/>\n<meta property=\"og:image\" content=\"https:\/\/shop.lavi-soundandyoga.com\/wp-content\/uploads\/2023\/03\/LoveMala2-scaled.jpg\" \/>\n\t<meta property=\"og:image:width\" content=\"1707\" \/>\n\t<meta property=\"og:image:height\" content=\"2560\" \/>\n\t<meta property=\"og:image:type\" content=\"image\/jpeg\" \/>\n<meta name=\"twitter:card\" content=\"summary_large_image\" \/>\n<meta name=\"twitter:label1\" content=\"Tiempo de lectura\" \/>\n\t<meta name=\"twitter:data1\" content=\"2 minutos\" \/>\n<script type=\"application\/ld+json\" class=\"yoast-schema-graph\">{\"@context\":\"https:\/\/schema.org\",\"@graph\":[{\"@type\":[\"WebPage\",\"ItemPage\"],\"@id\":\"https:\/\/shop.lavi-soundandyoga.com\/es\/producto\/estilos-especiales\/mala-del-amor-amatista-cuarzo-rosa-y-cristal-de-roca\",\"url\":\"https:\/\/shop.lavi-soundandyoga.com\/es\/producto\/estilos-especiales\/mala-del-amor-amatista-cuarzo-rosa-y-cristal-de-roca\",\"name\":\"Mala del Amor - amatista, cuarzo rosa y cristal de roca | LaVi - Sound &amp; Yoga\",\"isPartOf\":{\"@id\":\"https:\/\/shop.lavi-soundandyoga.com\/es#website\"},\"primaryImageOfPage\":{\"@id\":\"https:\/\/shop.lavi-soundandyoga.com\/es\/producto\/estilos-especiales\/mala-del-amor-amatista-cuarzo-rosa-y-cristal-de-roca#primaryimage\"},\"image\":{\"@id\":\"https:\/\/shop.lavi-soundandyoga.com\/es\/producto\/estilos-especiales\/mala-del-amor-amatista-cuarzo-rosa-y-cristal-de-roca#primaryimage\"},\"thumbnailUrl\":\"https:\/\/shop.lavi-soundandyoga.com\/wp-content\/uploads\/2023\/03\/LoveMala2-scaled.jpg\",\"datePublished\":\"2023-04-17T15:27:52+00:00\",\"description\":\"El Mala del Amor se compone de 108 cuentas de amatista, cuarzo rosa y cristal de roca, y est\u00e1 hecho a mano. Proporciona amor, sabidur\u00eda y paz.\",\"breadcrumb\":{\"@id\":\"https:\/\/shop.lavi-soundandyoga.com\/es\/producto\/estilos-especiales\/mala-del-amor-amatista-cuarzo-rosa-y-cristal-de-roca#breadcrumb\"},\"inLanguage\":\"es\",\"potentialAction\":[{\"@type\":\"ReadAction\",\"target\":[\"https:\/\/shop.lavi-soundandyoga.com\/es\/producto\/estilos-especiales\/mala-del-amor-amatista-cuarzo-rosa-y-cristal-de-roca\"]}]},{\"@type\":\"ImageObject\",\"inLanguage\":\"es\",\"@id\":\"https:\/\/shop.lavi-soundandyoga.com\/es\/producto\/estilos-especiales\/mala-del-amor-amatista-cuarzo-rosa-y-cristal-de-roca#primaryimage\",\"url\":\"https:\/\/shop.lavi-soundandyoga.com\/wp-content\/uploads\/2023\/03\/LoveMala2-scaled.jpg\",\"contentUrl\":\"https:\/\/shop.lavi-soundandyoga.com\/wp-content\/uploads\/2023\/03\/LoveMala2-scaled.jpg\",\"width\":1707,\"height\":2560,\"caption\":\"Mala del Amor - amatista, cuarzo rosa y cristal de roca\"},{\"@type\":\"BreadcrumbList\",\"@id\":\"https:\/\/shop.lavi-soundandyoga.com\/es\/producto\/estilos-especiales\/mala-del-amor-amatista-cuarzo-rosa-y-cristal-de-roca#breadcrumb\",\"itemListElement\":[{\"@type\":\"ListItem\",\"position\":1,\"name\":\"LaVi Shop\",\"item\":\"https:\/\/shop.lavi-soundandyoga.com\/es\/tienda\"},{\"@type\":\"ListItem\",\"position\":2,\"name\":\"Productos\",\"item\":\"https:\/\/shop.lavi-soundandyoga.com\/es\/shop\"},{\"@type\":\"ListItem\",\"position\":3,\"name\":\"Edelstein Malas\",\"item\":\"https:\/\/shop.lavi-soundandyoga.com\/product-category\/edelstein-malas\"},{\"@type\":\"ListItem\",\"position\":4,\"name\":\"Estilos especiales\",\"item\":\"https:\/\/shop.lavi-soundandyoga.com\/es\/categoria-producto\/estilos-especiales\"},{\"@type\":\"ListItem\",\"position\":5,\"name\":\"Mala del Amor - amatista, cuarzo rosa y cristal de roca\"}]},{\"@type\":\"WebSite\",\"@id\":\"https:\/\/shop.lavi-soundandyoga.com\/es#website\",\"url\":\"https:\/\/shop.lavi-soundandyoga.com\/es\",\"name\":\"LaVi Sound & Yoga\",\"description\":\"Yin Yoga and Sound Healing\",\"publisher\":{\"@id\":\"https:\/\/shop.lavi-soundandyoga.com\/es#organization\"},\"alternateName\":\"Lavi\",\"potentialAction\":[{\"@type\":\"SearchAction\",\"target\":{\"@type\":\"EntryPoint\",\"urlTemplate\":\"https:\/\/shop.lavi-soundandyoga.com\/es?s={search_term_string}\"},\"query-input\":{\"@type\":\"PropertyValueSpecification\",\"valueRequired\":true,\"valueName\":\"search_term_string\"}}],\"inLanguage\":\"es\"},{\"@type\":\"Organization\",\"@id\":\"https:\/\/shop.lavi-soundandyoga.com\/es#organization\",\"name\":\"LaVi Sound and Yoga\",\"alternateName\":\"LaVi\",\"url\":\"https:\/\/shop.lavi-soundandyoga.com\/es\",\"logo\":{\"@type\":\"ImageObject\",\"inLanguage\":\"es\",\"@id\":\"https:\/\/shop.lavi-soundandyoga.com\/es#\/schema\/logo\/image\/\",\"url\":\"https:\/\/shop.lavi-soundandyoga.com\/wp-content\/uploads\/2025\/01\/LaVi_LogoFINAL1.png\",\"contentUrl\":\"https:\/\/shop.lavi-soundandyoga.com\/wp-content\/uploads\/2025\/01\/LaVi_LogoFINAL1.png\",\"width\":343,\"height\":339,\"caption\":\"LaVi Sound and Yoga\"},\"image\":{\"@id\":\"https:\/\/shop.lavi-soundandyoga.com\/es#\/schema\/logo\/image\/\"},\"sameAs\":[\"https:\/\/www.facebook.com\/lavisoundandyoga\",\"https:\/\/www.instagram.com\/lavi_sound_and_yoga\/\",\"https:\/\/www.youtube.com\/channel\/UCuQTy-TOirHAZruDryEKTXQ\",\"https:\/\/www.tiktok.com\/@lavisoundandyoga\",\"https:\/\/open.spotify.com\/artist\/6lpTHiTkCOgxZ9BUonU0zM\"]}]}<\/script>\n<!-- \/ Yoast SEO plugin. -->","yoast_head_json":{"title":"Mala del Amor - amatista, cuarzo rosa y cristal de roca | LaVi - Sound &amp; Yoga","description":"El Mala del Amor se compone de 108 cuentas de amatista, cuarzo rosa y cristal de roca, y est\u00e1 hecho a mano. Proporciona amor, sabidur\u00eda y paz.","robots":{"index":"index","follow":"follow","max-snippet":"max-snippet:-1","max-image-preview":"max-image-preview:large","max-video-preview":"max-video-preview:-1"},"canonical":"https:\/\/shop.lavi-soundandyoga.com\/es\/producto\/estilos-especiales\/mala-del-amor-amatista-cuarzo-rosa-y-cristal-de-roca","og_locale":"es_ES","og_type":"article","og_title":"Mala del Amor - amatista, cuarzo rosa y cristal de roca | LaVi - Sound &amp; Yoga","og_description":"El Mala del Amor se compone de 108 cuentas de amatista, cuarzo rosa y cristal de roca, y est\u00e1 hecho a mano. Proporciona amor, sabidur\u00eda y paz.","og_url":"https:\/\/shop.lavi-soundandyoga.com\/es\/producto\/estilos-especiales\/mala-del-amor-amatista-cuarzo-rosa-y-cristal-de-roca","og_site_name":"LaVi - Sound &amp; Yoga","article_publisher":"https:\/\/www.facebook.com\/lavisoundandyoga","og_image":[{"width":1707,"height":2560,"url":"https:\/\/shop.lavi-soundandyoga.com\/wp-content\/uploads\/2023\/03\/LoveMala2-scaled.jpg","type":"image\/jpeg"}],"twitter_card":"summary_large_image","twitter_misc":{"Tiempo de lectura":"2 minutos"},"schema":{"@context":"https:\/\/schema.org","@graph":[{"@type":["WebPage","ItemPage"],"@id":"https:\/\/shop.lavi-soundandyoga.com\/es\/producto\/estilos-especiales\/mala-del-amor-amatista-cuarzo-rosa-y-cristal-de-roca","url":"https:\/\/shop.lavi-soundandyoga.com\/es\/producto\/estilos-especiales\/mala-del-amor-amatista-cuarzo-rosa-y-cristal-de-roca","name":"Mala del Amor - amatista, cuarzo rosa y cristal de roca | LaVi - Sound &amp; Yoga","isPartOf":{"@id":"https:\/\/shop.lavi-soundandyoga.com\/es#website"},"primaryImageOfPage":{"@id":"https:\/\/shop.lavi-soundandyoga.com\/es\/producto\/estilos-especiales\/mala-del-amor-amatista-cuarzo-rosa-y-cristal-de-roca#primaryimage"},"image":{"@id":"https:\/\/shop.lavi-soundandyoga.com\/es\/producto\/estilos-especiales\/mala-del-amor-amatista-cuarzo-rosa-y-cristal-de-roca#primaryimage"},"thumbnailUrl":"https:\/\/shop.lavi-soundandyoga.com\/wp-content\/uploads\/2023\/03\/LoveMala2-scaled.jpg","datePublished":"2023-04-17T15:27:52+00:00","description":"El Mala del Amor se compone de 108 cuentas de amatista, cuarzo rosa y cristal de roca, y est\u00e1 hecho a mano. Proporciona amor, sabidur\u00eda y paz.","breadcrumb":{"@id":"https:\/\/shop.lavi-soundandyoga.com\/es\/producto\/estilos-especiales\/mala-del-amor-amatista-cuarzo-rosa-y-cristal-de-roca#breadcrumb"},"inLanguage":"es","potentialAction":[{"@type":"ReadAction","target":["https:\/\/shop.lavi-soundandyoga.com\/es\/producto\/estilos-especiales\/mala-del-amor-amatista-cuarzo-rosa-y-cristal-de-roca"]}]},{"@type":"ImageObject","inLanguage":"es","@id":"https:\/\/shop.lavi-soundandyoga.com\/es\/producto\/estilos-especiales\/mala-del-amor-amatista-cuarzo-rosa-y-cristal-de-roca#primaryimage","url":"https:\/\/shop.lavi-soundandyoga.com\/wp-content\/uploads\/2023\/03\/LoveMala2-scaled.jpg","contentUrl":"https:\/\/shop.lavi-soundandyoga.com\/wp-content\/uploads\/2023\/03\/LoveMala2-scaled.jpg","width":1707,"height":2560,"caption":"Mala del Amor - amatista, cuarzo rosa y cristal de roca"},{"@type":"BreadcrumbList","@id":"https:\/\/shop.lavi-soundandyoga.com\/es\/producto\/estilos-especiales\/mala-del-amor-amatista-cuarzo-rosa-y-cristal-de-roca#breadcrumb","itemListElement":[{"@type":"ListItem","position":1,"name":"LaVi Shop","item":"https:\/\/shop.lavi-soundandyoga.com\/es\/tienda"},{"@type":"ListItem","position":2,"name":"Productos","item":"https:\/\/shop.lavi-soundandyoga.com\/es\/shop"},{"@type":"ListItem","position":3,"name":"Edelstein Malas","item":"https:\/\/shop.lavi-soundandyoga.com\/product-category\/edelstein-malas"},{"@type":"ListItem","position":4,"name":"Estilos especiales","item":"https:\/\/shop.lavi-soundandyoga.com\/es\/categoria-producto\/estilos-especiales"},{"@type":"ListItem","position":5,"name":"Mala del Amor - amatista, cuarzo rosa y cristal de roca"}]},{"@type":"WebSite","@id":"https:\/\/shop.lavi-soundandyoga.com\/es#website","url":"https:\/\/shop.lavi-soundandyoga.com\/es","name":"LaVi Sound & Yoga","description":"Yin Yoga and Sound Healing","publisher":{"@id":"https:\/\/shop.lavi-soundandyoga.com\/es#organization"},"alternateName":"Lavi","potentialAction":[{"@type":"SearchAction","target":{"@type":"EntryPoint","urlTemplate":"https:\/\/shop.lavi-soundandyoga.com\/es?s={search_term_string}"},"query-input":{"@type":"PropertyValueSpecification","valueRequired":true,"valueName":"search_term_string"}}],"inLanguage":"es"},{"@type":"Organization","@id":"https:\/\/shop.lavi-soundandyoga.com\/es#organization","name":"LaVi Sound and Yoga","alternateName":"LaVi","url":"https:\/\/shop.lavi-soundandyoga.com\/es","logo":{"@type":"ImageObject","inLanguage":"es","@id":"https:\/\/shop.lavi-soundandyoga.com\/es#\/schema\/logo\/image\/","url":"https:\/\/shop.lavi-soundandyoga.com\/wp-content\/uploads\/2025\/01\/LaVi_LogoFINAL1.png","contentUrl":"https:\/\/shop.lavi-soundandyoga.com\/wp-content\/uploads\/2025\/01\/LaVi_LogoFINAL1.png","width":343,"height":339,"caption":"LaVi Sound and Yoga"},"image":{"@id":"https:\/\/shop.lavi-soundandyoga.com\/es#\/schema\/logo\/image\/"},"sameAs":["https:\/\/www.facebook.com\/lavisoundandyoga","https:\/\/www.instagram.com\/lavi_sound_and_yoga\/","https:\/\/www.youtube.com\/channel\/UCuQTy-TOirHAZruDryEKTXQ","https:\/\/www.tiktok.com\/@lavisoundandyoga","https:\/\/open.spotify.com\/artist\/6lpTHiTkCOgxZ9BUonU0zM"]}]}},"jetpack_sharing_enabled":true,"_links":{"self":[{"href":"https:\/\/shop.lavi-soundandyoga.com\/es\/wp-json\/wp\/v2\/product\/2029","targetHints":{"allow":["GET"]}}],"collection":[{"href":"https:\/\/shop.lavi-soundandyoga.com\/es\/wp-json\/wp\/v2\/product"}],"about":[{"href":"https:\/\/shop.lavi-soundandyoga.com\/es\/wp-json\/wp\/v2\/types\/product"}],"replies":[{"embeddable":true,"href":"https:\/\/shop.lavi-soundandyoga.com\/es\/wp-json\/wp\/v2\/comments?post=2029"}],"wp:featuredmedia":[{"embeddable":true,"href":"https:\/\/shop.lavi-soundandyoga.com\/es\/wp-json\/wp\/v2\/media\/1478"}],"wp:attachment":[{"href":"https:\/\/shop.lavi-soundandyoga.com\/es\/wp-json\/wp\/v2\/media?parent=2029"}],"wp:term":[{"taxonomy":"product_brand","embeddable":true,"href":"https:\/\/shop.lavi-soundandyoga.com\/es\/wp-json\/wp\/v2\/product_brand?post=2029"},{"taxonomy":"product_cat","embeddable":true,"href":"https:\/\/shop.lavi-soundandyoga.com\/es\/wp-json\/wp\/v2\/product_cat?post=2029"},{"taxonomy":"product_tag","embeddable":true,"href":"https:\/\/shop.lavi-soundandyoga.com\/es\/wp-json\/wp\/v2\/product_tag?post=2029"}],"curies":[{"name":"wp","href":"https:\/\/api.w.org\/{rel}","templated":true}]}}