{"id":2037,"date":"2023-03-21T13:54:06","date_gmt":"2023-03-21T13:54:06","guid":{"rendered":"https:\/\/shop.lavi-soundandyoga.com\/product\/esencia-lakshmi"},"modified":"2023-03-21T13:54:06","modified_gmt":"2023-03-21T13:54:06","slug":"esencia-lakshmi","status":"publish","type":"product","link":"https:\/\/shop.lavi-soundandyoga.com\/es\/producto\/esencias\/esencia-lakshmi","title":{"rendered":"Esencia Lakshmi"},"content":{"rendered":"<p>Nuestra fragancia m\u00e1s vendida contiene notas de almizcle, s\u00e1ndalo y \u00e1mbar mezcladas con aceite de almendras dulces. NO utilizamos almizcle aut\u00e9ntico (ni ning\u00fan producto animal). Lakshmi obtiene su aroma almizclado de una mezcla de aceites como el pachul\u00ed, el \u00e1mbar y el incienso. El \u00e1mbar reconforta y drena la energ\u00eda negativa. El s\u00e1ndalo favorece la memoria, la salud y el sistema inmunitario y reduce la hipertensi\u00f3n. El pachul\u00ed combate la depresi\u00f3n y es afrodis\u00edaco, mientras que el incienso tiene un efecto estimulante y mejora el estado de \u00e1nimo.<br \/>\nEsta fragancia es unisex y es popular entre hombres y mujeres.     <\/p>\n<p>Todos nuestros aceites no contienen ni alcohol ni agua. Puedes aplicarlo f\u00e1cilmente y en cualquier lugar, ya que el frasco compacto de 9 ml tiene un suave aplicador roll-on sin fricci\u00f3n. Los productos de la L\u00ednea Diosa est\u00e1n hechos a mano en Nueva York, EE.UU., y se fabrican en peque\u00f1os lotes. El frasco y el envase son 100% reciclables y las esencias no contienen alcohol, parabenos ni crueldad.   <\/p>\n<p>La diosa <strong>Lakshmi<\/strong> simboliza la belleza, la abundancia y la riqueza. Es la personificaci\u00f3n de la felicidad y el amor, y es la consorte de Vishnu, el preservador. En Lakshmi se unen la belleza de la vida y la plena abundancia de rasgos positivos de car\u00e1cter.  <\/p>\n","protected":false},"excerpt":{"rendered":"<p>Lakshmi essence roll on - nuevo dise\u00f1o<\/p>\n<p>fabricado por The Goddess Line, Nueva York<\/p>\n<p>vegano, aceites puros sin alcohol, agua ni aditivos<\/p>\n<p>&nbsp;<\/p>\n","protected":false},"featured_media":1417,"comment_status":"closed","ping_status":"closed","template":"","meta":{"_acf_changed":false},"product_brand":[],"product_cat":[156],"product_tag":[],"class_list":{"0":"post-2037","1":"product","2":"type-product","3":"status-publish","4":"has-post-thumbnail","6":"product_cat-esencias","7":"product_shipping_class-prio","9":"first","10":"outofstock","11":"purchasable","12":"product-type-simple"},"acf":[],"yoast_head":"<!-- This site is optimized with the Yoast SEO plugin v24.5 - https:\/\/yoast.com\/wordpress\/plugins\/seo\/ -->\n<title>Esencia Lakshmi | LaVi - Sound &amp; Yoga<\/title>\n<meta name=\"description\" content=\"La esencia Lakshmi es una mezcla de fragancia de almizcle, s\u00e1ndalo y \u00e1mbar y est\u00e1 compuesta por aceites 100% naturales y org\u00e1nicos.\" \/>\n<meta name=\"robots\" content=\"index, follow, max-snippet:-1, max-image-preview:large, max-video-preview:-1\" \/>\n<link rel=\"canonical\" href=\"https:\/\/shop.lavi-soundandyoga.com\/es\/producto\/esencias\/esencia-lakshmi\" \/>\n<meta property=\"og:locale\" content=\"es_ES\" \/>\n<meta property=\"og:type\" content=\"article\" \/>\n<meta property=\"og:title\" content=\"Esencia Lakshmi | LaVi - Sound &amp; Yoga\" \/>\n<meta property=\"og:description\" content=\"La esencia Lakshmi es una mezcla de fragancia de almizcle, s\u00e1ndalo y \u00e1mbar y est\u00e1 compuesta por aceites 100% naturales y org\u00e1nicos.\" \/>\n<meta property=\"og:url\" content=\"https:\/\/shop.lavi-soundandyoga.com\/es\/producto\/esencias\/esencia-lakshmi\" \/>\n<meta property=\"og:site_name\" content=\"LaVi - Sound &amp; Yoga\" \/>\n<meta property=\"article:publisher\" content=\"https:\/\/www.facebook.com\/lavisoundandyoga\" \/>\n<meta property=\"og:image\" content=\"https:\/\/shop.lavi-soundandyoga.com\/wp-content\/uploads\/2023\/03\/side-lakshmi_1800x1800.webp\" \/>\n\t<meta property=\"og:image:width\" content=\"1800\" \/>\n\t<meta property=\"og:image:height\" content=\"1800\" \/>\n\t<meta property=\"og:image:type\" content=\"image\/webp\" \/>\n<meta name=\"twitter:card\" content=\"summary_large_image\" \/>\n<meta name=\"twitter:label1\" content=\"Tiempo de lectura\" \/>\n\t<meta name=\"twitter:data1\" content=\"1 minuto\" \/>\n<script type=\"application\/ld+json\" class=\"yoast-schema-graph\">{\"@context\":\"https:\/\/schema.org\",\"@graph\":[{\"@type\":[\"WebPage\",\"ItemPage\"],\"@id\":\"https:\/\/shop.lavi-soundandyoga.com\/es\/producto\/esencias\/esencia-lakshmi\",\"url\":\"https:\/\/shop.lavi-soundandyoga.com\/es\/producto\/esencias\/esencia-lakshmi\",\"name\":\"Esencia Lakshmi | LaVi - Sound &amp; Yoga\",\"isPartOf\":{\"@id\":\"https:\/\/shop.lavi-soundandyoga.com\/es#website\"},\"primaryImageOfPage\":{\"@id\":\"https:\/\/shop.lavi-soundandyoga.com\/es\/producto\/esencias\/esencia-lakshmi#primaryimage\"},\"image\":{\"@id\":\"https:\/\/shop.lavi-soundandyoga.com\/es\/producto\/esencias\/esencia-lakshmi#primaryimage\"},\"thumbnailUrl\":\"https:\/\/shop.lavi-soundandyoga.com\/wp-content\/uploads\/2023\/03\/side-lakshmi_1800x1800.webp\",\"datePublished\":\"2023-03-21T13:54:06+00:00\",\"description\":\"La esencia Lakshmi es una mezcla de fragancia de almizcle, s\u00e1ndalo y \u00e1mbar y est\u00e1 compuesta por aceites 100% naturales y org\u00e1nicos.\",\"breadcrumb\":{\"@id\":\"https:\/\/shop.lavi-soundandyoga.com\/es\/producto\/esencias\/esencia-lakshmi#breadcrumb\"},\"inLanguage\":\"es\",\"potentialAction\":[{\"@type\":\"ReadAction\",\"target\":[\"https:\/\/shop.lavi-soundandyoga.com\/es\/producto\/esencias\/esencia-lakshmi\"]}]},{\"@type\":\"ImageObject\",\"inLanguage\":\"es\",\"@id\":\"https:\/\/shop.lavi-soundandyoga.com\/es\/producto\/esencias\/esencia-lakshmi#primaryimage\",\"url\":\"https:\/\/shop.lavi-soundandyoga.com\/wp-content\/uploads\/2023\/03\/side-lakshmi_1800x1800.webp\",\"contentUrl\":\"https:\/\/shop.lavi-soundandyoga.com\/wp-content\/uploads\/2023\/03\/side-lakshmi_1800x1800.webp\",\"width\":1800,\"height\":1800,\"caption\":\"Esencia Lakshmi\"},{\"@type\":\"BreadcrumbList\",\"@id\":\"https:\/\/shop.lavi-soundandyoga.com\/es\/producto\/esencias\/esencia-lakshmi#breadcrumb\",\"itemListElement\":[{\"@type\":\"ListItem\",\"position\":1,\"name\":\"LaVi Shop\",\"item\":\"https:\/\/shop.lavi-soundandyoga.com\/es\/tienda\"},{\"@type\":\"ListItem\",\"position\":2,\"name\":\"Productos\",\"item\":\"https:\/\/shop.lavi-soundandyoga.com\/es\/shop\"},{\"@type\":\"ListItem\",\"position\":3,\"name\":\"Esencias\",\"item\":\"https:\/\/shop.lavi-soundandyoga.com\/es\/categoria-producto\/esencias\"},{\"@type\":\"ListItem\",\"position\":4,\"name\":\"Esencia Lakshmi\"}]},{\"@type\":\"WebSite\",\"@id\":\"https:\/\/shop.lavi-soundandyoga.com\/es#website\",\"url\":\"https:\/\/shop.lavi-soundandyoga.com\/es\",\"name\":\"LaVi Sound & Yoga\",\"description\":\"Yin Yoga and Sound Healing\",\"publisher\":{\"@id\":\"https:\/\/shop.lavi-soundandyoga.com\/es#organization\"},\"alternateName\":\"Lavi\",\"potentialAction\":[{\"@type\":\"SearchAction\",\"target\":{\"@type\":\"EntryPoint\",\"urlTemplate\":\"https:\/\/shop.lavi-soundandyoga.com\/es?s={search_term_string}\"},\"query-input\":{\"@type\":\"PropertyValueSpecification\",\"valueRequired\":true,\"valueName\":\"search_term_string\"}}],\"inLanguage\":\"es\"},{\"@type\":\"Organization\",\"@id\":\"https:\/\/shop.lavi-soundandyoga.com\/es#organization\",\"name\":\"LaVi Sound and Yoga\",\"alternateName\":\"LaVi\",\"url\":\"https:\/\/shop.lavi-soundandyoga.com\/es\",\"logo\":{\"@type\":\"ImageObject\",\"inLanguage\":\"es\",\"@id\":\"https:\/\/shop.lavi-soundandyoga.com\/es#\/schema\/logo\/image\/\",\"url\":\"https:\/\/shop.lavi-soundandyoga.com\/wp-content\/uploads\/2025\/01\/LaVi_LogoFINAL1.png\",\"contentUrl\":\"https:\/\/shop.lavi-soundandyoga.com\/wp-content\/uploads\/2025\/01\/LaVi_LogoFINAL1.png\",\"width\":343,\"height\":339,\"caption\":\"LaVi Sound and Yoga\"},\"image\":{\"@id\":\"https:\/\/shop.lavi-soundandyoga.com\/es#\/schema\/logo\/image\/\"},\"sameAs\":[\"https:\/\/www.facebook.com\/lavisoundandyoga\",\"https:\/\/www.instagram.com\/lavi_sound_and_yoga\/\",\"https:\/\/www.youtube.com\/channel\/UCuQTy-TOirHAZruDryEKTXQ\",\"https:\/\/www.tiktok.com\/@lavisoundandyoga\",\"https:\/\/open.spotify.com\/artist\/6lpTHiTkCOgxZ9BUonU0zM\"]}]}<\/script>\n<!-- \/ Yoast SEO plugin. -->","yoast_head_json":{"title":"Esencia Lakshmi | LaVi - Sound &amp; Yoga","description":"La esencia Lakshmi es una mezcla de fragancia de almizcle, s\u00e1ndalo y \u00e1mbar y est\u00e1 compuesta por aceites 100% naturales y org\u00e1nicos.","robots":{"index":"index","follow":"follow","max-snippet":"max-snippet:-1","max-image-preview":"max-image-preview:large","max-video-preview":"max-video-preview:-1"},"canonical":"https:\/\/shop.lavi-soundandyoga.com\/es\/producto\/esencias\/esencia-lakshmi","og_locale":"es_ES","og_type":"article","og_title":"Esencia Lakshmi | LaVi - Sound &amp; Yoga","og_description":"La esencia Lakshmi es una mezcla de fragancia de almizcle, s\u00e1ndalo y \u00e1mbar y est\u00e1 compuesta por aceites 100% naturales y org\u00e1nicos.","og_url":"https:\/\/shop.lavi-soundandyoga.com\/es\/producto\/esencias\/esencia-lakshmi","og_site_name":"LaVi - Sound &amp; Yoga","article_publisher":"https:\/\/www.facebook.com\/lavisoundandyoga","og_image":[{"width":1800,"height":1800,"url":"https:\/\/shop.lavi-soundandyoga.com\/wp-content\/uploads\/2023\/03\/side-lakshmi_1800x1800.webp","type":"image\/webp"}],"twitter_card":"summary_large_image","twitter_misc":{"Tiempo de lectura":"1 minuto"},"schema":{"@context":"https:\/\/schema.org","@graph":[{"@type":["WebPage","ItemPage"],"@id":"https:\/\/shop.lavi-soundandyoga.com\/es\/producto\/esencias\/esencia-lakshmi","url":"https:\/\/shop.lavi-soundandyoga.com\/es\/producto\/esencias\/esencia-lakshmi","name":"Esencia Lakshmi | LaVi - Sound &amp; Yoga","isPartOf":{"@id":"https:\/\/shop.lavi-soundandyoga.com\/es#website"},"primaryImageOfPage":{"@id":"https:\/\/shop.lavi-soundandyoga.com\/es\/producto\/esencias\/esencia-lakshmi#primaryimage"},"image":{"@id":"https:\/\/shop.lavi-soundandyoga.com\/es\/producto\/esencias\/esencia-lakshmi#primaryimage"},"thumbnailUrl":"https:\/\/shop.lavi-soundandyoga.com\/wp-content\/uploads\/2023\/03\/side-lakshmi_1800x1800.webp","datePublished":"2023-03-21T13:54:06+00:00","description":"La esencia Lakshmi es una mezcla de fragancia de almizcle, s\u00e1ndalo y \u00e1mbar y est\u00e1 compuesta por aceites 100% naturales y org\u00e1nicos.","breadcrumb":{"@id":"https:\/\/shop.lavi-soundandyoga.com\/es\/producto\/esencias\/esencia-lakshmi#breadcrumb"},"inLanguage":"es","potentialAction":[{"@type":"ReadAction","target":["https:\/\/shop.lavi-soundandyoga.com\/es\/producto\/esencias\/esencia-lakshmi"]}]},{"@type":"ImageObject","inLanguage":"es","@id":"https:\/\/shop.lavi-soundandyoga.com\/es\/producto\/esencias\/esencia-lakshmi#primaryimage","url":"https:\/\/shop.lavi-soundandyoga.com\/wp-content\/uploads\/2023\/03\/side-lakshmi_1800x1800.webp","contentUrl":"https:\/\/shop.lavi-soundandyoga.com\/wp-content\/uploads\/2023\/03\/side-lakshmi_1800x1800.webp","width":1800,"height":1800,"caption":"Esencia Lakshmi"},{"@type":"BreadcrumbList","@id":"https:\/\/shop.lavi-soundandyoga.com\/es\/producto\/esencias\/esencia-lakshmi#breadcrumb","itemListElement":[{"@type":"ListItem","position":1,"name":"LaVi Shop","item":"https:\/\/shop.lavi-soundandyoga.com\/es\/tienda"},{"@type":"ListItem","position":2,"name":"Productos","item":"https:\/\/shop.lavi-soundandyoga.com\/es\/shop"},{"@type":"ListItem","position":3,"name":"Esencias","item":"https:\/\/shop.lavi-soundandyoga.com\/es\/categoria-producto\/esencias"},{"@type":"ListItem","position":4,"name":"Esencia Lakshmi"}]},{"@type":"WebSite","@id":"https:\/\/shop.lavi-soundandyoga.com\/es#website","url":"https:\/\/shop.lavi-soundandyoga.com\/es","name":"LaVi Sound & Yoga","description":"Yin Yoga and Sound Healing","publisher":{"@id":"https:\/\/shop.lavi-soundandyoga.com\/es#organization"},"alternateName":"Lavi","potentialAction":[{"@type":"SearchAction","target":{"@type":"EntryPoint","urlTemplate":"https:\/\/shop.lavi-soundandyoga.com\/es?s={search_term_string}"},"query-input":{"@type":"PropertyValueSpecification","valueRequired":true,"valueName":"search_term_string"}}],"inLanguage":"es"},{"@type":"Organization","@id":"https:\/\/shop.lavi-soundandyoga.com\/es#organization","name":"LaVi Sound and Yoga","alternateName":"LaVi","url":"https:\/\/shop.lavi-soundandyoga.com\/es","logo":{"@type":"ImageObject","inLanguage":"es","@id":"https:\/\/shop.lavi-soundandyoga.com\/es#\/schema\/logo\/image\/","url":"https:\/\/shop.lavi-soundandyoga.com\/wp-content\/uploads\/2025\/01\/LaVi_LogoFINAL1.png","contentUrl":"https:\/\/shop.lavi-soundandyoga.com\/wp-content\/uploads\/2025\/01\/LaVi_LogoFINAL1.png","width":343,"height":339,"caption":"LaVi Sound and Yoga"},"image":{"@id":"https:\/\/shop.lavi-soundandyoga.com\/es#\/schema\/logo\/image\/"},"sameAs":["https:\/\/www.facebook.com\/lavisoundandyoga","https:\/\/www.instagram.com\/lavi_sound_and_yoga\/","https:\/\/www.youtube.com\/channel\/UCuQTy-TOirHAZruDryEKTXQ","https:\/\/www.tiktok.com\/@lavisoundandyoga","https:\/\/open.spotify.com\/artist\/6lpTHiTkCOgxZ9BUonU0zM"]}]}},"jetpack_sharing_enabled":true,"_links":{"self":[{"href":"https:\/\/shop.lavi-soundandyoga.com\/es\/wp-json\/wp\/v2\/product\/2037","targetHints":{"allow":["GET"]}}],"collection":[{"href":"https:\/\/shop.lavi-soundandyoga.com\/es\/wp-json\/wp\/v2\/product"}],"about":[{"href":"https:\/\/shop.lavi-soundandyoga.com\/es\/wp-json\/wp\/v2\/types\/product"}],"replies":[{"embeddable":true,"href":"https:\/\/shop.lavi-soundandyoga.com\/es\/wp-json\/wp\/v2\/comments?post=2037"}],"wp:featuredmedia":[{"embeddable":true,"href":"https:\/\/shop.lavi-soundandyoga.com\/es\/wp-json\/wp\/v2\/media\/1417"}],"wp:attachment":[{"href":"https:\/\/shop.lavi-soundandyoga.com\/es\/wp-json\/wp\/v2\/media?parent=2037"}],"wp:term":[{"taxonomy":"product_brand","embeddable":true,"href":"https:\/\/shop.lavi-soundandyoga.com\/es\/wp-json\/wp\/v2\/product_brand?post=2037"},{"taxonomy":"product_cat","embeddable":true,"href":"https:\/\/shop.lavi-soundandyoga.com\/es\/wp-json\/wp\/v2\/product_cat?post=2037"},{"taxonomy":"product_tag","embeddable":true,"href":"https:\/\/shop.lavi-soundandyoga.com\/es\/wp-json\/wp\/v2\/product_tag?post=2037"}],"curies":[{"name":"wp","href":"https:\/\/api.w.org\/{rel}","templated":true}]}}