{"id":2063,"date":"2024-12-03T12:42:29","date_gmt":"2024-12-03T12:42:29","guid":{"rendered":"https:\/\/shop.lavi-soundandyoga.com\/product\/juego-de-pulseras-toma-de-tierra"},"modified":"2024-12-03T12:42:29","modified_gmt":"2024-12-03T12:42:29","slug":"juego-de-pulseras-toma-de-tierra","status":"publish","type":"product","link":"https:\/\/shop.lavi-soundandyoga.com\/es\/producto\/pulseras\/juego-de-pulseras-toma-de-tierra","title":{"rendered":"Juego de pulseras - Toma de tierra"},"content":{"rendered":"<p>Nuestro juego de pulseras de ojo de tigre, \u00e1gata sulemani y s\u00e1ndalo es una maravillosa combinaci\u00f3n de calma y conexi\u00f3n. Un regalo maravilloso para tus seres queridos o para ti misma. <\/p>\n<p>Ojo de tigre rojo (ojo de buey) - la piedra del arraigo y la fuerza de voluntad<\/p>\n<ul>\n<li>El ojo de tigre rojo tambi\u00e9n se llama ojo de buey<\/li>\n<li>combina la energ\u00eda de la tierra con la energ\u00eda del sol para crear una fuerte conexi\u00f3n<\/li>\n<li>Armoniza los chakras inferiores en particular para crear la conexi\u00f3n a tierra<\/li>\n<li>buena influencia sobre nuestra fuerza de voluntad y apoya nuestra asertividad, valent\u00eda y aporta claridad a nuestras intenciones<\/li>\n<li>puede utilizarse para problemas de autoestima, autocr\u00edtica y creatividad bloqueada<\/li>\n<li>Emocionalmente, esta piedra equilibra nuestros lados yin y yang y estimula nuestro cuerpo emocional<\/li>\n<li>Alegra nuestro estado de \u00e1nimo y alivia la depresi\u00f3n y el letargo<\/li>\n<\/ul>\n<p>Sulemani Agat - Protecci\u00f3n y concentraci\u00f3n<\/p>\n<ul>\n<li>aumenta la confianza en uno mismo y se considera una piedra protectora<\/li>\n<li>excluye las energ\u00edas negativas que causan depresi\u00f3n, confusi\u00f3n e irritabilidad<\/li>\n<li>protege contra la negatividad de tu entorno y equilibra las energ\u00edas de tu cuerpo<\/li>\n<li>Aumenta la concentraci\u00f3n y la atenci\u00f3n<\/li>\n<\/ul>\n<p>&nbsp;<\/p>\n<div class=\"x11i5rnm xat24cr x1mh8g0r x1vvkbs xdj266r\">S\u00e1ndalo - meditaci\u00f3n profunda y paz interior<\/div>\n<div class=\"x11i5rnm xat24cr x1mh8g0r x1vvkbs xtlvy1s\"><\/div>\n<div class=\"x11i5rnm xat24cr x1mh8g0r x1vvkbs xtlvy1s\">favorece la meditaci\u00f3n y profundiza en la calma y la estabilidad de la mente se refuerza el poder de los deseos y se fomenta la comprensi\u00f3n, la alegr\u00eda y la apertura se estimula el chakra de la ra\u00edz y refuerza la confianza y la identidad propia el olor caracter\u00edstico, terroso y pesado, a la vez que dulce y dulz\u00f3n, tiene un efecto calmante, armonizador y equilibrante<\/div>\n<p>&nbsp;<\/p>\n<p>Todas las piedras apoyan nuestro chakra ra\u00edz. Favorecen la seguridad, el enraizamiento y la calma. <\/p>\n<p>&nbsp;<\/p>\n<p>Cada cuenta de este mala nos ofrece su propia belleza individual. Cada piedra est\u00e1 hecha a mano y es \u00fanica.<br \/>\nPor lo tanto, puede haber diferencias entre las piedras, lo que forma parte del origen natural. <\/p>\n<p>El uso de piedras para el bienestar no sustituye al tratamiento m\u00e9dico.<br \/>\nEl diagn\u00f3stico m\u00e9dico es esencial y debe continuarse el tratamiento.<br \/>\nToda esta informaci\u00f3n se proporciona sin garant\u00eda y LaVi Sound and Yoga no acepta ninguna responsabilidad.<\/p>\n","protected":false},"excerpt":{"rendered":"<p>Pulsera de piedra de ojo de tigre rojo, \u00e1gata Sulemani y madera de s\u00e1ndalo<\/p>\n<p>Para abrir y cerrar<\/p>\n<p>Cuentas Fabricada en Jaipur\/India<\/p>\n<p>Esta pulsera ha sido dise\u00f1ada y fabricada a mano en Alemania por LaVi Sound and Yoga<\/p>\n","protected":false},"featured_media":1765,"comment_status":"closed","ping_status":"closed","template":"","meta":{"_acf_changed":false},"product_brand":[],"product_cat":[180],"product_tag":[],"class_list":{"0":"post-2063","1":"product","2":"type-product","3":"status-publish","4":"has-post-thumbnail","6":"product_cat-pulseras","7":"product_shipping_class-prio","9":"first","10":"instock","11":"sale","12":"purchasable","13":"product-type-simple"},"acf":[],"yoast_head":"<!-- This site is optimized with the Yoast SEO plugin v24.5 - https:\/\/yoast.com\/wordpress\/plugins\/seo\/ -->\n<title>Juego de pulseras - Toma de tierra | LaVi - Sound &amp; Yoga<\/title>\n<meta name=\"description\" content=\"Pulsera de ojo de tigre rojo hecha a mano. Proporciona conexi\u00f3n a tierra, protecci\u00f3n y arraigo y es la piedra del chakra ra\u00edz.\" \/>\n<meta name=\"robots\" content=\"index, follow, max-snippet:-1, max-image-preview:large, max-video-preview:-1\" \/>\n<link rel=\"canonical\" href=\"https:\/\/shop.lavi-soundandyoga.com\/es\/producto\/pulseras\/juego-de-pulseras-toma-de-tierra\" \/>\n<meta property=\"og:locale\" content=\"es_ES\" \/>\n<meta property=\"og:type\" content=\"article\" \/>\n<meta property=\"og:title\" content=\"Juego de pulseras - Toma de tierra | LaVi - Sound &amp; Yoga\" \/>\n<meta property=\"og:description\" content=\"Pulsera de ojo de tigre rojo hecha a mano. Proporciona conexi\u00f3n a tierra, protecci\u00f3n y arraigo y es la piedra del chakra ra\u00edz.\" \/>\n<meta property=\"og:url\" content=\"https:\/\/shop.lavi-soundandyoga.com\/es\/producto\/pulseras\/juego-de-pulseras-toma-de-tierra\" \/>\n<meta property=\"og:site_name\" content=\"LaVi - Sound &amp; Yoga\" \/>\n<meta property=\"article:publisher\" content=\"https:\/\/www.facebook.com\/lavisoundandyoga\" \/>\n<meta property=\"og:image\" content=\"https:\/\/shop.lavi-soundandyoga.com\/wp-content\/uploads\/2024\/12\/bracMen-scaled.jpg\" \/>\n\t<meta property=\"og:image:width\" content=\"1920\" \/>\n\t<meta property=\"og:image:height\" content=\"2560\" \/>\n\t<meta property=\"og:image:type\" content=\"image\/jpeg\" \/>\n<meta name=\"twitter:card\" content=\"summary_large_image\" \/>\n<meta name=\"twitter:label1\" content=\"Tiempo de lectura\" \/>\n\t<meta name=\"twitter:data1\" content=\"2 minutos\" \/>\n<script type=\"application\/ld+json\" class=\"yoast-schema-graph\">{\"@context\":\"https:\/\/schema.org\",\"@graph\":[{\"@type\":[\"WebPage\",\"ItemPage\"],\"@id\":\"https:\/\/shop.lavi-soundandyoga.com\/es\/producto\/pulseras\/juego-de-pulseras-toma-de-tierra\",\"url\":\"https:\/\/shop.lavi-soundandyoga.com\/es\/producto\/pulseras\/juego-de-pulseras-toma-de-tierra\",\"name\":\"Juego de pulseras - Toma de tierra | LaVi - Sound &amp; Yoga\",\"isPartOf\":{\"@id\":\"https:\/\/shop.lavi-soundandyoga.com\/es#website\"},\"primaryImageOfPage\":{\"@id\":\"https:\/\/shop.lavi-soundandyoga.com\/es\/producto\/pulseras\/juego-de-pulseras-toma-de-tierra#primaryimage\"},\"image\":{\"@id\":\"https:\/\/shop.lavi-soundandyoga.com\/es\/producto\/pulseras\/juego-de-pulseras-toma-de-tierra#primaryimage\"},\"thumbnailUrl\":\"https:\/\/shop.lavi-soundandyoga.com\/wp-content\/uploads\/2024\/12\/bracMen-scaled.jpg\",\"datePublished\":\"2024-12-03T12:42:29+00:00\",\"description\":\"Pulsera de ojo de tigre rojo hecha a mano. Proporciona conexi\u00f3n a tierra, protecci\u00f3n y arraigo y es la piedra del chakra ra\u00edz.\",\"breadcrumb\":{\"@id\":\"https:\/\/shop.lavi-soundandyoga.com\/es\/producto\/pulseras\/juego-de-pulseras-toma-de-tierra#breadcrumb\"},\"inLanguage\":\"es\",\"potentialAction\":[{\"@type\":\"ReadAction\",\"target\":[\"https:\/\/shop.lavi-soundandyoga.com\/es\/producto\/pulseras\/juego-de-pulseras-toma-de-tierra\"]}]},{\"@type\":\"ImageObject\",\"inLanguage\":\"es\",\"@id\":\"https:\/\/shop.lavi-soundandyoga.com\/es\/producto\/pulseras\/juego-de-pulseras-toma-de-tierra#primaryimage\",\"url\":\"https:\/\/shop.lavi-soundandyoga.com\/wp-content\/uploads\/2024\/12\/bracMen-scaled.jpg\",\"contentUrl\":\"https:\/\/shop.lavi-soundandyoga.com\/wp-content\/uploads\/2024\/12\/bracMen-scaled.jpg\",\"width\":1920,\"height\":2560,\"caption\":\"bracMen\"},{\"@type\":\"BreadcrumbList\",\"@id\":\"https:\/\/shop.lavi-soundandyoga.com\/es\/producto\/pulseras\/juego-de-pulseras-toma-de-tierra#breadcrumb\",\"itemListElement\":[{\"@type\":\"ListItem\",\"position\":1,\"name\":\"LaVi Shop\",\"item\":\"https:\/\/shop.lavi-soundandyoga.com\/es\/tienda\"},{\"@type\":\"ListItem\",\"position\":2,\"name\":\"Productos\",\"item\":\"https:\/\/shop.lavi-soundandyoga.com\/es\/shop\"},{\"@type\":\"ListItem\",\"position\":3,\"name\":\"Edelstein Malas\",\"item\":\"https:\/\/shop.lavi-soundandyoga.com\/product-category\/edelstein-malas\"},{\"@type\":\"ListItem\",\"position\":4,\"name\":\"Pulseras\",\"item\":\"https:\/\/shop.lavi-soundandyoga.com\/es\/categoria-producto\/pulseras\"},{\"@type\":\"ListItem\",\"position\":5,\"name\":\"Juego de pulseras - Toma de tierra\"}]},{\"@type\":\"WebSite\",\"@id\":\"https:\/\/shop.lavi-soundandyoga.com\/es#website\",\"url\":\"https:\/\/shop.lavi-soundandyoga.com\/es\",\"name\":\"LaVi Sound & Yoga\",\"description\":\"Yin Yoga and Sound Healing\",\"publisher\":{\"@id\":\"https:\/\/shop.lavi-soundandyoga.com\/es#organization\"},\"alternateName\":\"Lavi\",\"potentialAction\":[{\"@type\":\"SearchAction\",\"target\":{\"@type\":\"EntryPoint\",\"urlTemplate\":\"https:\/\/shop.lavi-soundandyoga.com\/es?s={search_term_string}\"},\"query-input\":{\"@type\":\"PropertyValueSpecification\",\"valueRequired\":true,\"valueName\":\"search_term_string\"}}],\"inLanguage\":\"es\"},{\"@type\":\"Organization\",\"@id\":\"https:\/\/shop.lavi-soundandyoga.com\/es#organization\",\"name\":\"LaVi Sound and Yoga\",\"alternateName\":\"LaVi\",\"url\":\"https:\/\/shop.lavi-soundandyoga.com\/es\",\"logo\":{\"@type\":\"ImageObject\",\"inLanguage\":\"es\",\"@id\":\"https:\/\/shop.lavi-soundandyoga.com\/es#\/schema\/logo\/image\/\",\"url\":\"https:\/\/shop.lavi-soundandyoga.com\/wp-content\/uploads\/2025\/01\/LaVi_LogoFINAL1.png\",\"contentUrl\":\"https:\/\/shop.lavi-soundandyoga.com\/wp-content\/uploads\/2025\/01\/LaVi_LogoFINAL1.png\",\"width\":343,\"height\":339,\"caption\":\"LaVi Sound and Yoga\"},\"image\":{\"@id\":\"https:\/\/shop.lavi-soundandyoga.com\/es#\/schema\/logo\/image\/\"},\"sameAs\":[\"https:\/\/www.facebook.com\/lavisoundandyoga\",\"https:\/\/www.instagram.com\/lavi_sound_and_yoga\/\",\"https:\/\/www.youtube.com\/channel\/UCuQTy-TOirHAZruDryEKTXQ\",\"https:\/\/www.tiktok.com\/@lavisoundandyoga\",\"https:\/\/open.spotify.com\/artist\/6lpTHiTkCOgxZ9BUonU0zM\"]}]}<\/script>\n<!-- \/ Yoast SEO plugin. -->","yoast_head_json":{"title":"Juego de pulseras - Toma de tierra | LaVi - Sound &amp; Yoga","description":"Pulsera de ojo de tigre rojo hecha a mano. Proporciona conexi\u00f3n a tierra, protecci\u00f3n y arraigo y es la piedra del chakra ra\u00edz.","robots":{"index":"index","follow":"follow","max-snippet":"max-snippet:-1","max-image-preview":"max-image-preview:large","max-video-preview":"max-video-preview:-1"},"canonical":"https:\/\/shop.lavi-soundandyoga.com\/es\/producto\/pulseras\/juego-de-pulseras-toma-de-tierra","og_locale":"es_ES","og_type":"article","og_title":"Juego de pulseras - Toma de tierra | LaVi - Sound &amp; Yoga","og_description":"Pulsera de ojo de tigre rojo hecha a mano. Proporciona conexi\u00f3n a tierra, protecci\u00f3n y arraigo y es la piedra del chakra ra\u00edz.","og_url":"https:\/\/shop.lavi-soundandyoga.com\/es\/producto\/pulseras\/juego-de-pulseras-toma-de-tierra","og_site_name":"LaVi - Sound &amp; Yoga","article_publisher":"https:\/\/www.facebook.com\/lavisoundandyoga","og_image":[{"width":1920,"height":2560,"url":"https:\/\/shop.lavi-soundandyoga.com\/wp-content\/uploads\/2024\/12\/bracMen-scaled.jpg","type":"image\/jpeg"}],"twitter_card":"summary_large_image","twitter_misc":{"Tiempo de lectura":"2 minutos"},"schema":{"@context":"https:\/\/schema.org","@graph":[{"@type":["WebPage","ItemPage"],"@id":"https:\/\/shop.lavi-soundandyoga.com\/es\/producto\/pulseras\/juego-de-pulseras-toma-de-tierra","url":"https:\/\/shop.lavi-soundandyoga.com\/es\/producto\/pulseras\/juego-de-pulseras-toma-de-tierra","name":"Juego de pulseras - Toma de tierra | LaVi - Sound &amp; Yoga","isPartOf":{"@id":"https:\/\/shop.lavi-soundandyoga.com\/es#website"},"primaryImageOfPage":{"@id":"https:\/\/shop.lavi-soundandyoga.com\/es\/producto\/pulseras\/juego-de-pulseras-toma-de-tierra#primaryimage"},"image":{"@id":"https:\/\/shop.lavi-soundandyoga.com\/es\/producto\/pulseras\/juego-de-pulseras-toma-de-tierra#primaryimage"},"thumbnailUrl":"https:\/\/shop.lavi-soundandyoga.com\/wp-content\/uploads\/2024\/12\/bracMen-scaled.jpg","datePublished":"2024-12-03T12:42:29+00:00","description":"Pulsera de ojo de tigre rojo hecha a mano. Proporciona conexi\u00f3n a tierra, protecci\u00f3n y arraigo y es la piedra del chakra ra\u00edz.","breadcrumb":{"@id":"https:\/\/shop.lavi-soundandyoga.com\/es\/producto\/pulseras\/juego-de-pulseras-toma-de-tierra#breadcrumb"},"inLanguage":"es","potentialAction":[{"@type":"ReadAction","target":["https:\/\/shop.lavi-soundandyoga.com\/es\/producto\/pulseras\/juego-de-pulseras-toma-de-tierra"]}]},{"@type":"ImageObject","inLanguage":"es","@id":"https:\/\/shop.lavi-soundandyoga.com\/es\/producto\/pulseras\/juego-de-pulseras-toma-de-tierra#primaryimage","url":"https:\/\/shop.lavi-soundandyoga.com\/wp-content\/uploads\/2024\/12\/bracMen-scaled.jpg","contentUrl":"https:\/\/shop.lavi-soundandyoga.com\/wp-content\/uploads\/2024\/12\/bracMen-scaled.jpg","width":1920,"height":2560,"caption":"bracMen"},{"@type":"BreadcrumbList","@id":"https:\/\/shop.lavi-soundandyoga.com\/es\/producto\/pulseras\/juego-de-pulseras-toma-de-tierra#breadcrumb","itemListElement":[{"@type":"ListItem","position":1,"name":"LaVi Shop","item":"https:\/\/shop.lavi-soundandyoga.com\/es\/tienda"},{"@type":"ListItem","position":2,"name":"Productos","item":"https:\/\/shop.lavi-soundandyoga.com\/es\/shop"},{"@type":"ListItem","position":3,"name":"Edelstein Malas","item":"https:\/\/shop.lavi-soundandyoga.com\/product-category\/edelstein-malas"},{"@type":"ListItem","position":4,"name":"Pulseras","item":"https:\/\/shop.lavi-soundandyoga.com\/es\/categoria-producto\/pulseras"},{"@type":"ListItem","position":5,"name":"Juego de pulseras - Toma de tierra"}]},{"@type":"WebSite","@id":"https:\/\/shop.lavi-soundandyoga.com\/es#website","url":"https:\/\/shop.lavi-soundandyoga.com\/es","name":"LaVi Sound & Yoga","description":"Yin Yoga and Sound Healing","publisher":{"@id":"https:\/\/shop.lavi-soundandyoga.com\/es#organization"},"alternateName":"Lavi","potentialAction":[{"@type":"SearchAction","target":{"@type":"EntryPoint","urlTemplate":"https:\/\/shop.lavi-soundandyoga.com\/es?s={search_term_string}"},"query-input":{"@type":"PropertyValueSpecification","valueRequired":true,"valueName":"search_term_string"}}],"inLanguage":"es"},{"@type":"Organization","@id":"https:\/\/shop.lavi-soundandyoga.com\/es#organization","name":"LaVi Sound and Yoga","alternateName":"LaVi","url":"https:\/\/shop.lavi-soundandyoga.com\/es","logo":{"@type":"ImageObject","inLanguage":"es","@id":"https:\/\/shop.lavi-soundandyoga.com\/es#\/schema\/logo\/image\/","url":"https:\/\/shop.lavi-soundandyoga.com\/wp-content\/uploads\/2025\/01\/LaVi_LogoFINAL1.png","contentUrl":"https:\/\/shop.lavi-soundandyoga.com\/wp-content\/uploads\/2025\/01\/LaVi_LogoFINAL1.png","width":343,"height":339,"caption":"LaVi Sound and Yoga"},"image":{"@id":"https:\/\/shop.lavi-soundandyoga.com\/es#\/schema\/logo\/image\/"},"sameAs":["https:\/\/www.facebook.com\/lavisoundandyoga","https:\/\/www.instagram.com\/lavi_sound_and_yoga\/","https:\/\/www.youtube.com\/channel\/UCuQTy-TOirHAZruDryEKTXQ","https:\/\/www.tiktok.com\/@lavisoundandyoga","https:\/\/open.spotify.com\/artist\/6lpTHiTkCOgxZ9BUonU0zM"]}]}},"jetpack_sharing_enabled":true,"_links":{"self":[{"href":"https:\/\/shop.lavi-soundandyoga.com\/es\/wp-json\/wp\/v2\/product\/2063","targetHints":{"allow":["GET"]}}],"collection":[{"href":"https:\/\/shop.lavi-soundandyoga.com\/es\/wp-json\/wp\/v2\/product"}],"about":[{"href":"https:\/\/shop.lavi-soundandyoga.com\/es\/wp-json\/wp\/v2\/types\/product"}],"replies":[{"embeddable":true,"href":"https:\/\/shop.lavi-soundandyoga.com\/es\/wp-json\/wp\/v2\/comments?post=2063"}],"wp:featuredmedia":[{"embeddable":true,"href":"https:\/\/shop.lavi-soundandyoga.com\/es\/wp-json\/wp\/v2\/media\/1765"}],"wp:attachment":[{"href":"https:\/\/shop.lavi-soundandyoga.com\/es\/wp-json\/wp\/v2\/media?parent=2063"}],"wp:term":[{"taxonomy":"product_brand","embeddable":true,"href":"https:\/\/shop.lavi-soundandyoga.com\/es\/wp-json\/wp\/v2\/product_brand?post=2063"},{"taxonomy":"product_cat","embeddable":true,"href":"https:\/\/shop.lavi-soundandyoga.com\/es\/wp-json\/wp\/v2\/product_cat?post=2063"},{"taxonomy":"product_tag","embeddable":true,"href":"https:\/\/shop.lavi-soundandyoga.com\/es\/wp-json\/wp\/v2\/product_tag?post=2063"}],"curies":[{"name":"wp","href":"https:\/\/api.w.org\/{rel}","templated":true}]}}