{"id":2068,"date":"2024-11-16T14:56:04","date_gmt":"2024-11-16T14:56:04","guid":{"rendered":"https:\/\/shop.lavi-soundandyoga.com\/product\/renacimiento-de-sansula"},"modified":"2024-11-16T14:56:04","modified_gmt":"2024-11-16T14:56:04","slug":"renacimiento-de-sansula","status":"publish","type":"product","link":"https:\/\/shop.lavi-soundandyoga.com\/es\/producto\/instrumentos-de-curacion-por-sonido\/sansula-y-kalimba\/renacimiento-de-sansula","title":{"rendered":"Renacimiento de Sansula"},"content":{"rendered":"<p><span style=\"font-weight: 400;\">La sansula -un invento patentado de HOKEMA- es un nuevo desarrollo de la kalimba (tambi\u00e9n conocida como sansa o mbira), originaria del sur de \u00c1frica. Las kalimbas son instrumentos de leng\u00fceta que se puntean con los pulgares o los dedos. <\/span><\/p>\n<p><span style=\"font-weight: 400;\">En \u00c1frica, se pueden encontrar en innumerables formas y dise\u00f1os, en los que la vibraci\u00f3n de la lengua se amplifica de diversas maneras (por ejemplo, sobre una caja de resonancia, un cuerpo hueco como una calabaza calabash o simplemente un trozo de madera maciza).<\/span><\/p>\n<p><span style=\"font-weight: 400;\">Con la sansula, la vibraci\u00f3n de la lengua se \u00abalmacena\u00bb primero en un bloque de madera, que luego la transmite a una membrana sonora. De este modo, el sonido puede o\u00edrse durante mucho m\u00e1s tiempo que con otros m\u00e9todos de amplificaci\u00f3n del sonido. Con el apoyo de la afinaci\u00f3n -las octavas est\u00e1n muy juntas- se produce un sonido maravilloso, meloso y rico en sobretonos, que es f\u00e1cil de obtener del instrumento.  <\/span><\/p>\n<p><span style=\"font-weight: 400;\">A menor ( a&#8217; - c\u00bb - c&#8217; - a&#8217; - a - f&#8217; - e&#8217; - e\u00bb - b&#8217; )<\/span><\/p>\n<p><span style=\"font-weight: 400;\">Cuerpo: De cerezo americano macizo<\/span><span style=\"font-weight: 400;\"><br \/>\n<\/span><span style=\"font-weight: 400;\">Material de la membrana: De pl\u00e1stico - parche de tambor de REMO<\/span><span style=\"font-weight: 400;\"><br \/>\n<\/span><span style=\"font-weight: 400;\">Dimensiones: 198 x 155 x 67 mm<\/span><span style=\"font-weight: 400;\"><br \/>\n<\/span><span style=\"font-weight: 400;\">Peso: 320 g<\/span><\/p>\n<p><br style=\"font-weight: 400;\"><br style=\"font-weight: 400;\"><\/p>\n","protected":false},"excerpt":{"rendered":"<p><span style=\"font-weight: 400;\">Sensula Renacimiento<\/span><\/p>\n<p><span style=\"font-weight: 400;\">Dimensiones: 198 x 155 x 67 mm<\/span><\/p>\n<p><span style=\"font-weight: 400;\">Maravilloso para usar en clases de yoga, sanaci\u00f3n por sonido o relajaci\u00f3n.<\/span><\/p>\n<p><br style=\"font-weight: 400;\"><br style=\"font-weight: 400;\"><\/p>\n","protected":false},"featured_media":2275,"comment_status":"closed","ping_status":"closed","template":"","meta":{"_acf_changed":false},"product_brand":[],"product_cat":[170,179],"product_tag":[],"class_list":{"0":"post-2068","1":"product","2":"type-product","3":"status-publish","4":"has-post-thumbnail","6":"product_cat-instrumentos-de-curacion-por-sonido","7":"product_cat-sansula-y-kalimba","8":"product_shipping_class-paquete-l","10":"first","11":"instock","12":"taxable","13":"shipping-taxable","14":"purchasable","15":"product-type-simple"},"acf":[],"yoast_head":"<!-- This site is optimized with the Yoast SEO plugin v24.5 - https:\/\/yoast.com\/wordpress\/plugins\/seo\/ -->\n<title>Renacimiento de Sansula | LaVi - Sound &amp; Yoga<\/title>\n<meta name=\"robots\" content=\"index, follow, max-snippet:-1, max-image-preview:large, max-video-preview:-1\" \/>\n<link rel=\"canonical\" href=\"https:\/\/shop.lavi-soundandyoga.com\/es\/producto\/instrumentos-de-curacion-por-sonido\/sansula-y-kalimba\/renacimiento-de-sansula\" \/>\n<meta property=\"og:locale\" content=\"es_ES\" \/>\n<meta property=\"og:type\" content=\"article\" \/>\n<meta property=\"og:title\" content=\"Renacimiento de Sansula | LaVi - Sound &amp; Yoga\" \/>\n<meta property=\"og:description\" content=\"Sensula Renacimiento Dimensiones: 198 x 155 x 67 mm Maravilloso para usar en clases de yoga, sanaci\u00f3n por sonido o relajaci\u00f3n.\" \/>\n<meta property=\"og:url\" content=\"https:\/\/shop.lavi-soundandyoga.com\/es\/producto\/instrumentos-de-curacion-por-sonido\/sansula-y-kalimba\/renacimiento-de-sansula\" \/>\n<meta property=\"og:site_name\" content=\"LaVi - Sound &amp; Yoga\" \/>\n<meta property=\"article:publisher\" content=\"https:\/\/www.facebook.com\/lavisoundandyoga\" \/>\n<meta property=\"og:image\" content=\"https:\/\/shop.lavi-soundandyoga.com\/wp-content\/uploads\/2024\/11\/Sensula-Renaissance.png\" \/>\n\t<meta property=\"og:image:width\" content=\"1200\" \/>\n\t<meta property=\"og:image:height\" content=\"1600\" \/>\n\t<meta property=\"og:image:type\" content=\"image\/png\" \/>\n<meta name=\"twitter:card\" content=\"summary_large_image\" \/>\n<meta name=\"twitter:label1\" content=\"Tiempo de lectura\" \/>\n\t<meta name=\"twitter:data1\" content=\"1 minuto\" \/>\n<script type=\"application\/ld+json\" class=\"yoast-schema-graph\">{\"@context\":\"https:\/\/schema.org\",\"@graph\":[{\"@type\":[\"WebPage\",\"ItemPage\"],\"@id\":\"https:\/\/shop.lavi-soundandyoga.com\/es\/producto\/instrumentos-de-curacion-por-sonido\/sansula-y-kalimba\/renacimiento-de-sansula\",\"url\":\"https:\/\/shop.lavi-soundandyoga.com\/es\/producto\/instrumentos-de-curacion-por-sonido\/sansula-y-kalimba\/renacimiento-de-sansula\",\"name\":\"Renacimiento de Sansula | LaVi - Sound &amp; Yoga\",\"isPartOf\":{\"@id\":\"https:\/\/shop.lavi-soundandyoga.com\/es#website\"},\"primaryImageOfPage\":{\"@id\":\"https:\/\/shop.lavi-soundandyoga.com\/es\/producto\/instrumentos-de-curacion-por-sonido\/sansula-y-kalimba\/renacimiento-de-sansula#primaryimage\"},\"image\":{\"@id\":\"https:\/\/shop.lavi-soundandyoga.com\/es\/producto\/instrumentos-de-curacion-por-sonido\/sansula-y-kalimba\/renacimiento-de-sansula#primaryimage\"},\"thumbnailUrl\":\"https:\/\/shop.lavi-soundandyoga.com\/wp-content\/uploads\/2024\/11\/Sensula-Renaissance.png\",\"datePublished\":\"2024-11-16T14:56:04+00:00\",\"breadcrumb\":{\"@id\":\"https:\/\/shop.lavi-soundandyoga.com\/es\/producto\/instrumentos-de-curacion-por-sonido\/sansula-y-kalimba\/renacimiento-de-sansula#breadcrumb\"},\"inLanguage\":\"es\",\"potentialAction\":[{\"@type\":\"ReadAction\",\"target\":[\"https:\/\/shop.lavi-soundandyoga.com\/es\/producto\/instrumentos-de-curacion-por-sonido\/sansula-y-kalimba\/renacimiento-de-sansula\"]}]},{\"@type\":\"ImageObject\",\"inLanguage\":\"es\",\"@id\":\"https:\/\/shop.lavi-soundandyoga.com\/es\/producto\/instrumentos-de-curacion-por-sonido\/sansula-y-kalimba\/renacimiento-de-sansula#primaryimage\",\"url\":\"https:\/\/shop.lavi-soundandyoga.com\/wp-content\/uploads\/2024\/11\/Sensula-Renaissance.png\",\"contentUrl\":\"https:\/\/shop.lavi-soundandyoga.com\/wp-content\/uploads\/2024\/11\/Sensula-Renaissance.png\",\"width\":1200,\"height\":1600},{\"@type\":\"BreadcrumbList\",\"@id\":\"https:\/\/shop.lavi-soundandyoga.com\/es\/producto\/instrumentos-de-curacion-por-sonido\/sansula-y-kalimba\/renacimiento-de-sansula#breadcrumb\",\"itemListElement\":[{\"@type\":\"ListItem\",\"position\":1,\"name\":\"LaVi Shop\",\"item\":\"https:\/\/shop.lavi-soundandyoga.com\/es\/tienda\"},{\"@type\":\"ListItem\",\"position\":2,\"name\":\"Productos\",\"item\":\"https:\/\/shop.lavi-soundandyoga.com\/es\/shop\"},{\"@type\":\"ListItem\",\"position\":3,\"name\":\"Instrumentos de curaci\u00f3n por sonido\",\"item\":\"https:\/\/shop.lavi-soundandyoga.com\/es\/categoria-producto\/instrumentos-de-curacion-por-sonido\"},{\"@type\":\"ListItem\",\"position\":4,\"name\":\"Sansula y Kalimba\",\"item\":\"https:\/\/shop.lavi-soundandyoga.com\/es\/categoria-producto\/instrumentos-de-curacion-por-sonido\/sansula-y-kalimba\"},{\"@type\":\"ListItem\",\"position\":5,\"name\":\"Renacimiento de Sansula\"}]},{\"@type\":\"WebSite\",\"@id\":\"https:\/\/shop.lavi-soundandyoga.com\/es#website\",\"url\":\"https:\/\/shop.lavi-soundandyoga.com\/es\",\"name\":\"LaVi Sound & Yoga\",\"description\":\"Yin Yoga and Sound Healing\",\"publisher\":{\"@id\":\"https:\/\/shop.lavi-soundandyoga.com\/es#organization\"},\"alternateName\":\"Lavi\",\"potentialAction\":[{\"@type\":\"SearchAction\",\"target\":{\"@type\":\"EntryPoint\",\"urlTemplate\":\"https:\/\/shop.lavi-soundandyoga.com\/es?s={search_term_string}\"},\"query-input\":{\"@type\":\"PropertyValueSpecification\",\"valueRequired\":true,\"valueName\":\"search_term_string\"}}],\"inLanguage\":\"es\"},{\"@type\":\"Organization\",\"@id\":\"https:\/\/shop.lavi-soundandyoga.com\/es#organization\",\"name\":\"LaVi Sound and Yoga\",\"alternateName\":\"LaVi\",\"url\":\"https:\/\/shop.lavi-soundandyoga.com\/es\",\"logo\":{\"@type\":\"ImageObject\",\"inLanguage\":\"es\",\"@id\":\"https:\/\/shop.lavi-soundandyoga.com\/es#\/schema\/logo\/image\/\",\"url\":\"https:\/\/shop.lavi-soundandyoga.com\/wp-content\/uploads\/2025\/01\/LaVi_LogoFINAL1.png\",\"contentUrl\":\"https:\/\/shop.lavi-soundandyoga.com\/wp-content\/uploads\/2025\/01\/LaVi_LogoFINAL1.png\",\"width\":343,\"height\":339,\"caption\":\"LaVi Sound and Yoga\"},\"image\":{\"@id\":\"https:\/\/shop.lavi-soundandyoga.com\/es#\/schema\/logo\/image\/\"},\"sameAs\":[\"https:\/\/www.facebook.com\/lavisoundandyoga\",\"https:\/\/www.instagram.com\/lavi_sound_and_yoga\/\",\"https:\/\/www.youtube.com\/channel\/UCuQTy-TOirHAZruDryEKTXQ\",\"https:\/\/www.tiktok.com\/@lavisoundandyoga\",\"https:\/\/open.spotify.com\/artist\/6lpTHiTkCOgxZ9BUonU0zM\"]}]}<\/script>\n<!-- \/ Yoast SEO plugin. -->","yoast_head_json":{"title":"Renacimiento de Sansula | LaVi - Sound &amp; Yoga","robots":{"index":"index","follow":"follow","max-snippet":"max-snippet:-1","max-image-preview":"max-image-preview:large","max-video-preview":"max-video-preview:-1"},"canonical":"https:\/\/shop.lavi-soundandyoga.com\/es\/producto\/instrumentos-de-curacion-por-sonido\/sansula-y-kalimba\/renacimiento-de-sansula","og_locale":"es_ES","og_type":"article","og_title":"Renacimiento de Sansula | LaVi - Sound &amp; Yoga","og_description":"Sensula Renacimiento Dimensiones: 198 x 155 x 67 mm Maravilloso para usar en clases de yoga, sanaci\u00f3n por sonido o relajaci\u00f3n.","og_url":"https:\/\/shop.lavi-soundandyoga.com\/es\/producto\/instrumentos-de-curacion-por-sonido\/sansula-y-kalimba\/renacimiento-de-sansula","og_site_name":"LaVi - Sound &amp; Yoga","article_publisher":"https:\/\/www.facebook.com\/lavisoundandyoga","og_image":[{"width":1200,"height":1600,"url":"https:\/\/shop.lavi-soundandyoga.com\/wp-content\/uploads\/2024\/11\/Sensula-Renaissance.png","type":"image\/png"}],"twitter_card":"summary_large_image","twitter_misc":{"Tiempo de lectura":"1 minuto"},"schema":{"@context":"https:\/\/schema.org","@graph":[{"@type":["WebPage","ItemPage"],"@id":"https:\/\/shop.lavi-soundandyoga.com\/es\/producto\/instrumentos-de-curacion-por-sonido\/sansula-y-kalimba\/renacimiento-de-sansula","url":"https:\/\/shop.lavi-soundandyoga.com\/es\/producto\/instrumentos-de-curacion-por-sonido\/sansula-y-kalimba\/renacimiento-de-sansula","name":"Renacimiento de Sansula | LaVi - Sound &amp; Yoga","isPartOf":{"@id":"https:\/\/shop.lavi-soundandyoga.com\/es#website"},"primaryImageOfPage":{"@id":"https:\/\/shop.lavi-soundandyoga.com\/es\/producto\/instrumentos-de-curacion-por-sonido\/sansula-y-kalimba\/renacimiento-de-sansula#primaryimage"},"image":{"@id":"https:\/\/shop.lavi-soundandyoga.com\/es\/producto\/instrumentos-de-curacion-por-sonido\/sansula-y-kalimba\/renacimiento-de-sansula#primaryimage"},"thumbnailUrl":"https:\/\/shop.lavi-soundandyoga.com\/wp-content\/uploads\/2024\/11\/Sensula-Renaissance.png","datePublished":"2024-11-16T14:56:04+00:00","breadcrumb":{"@id":"https:\/\/shop.lavi-soundandyoga.com\/es\/producto\/instrumentos-de-curacion-por-sonido\/sansula-y-kalimba\/renacimiento-de-sansula#breadcrumb"},"inLanguage":"es","potentialAction":[{"@type":"ReadAction","target":["https:\/\/shop.lavi-soundandyoga.com\/es\/producto\/instrumentos-de-curacion-por-sonido\/sansula-y-kalimba\/renacimiento-de-sansula"]}]},{"@type":"ImageObject","inLanguage":"es","@id":"https:\/\/shop.lavi-soundandyoga.com\/es\/producto\/instrumentos-de-curacion-por-sonido\/sansula-y-kalimba\/renacimiento-de-sansula#primaryimage","url":"https:\/\/shop.lavi-soundandyoga.com\/wp-content\/uploads\/2024\/11\/Sensula-Renaissance.png","contentUrl":"https:\/\/shop.lavi-soundandyoga.com\/wp-content\/uploads\/2024\/11\/Sensula-Renaissance.png","width":1200,"height":1600},{"@type":"BreadcrumbList","@id":"https:\/\/shop.lavi-soundandyoga.com\/es\/producto\/instrumentos-de-curacion-por-sonido\/sansula-y-kalimba\/renacimiento-de-sansula#breadcrumb","itemListElement":[{"@type":"ListItem","position":1,"name":"LaVi Shop","item":"https:\/\/shop.lavi-soundandyoga.com\/es\/tienda"},{"@type":"ListItem","position":2,"name":"Productos","item":"https:\/\/shop.lavi-soundandyoga.com\/es\/shop"},{"@type":"ListItem","position":3,"name":"Instrumentos de curaci\u00f3n por sonido","item":"https:\/\/shop.lavi-soundandyoga.com\/es\/categoria-producto\/instrumentos-de-curacion-por-sonido"},{"@type":"ListItem","position":4,"name":"Sansula y Kalimba","item":"https:\/\/shop.lavi-soundandyoga.com\/es\/categoria-producto\/instrumentos-de-curacion-por-sonido\/sansula-y-kalimba"},{"@type":"ListItem","position":5,"name":"Renacimiento de Sansula"}]},{"@type":"WebSite","@id":"https:\/\/shop.lavi-soundandyoga.com\/es#website","url":"https:\/\/shop.lavi-soundandyoga.com\/es","name":"LaVi Sound & Yoga","description":"Yin Yoga and Sound Healing","publisher":{"@id":"https:\/\/shop.lavi-soundandyoga.com\/es#organization"},"alternateName":"Lavi","potentialAction":[{"@type":"SearchAction","target":{"@type":"EntryPoint","urlTemplate":"https:\/\/shop.lavi-soundandyoga.com\/es?s={search_term_string}"},"query-input":{"@type":"PropertyValueSpecification","valueRequired":true,"valueName":"search_term_string"}}],"inLanguage":"es"},{"@type":"Organization","@id":"https:\/\/shop.lavi-soundandyoga.com\/es#organization","name":"LaVi Sound and Yoga","alternateName":"LaVi","url":"https:\/\/shop.lavi-soundandyoga.com\/es","logo":{"@type":"ImageObject","inLanguage":"es","@id":"https:\/\/shop.lavi-soundandyoga.com\/es#\/schema\/logo\/image\/","url":"https:\/\/shop.lavi-soundandyoga.com\/wp-content\/uploads\/2025\/01\/LaVi_LogoFINAL1.png","contentUrl":"https:\/\/shop.lavi-soundandyoga.com\/wp-content\/uploads\/2025\/01\/LaVi_LogoFINAL1.png","width":343,"height":339,"caption":"LaVi Sound and Yoga"},"image":{"@id":"https:\/\/shop.lavi-soundandyoga.com\/es#\/schema\/logo\/image\/"},"sameAs":["https:\/\/www.facebook.com\/lavisoundandyoga","https:\/\/www.instagram.com\/lavi_sound_and_yoga\/","https:\/\/www.youtube.com\/channel\/UCuQTy-TOirHAZruDryEKTXQ","https:\/\/www.tiktok.com\/@lavisoundandyoga","https:\/\/open.spotify.com\/artist\/6lpTHiTkCOgxZ9BUonU0zM"]}]}},"jetpack_sharing_enabled":true,"_links":{"self":[{"href":"https:\/\/shop.lavi-soundandyoga.com\/es\/wp-json\/wp\/v2\/product\/2068","targetHints":{"allow":["GET"]}}],"collection":[{"href":"https:\/\/shop.lavi-soundandyoga.com\/es\/wp-json\/wp\/v2\/product"}],"about":[{"href":"https:\/\/shop.lavi-soundandyoga.com\/es\/wp-json\/wp\/v2\/types\/product"}],"replies":[{"embeddable":true,"href":"https:\/\/shop.lavi-soundandyoga.com\/es\/wp-json\/wp\/v2\/comments?post=2068"}],"wp:featuredmedia":[{"embeddable":true,"href":"https:\/\/shop.lavi-soundandyoga.com\/es\/wp-json\/wp\/v2\/media\/2275"}],"wp:attachment":[{"href":"https:\/\/shop.lavi-soundandyoga.com\/es\/wp-json\/wp\/v2\/media?parent=2068"}],"wp:term":[{"taxonomy":"product_brand","embeddable":true,"href":"https:\/\/shop.lavi-soundandyoga.com\/es\/wp-json\/wp\/v2\/product_brand?post=2068"},{"taxonomy":"product_cat","embeddable":true,"href":"https:\/\/shop.lavi-soundandyoga.com\/es\/wp-json\/wp\/v2\/product_cat?post=2068"},{"taxonomy":"product_tag","embeddable":true,"href":"https:\/\/shop.lavi-soundandyoga.com\/es\/wp-json\/wp\/v2\/product_tag?post=2068"}],"curies":[{"name":"wp","href":"https:\/\/api.w.org\/{rel}","templated":true}]}}