{"id":2069,"date":"2024-12-04T10:52:04","date_gmt":"2024-12-04T10:52:04","guid":{"rendered":"https:\/\/shop.lavi-soundandyoga.com\/product\/diapason-frecuencia-om-baja-6805-hz"},"modified":"2025-02-27T22:36:57","modified_gmt":"2025-02-27T22:36:57","slug":"diapason-frecuencia-om-baja-6805-hz","status":"publish","type":"product","link":"https:\/\/shop.lavi-soundandyoga.com\/es\/producto\/instrumentos-de-curacion-por-sonido\/horquillas-de-ajuste\/diapason-frecuencia-om-baja-6805-hz","title":{"rendered":"Diapas\u00f3n - Frecuencia Om baja 68,05 Hz"},"content":{"rendered":"<p><span style=\"font-weight: 400\">Diapas\u00f3n para la curaci\u00f3n por el sonido - armon\u00eda y curaci\u00f3n a trav\u00e9s del sonido<\/span><\/p>\n<p><span style=\"font-weight: 400\">Descubre el poder transformador del sonido con nuestro diapas\u00f3n de alta calidad, especialmente desarrollado para la sanaci\u00f3n por sonido y aplicaciones terap\u00e9uticas. Este diapas\u00f3n produce un sonido puro y armonioso que libera vibraciones en el cuerpo. <\/span><\/p>\n<p><span style=\"font-weight: 400\">Este diapas\u00f3n especial no es s\u00f3lo un instrumento; es una herramienta para fomentar la curaci\u00f3n, la relajaci\u00f3n y la paz interior. Cada diapas\u00f3n vibra a una frecuencia espec\u00edfica que armoniza tus centros energ\u00e9ticos y equilibra tu energ\u00eda interior. <\/span><\/p>\n<p>&nbsp;<\/p>\n<p><span style=\"font-weight: 400\">Caracter\u00edsticas del producto:<\/span><\/p>\n<p><span style=\"font-weight: 400\">Frecuencia Om baja 68,05 Hz  <\/span><\/p>\n<p><span style=\"font-weight: 400\">La frecuencia del Om Bajo se basa en la frecuencia del Om (136,10 Hz), pero es una octava m\u00e1s baja. Comparten el efecto de armonizaci\u00f3n energ\u00e9tica y la frecuencia promueve una conexi\u00f3n profunda con la naturaleza y el universo. <\/span><\/p>\n<p><span style=\"font-weight: 400\">El sonido de este diapas\u00f3n ayuda a aliviar la tensi\u00f3n y a reducir el estr\u00e9s.<\/span><\/p>\n<p><span style=\"font-weight: 400\">La frecuencia Om Baja es especialmente adecuada cuando trabajamos con zonas m\u00e1s profundas del cuerpo en un contexto terap\u00e9utico. 68,05 Hz es perfecta para tratar huesos y articulaciones. <\/span><\/p>\n<p>&nbsp;<\/p>\n<p><span style=\"font-weight: 400\">Material de alta calidad:  <\/span><\/p>\n<p><span style=\"font-weight: 400\">Nuestros diapasones est\u00e1n fabricados con aluminio duradero de alta calidad, que garantiza sonidos claros y puros, dise\u00f1ados para un uso duradero y unas propiedades ac\u00fasticas de primera clase.<\/span><\/p>\n<p><span style=\"font-weight: 400\">Cada diapas\u00f3n viene con una bolsa para proteger el instrumento de la mejor manera posible.<\/span><\/p>\n<p>&nbsp;<\/p>\n<p><span style=\"font-weight: 400\">As\u00ed se utiliza el diapas\u00f3n:  <\/span><\/p>\n<p><span style=\"font-weight: 400\">Golpea ligeramente el diapas\u00f3n y deja que las vibraciones curativas fluyan por tu cuerpo. Puedes sostener el diapas\u00f3n en la mano, colocarlo en un punto energ\u00e9tico o simplemente disfrutar del sonido y dejar que surta efecto. <\/span><\/p>\n<p>&nbsp;<\/p>\n<p><span style=\"font-weight: 400\">Siente el poder del sonido y descubre el efecto armonizador del diapas\u00f3n Bajo Om 68,05 Hz. \u00a1Consigue tu propio trozo de energ\u00eda universal e inicia tu viaje hacia la paz interior y la salud! <\/span><\/p>\n<p>&nbsp;<\/p>\n<p><span style=\"font-weight: 400\">Caracter\u00edsticas:<\/span><span style=\"font-weight: 400\"><br \/><\/span><span style=\"font-weight: 400\">Material: Aluminio<\/span><span style=\"font-weight: 400\"><br \/><\/span><span style=\"font-weight: 400\">Tama\u00f1o: 26,5 cm<\/span><span style=\"font-weight: 400\"><br \/><\/span><span style=\"font-weight: 400\">Peso: 110 g<\/span><span style=\"font-weight: 400\"><br \/><\/span><span style=\"font-weight: 400\">Incluye bolsa de tela<\/span><\/p>\n<p><br style=\"font-weight: 400\"><br style=\"font-weight: 400\"><\/p>\n","protected":false},"excerpt":{"rendered":"<p>Diapas\u00f3n de aluminio de alta calidad en la <span style=\"font-weight: 400\">frecuencia Om baja 68,05 Hz.<\/span><\/p>\n<p><span style=\"font-weight: 400\">Especialmente desarrollado para la sanaci\u00f3n por sonido y aplicaciones terap\u00e9uticas. Este diapas\u00f3n produce un sonido puro y armonioso que libera vibraciones en el cuerpo. <\/span><\/p>\n","protected":false},"featured_media":1772,"comment_status":"closed","ping_status":"closed","template":"","meta":{"_acf_changed":false},"product_brand":[],"product_cat":[197,170],"product_tag":[],"class_list":{"0":"post-2069","1":"product","2":"type-product","3":"status-publish","4":"has-post-thumbnail","6":"product_cat-horquillas-de-ajuste","7":"product_cat-instrumentos-de-curacion-por-sonido","8":"product_shipping_class-paquete-m","10":"first","11":"instock","12":"taxable","13":"shipping-taxable","14":"purchasable","15":"product-type-simple"},"acf":[],"yoast_head":"<!-- This site is optimized with the Yoast SEO plugin v24.5 - https:\/\/yoast.com\/wordpress\/plugins\/seo\/ -->\n<title>Diapas\u00f3n - Frecuencia Om baja 68,05 Hz | LaVi - Sound &amp; Yoga<\/title>\n<meta name=\"robots\" content=\"index, follow, max-snippet:-1, max-image-preview:large, max-video-preview:-1\" \/>\n<link rel=\"canonical\" href=\"https:\/\/shop.lavi-soundandyoga.com\/es\/producto\/instrumentos-de-curacion-por-sonido\/horquillas-de-ajuste\/diapason-frecuencia-om-baja-6805-hz\" \/>\n<meta property=\"og:locale\" content=\"es_ES\" \/>\n<meta property=\"og:type\" content=\"article\" \/>\n<meta property=\"og:title\" content=\"Diapas\u00f3n - Frecuencia Om baja 68,05 Hz | LaVi - Sound &amp; Yoga\" \/>\n<meta property=\"og:description\" content=\"Diapas\u00f3n de aluminio de alta calidad en la frecuencia Om baja 68,05 Hz. Especialmente desarrollado para la sanaci\u00f3n por sonido y aplicaciones terap\u00e9uticas. Este diapas\u00f3n produce un sonido puro y armonioso que libera vibraciones en el cuerpo.\" \/>\n<meta property=\"og:url\" content=\"https:\/\/shop.lavi-soundandyoga.com\/es\/producto\/instrumentos-de-curacion-por-sonido\/horquillas-de-ajuste\/diapason-frecuencia-om-baja-6805-hz\" \/>\n<meta property=\"og:site_name\" content=\"LaVi - Sound &amp; Yoga\" \/>\n<meta property=\"article:publisher\" content=\"https:\/\/www.facebook.com\/lavisoundandyoga\" \/>\n<meta property=\"article:modified_time\" content=\"2025-02-27T22:36:57+00:00\" \/>\n<meta property=\"og:image\" content=\"https:\/\/shop.lavi-soundandyoga.com\/wp-content\/uploads\/2024\/11\/Low-Om-1.png\" \/>\n\t<meta property=\"og:image:width\" content=\"3072\" \/>\n\t<meta property=\"og:image:height\" content=\"4080\" \/>\n\t<meta property=\"og:image:type\" content=\"image\/png\" \/>\n<meta name=\"twitter:card\" content=\"summary_large_image\" \/>\n<meta name=\"twitter:label1\" content=\"Tiempo de lectura\" \/>\n\t<meta name=\"twitter:data1\" content=\"2 minutos\" \/>\n<script type=\"application\/ld+json\" class=\"yoast-schema-graph\">{\"@context\":\"https:\/\/schema.org\",\"@graph\":[{\"@type\":[\"WebPage\",\"ItemPage\"],\"@id\":\"https:\/\/shop.lavi-soundandyoga.com\/es\/producto\/instrumentos-de-curacion-por-sonido\/horquillas-de-ajuste\/diapason-frecuencia-om-baja-6805-hz\",\"url\":\"https:\/\/shop.lavi-soundandyoga.com\/es\/producto\/instrumentos-de-curacion-por-sonido\/horquillas-de-ajuste\/diapason-frecuencia-om-baja-6805-hz\",\"name\":\"Diapas\u00f3n - Frecuencia Om baja 68,05 Hz | LaVi - Sound &amp; Yoga\",\"isPartOf\":{\"@id\":\"https:\/\/shop.lavi-soundandyoga.com\/es#website\"},\"primaryImageOfPage\":{\"@id\":\"https:\/\/shop.lavi-soundandyoga.com\/es\/producto\/instrumentos-de-curacion-por-sonido\/horquillas-de-ajuste\/diapason-frecuencia-om-baja-6805-hz#primaryimage\"},\"image\":{\"@id\":\"https:\/\/shop.lavi-soundandyoga.com\/es\/producto\/instrumentos-de-curacion-por-sonido\/horquillas-de-ajuste\/diapason-frecuencia-om-baja-6805-hz#primaryimage\"},\"thumbnailUrl\":\"https:\/\/shop.lavi-soundandyoga.com\/wp-content\/uploads\/2024\/11\/Low-Om-1.png\",\"datePublished\":\"2024-12-04T10:52:04+00:00\",\"dateModified\":\"2025-02-27T22:36:57+00:00\",\"breadcrumb\":{\"@id\":\"https:\/\/shop.lavi-soundandyoga.com\/es\/producto\/instrumentos-de-curacion-por-sonido\/horquillas-de-ajuste\/diapason-frecuencia-om-baja-6805-hz#breadcrumb\"},\"inLanguage\":\"es\",\"potentialAction\":[{\"@type\":\"ReadAction\",\"target\":[\"https:\/\/shop.lavi-soundandyoga.com\/es\/producto\/instrumentos-de-curacion-por-sonido\/horquillas-de-ajuste\/diapason-frecuencia-om-baja-6805-hz\"]}]},{\"@type\":\"ImageObject\",\"inLanguage\":\"es\",\"@id\":\"https:\/\/shop.lavi-soundandyoga.com\/es\/producto\/instrumentos-de-curacion-por-sonido\/horquillas-de-ajuste\/diapason-frecuencia-om-baja-6805-hz#primaryimage\",\"url\":\"https:\/\/shop.lavi-soundandyoga.com\/wp-content\/uploads\/2024\/11\/Low-Om-1.png\",\"contentUrl\":\"https:\/\/shop.lavi-soundandyoga.com\/wp-content\/uploads\/2024\/11\/Low-Om-1.png\",\"width\":3072,\"height\":4080,\"caption\":\"Bajo Om 1\"},{\"@type\":\"BreadcrumbList\",\"@id\":\"https:\/\/shop.lavi-soundandyoga.com\/es\/producto\/instrumentos-de-curacion-por-sonido\/horquillas-de-ajuste\/diapason-frecuencia-om-baja-6805-hz#breadcrumb\",\"itemListElement\":[{\"@type\":\"ListItem\",\"position\":1,\"name\":\"LaVi Shop\",\"item\":\"https:\/\/shop.lavi-soundandyoga.com\/es\/tienda\"},{\"@type\":\"ListItem\",\"position\":2,\"name\":\"Productos\",\"item\":\"https:\/\/shop.lavi-soundandyoga.com\/es\/shop\"},{\"@type\":\"ListItem\",\"position\":3,\"name\":\"Instrumentos de curaci\u00f3n por sonido\",\"item\":\"https:\/\/shop.lavi-soundandyoga.com\/es\/categoria-producto\/instrumentos-de-curacion-por-sonido\"},{\"@type\":\"ListItem\",\"position\":4,\"name\":\"Diapas\u00f3n - Frecuencia Om baja 68,05 Hz\"}]},{\"@type\":\"WebSite\",\"@id\":\"https:\/\/shop.lavi-soundandyoga.com\/es#website\",\"url\":\"https:\/\/shop.lavi-soundandyoga.com\/es\",\"name\":\"LaVi Sound & Yoga\",\"description\":\"Yin Yoga and Sound Healing\",\"publisher\":{\"@id\":\"https:\/\/shop.lavi-soundandyoga.com\/es#organization\"},\"alternateName\":\"Lavi\",\"potentialAction\":[{\"@type\":\"SearchAction\",\"target\":{\"@type\":\"EntryPoint\",\"urlTemplate\":\"https:\/\/shop.lavi-soundandyoga.com\/es?s={search_term_string}\"},\"query-input\":{\"@type\":\"PropertyValueSpecification\",\"valueRequired\":true,\"valueName\":\"search_term_string\"}}],\"inLanguage\":\"es\"},{\"@type\":\"Organization\",\"@id\":\"https:\/\/shop.lavi-soundandyoga.com\/es#organization\",\"name\":\"LaVi Sound and Yoga\",\"alternateName\":\"LaVi\",\"url\":\"https:\/\/shop.lavi-soundandyoga.com\/es\",\"logo\":{\"@type\":\"ImageObject\",\"inLanguage\":\"es\",\"@id\":\"https:\/\/shop.lavi-soundandyoga.com\/es#\/schema\/logo\/image\/\",\"url\":\"https:\/\/shop.lavi-soundandyoga.com\/wp-content\/uploads\/2025\/01\/LaVi_LogoFINAL1.png\",\"contentUrl\":\"https:\/\/shop.lavi-soundandyoga.com\/wp-content\/uploads\/2025\/01\/LaVi_LogoFINAL1.png\",\"width\":343,\"height\":339,\"caption\":\"LaVi Sound and Yoga\"},\"image\":{\"@id\":\"https:\/\/shop.lavi-soundandyoga.com\/es#\/schema\/logo\/image\/\"},\"sameAs\":[\"https:\/\/www.facebook.com\/lavisoundandyoga\",\"https:\/\/www.instagram.com\/lavi_sound_and_yoga\/\",\"https:\/\/www.youtube.com\/channel\/UCuQTy-TOirHAZruDryEKTXQ\",\"https:\/\/www.tiktok.com\/@lavisoundandyoga\",\"https:\/\/open.spotify.com\/artist\/6lpTHiTkCOgxZ9BUonU0zM\"]}]}<\/script>\n<!-- \/ Yoast SEO plugin. -->","yoast_head_json":{"title":"Diapas\u00f3n - Frecuencia Om baja 68,05 Hz | LaVi - Sound &amp; Yoga","robots":{"index":"index","follow":"follow","max-snippet":"max-snippet:-1","max-image-preview":"max-image-preview:large","max-video-preview":"max-video-preview:-1"},"canonical":"https:\/\/shop.lavi-soundandyoga.com\/es\/producto\/instrumentos-de-curacion-por-sonido\/horquillas-de-ajuste\/diapason-frecuencia-om-baja-6805-hz","og_locale":"es_ES","og_type":"article","og_title":"Diapas\u00f3n - Frecuencia Om baja 68,05 Hz | LaVi - Sound &amp; Yoga","og_description":"Diapas\u00f3n de aluminio de alta calidad en la frecuencia Om baja 68,05 Hz. Especialmente desarrollado para la sanaci\u00f3n por sonido y aplicaciones terap\u00e9uticas. Este diapas\u00f3n produce un sonido puro y armonioso que libera vibraciones en el cuerpo.","og_url":"https:\/\/shop.lavi-soundandyoga.com\/es\/producto\/instrumentos-de-curacion-por-sonido\/horquillas-de-ajuste\/diapason-frecuencia-om-baja-6805-hz","og_site_name":"LaVi - Sound &amp; Yoga","article_publisher":"https:\/\/www.facebook.com\/lavisoundandyoga","article_modified_time":"2025-02-27T22:36:57+00:00","og_image":[{"width":3072,"height":4080,"url":"https:\/\/shop.lavi-soundandyoga.com\/wp-content\/uploads\/2024\/11\/Low-Om-1.png","type":"image\/png"}],"twitter_card":"summary_large_image","twitter_misc":{"Tiempo de lectura":"2 minutos"},"schema":{"@context":"https:\/\/schema.org","@graph":[{"@type":["WebPage","ItemPage"],"@id":"https:\/\/shop.lavi-soundandyoga.com\/es\/producto\/instrumentos-de-curacion-por-sonido\/horquillas-de-ajuste\/diapason-frecuencia-om-baja-6805-hz","url":"https:\/\/shop.lavi-soundandyoga.com\/es\/producto\/instrumentos-de-curacion-por-sonido\/horquillas-de-ajuste\/diapason-frecuencia-om-baja-6805-hz","name":"Diapas\u00f3n - Frecuencia Om baja 68,05 Hz | LaVi - Sound &amp; Yoga","isPartOf":{"@id":"https:\/\/shop.lavi-soundandyoga.com\/es#website"},"primaryImageOfPage":{"@id":"https:\/\/shop.lavi-soundandyoga.com\/es\/producto\/instrumentos-de-curacion-por-sonido\/horquillas-de-ajuste\/diapason-frecuencia-om-baja-6805-hz#primaryimage"},"image":{"@id":"https:\/\/shop.lavi-soundandyoga.com\/es\/producto\/instrumentos-de-curacion-por-sonido\/horquillas-de-ajuste\/diapason-frecuencia-om-baja-6805-hz#primaryimage"},"thumbnailUrl":"https:\/\/shop.lavi-soundandyoga.com\/wp-content\/uploads\/2024\/11\/Low-Om-1.png","datePublished":"2024-12-04T10:52:04+00:00","dateModified":"2025-02-27T22:36:57+00:00","breadcrumb":{"@id":"https:\/\/shop.lavi-soundandyoga.com\/es\/producto\/instrumentos-de-curacion-por-sonido\/horquillas-de-ajuste\/diapason-frecuencia-om-baja-6805-hz#breadcrumb"},"inLanguage":"es","potentialAction":[{"@type":"ReadAction","target":["https:\/\/shop.lavi-soundandyoga.com\/es\/producto\/instrumentos-de-curacion-por-sonido\/horquillas-de-ajuste\/diapason-frecuencia-om-baja-6805-hz"]}]},{"@type":"ImageObject","inLanguage":"es","@id":"https:\/\/shop.lavi-soundandyoga.com\/es\/producto\/instrumentos-de-curacion-por-sonido\/horquillas-de-ajuste\/diapason-frecuencia-om-baja-6805-hz#primaryimage","url":"https:\/\/shop.lavi-soundandyoga.com\/wp-content\/uploads\/2024\/11\/Low-Om-1.png","contentUrl":"https:\/\/shop.lavi-soundandyoga.com\/wp-content\/uploads\/2024\/11\/Low-Om-1.png","width":3072,"height":4080,"caption":"Bajo Om 1"},{"@type":"BreadcrumbList","@id":"https:\/\/shop.lavi-soundandyoga.com\/es\/producto\/instrumentos-de-curacion-por-sonido\/horquillas-de-ajuste\/diapason-frecuencia-om-baja-6805-hz#breadcrumb","itemListElement":[{"@type":"ListItem","position":1,"name":"LaVi Shop","item":"https:\/\/shop.lavi-soundandyoga.com\/es\/tienda"},{"@type":"ListItem","position":2,"name":"Productos","item":"https:\/\/shop.lavi-soundandyoga.com\/es\/shop"},{"@type":"ListItem","position":3,"name":"Instrumentos de curaci\u00f3n por sonido","item":"https:\/\/shop.lavi-soundandyoga.com\/es\/categoria-producto\/instrumentos-de-curacion-por-sonido"},{"@type":"ListItem","position":4,"name":"Diapas\u00f3n - Frecuencia Om baja 68,05 Hz"}]},{"@type":"WebSite","@id":"https:\/\/shop.lavi-soundandyoga.com\/es#website","url":"https:\/\/shop.lavi-soundandyoga.com\/es","name":"LaVi Sound & Yoga","description":"Yin Yoga and Sound Healing","publisher":{"@id":"https:\/\/shop.lavi-soundandyoga.com\/es#organization"},"alternateName":"Lavi","potentialAction":[{"@type":"SearchAction","target":{"@type":"EntryPoint","urlTemplate":"https:\/\/shop.lavi-soundandyoga.com\/es?s={search_term_string}"},"query-input":{"@type":"PropertyValueSpecification","valueRequired":true,"valueName":"search_term_string"}}],"inLanguage":"es"},{"@type":"Organization","@id":"https:\/\/shop.lavi-soundandyoga.com\/es#organization","name":"LaVi Sound and Yoga","alternateName":"LaVi","url":"https:\/\/shop.lavi-soundandyoga.com\/es","logo":{"@type":"ImageObject","inLanguage":"es","@id":"https:\/\/shop.lavi-soundandyoga.com\/es#\/schema\/logo\/image\/","url":"https:\/\/shop.lavi-soundandyoga.com\/wp-content\/uploads\/2025\/01\/LaVi_LogoFINAL1.png","contentUrl":"https:\/\/shop.lavi-soundandyoga.com\/wp-content\/uploads\/2025\/01\/LaVi_LogoFINAL1.png","width":343,"height":339,"caption":"LaVi Sound and Yoga"},"image":{"@id":"https:\/\/shop.lavi-soundandyoga.com\/es#\/schema\/logo\/image\/"},"sameAs":["https:\/\/www.facebook.com\/lavisoundandyoga","https:\/\/www.instagram.com\/lavi_sound_and_yoga\/","https:\/\/www.youtube.com\/channel\/UCuQTy-TOirHAZruDryEKTXQ","https:\/\/www.tiktok.com\/@lavisoundandyoga","https:\/\/open.spotify.com\/artist\/6lpTHiTkCOgxZ9BUonU0zM"]}]}},"jetpack_sharing_enabled":true,"_links":{"self":[{"href":"https:\/\/shop.lavi-soundandyoga.com\/es\/wp-json\/wp\/v2\/product\/2069","targetHints":{"allow":["GET"]}}],"collection":[{"href":"https:\/\/shop.lavi-soundandyoga.com\/es\/wp-json\/wp\/v2\/product"}],"about":[{"href":"https:\/\/shop.lavi-soundandyoga.com\/es\/wp-json\/wp\/v2\/types\/product"}],"replies":[{"embeddable":true,"href":"https:\/\/shop.lavi-soundandyoga.com\/es\/wp-json\/wp\/v2\/comments?post=2069"}],"wp:featuredmedia":[{"embeddable":true,"href":"https:\/\/shop.lavi-soundandyoga.com\/es\/wp-json\/wp\/v2\/media\/1772"}],"wp:attachment":[{"href":"https:\/\/shop.lavi-soundandyoga.com\/es\/wp-json\/wp\/v2\/media?parent=2069"}],"wp:term":[{"taxonomy":"product_brand","embeddable":true,"href":"https:\/\/shop.lavi-soundandyoga.com\/es\/wp-json\/wp\/v2\/product_brand?post=2069"},{"taxonomy":"product_cat","embeddable":true,"href":"https:\/\/shop.lavi-soundandyoga.com\/es\/wp-json\/wp\/v2\/product_cat?post=2069"},{"taxonomy":"product_tag","embeddable":true,"href":"https:\/\/shop.lavi-soundandyoga.com\/es\/wp-json\/wp\/v2\/product_tag?post=2069"}],"curies":[{"name":"wp","href":"https:\/\/api.w.org\/{rel}","templated":true}]}}