{"id":2070,"date":"2024-11-16T06:38:33","date_gmt":"2024-11-16T06:38:33","guid":{"rendered":"https:\/\/shop.lavi-soundandyoga.com\/product\/cojin-de-meditacion-media-luna"},"modified":"2024-11-16T06:38:33","modified_gmt":"2024-11-16T06:38:33","slug":"cojin-de-meditacion-media-luna","status":"publish","type":"product","link":"https:\/\/shop.lavi-soundandyoga.com\/es\/producto\/ayudas-para-el-yoga\/cojin-de-meditacion-media-luna","title":{"rendered":"Coj\u00edn de meditaci\u00f3n media luna"},"content":{"rendered":"<p><span style=\"font-weight: 400;\">Nuestro hermoso coj\u00edn de meditaci\u00f3n en forma de media luna es vers\u00e1til. Puede utilizarse como apoyo al sentarse y meditar. Tambi\u00e9n es estupendo para apoyar y facilitar las posturas de Yin Yoga.    <\/span><\/p>\n<p><span style=\"font-weight: 400;\">Tiene un estampado dorado de la flor de la vida. La funda interior y exterior son de algod\u00f3n 100% org\u00e1nico y el relleno es de paja de alforf\u00f3n natural. La producci\u00f3n est\u00e1 certificada por la Norma de Contenido Ecol\u00f3gico (OCS Blended) (*).<\/span><\/p>\n<p><span style=\"font-weight: 400;\">Significado de la \u00abflor de la vida\u00bb:<\/span><\/p>\n<p><span style=\"font-weight: 400;\">El patr\u00f3n de la flor de la vida es un s\u00edmbolo del orden c\u00f3smico que utilizan muchas culturas. Esta geometr\u00eda sagrada describe el orden de todas las formas y simboliza el ciclo natural de la vida. <\/span><\/p>\n<p><span style=\"font-weight: 400;\">La flor de la vida aporta nueva fuerza y protecci\u00f3n a tu entorno y favorece la armon\u00eda.  <\/span><\/p>\n<p>&nbsp;<\/p>\n<p><span style=\"font-weight: 400;\">Util\u00edzalo en tu consulta:<\/span><\/p>\n<p><span style=\"font-weight: 400;\">Este coj\u00edn es ideal para apoyarte a ti o a tus participantes en las posturas de yoga. Se utiliza a menudo en Yin Yoga o Yoga Restaurativo, as\u00ed como para Savasana, la relajaci\u00f3n final o los ejercicios de relajaci\u00f3n. <\/span><\/p>\n<p><span style=\"font-weight: 400;\">Ajustable y rellenable:<\/span><span style=\"font-weight: 400;\"><br \/>\n<\/span><span style=\"font-weight: 400;\">El coj\u00edn de yoga est\u00e1 relleno de paja de trigo sarraceno. Este material natural es adaptable y ofrece una comodidad perfecta. El relleno puede a\u00f1adirse o reducirse seg\u00fan las necesidades.  <\/span><\/p>\n<p><span style=\"font-weight: 400;\">Detalles del producto:<\/span><span style=\"font-weight: 400;\"><br \/>\n<\/span><span style=\"font-weight: 400;\">Dimensiones: <\/span><span style=\"font-weight: 400;\">37x17x13 37&#215;17<\/span><span style=\"font-weight: 400;\">cm<\/span><span style=\"font-weight: 400;\"><br \/>\n<\/span><span style=\"font-weight: 400;\">Material exterior: 100% algod\u00f3n org\u00e1nico, con cremallera en la parte inferior.<\/span><span style=\"font-weight: 400;\"><br \/>\n<\/span><span style=\"font-weight: 400;\">Material de la funda interior: 100 % algod\u00f3n org\u00e1nico, con cord\u00f3n de sujeci\u00f3n.<\/span><span style=\"font-weight: 400;\"><br \/>\n<\/span><span style=\"font-weight: 400;\">Relleno: Paja de alforf\u00f3n de la mejor calidad.<\/span><span style=\"font-weight: 400;\"><br \/>\n<\/span><span style=\"font-weight: 400;\">Peso: aprox. 1100 g<\/span><span style=\"font-weight: 400;\"><br \/>\n<\/span><span style=\"font-weight: 400;\">Color: Blanco con estampado dorado<\/span><span style=\"font-weight: 400;\"><br \/>\n<\/span><span style=\"font-weight: 400;\">Certificado OCS Blended(*), producido seg\u00fan las normas GOTS<\/span><\/p>\n<p><span style=\"font-weight: 400;\">* La Norma de Contenido Ecol\u00f3gico (NCO) se aplica a todos los productos no alimentarios que contienen entre un 5 y un 100% de materia org\u00e1nica. Verifica la presencia y la cantidad de materia org\u00e1nica en un producto final. Hace un seguimiento del flujo de una materia prima desde la fuente hasta el producto final y este proceso est\u00e1 certificado por una tercera parte acreditada. Proporciona una evaluaci\u00f3n y verificaci\u00f3n independientes, transparentes, coherentes y exhaustivas de las declaraciones sobre el contenido de materia org\u00e1nica en los productos.   <\/span><\/p>\n","protected":false},"excerpt":{"rendered":"<p><span style=\"font-weight: 400;\">Coj\u00edn de meditaci\u00f3n en forma de media luna, de algod\u00f3n org\u00e1nico, relleno de paja de trigo sarraceno<\/span><span style=\"font-weight: 400;\"><br \/>\n<\/span><span style=\"font-weight: 400;\">Dimensiones: 37&#215;17 cm <\/span><span style=\"font-weight: 400;\"><br \/>\n<\/span><span style=\"font-weight: 400;\">Estampado con la flor de la vida, impresi\u00f3n dorada sobre tela blanca.<\/span><span style=\"font-weight: 400;\"><br \/>\n<\/span><span style=\"font-weight: 400;\">Maravilloso para tu pr\u00e1ctica de meditaci\u00f3n y yoga <\/span> <\/p>\n<p><br style=\"font-weight: 400;\"><br style=\"font-weight: 400;\"><\/p>\n","protected":false},"featured_media":1755,"comment_status":"closed","ping_status":"closed","template":"","meta":{"_acf_changed":false},"product_brand":[],"product_cat":[178],"product_tag":[],"class_list":{"0":"post-2070","1":"product","2":"type-product","3":"status-publish","4":"has-post-thumbnail","6":"product_cat-ayudas-para-el-yoga","7":"product_shipping_class-paquete-l","9":"first","10":"instock","11":"purchasable","12":"product-type-simple"},"acf":[],"yoast_head":"<!-- This site is optimized with the Yoast SEO plugin v24.5 - https:\/\/yoast.com\/wordpress\/plugins\/seo\/ -->\n<title>Coj\u00edn de meditaci\u00f3n media luna | LaVi - Sound &amp; Yoga<\/title>\n<meta name=\"robots\" content=\"index, follow, max-snippet:-1, max-image-preview:large, max-video-preview:-1\" \/>\n<link rel=\"canonical\" href=\"https:\/\/shop.lavi-soundandyoga.com\/es\/producto\/ayudas-para-el-yoga\/cojin-de-meditacion-media-luna\" \/>\n<meta property=\"og:locale\" content=\"es_ES\" \/>\n<meta property=\"og:type\" content=\"article\" \/>\n<meta property=\"og:title\" content=\"Coj\u00edn de meditaci\u00f3n media luna | LaVi - Sound &amp; Yoga\" \/>\n<meta property=\"og:description\" content=\"Coj\u00edn de meditaci\u00f3n en forma de media luna, de algod\u00f3n org\u00e1nico, relleno de paja de trigo sarraceno Dimensiones: 37x17 cm Estampado con la flor de la vida, impresi\u00f3n dorada sobre tela blanca. Maravilloso para tu pr\u00e1ctica de meditaci\u00f3n y yoga\" \/>\n<meta property=\"og:url\" content=\"https:\/\/shop.lavi-soundandyoga.com\/es\/producto\/ayudas-para-el-yoga\/cojin-de-meditacion-media-luna\" \/>\n<meta property=\"og:site_name\" content=\"LaVi - Sound &amp; Yoga\" \/>\n<meta property=\"article:publisher\" content=\"https:\/\/www.facebook.com\/lavisoundandyoga\" \/>\n<meta property=\"og:image\" content=\"https:\/\/shop.lavi-soundandyoga.com\/wp-content\/uploads\/2024\/10\/Halbmond-Kissen-FOL-e1731661590838.jpeg\" \/>\n\t<meta property=\"og:image:width\" content=\"800\" \/>\n\t<meta property=\"og:image:height\" content=\"800\" \/>\n\t<meta property=\"og:image:type\" content=\"image\/jpeg\" \/>\n<meta name=\"twitter:card\" content=\"summary_large_image\" \/>\n<meta name=\"twitter:label1\" content=\"Tiempo de lectura\" \/>\n\t<meta name=\"twitter:data1\" content=\"2 minutos\" \/>\n<script type=\"application\/ld+json\" class=\"yoast-schema-graph\">{\"@context\":\"https:\/\/schema.org\",\"@graph\":[{\"@type\":[\"WebPage\",\"ItemPage\"],\"@id\":\"https:\/\/shop.lavi-soundandyoga.com\/es\/producto\/ayudas-para-el-yoga\/cojin-de-meditacion-media-luna\",\"url\":\"https:\/\/shop.lavi-soundandyoga.com\/es\/producto\/ayudas-para-el-yoga\/cojin-de-meditacion-media-luna\",\"name\":\"Coj\u00edn de meditaci\u00f3n media luna | LaVi - Sound &amp; Yoga\",\"isPartOf\":{\"@id\":\"https:\/\/shop.lavi-soundandyoga.com\/es#website\"},\"primaryImageOfPage\":{\"@id\":\"https:\/\/shop.lavi-soundandyoga.com\/es\/producto\/ayudas-para-el-yoga\/cojin-de-meditacion-media-luna#primaryimage\"},\"image\":{\"@id\":\"https:\/\/shop.lavi-soundandyoga.com\/es\/producto\/ayudas-para-el-yoga\/cojin-de-meditacion-media-luna#primaryimage\"},\"thumbnailUrl\":\"https:\/\/shop.lavi-soundandyoga.com\/wp-content\/uploads\/2024\/10\/Halbmond-Kissen-FOL-e1731661590838.jpeg\",\"datePublished\":\"2024-11-16T06:38:33+00:00\",\"breadcrumb\":{\"@id\":\"https:\/\/shop.lavi-soundandyoga.com\/es\/producto\/ayudas-para-el-yoga\/cojin-de-meditacion-media-luna#breadcrumb\"},\"inLanguage\":\"es\",\"potentialAction\":[{\"@type\":\"ReadAction\",\"target\":[\"https:\/\/shop.lavi-soundandyoga.com\/es\/producto\/ayudas-para-el-yoga\/cojin-de-meditacion-media-luna\"]}]},{\"@type\":\"ImageObject\",\"inLanguage\":\"es\",\"@id\":\"https:\/\/shop.lavi-soundandyoga.com\/es\/producto\/ayudas-para-el-yoga\/cojin-de-meditacion-media-luna#primaryimage\",\"url\":\"https:\/\/shop.lavi-soundandyoga.com\/wp-content\/uploads\/2024\/10\/Halbmond-Kissen-FOL-e1731661590838.jpeg\",\"contentUrl\":\"https:\/\/shop.lavi-soundandyoga.com\/wp-content\/uploads\/2024\/10\/Halbmond-Kissen-FOL-e1731661590838.jpeg\",\"width\":800,\"height\":800,\"caption\":\"Halbmond Kissen FOL\"},{\"@type\":\"BreadcrumbList\",\"@id\":\"https:\/\/shop.lavi-soundandyoga.com\/es\/producto\/ayudas-para-el-yoga\/cojin-de-meditacion-media-luna#breadcrumb\",\"itemListElement\":[{\"@type\":\"ListItem\",\"position\":1,\"name\":\"LaVi Shop\",\"item\":\"https:\/\/shop.lavi-soundandyoga.com\/es\/tienda\"},{\"@type\":\"ListItem\",\"position\":2,\"name\":\"Productos\",\"item\":\"https:\/\/shop.lavi-soundandyoga.com\/es\/shop\"},{\"@type\":\"ListItem\",\"position\":3,\"name\":\"Ayudas para el yoga\",\"item\":\"https:\/\/shop.lavi-soundandyoga.com\/es\/categoria-producto\/ayudas-para-el-yoga\"},{\"@type\":\"ListItem\",\"position\":4,\"name\":\"Coj\u00edn de meditaci\u00f3n media luna\"}]},{\"@type\":\"WebSite\",\"@id\":\"https:\/\/shop.lavi-soundandyoga.com\/es#website\",\"url\":\"https:\/\/shop.lavi-soundandyoga.com\/es\",\"name\":\"LaVi Sound & Yoga\",\"description\":\"Yin Yoga and Sound Healing\",\"publisher\":{\"@id\":\"https:\/\/shop.lavi-soundandyoga.com\/es#organization\"},\"alternateName\":\"Lavi\",\"potentialAction\":[{\"@type\":\"SearchAction\",\"target\":{\"@type\":\"EntryPoint\",\"urlTemplate\":\"https:\/\/shop.lavi-soundandyoga.com\/es?s={search_term_string}\"},\"query-input\":{\"@type\":\"PropertyValueSpecification\",\"valueRequired\":true,\"valueName\":\"search_term_string\"}}],\"inLanguage\":\"es\"},{\"@type\":\"Organization\",\"@id\":\"https:\/\/shop.lavi-soundandyoga.com\/es#organization\",\"name\":\"LaVi Sound and Yoga\",\"alternateName\":\"LaVi\",\"url\":\"https:\/\/shop.lavi-soundandyoga.com\/es\",\"logo\":{\"@type\":\"ImageObject\",\"inLanguage\":\"es\",\"@id\":\"https:\/\/shop.lavi-soundandyoga.com\/es#\/schema\/logo\/image\/\",\"url\":\"https:\/\/shop.lavi-soundandyoga.com\/wp-content\/uploads\/2025\/01\/LaVi_LogoFINAL1.png\",\"contentUrl\":\"https:\/\/shop.lavi-soundandyoga.com\/wp-content\/uploads\/2025\/01\/LaVi_LogoFINAL1.png\",\"width\":343,\"height\":339,\"caption\":\"LaVi Sound and Yoga\"},\"image\":{\"@id\":\"https:\/\/shop.lavi-soundandyoga.com\/es#\/schema\/logo\/image\/\"},\"sameAs\":[\"https:\/\/www.facebook.com\/lavisoundandyoga\",\"https:\/\/www.instagram.com\/lavi_sound_and_yoga\/\",\"https:\/\/www.youtube.com\/channel\/UCuQTy-TOirHAZruDryEKTXQ\",\"https:\/\/www.tiktok.com\/@lavisoundandyoga\",\"https:\/\/open.spotify.com\/artist\/6lpTHiTkCOgxZ9BUonU0zM\"]}]}<\/script>\n<!-- \/ Yoast SEO plugin. -->","yoast_head_json":{"title":"Coj\u00edn de meditaci\u00f3n media luna | LaVi - Sound &amp; Yoga","robots":{"index":"index","follow":"follow","max-snippet":"max-snippet:-1","max-image-preview":"max-image-preview:large","max-video-preview":"max-video-preview:-1"},"canonical":"https:\/\/shop.lavi-soundandyoga.com\/es\/producto\/ayudas-para-el-yoga\/cojin-de-meditacion-media-luna","og_locale":"es_ES","og_type":"article","og_title":"Coj\u00edn de meditaci\u00f3n media luna | LaVi - Sound &amp; Yoga","og_description":"Coj\u00edn de meditaci\u00f3n en forma de media luna, de algod\u00f3n org\u00e1nico, relleno de paja de trigo sarraceno Dimensiones: 37x17 cm Estampado con la flor de la vida, impresi\u00f3n dorada sobre tela blanca. Maravilloso para tu pr\u00e1ctica de meditaci\u00f3n y yoga","og_url":"https:\/\/shop.lavi-soundandyoga.com\/es\/producto\/ayudas-para-el-yoga\/cojin-de-meditacion-media-luna","og_site_name":"LaVi - Sound &amp; Yoga","article_publisher":"https:\/\/www.facebook.com\/lavisoundandyoga","og_image":[{"width":800,"height":800,"url":"https:\/\/shop.lavi-soundandyoga.com\/wp-content\/uploads\/2024\/10\/Halbmond-Kissen-FOL-e1731661590838.jpeg","type":"image\/jpeg"}],"twitter_card":"summary_large_image","twitter_misc":{"Tiempo de lectura":"2 minutos"},"schema":{"@context":"https:\/\/schema.org","@graph":[{"@type":["WebPage","ItemPage"],"@id":"https:\/\/shop.lavi-soundandyoga.com\/es\/producto\/ayudas-para-el-yoga\/cojin-de-meditacion-media-luna","url":"https:\/\/shop.lavi-soundandyoga.com\/es\/producto\/ayudas-para-el-yoga\/cojin-de-meditacion-media-luna","name":"Coj\u00edn de meditaci\u00f3n media luna | LaVi - Sound &amp; Yoga","isPartOf":{"@id":"https:\/\/shop.lavi-soundandyoga.com\/es#website"},"primaryImageOfPage":{"@id":"https:\/\/shop.lavi-soundandyoga.com\/es\/producto\/ayudas-para-el-yoga\/cojin-de-meditacion-media-luna#primaryimage"},"image":{"@id":"https:\/\/shop.lavi-soundandyoga.com\/es\/producto\/ayudas-para-el-yoga\/cojin-de-meditacion-media-luna#primaryimage"},"thumbnailUrl":"https:\/\/shop.lavi-soundandyoga.com\/wp-content\/uploads\/2024\/10\/Halbmond-Kissen-FOL-e1731661590838.jpeg","datePublished":"2024-11-16T06:38:33+00:00","breadcrumb":{"@id":"https:\/\/shop.lavi-soundandyoga.com\/es\/producto\/ayudas-para-el-yoga\/cojin-de-meditacion-media-luna#breadcrumb"},"inLanguage":"es","potentialAction":[{"@type":"ReadAction","target":["https:\/\/shop.lavi-soundandyoga.com\/es\/producto\/ayudas-para-el-yoga\/cojin-de-meditacion-media-luna"]}]},{"@type":"ImageObject","inLanguage":"es","@id":"https:\/\/shop.lavi-soundandyoga.com\/es\/producto\/ayudas-para-el-yoga\/cojin-de-meditacion-media-luna#primaryimage","url":"https:\/\/shop.lavi-soundandyoga.com\/wp-content\/uploads\/2024\/10\/Halbmond-Kissen-FOL-e1731661590838.jpeg","contentUrl":"https:\/\/shop.lavi-soundandyoga.com\/wp-content\/uploads\/2024\/10\/Halbmond-Kissen-FOL-e1731661590838.jpeg","width":800,"height":800,"caption":"Halbmond Kissen FOL"},{"@type":"BreadcrumbList","@id":"https:\/\/shop.lavi-soundandyoga.com\/es\/producto\/ayudas-para-el-yoga\/cojin-de-meditacion-media-luna#breadcrumb","itemListElement":[{"@type":"ListItem","position":1,"name":"LaVi Shop","item":"https:\/\/shop.lavi-soundandyoga.com\/es\/tienda"},{"@type":"ListItem","position":2,"name":"Productos","item":"https:\/\/shop.lavi-soundandyoga.com\/es\/shop"},{"@type":"ListItem","position":3,"name":"Ayudas para el yoga","item":"https:\/\/shop.lavi-soundandyoga.com\/es\/categoria-producto\/ayudas-para-el-yoga"},{"@type":"ListItem","position":4,"name":"Coj\u00edn de meditaci\u00f3n media luna"}]},{"@type":"WebSite","@id":"https:\/\/shop.lavi-soundandyoga.com\/es#website","url":"https:\/\/shop.lavi-soundandyoga.com\/es","name":"LaVi Sound & Yoga","description":"Yin Yoga and Sound Healing","publisher":{"@id":"https:\/\/shop.lavi-soundandyoga.com\/es#organization"},"alternateName":"Lavi","potentialAction":[{"@type":"SearchAction","target":{"@type":"EntryPoint","urlTemplate":"https:\/\/shop.lavi-soundandyoga.com\/es?s={search_term_string}"},"query-input":{"@type":"PropertyValueSpecification","valueRequired":true,"valueName":"search_term_string"}}],"inLanguage":"es"},{"@type":"Organization","@id":"https:\/\/shop.lavi-soundandyoga.com\/es#organization","name":"LaVi Sound and Yoga","alternateName":"LaVi","url":"https:\/\/shop.lavi-soundandyoga.com\/es","logo":{"@type":"ImageObject","inLanguage":"es","@id":"https:\/\/shop.lavi-soundandyoga.com\/es#\/schema\/logo\/image\/","url":"https:\/\/shop.lavi-soundandyoga.com\/wp-content\/uploads\/2025\/01\/LaVi_LogoFINAL1.png","contentUrl":"https:\/\/shop.lavi-soundandyoga.com\/wp-content\/uploads\/2025\/01\/LaVi_LogoFINAL1.png","width":343,"height":339,"caption":"LaVi Sound and Yoga"},"image":{"@id":"https:\/\/shop.lavi-soundandyoga.com\/es#\/schema\/logo\/image\/"},"sameAs":["https:\/\/www.facebook.com\/lavisoundandyoga","https:\/\/www.instagram.com\/lavi_sound_and_yoga\/","https:\/\/www.youtube.com\/channel\/UCuQTy-TOirHAZruDryEKTXQ","https:\/\/www.tiktok.com\/@lavisoundandyoga","https:\/\/open.spotify.com\/artist\/6lpTHiTkCOgxZ9BUonU0zM"]}]}},"jetpack_sharing_enabled":true,"_links":{"self":[{"href":"https:\/\/shop.lavi-soundandyoga.com\/es\/wp-json\/wp\/v2\/product\/2070","targetHints":{"allow":["GET"]}}],"collection":[{"href":"https:\/\/shop.lavi-soundandyoga.com\/es\/wp-json\/wp\/v2\/product"}],"about":[{"href":"https:\/\/shop.lavi-soundandyoga.com\/es\/wp-json\/wp\/v2\/types\/product"}],"replies":[{"embeddable":true,"href":"https:\/\/shop.lavi-soundandyoga.com\/es\/wp-json\/wp\/v2\/comments?post=2070"}],"wp:featuredmedia":[{"embeddable":true,"href":"https:\/\/shop.lavi-soundandyoga.com\/es\/wp-json\/wp\/v2\/media\/1755"}],"wp:attachment":[{"href":"https:\/\/shop.lavi-soundandyoga.com\/es\/wp-json\/wp\/v2\/media?parent=2070"}],"wp:term":[{"taxonomy":"product_brand","embeddable":true,"href":"https:\/\/shop.lavi-soundandyoga.com\/es\/wp-json\/wp\/v2\/product_brand?post=2070"},{"taxonomy":"product_cat","embeddable":true,"href":"https:\/\/shop.lavi-soundandyoga.com\/es\/wp-json\/wp\/v2\/product_cat?post=2070"},{"taxonomy":"product_tag","embeddable":true,"href":"https:\/\/shop.lavi-soundandyoga.com\/es\/wp-json\/wp\/v2\/product_tag?post=2070"}],"curies":[{"name":"wp","href":"https:\/\/api.w.org\/{rel}","templated":true}]}}