{"id":2073,"date":"2024-11-16T06:41:33","date_gmt":"2024-11-16T06:41:33","guid":{"rendered":"https:\/\/shop.lavi-soundandyoga.com\/product\/handpan-tambor-lingual-9-notas-re-menor"},"modified":"2024-11-16T06:41:33","modified_gmt":"2024-11-16T06:41:33","slug":"handpan-tambor-lingual-9-notas-re-menor","status":"publish","type":"product","link":"https:\/\/shop.lavi-soundandyoga.com\/es\/producto\/instrumentos-de-curacion-por-sonido\/flauta-de-mano\/handpan-tambor-lingual-9-notas-re-menor","title":{"rendered":"\u00abHandpan\u00bb\/Tambor lingual 9 notas Re menor"},"content":{"rendered":"<p><span style=\"font-weight: 400;\">Este elegante tambor de leng\u00fceta gris tiene 9 tonos y est\u00e1 hecho de acero cobrizo de alta calidad. Combina las caracter\u00edsticas de un handpan y un tambor de leng\u00fceta.   <\/span><\/p>\n<p><span style=\"font-weight: 400;\">El handpan\/tambor de lengua produce un sonido pleno y c\u00e1lido que se amplifica por la resonancia de la superficie met\u00e1lica.<\/span><\/p>\n<p><span style=\"font-weight: 400;\">Los sobretonos ricos y los tonos graves y medios armoniosos y resonantes crean un sonido maravilloso con una reproducci\u00f3n del tono clara y r\u00e1pida.  <\/span><\/p>\n<p><span style=\"font-weight: 400;\">El innovador dise\u00f1o es similar al del handpan, cada nota tiene un sonido fundamental claro y se complementa con un sobretono arm\u00f3nico en la octava. Esto da al sonido profundidad y complejidad. Tambi\u00e9n tiene un tono medio, lo que lo hace ideal para los m\u00fasicos.  <\/span><\/p>\n<p><span style=\"font-weight: 400;\">Hay una tapa de goma extra\u00edble en la parte inferior del tambor de leng\u00fceta, que puede resaltar a\u00fan mejor los sobretonos.  <\/span><\/p>\n<p><span style=\"font-weight: 400;\">El dise\u00f1o es elegante, cl\u00e1sico y est\u00e9tico.<\/span><\/p>\n<p><span style=\"font-weight: 400;\">La claridad del sonido es excelente y la estructura, as\u00ed como el dise\u00f1o, ofrecen una excelente respuesta en bajas frecuencias.<\/span><\/p>\n<p><span style=\"font-weight: 400;\">Las notas resuenan durante mucho tiempo, creando una atm\u00f3sfera meditativa y permitiendo al jugador sumergirse en el sonido.<\/span><\/p>\n<p><span style=\"font-weight: 400;\">El sonido Re menor es ideal para la m\u00fasica emocional y relajante, y la combinaci\u00f3n de sonidos profundos y armoniosos tiene un efecto calmante e inspirador.<\/span><span style=\"font-weight: 400;\"><br \/>\n<\/span><span style=\"font-weight: 400;\">Ya sea para viajes sonoros, sanaci\u00f3n con sonido, clases de yoga o para uso personal, este tambor de lengua es un compa\u00f1ero maravilloso.  <\/span><span style=\"font-weight: 400;\"><br \/>\n<\/span><span style=\"font-weight: 400;\">El tama\u00f1o de unos 36 cm es ideal para transportarlo f\u00e1cilmente.  <\/span><\/p>\n<p><span style=\"font-weight: 400;\"><br \/>\n<\/span><span style=\"font-weight: 400;\">9 notas Re menor: Re3\/A3-Bb3-C4-D4-E4-F4-G4-A4<\/span><\/p>\n<p><span style=\"font-weight: 400;\">Propiedades:<\/span><span style=\"font-weight: 400;\"><br \/>\n<\/span><span style=\"font-weight: 400;\">Material: Metal<\/span><span style=\"font-weight: 400;\"><br \/>\n<\/span><span style=\"font-weight: 400;\">Tama\u00f1o: aprox. 36 cm<\/span><span style=\"font-weight: 400;\"><br \/>\n<\/span><span style=\"font-weight: 400;\">Peso: 3700 g<\/span><span style=\"font-weight: 400;\"><br \/>\n<\/span><span style=\"font-weight: 400;\">Peso total: 4530 g<\/span><\/p>\n<p><span style=\"font-weight: 400;\">Manual de instrucciones incluido<\/span><span style=\"font-weight: 400;\"><br \/>\n<\/span><span style=\"font-weight: 400;\">Bolsa de transporte incluida<\/span><span style=\"font-weight: 400;\"><br \/>\n<\/span><span style=\"font-weight: 400;\">Incluye maza de goma<\/span><\/p>\n<p><br style=\"font-weight: 400;\"><br style=\"font-weight: 400;\"><\/p>\n","protected":false},"excerpt":{"rendered":"<p><span style=\"font-weight: 400;\">\u00abHangdrum\u00bb \/ Tambor lingual 9 notas Re menor<\/span><\/p>\n<p><span style=\"font-weight: 400;\">Metal gris con cuerdas negras y rojas.<\/span><\/p>\n<p><span style=\"font-weight: 400;\">Excelente claridad de sonido, tonos armoniosos.<\/span><span style=\"font-weight: 400;\"><br \/>\n<\/span><span style=\"font-weight: 400;\">Incluye bolsa, mazos e instrucciones. <\/span> <\/p>\n<p><br style=\"font-weight: 400;\"><br style=\"font-weight: 400;\"><\/p>\n","protected":false},"featured_media":1753,"comment_status":"closed","ping_status":"closed","template":"","meta":{"_acf_changed":false},"product_brand":[],"product_cat":[198,170],"product_tag":[],"class_list":{"0":"post-2073","1":"product","2":"type-product","3":"status-publish","4":"has-post-thumbnail","6":"product_cat-flauta-de-mano","7":"product_cat-instrumentos-de-curacion-por-sonido","8":"product_shipping_class-paquete-l","10":"first","11":"instock","12":"sale","13":"purchasable","14":"product-type-simple"},"acf":[],"yoast_head":"<!-- This site is optimized with the Yoast SEO plugin v24.5 - https:\/\/yoast.com\/wordpress\/plugins\/seo\/ -->\n<title>&quot;Handpan&quot;\/Tambor lingual 9 notas Re menor | LaVi - Sound &amp; Yoga<\/title>\n<meta name=\"robots\" content=\"index, follow, max-snippet:-1, max-image-preview:large, max-video-preview:-1\" \/>\n<link rel=\"canonical\" href=\"https:\/\/shop.lavi-soundandyoga.com\/es\/producto\/instrumentos-de-curacion-por-sonido\/flauta-de-mano\/handpan-tambor-lingual-9-notas-re-menor\" \/>\n<meta property=\"og:locale\" content=\"es_ES\" \/>\n<meta property=\"og:type\" content=\"article\" \/>\n<meta property=\"og:title\" content=\"&quot;Handpan&quot;\/Tambor lingual 9 notas Re menor | LaVi - Sound &amp; Yoga\" \/>\n<meta property=\"og:description\" content=\"&quot;Hangdrum&quot; \/ Tambor lingual 9 notas Re menor Metal gris con cuerdas negras y rojas. Excelente claridad de sonido, tonos armoniosos. Incluye bolsa, mazos e instrucciones.\" \/>\n<meta property=\"og:url\" content=\"https:\/\/shop.lavi-soundandyoga.com\/es\/producto\/instrumentos-de-curacion-por-sonido\/flauta-de-mano\/handpan-tambor-lingual-9-notas-re-menor\" \/>\n<meta property=\"og:site_name\" content=\"LaVi - Sound &amp; Yoga\" \/>\n<meta property=\"article:publisher\" content=\"https:\/\/www.facebook.com\/lavisoundandyoga\" \/>\n<meta property=\"og:image\" content=\"https:\/\/shop.lavi-soundandyoga.com\/wp-content\/uploads\/2024\/10\/Tonguedrum-grau-1.jpeg\" \/>\n\t<meta property=\"og:image:width\" content=\"800\" \/>\n\t<meta property=\"og:image:height\" content=\"800\" \/>\n\t<meta property=\"og:image:type\" content=\"image\/jpeg\" \/>\n<meta name=\"twitter:card\" content=\"summary_large_image\" \/>\n<meta name=\"twitter:label1\" content=\"Tiempo de lectura\" \/>\n\t<meta name=\"twitter:data1\" content=\"2 minutos\" \/>\n<script type=\"application\/ld+json\" class=\"yoast-schema-graph\">{\"@context\":\"https:\/\/schema.org\",\"@graph\":[{\"@type\":[\"WebPage\",\"ItemPage\"],\"@id\":\"https:\/\/shop.lavi-soundandyoga.com\/es\/producto\/instrumentos-de-curacion-por-sonido\/flauta-de-mano\/handpan-tambor-lingual-9-notas-re-menor\",\"url\":\"https:\/\/shop.lavi-soundandyoga.com\/es\/producto\/instrumentos-de-curacion-por-sonido\/flauta-de-mano\/handpan-tambor-lingual-9-notas-re-menor\",\"name\":\"\\\"Handpan\\\"\/Tambor lingual 9 notas Re menor | LaVi - Sound &amp; Yoga\",\"isPartOf\":{\"@id\":\"https:\/\/shop.lavi-soundandyoga.com\/es#website\"},\"primaryImageOfPage\":{\"@id\":\"https:\/\/shop.lavi-soundandyoga.com\/es\/producto\/instrumentos-de-curacion-por-sonido\/flauta-de-mano\/handpan-tambor-lingual-9-notas-re-menor#primaryimage\"},\"image\":{\"@id\":\"https:\/\/shop.lavi-soundandyoga.com\/es\/producto\/instrumentos-de-curacion-por-sonido\/flauta-de-mano\/handpan-tambor-lingual-9-notas-re-menor#primaryimage\"},\"thumbnailUrl\":\"https:\/\/shop.lavi-soundandyoga.com\/wp-content\/uploads\/2024\/10\/Tonguedrum-grau-1.jpeg\",\"datePublished\":\"2024-11-16T06:41:33+00:00\",\"breadcrumb\":{\"@id\":\"https:\/\/shop.lavi-soundandyoga.com\/es\/producto\/instrumentos-de-curacion-por-sonido\/flauta-de-mano\/handpan-tambor-lingual-9-notas-re-menor#breadcrumb\"},\"inLanguage\":\"es\",\"potentialAction\":[{\"@type\":\"ReadAction\",\"target\":[\"https:\/\/shop.lavi-soundandyoga.com\/es\/producto\/instrumentos-de-curacion-por-sonido\/flauta-de-mano\/handpan-tambor-lingual-9-notas-re-menor\"]}]},{\"@type\":\"ImageObject\",\"inLanguage\":\"es\",\"@id\":\"https:\/\/shop.lavi-soundandyoga.com\/es\/producto\/instrumentos-de-curacion-por-sonido\/flauta-de-mano\/handpan-tambor-lingual-9-notas-re-menor#primaryimage\",\"url\":\"https:\/\/shop.lavi-soundandyoga.com\/wp-content\/uploads\/2024\/10\/Tonguedrum-grau-1.jpeg\",\"contentUrl\":\"https:\/\/shop.lavi-soundandyoga.com\/wp-content\/uploads\/2024\/10\/Tonguedrum-grau-1.jpeg\",\"width\":800,\"height\":800,\"caption\":\"Tonguedrum grau 1\"},{\"@type\":\"BreadcrumbList\",\"@id\":\"https:\/\/shop.lavi-soundandyoga.com\/es\/producto\/instrumentos-de-curacion-por-sonido\/flauta-de-mano\/handpan-tambor-lingual-9-notas-re-menor#breadcrumb\",\"itemListElement\":[{\"@type\":\"ListItem\",\"position\":1,\"name\":\"LaVi Shop\",\"item\":\"https:\/\/shop.lavi-soundandyoga.com\/es\/tienda\"},{\"@type\":\"ListItem\",\"position\":2,\"name\":\"Productos\",\"item\":\"https:\/\/shop.lavi-soundandyoga.com\/es\/shop\"},{\"@type\":\"ListItem\",\"position\":3,\"name\":\"Instrumentos de curaci\u00f3n por sonido\",\"item\":\"https:\/\/shop.lavi-soundandyoga.com\/es\/categoria-producto\/instrumentos-de-curacion-por-sonido\"},{\"@type\":\"ListItem\",\"position\":4,\"name\":\"&#8222;Handpan&#8220;\/Tambor lingual 9 notas Re menor\"}]},{\"@type\":\"WebSite\",\"@id\":\"https:\/\/shop.lavi-soundandyoga.com\/es#website\",\"url\":\"https:\/\/shop.lavi-soundandyoga.com\/es\",\"name\":\"LaVi Sound & Yoga\",\"description\":\"Yin Yoga and Sound Healing\",\"publisher\":{\"@id\":\"https:\/\/shop.lavi-soundandyoga.com\/es#organization\"},\"alternateName\":\"Lavi\",\"potentialAction\":[{\"@type\":\"SearchAction\",\"target\":{\"@type\":\"EntryPoint\",\"urlTemplate\":\"https:\/\/shop.lavi-soundandyoga.com\/es?s={search_term_string}\"},\"query-input\":{\"@type\":\"PropertyValueSpecification\",\"valueRequired\":true,\"valueName\":\"search_term_string\"}}],\"inLanguage\":\"es\"},{\"@type\":\"Organization\",\"@id\":\"https:\/\/shop.lavi-soundandyoga.com\/es#organization\",\"name\":\"LaVi Sound and Yoga\",\"alternateName\":\"LaVi\",\"url\":\"https:\/\/shop.lavi-soundandyoga.com\/es\",\"logo\":{\"@type\":\"ImageObject\",\"inLanguage\":\"es\",\"@id\":\"https:\/\/shop.lavi-soundandyoga.com\/es#\/schema\/logo\/image\/\",\"url\":\"https:\/\/shop.lavi-soundandyoga.com\/wp-content\/uploads\/2025\/01\/LaVi_LogoFINAL1.png\",\"contentUrl\":\"https:\/\/shop.lavi-soundandyoga.com\/wp-content\/uploads\/2025\/01\/LaVi_LogoFINAL1.png\",\"width\":343,\"height\":339,\"caption\":\"LaVi Sound and Yoga\"},\"image\":{\"@id\":\"https:\/\/shop.lavi-soundandyoga.com\/es#\/schema\/logo\/image\/\"},\"sameAs\":[\"https:\/\/www.facebook.com\/lavisoundandyoga\",\"https:\/\/www.instagram.com\/lavi_sound_and_yoga\/\",\"https:\/\/www.youtube.com\/channel\/UCuQTy-TOirHAZruDryEKTXQ\",\"https:\/\/www.tiktok.com\/@lavisoundandyoga\",\"https:\/\/open.spotify.com\/artist\/6lpTHiTkCOgxZ9BUonU0zM\"]}]}<\/script>\n<!-- \/ Yoast SEO plugin. -->","yoast_head_json":{"title":"\"Handpan\"\/Tambor lingual 9 notas Re menor | LaVi - Sound &amp; Yoga","robots":{"index":"index","follow":"follow","max-snippet":"max-snippet:-1","max-image-preview":"max-image-preview:large","max-video-preview":"max-video-preview:-1"},"canonical":"https:\/\/shop.lavi-soundandyoga.com\/es\/producto\/instrumentos-de-curacion-por-sonido\/flauta-de-mano\/handpan-tambor-lingual-9-notas-re-menor","og_locale":"es_ES","og_type":"article","og_title":"\"Handpan\"\/Tambor lingual 9 notas Re menor | LaVi - Sound &amp; Yoga","og_description":"\"Hangdrum\" \/ Tambor lingual 9 notas Re menor Metal gris con cuerdas negras y rojas. Excelente claridad de sonido, tonos armoniosos. Incluye bolsa, mazos e instrucciones.","og_url":"https:\/\/shop.lavi-soundandyoga.com\/es\/producto\/instrumentos-de-curacion-por-sonido\/flauta-de-mano\/handpan-tambor-lingual-9-notas-re-menor","og_site_name":"LaVi - Sound &amp; Yoga","article_publisher":"https:\/\/www.facebook.com\/lavisoundandyoga","og_image":[{"width":800,"height":800,"url":"https:\/\/shop.lavi-soundandyoga.com\/wp-content\/uploads\/2024\/10\/Tonguedrum-grau-1.jpeg","type":"image\/jpeg"}],"twitter_card":"summary_large_image","twitter_misc":{"Tiempo de lectura":"2 minutos"},"schema":{"@context":"https:\/\/schema.org","@graph":[{"@type":["WebPage","ItemPage"],"@id":"https:\/\/shop.lavi-soundandyoga.com\/es\/producto\/instrumentos-de-curacion-por-sonido\/flauta-de-mano\/handpan-tambor-lingual-9-notas-re-menor","url":"https:\/\/shop.lavi-soundandyoga.com\/es\/producto\/instrumentos-de-curacion-por-sonido\/flauta-de-mano\/handpan-tambor-lingual-9-notas-re-menor","name":"\"Handpan\"\/Tambor lingual 9 notas Re menor | LaVi - Sound &amp; Yoga","isPartOf":{"@id":"https:\/\/shop.lavi-soundandyoga.com\/es#website"},"primaryImageOfPage":{"@id":"https:\/\/shop.lavi-soundandyoga.com\/es\/producto\/instrumentos-de-curacion-por-sonido\/flauta-de-mano\/handpan-tambor-lingual-9-notas-re-menor#primaryimage"},"image":{"@id":"https:\/\/shop.lavi-soundandyoga.com\/es\/producto\/instrumentos-de-curacion-por-sonido\/flauta-de-mano\/handpan-tambor-lingual-9-notas-re-menor#primaryimage"},"thumbnailUrl":"https:\/\/shop.lavi-soundandyoga.com\/wp-content\/uploads\/2024\/10\/Tonguedrum-grau-1.jpeg","datePublished":"2024-11-16T06:41:33+00:00","breadcrumb":{"@id":"https:\/\/shop.lavi-soundandyoga.com\/es\/producto\/instrumentos-de-curacion-por-sonido\/flauta-de-mano\/handpan-tambor-lingual-9-notas-re-menor#breadcrumb"},"inLanguage":"es","potentialAction":[{"@type":"ReadAction","target":["https:\/\/shop.lavi-soundandyoga.com\/es\/producto\/instrumentos-de-curacion-por-sonido\/flauta-de-mano\/handpan-tambor-lingual-9-notas-re-menor"]}]},{"@type":"ImageObject","inLanguage":"es","@id":"https:\/\/shop.lavi-soundandyoga.com\/es\/producto\/instrumentos-de-curacion-por-sonido\/flauta-de-mano\/handpan-tambor-lingual-9-notas-re-menor#primaryimage","url":"https:\/\/shop.lavi-soundandyoga.com\/wp-content\/uploads\/2024\/10\/Tonguedrum-grau-1.jpeg","contentUrl":"https:\/\/shop.lavi-soundandyoga.com\/wp-content\/uploads\/2024\/10\/Tonguedrum-grau-1.jpeg","width":800,"height":800,"caption":"Tonguedrum grau 1"},{"@type":"BreadcrumbList","@id":"https:\/\/shop.lavi-soundandyoga.com\/es\/producto\/instrumentos-de-curacion-por-sonido\/flauta-de-mano\/handpan-tambor-lingual-9-notas-re-menor#breadcrumb","itemListElement":[{"@type":"ListItem","position":1,"name":"LaVi Shop","item":"https:\/\/shop.lavi-soundandyoga.com\/es\/tienda"},{"@type":"ListItem","position":2,"name":"Productos","item":"https:\/\/shop.lavi-soundandyoga.com\/es\/shop"},{"@type":"ListItem","position":3,"name":"Instrumentos de curaci\u00f3n por sonido","item":"https:\/\/shop.lavi-soundandyoga.com\/es\/categoria-producto\/instrumentos-de-curacion-por-sonido"},{"@type":"ListItem","position":4,"name":"&#8222;Handpan&#8220;\/Tambor lingual 9 notas Re menor"}]},{"@type":"WebSite","@id":"https:\/\/shop.lavi-soundandyoga.com\/es#website","url":"https:\/\/shop.lavi-soundandyoga.com\/es","name":"LaVi Sound & Yoga","description":"Yin Yoga and Sound Healing","publisher":{"@id":"https:\/\/shop.lavi-soundandyoga.com\/es#organization"},"alternateName":"Lavi","potentialAction":[{"@type":"SearchAction","target":{"@type":"EntryPoint","urlTemplate":"https:\/\/shop.lavi-soundandyoga.com\/es?s={search_term_string}"},"query-input":{"@type":"PropertyValueSpecification","valueRequired":true,"valueName":"search_term_string"}}],"inLanguage":"es"},{"@type":"Organization","@id":"https:\/\/shop.lavi-soundandyoga.com\/es#organization","name":"LaVi Sound and Yoga","alternateName":"LaVi","url":"https:\/\/shop.lavi-soundandyoga.com\/es","logo":{"@type":"ImageObject","inLanguage":"es","@id":"https:\/\/shop.lavi-soundandyoga.com\/es#\/schema\/logo\/image\/","url":"https:\/\/shop.lavi-soundandyoga.com\/wp-content\/uploads\/2025\/01\/LaVi_LogoFINAL1.png","contentUrl":"https:\/\/shop.lavi-soundandyoga.com\/wp-content\/uploads\/2025\/01\/LaVi_LogoFINAL1.png","width":343,"height":339,"caption":"LaVi Sound and Yoga"},"image":{"@id":"https:\/\/shop.lavi-soundandyoga.com\/es#\/schema\/logo\/image\/"},"sameAs":["https:\/\/www.facebook.com\/lavisoundandyoga","https:\/\/www.instagram.com\/lavi_sound_and_yoga\/","https:\/\/www.youtube.com\/channel\/UCuQTy-TOirHAZruDryEKTXQ","https:\/\/www.tiktok.com\/@lavisoundandyoga","https:\/\/open.spotify.com\/artist\/6lpTHiTkCOgxZ9BUonU0zM"]}]}},"jetpack_sharing_enabled":true,"_links":{"self":[{"href":"https:\/\/shop.lavi-soundandyoga.com\/es\/wp-json\/wp\/v2\/product\/2073","targetHints":{"allow":["GET"]}}],"collection":[{"href":"https:\/\/shop.lavi-soundandyoga.com\/es\/wp-json\/wp\/v2\/product"}],"about":[{"href":"https:\/\/shop.lavi-soundandyoga.com\/es\/wp-json\/wp\/v2\/types\/product"}],"replies":[{"embeddable":true,"href":"https:\/\/shop.lavi-soundandyoga.com\/es\/wp-json\/wp\/v2\/comments?post=2073"}],"wp:featuredmedia":[{"embeddable":true,"href":"https:\/\/shop.lavi-soundandyoga.com\/es\/wp-json\/wp\/v2\/media\/1753"}],"wp:attachment":[{"href":"https:\/\/shop.lavi-soundandyoga.com\/es\/wp-json\/wp\/v2\/media?parent=2073"}],"wp:term":[{"taxonomy":"product_brand","embeddable":true,"href":"https:\/\/shop.lavi-soundandyoga.com\/es\/wp-json\/wp\/v2\/product_brand?post=2073"},{"taxonomy":"product_cat","embeddable":true,"href":"https:\/\/shop.lavi-soundandyoga.com\/es\/wp-json\/wp\/v2\/product_cat?post=2073"},{"taxonomy":"product_tag","embeddable":true,"href":"https:\/\/shop.lavi-soundandyoga.com\/es\/wp-json\/wp\/v2\/product_tag?post=2073"}],"curies":[{"name":"wp","href":"https:\/\/api.w.org\/{rel}","templated":true}]}}