{"id":2075,"date":"2024-11-16T06:42:16","date_gmt":"2024-11-16T06:42:16","guid":{"rendered":"https:\/\/shop.lavi-soundandyoga.com\/product\/handpan-tambor-repicador-14-notas-do-mayor"},"modified":"2024-11-16T06:42:16","modified_gmt":"2024-11-16T06:42:16","slug":"handpan-tambor-repicador-14-notas-do-mayor","status":"publish","type":"product","link":"https:\/\/shop.lavi-soundandyoga.com\/es\/producto\/instrumentos-de-curacion-por-sonido\/flauta-de-mano\/handpan-tambor-repicador-14-notas-do-mayor","title":{"rendered":"\u00abHandpan\u00bb \/ tambor repicador 14 notas Do mayor"},"content":{"rendered":"<p><span style=\"font-weight: 400;\">Este tambor negro de 14 notas en do mayor se caracteriza por sus cualidades sonoras \u00fanicas y por la forma en que est\u00e1 fabricado.  <\/span><\/p>\n<p><span style=\"font-weight: 400;\">Los 14 tonos ofrecen una amplia paleta tonal que permite diferentes melod\u00edas y armon\u00edas.<\/span><\/p>\n<p><span style=\"font-weight: 400;\">Est\u00e1 fabricada con acero de alta calidad. Las sartenes de mano producen un sonido pleno y resonante, creado por las superficies met\u00e1licas plegadas. <\/span><\/p>\n<p><span style=\"font-weight: 400;\">Los ricos sobretonos y los arm\u00f3nicos tonos graves y medios crean un sonido maravilloso con una reproducci\u00f3n del tono clara y r\u00e1pida. Los tonos tienen fuertes tonos fundamentales y bellos sobretonos que suenan armoniosamente juntos cuando se tocan. <\/span><span style=\"font-weight: 400;\"><br \/>\n<\/span><span style=\"font-weight: 400;\">La claridad del sonido es excelente y la estructura, as\u00ed como el dise\u00f1o, ofrecen una excelente respuesta en bajas frecuencias. Es ideal para la t\u00e9cnica de golpeo con los dedos y para tocar con mazas.   <\/span><\/p>\n<p><span style=\"font-weight: 400;\">El dise\u00f1o es elegante, cl\u00e1sico y est\u00e9tico, y resulta adecuado para diversos fines.<\/span><span style=\"font-weight: 400;\"><br \/>\n<\/span><span style=\"font-weight: 400;\">Ya sea para viajes sonoros, sanaci\u00f3n con sonido, clases de yoga o para uso personal, este tambor de lengua es un compa\u00f1ero maravilloso.  <\/span><\/p>\n<p><span style=\"font-weight: 400;\">Do mayor es una afinaci\u00f3n com\u00fan que se adapta a la mayor\u00eda de estilos musicales y produce sonidos agradables y armoniosos.  <\/span><span style=\"font-weight: 400;\">El sonido es suave y tranquilizador, por lo que es ideal para la meditaci\u00f3n, la relajaci\u00f3n y la improvisaci\u00f3n musical.  <\/span><\/p>\n<p><span style=\"font-weight: 400;\">Un handpan en do mayor con 14 notas ofrece posibilidades vers\u00e1tiles para m\u00fasicos y entusiastas del sonido. La combinaci\u00f3n de voces, resonancia y cualidades sonoras arm\u00f3nicas lo convierten en un instrumento fascinante.   <\/span><\/p>\n<p>&nbsp;<\/p>\n<p><span style=\"font-weight: 400;\">14 notas en Do mayor: F3-G3-A3-B3-C4-D4-E4-F4-G4-A4-B4-C5-D5-E5<\/span><\/p>\n<p><span style=\"font-weight: 400;\">Propiedades:<\/span><span style=\"font-weight: 400;\"><br \/>\n<\/span><span style=\"font-weight: 400;\">Material: Metal<\/span><span style=\"font-weight: 400;\"><br \/>\n<\/span><span style=\"font-weight: 400;\">Tama\u00f1o: aprox. 36 cm<\/span><span style=\"font-weight: 400;\"><br \/>\n<\/span><span style=\"font-weight: 400;\">Peso: 4030 g<\/span><span style=\"font-weight: 400;\"><br \/>\n<\/span><span style=\"font-weight: 400;\">Peso total: 4890 g<\/span><\/p>\n<p><span style=\"font-weight: 400;\">Manual de instrucciones incluido<\/span><span style=\"font-weight: 400;\"><br \/>\n<\/span><span style=\"font-weight: 400;\">Bolsa de transporte incluida<\/span><span style=\"font-weight: 400;\"><br \/>\n<\/span><span style=\"font-weight: 400;\">Incluye maza de goma<\/span><\/p>\n<p><br style=\"font-weight: 400;\"><br style=\"font-weight: 400;\"><\/p>\n","protected":false},"excerpt":{"rendered":"<p><span style=\"font-weight: 400;\">\u00abHangdrum\u00bb \/ Tambor de golpeo 14 notas en Do mayor<\/span><span style=\"font-weight: 400;\"><br \/>\n<\/span><span style=\"font-weight: 400;\">Tamboril con sus 14 tonos en la afinaci\u00f3n arm\u00f3nica de Do mayor con una fascinante variedad de sonidos. <\/span><span style=\"font-weight: 400;\"><br \/>\n<\/span><span style=\"font-weight: 400;\">Fabricado en acero de alta calidad, sonidos resonantes y bellos sobretonos. <\/span><span style=\"font-weight: 400;\">Metal negro con cuerdas amarillas y negras.<\/span><span style=\"font-weight: 400;\"><br \/>\n<\/span><span style=\"font-weight: 400;\">Excelente claridad de sonido, tonos armoniosos.<\/span><span style=\"font-weight: 400;\"><br \/>\n<\/span><span style=\"font-weight: 400;\">Incluye bolsa, mazos e instrucciones <\/span> <\/p>\n<p><br style=\"font-weight: 400;\"><br style=\"font-weight: 400;\"><\/p>\n","protected":false},"featured_media":1745,"comment_status":"closed","ping_status":"closed","template":"","meta":{"_acf_changed":false},"product_brand":[],"product_cat":[198,170],"product_tag":[],"class_list":{"0":"post-2075","1":"product","2":"type-product","3":"status-publish","4":"has-post-thumbnail","6":"product_cat-flauta-de-mano","7":"product_cat-instrumentos-de-curacion-por-sonido","8":"product_shipping_class-paquete-l","10":"first","11":"instock","12":"sale","13":"purchasable","14":"product-type-simple"},"acf":[],"yoast_head":"<!-- This site is optimized with the Yoast SEO plugin v24.5 - https:\/\/yoast.com\/wordpress\/plugins\/seo\/ -->\n<title>&quot;Handpan&quot; \/ tambor repicador 14 notas Do mayor | LaVi - Sound &amp; Yoga<\/title>\n<meta name=\"robots\" content=\"index, follow, max-snippet:-1, max-image-preview:large, max-video-preview:-1\" \/>\n<link rel=\"canonical\" href=\"https:\/\/shop.lavi-soundandyoga.com\/es\/producto\/instrumentos-de-curacion-por-sonido\/flauta-de-mano\/handpan-tambor-repicador-14-notas-do-mayor\" \/>\n<meta property=\"og:locale\" content=\"es_ES\" \/>\n<meta property=\"og:type\" content=\"article\" \/>\n<meta property=\"og:title\" content=\"&quot;Handpan&quot; \/ tambor repicador 14 notas Do mayor | LaVi - Sound &amp; Yoga\" \/>\n<meta property=\"og:description\" content=\"&quot;Hangdrum&quot; \/ Tambor de golpeo 14 notas en Do mayor Tamboril con sus 14 tonos en la afinaci\u00f3n arm\u00f3nica de Do mayor con una fascinante variedad de sonidos. Fabricado en acero de alta calidad, sonidos resonantes y bellos sobretonos. Metal negro con cuerdas amarillas y negras. Excelente claridad de sonido, tonos armoniosos. Incluye bolsa, mazos e instrucciones\" \/>\n<meta property=\"og:url\" content=\"https:\/\/shop.lavi-soundandyoga.com\/es\/producto\/instrumentos-de-curacion-por-sonido\/flauta-de-mano\/handpan-tambor-repicador-14-notas-do-mayor\" \/>\n<meta property=\"og:site_name\" content=\"LaVi - Sound &amp; Yoga\" \/>\n<meta property=\"article:publisher\" content=\"https:\/\/www.facebook.com\/lavisoundandyoga\" \/>\n<meta property=\"og:image\" content=\"https:\/\/shop.lavi-soundandyoga.com\/wp-content\/uploads\/2024\/10\/Tonguedrum-black-1.jpeg\" \/>\n\t<meta property=\"og:image:width\" content=\"800\" \/>\n\t<meta property=\"og:image:height\" content=\"800\" \/>\n\t<meta property=\"og:image:type\" content=\"image\/jpeg\" \/>\n<meta name=\"twitter:card\" content=\"summary_large_image\" \/>\n<meta name=\"twitter:label1\" content=\"Tiempo de lectura\" \/>\n\t<meta name=\"twitter:data1\" content=\"2 minutos\" \/>\n<script type=\"application\/ld+json\" class=\"yoast-schema-graph\">{\"@context\":\"https:\/\/schema.org\",\"@graph\":[{\"@type\":[\"WebPage\",\"ItemPage\"],\"@id\":\"https:\/\/shop.lavi-soundandyoga.com\/es\/producto\/instrumentos-de-curacion-por-sonido\/flauta-de-mano\/handpan-tambor-repicador-14-notas-do-mayor\",\"url\":\"https:\/\/shop.lavi-soundandyoga.com\/es\/producto\/instrumentos-de-curacion-por-sonido\/flauta-de-mano\/handpan-tambor-repicador-14-notas-do-mayor\",\"name\":\"\\\"Handpan\\\" \/ tambor repicador 14 notas Do mayor | LaVi - Sound &amp; Yoga\",\"isPartOf\":{\"@id\":\"https:\/\/shop.lavi-soundandyoga.com\/es#website\"},\"primaryImageOfPage\":{\"@id\":\"https:\/\/shop.lavi-soundandyoga.com\/es\/producto\/instrumentos-de-curacion-por-sonido\/flauta-de-mano\/handpan-tambor-repicador-14-notas-do-mayor#primaryimage\"},\"image\":{\"@id\":\"https:\/\/shop.lavi-soundandyoga.com\/es\/producto\/instrumentos-de-curacion-por-sonido\/flauta-de-mano\/handpan-tambor-repicador-14-notas-do-mayor#primaryimage\"},\"thumbnailUrl\":\"https:\/\/shop.lavi-soundandyoga.com\/wp-content\/uploads\/2024\/10\/Tonguedrum-black-1.jpeg\",\"datePublished\":\"2024-11-16T06:42:16+00:00\",\"breadcrumb\":{\"@id\":\"https:\/\/shop.lavi-soundandyoga.com\/es\/producto\/instrumentos-de-curacion-por-sonido\/flauta-de-mano\/handpan-tambor-repicador-14-notas-do-mayor#breadcrumb\"},\"inLanguage\":\"es\",\"potentialAction\":[{\"@type\":\"ReadAction\",\"target\":[\"https:\/\/shop.lavi-soundandyoga.com\/es\/producto\/instrumentos-de-curacion-por-sonido\/flauta-de-mano\/handpan-tambor-repicador-14-notas-do-mayor\"]}]},{\"@type\":\"ImageObject\",\"inLanguage\":\"es\",\"@id\":\"https:\/\/shop.lavi-soundandyoga.com\/es\/producto\/instrumentos-de-curacion-por-sonido\/flauta-de-mano\/handpan-tambor-repicador-14-notas-do-mayor#primaryimage\",\"url\":\"https:\/\/shop.lavi-soundandyoga.com\/wp-content\/uploads\/2024\/10\/Tonguedrum-black-1.jpeg\",\"contentUrl\":\"https:\/\/shop.lavi-soundandyoga.com\/wp-content\/uploads\/2024\/10\/Tonguedrum-black-1.jpeg\",\"width\":800,\"height\":800,\"caption\":\"Tonguedrum black 1\"},{\"@type\":\"BreadcrumbList\",\"@id\":\"https:\/\/shop.lavi-soundandyoga.com\/es\/producto\/instrumentos-de-curacion-por-sonido\/flauta-de-mano\/handpan-tambor-repicador-14-notas-do-mayor#breadcrumb\",\"itemListElement\":[{\"@type\":\"ListItem\",\"position\":1,\"name\":\"LaVi Shop\",\"item\":\"https:\/\/shop.lavi-soundandyoga.com\/es\/tienda\"},{\"@type\":\"ListItem\",\"position\":2,\"name\":\"Productos\",\"item\":\"https:\/\/shop.lavi-soundandyoga.com\/es\/shop\"},{\"@type\":\"ListItem\",\"position\":3,\"name\":\"Instrumentos de curaci\u00f3n por sonido\",\"item\":\"https:\/\/shop.lavi-soundandyoga.com\/es\/categoria-producto\/instrumentos-de-curacion-por-sonido\"},{\"@type\":\"ListItem\",\"position\":4,\"name\":\"&#8222;Handpan&#8220; \/ tambor repicador 14 notas Do mayor\"}]},{\"@type\":\"WebSite\",\"@id\":\"https:\/\/shop.lavi-soundandyoga.com\/es#website\",\"url\":\"https:\/\/shop.lavi-soundandyoga.com\/es\",\"name\":\"LaVi Sound & Yoga\",\"description\":\"Yin Yoga and Sound Healing\",\"publisher\":{\"@id\":\"https:\/\/shop.lavi-soundandyoga.com\/es#organization\"},\"alternateName\":\"Lavi\",\"potentialAction\":[{\"@type\":\"SearchAction\",\"target\":{\"@type\":\"EntryPoint\",\"urlTemplate\":\"https:\/\/shop.lavi-soundandyoga.com\/es?s={search_term_string}\"},\"query-input\":{\"@type\":\"PropertyValueSpecification\",\"valueRequired\":true,\"valueName\":\"search_term_string\"}}],\"inLanguage\":\"es\"},{\"@type\":\"Organization\",\"@id\":\"https:\/\/shop.lavi-soundandyoga.com\/es#organization\",\"name\":\"LaVi Sound and Yoga\",\"alternateName\":\"LaVi\",\"url\":\"https:\/\/shop.lavi-soundandyoga.com\/es\",\"logo\":{\"@type\":\"ImageObject\",\"inLanguage\":\"es\",\"@id\":\"https:\/\/shop.lavi-soundandyoga.com\/es#\/schema\/logo\/image\/\",\"url\":\"https:\/\/shop.lavi-soundandyoga.com\/wp-content\/uploads\/2025\/01\/LaVi_LogoFINAL1.png\",\"contentUrl\":\"https:\/\/shop.lavi-soundandyoga.com\/wp-content\/uploads\/2025\/01\/LaVi_LogoFINAL1.png\",\"width\":343,\"height\":339,\"caption\":\"LaVi Sound and Yoga\"},\"image\":{\"@id\":\"https:\/\/shop.lavi-soundandyoga.com\/es#\/schema\/logo\/image\/\"},\"sameAs\":[\"https:\/\/www.facebook.com\/lavisoundandyoga\",\"https:\/\/www.instagram.com\/lavi_sound_and_yoga\/\",\"https:\/\/www.youtube.com\/channel\/UCuQTy-TOirHAZruDryEKTXQ\",\"https:\/\/www.tiktok.com\/@lavisoundandyoga\",\"https:\/\/open.spotify.com\/artist\/6lpTHiTkCOgxZ9BUonU0zM\"]}]}<\/script>\n<!-- \/ Yoast SEO plugin. -->","yoast_head_json":{"title":"\"Handpan\" \/ tambor repicador 14 notas Do mayor | LaVi - Sound &amp; Yoga","robots":{"index":"index","follow":"follow","max-snippet":"max-snippet:-1","max-image-preview":"max-image-preview:large","max-video-preview":"max-video-preview:-1"},"canonical":"https:\/\/shop.lavi-soundandyoga.com\/es\/producto\/instrumentos-de-curacion-por-sonido\/flauta-de-mano\/handpan-tambor-repicador-14-notas-do-mayor","og_locale":"es_ES","og_type":"article","og_title":"\"Handpan\" \/ tambor repicador 14 notas Do mayor | LaVi - Sound &amp; Yoga","og_description":"\"Hangdrum\" \/ Tambor de golpeo 14 notas en Do mayor Tamboril con sus 14 tonos en la afinaci\u00f3n arm\u00f3nica de Do mayor con una fascinante variedad de sonidos. Fabricado en acero de alta calidad, sonidos resonantes y bellos sobretonos. Metal negro con cuerdas amarillas y negras. Excelente claridad de sonido, tonos armoniosos. Incluye bolsa, mazos e instrucciones","og_url":"https:\/\/shop.lavi-soundandyoga.com\/es\/producto\/instrumentos-de-curacion-por-sonido\/flauta-de-mano\/handpan-tambor-repicador-14-notas-do-mayor","og_site_name":"LaVi - Sound &amp; Yoga","article_publisher":"https:\/\/www.facebook.com\/lavisoundandyoga","og_image":[{"width":800,"height":800,"url":"https:\/\/shop.lavi-soundandyoga.com\/wp-content\/uploads\/2024\/10\/Tonguedrum-black-1.jpeg","type":"image\/jpeg"}],"twitter_card":"summary_large_image","twitter_misc":{"Tiempo de lectura":"2 minutos"},"schema":{"@context":"https:\/\/schema.org","@graph":[{"@type":["WebPage","ItemPage"],"@id":"https:\/\/shop.lavi-soundandyoga.com\/es\/producto\/instrumentos-de-curacion-por-sonido\/flauta-de-mano\/handpan-tambor-repicador-14-notas-do-mayor","url":"https:\/\/shop.lavi-soundandyoga.com\/es\/producto\/instrumentos-de-curacion-por-sonido\/flauta-de-mano\/handpan-tambor-repicador-14-notas-do-mayor","name":"\"Handpan\" \/ tambor repicador 14 notas Do mayor | LaVi - Sound &amp; Yoga","isPartOf":{"@id":"https:\/\/shop.lavi-soundandyoga.com\/es#website"},"primaryImageOfPage":{"@id":"https:\/\/shop.lavi-soundandyoga.com\/es\/producto\/instrumentos-de-curacion-por-sonido\/flauta-de-mano\/handpan-tambor-repicador-14-notas-do-mayor#primaryimage"},"image":{"@id":"https:\/\/shop.lavi-soundandyoga.com\/es\/producto\/instrumentos-de-curacion-por-sonido\/flauta-de-mano\/handpan-tambor-repicador-14-notas-do-mayor#primaryimage"},"thumbnailUrl":"https:\/\/shop.lavi-soundandyoga.com\/wp-content\/uploads\/2024\/10\/Tonguedrum-black-1.jpeg","datePublished":"2024-11-16T06:42:16+00:00","breadcrumb":{"@id":"https:\/\/shop.lavi-soundandyoga.com\/es\/producto\/instrumentos-de-curacion-por-sonido\/flauta-de-mano\/handpan-tambor-repicador-14-notas-do-mayor#breadcrumb"},"inLanguage":"es","potentialAction":[{"@type":"ReadAction","target":["https:\/\/shop.lavi-soundandyoga.com\/es\/producto\/instrumentos-de-curacion-por-sonido\/flauta-de-mano\/handpan-tambor-repicador-14-notas-do-mayor"]}]},{"@type":"ImageObject","inLanguage":"es","@id":"https:\/\/shop.lavi-soundandyoga.com\/es\/producto\/instrumentos-de-curacion-por-sonido\/flauta-de-mano\/handpan-tambor-repicador-14-notas-do-mayor#primaryimage","url":"https:\/\/shop.lavi-soundandyoga.com\/wp-content\/uploads\/2024\/10\/Tonguedrum-black-1.jpeg","contentUrl":"https:\/\/shop.lavi-soundandyoga.com\/wp-content\/uploads\/2024\/10\/Tonguedrum-black-1.jpeg","width":800,"height":800,"caption":"Tonguedrum black 1"},{"@type":"BreadcrumbList","@id":"https:\/\/shop.lavi-soundandyoga.com\/es\/producto\/instrumentos-de-curacion-por-sonido\/flauta-de-mano\/handpan-tambor-repicador-14-notas-do-mayor#breadcrumb","itemListElement":[{"@type":"ListItem","position":1,"name":"LaVi Shop","item":"https:\/\/shop.lavi-soundandyoga.com\/es\/tienda"},{"@type":"ListItem","position":2,"name":"Productos","item":"https:\/\/shop.lavi-soundandyoga.com\/es\/shop"},{"@type":"ListItem","position":3,"name":"Instrumentos de curaci\u00f3n por sonido","item":"https:\/\/shop.lavi-soundandyoga.com\/es\/categoria-producto\/instrumentos-de-curacion-por-sonido"},{"@type":"ListItem","position":4,"name":"&#8222;Handpan&#8220; \/ tambor repicador 14 notas Do mayor"}]},{"@type":"WebSite","@id":"https:\/\/shop.lavi-soundandyoga.com\/es#website","url":"https:\/\/shop.lavi-soundandyoga.com\/es","name":"LaVi Sound & Yoga","description":"Yin Yoga and Sound Healing","publisher":{"@id":"https:\/\/shop.lavi-soundandyoga.com\/es#organization"},"alternateName":"Lavi","potentialAction":[{"@type":"SearchAction","target":{"@type":"EntryPoint","urlTemplate":"https:\/\/shop.lavi-soundandyoga.com\/es?s={search_term_string}"},"query-input":{"@type":"PropertyValueSpecification","valueRequired":true,"valueName":"search_term_string"}}],"inLanguage":"es"},{"@type":"Organization","@id":"https:\/\/shop.lavi-soundandyoga.com\/es#organization","name":"LaVi Sound and Yoga","alternateName":"LaVi","url":"https:\/\/shop.lavi-soundandyoga.com\/es","logo":{"@type":"ImageObject","inLanguage":"es","@id":"https:\/\/shop.lavi-soundandyoga.com\/es#\/schema\/logo\/image\/","url":"https:\/\/shop.lavi-soundandyoga.com\/wp-content\/uploads\/2025\/01\/LaVi_LogoFINAL1.png","contentUrl":"https:\/\/shop.lavi-soundandyoga.com\/wp-content\/uploads\/2025\/01\/LaVi_LogoFINAL1.png","width":343,"height":339,"caption":"LaVi Sound and Yoga"},"image":{"@id":"https:\/\/shop.lavi-soundandyoga.com\/es#\/schema\/logo\/image\/"},"sameAs":["https:\/\/www.facebook.com\/lavisoundandyoga","https:\/\/www.instagram.com\/lavi_sound_and_yoga\/","https:\/\/www.youtube.com\/channel\/UCuQTy-TOirHAZruDryEKTXQ","https:\/\/www.tiktok.com\/@lavisoundandyoga","https:\/\/open.spotify.com\/artist\/6lpTHiTkCOgxZ9BUonU0zM"]}]}},"jetpack_sharing_enabled":true,"_links":{"self":[{"href":"https:\/\/shop.lavi-soundandyoga.com\/es\/wp-json\/wp\/v2\/product\/2075","targetHints":{"allow":["GET"]}}],"collection":[{"href":"https:\/\/shop.lavi-soundandyoga.com\/es\/wp-json\/wp\/v2\/product"}],"about":[{"href":"https:\/\/shop.lavi-soundandyoga.com\/es\/wp-json\/wp\/v2\/types\/product"}],"replies":[{"embeddable":true,"href":"https:\/\/shop.lavi-soundandyoga.com\/es\/wp-json\/wp\/v2\/comments?post=2075"}],"wp:featuredmedia":[{"embeddable":true,"href":"https:\/\/shop.lavi-soundandyoga.com\/es\/wp-json\/wp\/v2\/media\/1745"}],"wp:attachment":[{"href":"https:\/\/shop.lavi-soundandyoga.com\/es\/wp-json\/wp\/v2\/media?parent=2075"}],"wp:term":[{"taxonomy":"product_brand","embeddable":true,"href":"https:\/\/shop.lavi-soundandyoga.com\/es\/wp-json\/wp\/v2\/product_brand?post=2075"},{"taxonomy":"product_cat","embeddable":true,"href":"https:\/\/shop.lavi-soundandyoga.com\/es\/wp-json\/wp\/v2\/product_cat?post=2075"},{"taxonomy":"product_tag","embeddable":true,"href":"https:\/\/shop.lavi-soundandyoga.com\/es\/wp-json\/wp\/v2\/product_tag?post=2075"}],"curies":[{"name":"wp","href":"https:\/\/api.w.org\/{rel}","templated":true}]}}