{"id":2078,"date":"2023-12-02T09:12:07","date_gmt":"2023-12-02T09:12:07","guid":{"rendered":"https:\/\/shop.lavi-soundandyoga.com\/product\/set-amor-enraizado-sandalo-cuarzo-rosa"},"modified":"2023-12-02T09:12:07","modified_gmt":"2023-12-02T09:12:07","slug":"set-amor-enraizado-sandalo-cuarzo-rosa","status":"publish","type":"product","link":"https:\/\/shop.lavi-soundandyoga.com\/es\/producto\/malas-de-sandalo\/set-amor-enraizado-sandalo-cuarzo-rosa","title":{"rendered":"SET Amor enraizado S\u00e1ndalo - Cuarzo rosa"},"content":{"rendered":"<p class=\"x11i5rnm xat24cr x1mh8g0r x1vvkbs xtlvy1s\">Nuestra combinaci\u00f3n de s\u00e1ndalo y cuarzo rosa conecta la energ\u00eda de la tierra con la energ\u00eda del coraz\u00f3n y aporta.<\/p>\n<p class=\"x11i5rnm xat24cr x1mh8g0r x1vvkbs xtlvy1s\">El s\u00e1ndalo estabiliza la mente y tu chakra ra\u00edz, mientras que el cuarzo rosa nos conecta con el amor.<\/p>\n<p class=\"x11i5rnm xat24cr x1mh8g0r x1vvkbs xtlvy1s\">El caracter\u00edstico aroma del s\u00e1ndalo, terroso y pesado, a la vez que dulce y goloso, que tiene un efecto calmante, armonizador y equilibrante.<\/p>\n<p class=\"x11i5rnm xat24cr x1mh8g0r x1vvkbs xtlvy1s\">Este mala te ayuda a seguir tu coraz\u00f3n en tu camino.<\/p>\n<p>La pulsera de s\u00e1ndalo y cuarzo rosa a juego est\u00e1 disponible con el mismo dise\u00f1o.<\/p>\n<p class=\"x11i5rnm xat24cr x1mh8g0r x1vvkbs xtlvy1s\">Cada cuenta de este mala nos proporciona su propia belleza individual. Cada cuenta est\u00e1 hecha a mano y es \u00fanica. Por lo tanto, puede haber diferencias entre las piedras, lo que forma parte del origen natural.  <\/p>\n<p class=\"x11i5rnm xat24cr x1mh8g0r x1vvkbs xtlvy1s\">El uso de piedras para el bienestar no sustituye al tratamiento m\u00e9dico. El diagn\u00f3stico m\u00e9dico es esencial y debe continuarse el tratamiento. Toda esta informaci\u00f3n se facilita sin garant\u00eda y LaVi Sound and Yoga no acepta ninguna responsabilidad.  <\/p>\n","protected":false},"excerpt":{"rendered":"<p>Mala y pulsera de cuentas de s\u00e1ndalo y cuarzo rosa<\/p>\n<p>Mala: 108 cuentas + 8 cuentas (final)<\/p>\n<p>Cuentas Fabricado en Jaipur\/India<\/p>\n<p>Este mala fue dise\u00f1ado y hecho a mano en Alemania por LaVi - Sound &amp; Yoga<\/p>\n","protected":false},"featured_media":1722,"comment_status":"closed","ping_status":"closed","template":"","meta":{"_acf_changed":false},"product_brand":[],"product_cat":[155],"product_tag":[],"class_list":{"0":"post-2078","1":"product","2":"type-product","3":"status-publish","4":"has-post-thumbnail","6":"product_cat-malas-de-sandalo","7":"product_shipping_class-prio","9":"first","10":"instock","11":"sale","12":"purchasable","13":"product-type-simple"},"acf":[],"yoast_head":"<!-- This site is optimized with the Yoast SEO plugin v24.5 - https:\/\/yoast.com\/wordpress\/plugins\/seo\/ -->\n<title>SET Amor enraizado S\u00e1ndalo - Cuarzo rosa | LaVi - Sound &amp; Yoga<\/title>\n<meta name=\"description\" content=\"Mala de s\u00e1ndalo y cuarzo rosa, 108 cuentas hechas a mano. La combinaci\u00f3n de s\u00e1ndalo y cuarzo rosa proporciona enraizamiento y amor\" \/>\n<meta name=\"robots\" content=\"index, follow, max-snippet:-1, max-image-preview:large, max-video-preview:-1\" \/>\n<link rel=\"canonical\" href=\"https:\/\/shop.lavi-soundandyoga.com\/es\/producto\/malas-de-sandalo\/set-amor-enraizado-sandalo-cuarzo-rosa\" \/>\n<meta property=\"og:locale\" content=\"es_ES\" \/>\n<meta property=\"og:type\" content=\"article\" \/>\n<meta property=\"og:title\" content=\"SET Amor enraizado S\u00e1ndalo - Cuarzo rosa | LaVi - Sound &amp; Yoga\" \/>\n<meta property=\"og:description\" content=\"Mala de s\u00e1ndalo y cuarzo rosa, 108 cuentas hechas a mano. La combinaci\u00f3n de s\u00e1ndalo y cuarzo rosa proporciona enraizamiento y amor\" \/>\n<meta property=\"og:url\" content=\"https:\/\/shop.lavi-soundandyoga.com\/es\/producto\/malas-de-sandalo\/set-amor-enraizado-sandalo-cuarzo-rosa\" \/>\n<meta property=\"og:site_name\" content=\"LaVi - Sound &amp; Yoga\" \/>\n<meta property=\"article:publisher\" content=\"https:\/\/www.facebook.com\/lavisoundandyoga\" \/>\n<meta property=\"og:image\" content=\"https:\/\/shop.lavi-soundandyoga.com\/wp-content\/uploads\/2023\/12\/rosenquarz-sandel-scaled.jpg\" \/>\n\t<meta property=\"og:image:width\" content=\"1920\" \/>\n\t<meta property=\"og:image:height\" content=\"2560\" \/>\n\t<meta property=\"og:image:type\" content=\"image\/jpeg\" \/>\n<meta name=\"twitter:card\" content=\"summary_large_image\" \/>\n<meta name=\"twitter:label1\" content=\"Tiempo de lectura\" \/>\n\t<meta name=\"twitter:data1\" content=\"1 minuto\" \/>\n<script type=\"application\/ld+json\" class=\"yoast-schema-graph\">{\"@context\":\"https:\/\/schema.org\",\"@graph\":[{\"@type\":[\"WebPage\",\"ItemPage\"],\"@id\":\"https:\/\/shop.lavi-soundandyoga.com\/es\/producto\/malas-de-sandalo\/set-amor-enraizado-sandalo-cuarzo-rosa\",\"url\":\"https:\/\/shop.lavi-soundandyoga.com\/es\/producto\/malas-de-sandalo\/set-amor-enraizado-sandalo-cuarzo-rosa\",\"name\":\"SET Amor enraizado S\u00e1ndalo - Cuarzo rosa | LaVi - Sound &amp; Yoga\",\"isPartOf\":{\"@id\":\"https:\/\/shop.lavi-soundandyoga.com\/es#website\"},\"primaryImageOfPage\":{\"@id\":\"https:\/\/shop.lavi-soundandyoga.com\/es\/producto\/malas-de-sandalo\/set-amor-enraizado-sandalo-cuarzo-rosa#primaryimage\"},\"image\":{\"@id\":\"https:\/\/shop.lavi-soundandyoga.com\/es\/producto\/malas-de-sandalo\/set-amor-enraizado-sandalo-cuarzo-rosa#primaryimage\"},\"thumbnailUrl\":\"https:\/\/shop.lavi-soundandyoga.com\/wp-content\/uploads\/2023\/12\/rosenquarz-sandel-scaled.jpg\",\"datePublished\":\"2023-12-02T09:12:07+00:00\",\"description\":\"Mala de s\u00e1ndalo y cuarzo rosa, 108 cuentas hechas a mano. La combinaci\u00f3n de s\u00e1ndalo y cuarzo rosa proporciona enraizamiento y amor\",\"breadcrumb\":{\"@id\":\"https:\/\/shop.lavi-soundandyoga.com\/es\/producto\/malas-de-sandalo\/set-amor-enraizado-sandalo-cuarzo-rosa#breadcrumb\"},\"inLanguage\":\"es\",\"potentialAction\":[{\"@type\":\"ReadAction\",\"target\":[\"https:\/\/shop.lavi-soundandyoga.com\/es\/producto\/malas-de-sandalo\/set-amor-enraizado-sandalo-cuarzo-rosa\"]}]},{\"@type\":\"ImageObject\",\"inLanguage\":\"es\",\"@id\":\"https:\/\/shop.lavi-soundandyoga.com\/es\/producto\/malas-de-sandalo\/set-amor-enraizado-sandalo-cuarzo-rosa#primaryimage\",\"url\":\"https:\/\/shop.lavi-soundandyoga.com\/wp-content\/uploads\/2023\/12\/rosenquarz-sandel-scaled.jpg\",\"contentUrl\":\"https:\/\/shop.lavi-soundandyoga.com\/wp-content\/uploads\/2023\/12\/rosenquarz-sandel-scaled.jpg\",\"width\":1920,\"height\":2560,\"caption\":\"rosenquarz sandel\"},{\"@type\":\"BreadcrumbList\",\"@id\":\"https:\/\/shop.lavi-soundandyoga.com\/es\/producto\/malas-de-sandalo\/set-amor-enraizado-sandalo-cuarzo-rosa#breadcrumb\",\"itemListElement\":[{\"@type\":\"ListItem\",\"position\":1,\"name\":\"LaVi Shop\",\"item\":\"https:\/\/shop.lavi-soundandyoga.com\/es\/tienda\"},{\"@type\":\"ListItem\",\"position\":2,\"name\":\"Productos\",\"item\":\"https:\/\/shop.lavi-soundandyoga.com\/es\/shop\"},{\"@type\":\"ListItem\",\"position\":3,\"name\":\"Edelstein Malas\",\"item\":\"https:\/\/shop.lavi-soundandyoga.com\/product-category\/edelstein-malas\"},{\"@type\":\"ListItem\",\"position\":4,\"name\":\"Malas de s\u00e1ndalo\",\"item\":\"https:\/\/shop.lavi-soundandyoga.com\/es\/categoria-producto\/malas-de-sandalo\"},{\"@type\":\"ListItem\",\"position\":5,\"name\":\"SET Amor enraizado S\u00e1ndalo - Cuarzo rosa\"}]},{\"@type\":\"WebSite\",\"@id\":\"https:\/\/shop.lavi-soundandyoga.com\/es#website\",\"url\":\"https:\/\/shop.lavi-soundandyoga.com\/es\",\"name\":\"LaVi Sound & Yoga\",\"description\":\"Yin Yoga and Sound Healing\",\"publisher\":{\"@id\":\"https:\/\/shop.lavi-soundandyoga.com\/es#organization\"},\"alternateName\":\"Lavi\",\"potentialAction\":[{\"@type\":\"SearchAction\",\"target\":{\"@type\":\"EntryPoint\",\"urlTemplate\":\"https:\/\/shop.lavi-soundandyoga.com\/es?s={search_term_string}\"},\"query-input\":{\"@type\":\"PropertyValueSpecification\",\"valueRequired\":true,\"valueName\":\"search_term_string\"}}],\"inLanguage\":\"es\"},{\"@type\":\"Organization\",\"@id\":\"https:\/\/shop.lavi-soundandyoga.com\/es#organization\",\"name\":\"LaVi Sound and Yoga\",\"alternateName\":\"LaVi\",\"url\":\"https:\/\/shop.lavi-soundandyoga.com\/es\",\"logo\":{\"@type\":\"ImageObject\",\"inLanguage\":\"es\",\"@id\":\"https:\/\/shop.lavi-soundandyoga.com\/es#\/schema\/logo\/image\/\",\"url\":\"https:\/\/shop.lavi-soundandyoga.com\/wp-content\/uploads\/2025\/01\/LaVi_LogoFINAL1.png\",\"contentUrl\":\"https:\/\/shop.lavi-soundandyoga.com\/wp-content\/uploads\/2025\/01\/LaVi_LogoFINAL1.png\",\"width\":343,\"height\":339,\"caption\":\"LaVi Sound and Yoga\"},\"image\":{\"@id\":\"https:\/\/shop.lavi-soundandyoga.com\/es#\/schema\/logo\/image\/\"},\"sameAs\":[\"https:\/\/www.facebook.com\/lavisoundandyoga\",\"https:\/\/www.instagram.com\/lavi_sound_and_yoga\/\",\"https:\/\/www.youtube.com\/channel\/UCuQTy-TOirHAZruDryEKTXQ\",\"https:\/\/www.tiktok.com\/@lavisoundandyoga\",\"https:\/\/open.spotify.com\/artist\/6lpTHiTkCOgxZ9BUonU0zM\"]}]}<\/script>\n<!-- \/ Yoast SEO plugin. -->","yoast_head_json":{"title":"SET Amor enraizado S\u00e1ndalo - Cuarzo rosa | LaVi - Sound &amp; Yoga","description":"Mala de s\u00e1ndalo y cuarzo rosa, 108 cuentas hechas a mano. La combinaci\u00f3n de s\u00e1ndalo y cuarzo rosa proporciona enraizamiento y amor","robots":{"index":"index","follow":"follow","max-snippet":"max-snippet:-1","max-image-preview":"max-image-preview:large","max-video-preview":"max-video-preview:-1"},"canonical":"https:\/\/shop.lavi-soundandyoga.com\/es\/producto\/malas-de-sandalo\/set-amor-enraizado-sandalo-cuarzo-rosa","og_locale":"es_ES","og_type":"article","og_title":"SET Amor enraizado S\u00e1ndalo - Cuarzo rosa | LaVi - Sound &amp; Yoga","og_description":"Mala de s\u00e1ndalo y cuarzo rosa, 108 cuentas hechas a mano. La combinaci\u00f3n de s\u00e1ndalo y cuarzo rosa proporciona enraizamiento y amor","og_url":"https:\/\/shop.lavi-soundandyoga.com\/es\/producto\/malas-de-sandalo\/set-amor-enraizado-sandalo-cuarzo-rosa","og_site_name":"LaVi - Sound &amp; Yoga","article_publisher":"https:\/\/www.facebook.com\/lavisoundandyoga","og_image":[{"width":1920,"height":2560,"url":"https:\/\/shop.lavi-soundandyoga.com\/wp-content\/uploads\/2023\/12\/rosenquarz-sandel-scaled.jpg","type":"image\/jpeg"}],"twitter_card":"summary_large_image","twitter_misc":{"Tiempo de lectura":"1 minuto"},"schema":{"@context":"https:\/\/schema.org","@graph":[{"@type":["WebPage","ItemPage"],"@id":"https:\/\/shop.lavi-soundandyoga.com\/es\/producto\/malas-de-sandalo\/set-amor-enraizado-sandalo-cuarzo-rosa","url":"https:\/\/shop.lavi-soundandyoga.com\/es\/producto\/malas-de-sandalo\/set-amor-enraizado-sandalo-cuarzo-rosa","name":"SET Amor enraizado S\u00e1ndalo - Cuarzo rosa | LaVi - Sound &amp; Yoga","isPartOf":{"@id":"https:\/\/shop.lavi-soundandyoga.com\/es#website"},"primaryImageOfPage":{"@id":"https:\/\/shop.lavi-soundandyoga.com\/es\/producto\/malas-de-sandalo\/set-amor-enraizado-sandalo-cuarzo-rosa#primaryimage"},"image":{"@id":"https:\/\/shop.lavi-soundandyoga.com\/es\/producto\/malas-de-sandalo\/set-amor-enraizado-sandalo-cuarzo-rosa#primaryimage"},"thumbnailUrl":"https:\/\/shop.lavi-soundandyoga.com\/wp-content\/uploads\/2023\/12\/rosenquarz-sandel-scaled.jpg","datePublished":"2023-12-02T09:12:07+00:00","description":"Mala de s\u00e1ndalo y cuarzo rosa, 108 cuentas hechas a mano. La combinaci\u00f3n de s\u00e1ndalo y cuarzo rosa proporciona enraizamiento y amor","breadcrumb":{"@id":"https:\/\/shop.lavi-soundandyoga.com\/es\/producto\/malas-de-sandalo\/set-amor-enraizado-sandalo-cuarzo-rosa#breadcrumb"},"inLanguage":"es","potentialAction":[{"@type":"ReadAction","target":["https:\/\/shop.lavi-soundandyoga.com\/es\/producto\/malas-de-sandalo\/set-amor-enraizado-sandalo-cuarzo-rosa"]}]},{"@type":"ImageObject","inLanguage":"es","@id":"https:\/\/shop.lavi-soundandyoga.com\/es\/producto\/malas-de-sandalo\/set-amor-enraizado-sandalo-cuarzo-rosa#primaryimage","url":"https:\/\/shop.lavi-soundandyoga.com\/wp-content\/uploads\/2023\/12\/rosenquarz-sandel-scaled.jpg","contentUrl":"https:\/\/shop.lavi-soundandyoga.com\/wp-content\/uploads\/2023\/12\/rosenquarz-sandel-scaled.jpg","width":1920,"height":2560,"caption":"rosenquarz sandel"},{"@type":"BreadcrumbList","@id":"https:\/\/shop.lavi-soundandyoga.com\/es\/producto\/malas-de-sandalo\/set-amor-enraizado-sandalo-cuarzo-rosa#breadcrumb","itemListElement":[{"@type":"ListItem","position":1,"name":"LaVi Shop","item":"https:\/\/shop.lavi-soundandyoga.com\/es\/tienda"},{"@type":"ListItem","position":2,"name":"Productos","item":"https:\/\/shop.lavi-soundandyoga.com\/es\/shop"},{"@type":"ListItem","position":3,"name":"Edelstein Malas","item":"https:\/\/shop.lavi-soundandyoga.com\/product-category\/edelstein-malas"},{"@type":"ListItem","position":4,"name":"Malas de s\u00e1ndalo","item":"https:\/\/shop.lavi-soundandyoga.com\/es\/categoria-producto\/malas-de-sandalo"},{"@type":"ListItem","position":5,"name":"SET Amor enraizado S\u00e1ndalo - Cuarzo rosa"}]},{"@type":"WebSite","@id":"https:\/\/shop.lavi-soundandyoga.com\/es#website","url":"https:\/\/shop.lavi-soundandyoga.com\/es","name":"LaVi Sound & Yoga","description":"Yin Yoga and Sound Healing","publisher":{"@id":"https:\/\/shop.lavi-soundandyoga.com\/es#organization"},"alternateName":"Lavi","potentialAction":[{"@type":"SearchAction","target":{"@type":"EntryPoint","urlTemplate":"https:\/\/shop.lavi-soundandyoga.com\/es?s={search_term_string}"},"query-input":{"@type":"PropertyValueSpecification","valueRequired":true,"valueName":"search_term_string"}}],"inLanguage":"es"},{"@type":"Organization","@id":"https:\/\/shop.lavi-soundandyoga.com\/es#organization","name":"LaVi Sound and Yoga","alternateName":"LaVi","url":"https:\/\/shop.lavi-soundandyoga.com\/es","logo":{"@type":"ImageObject","inLanguage":"es","@id":"https:\/\/shop.lavi-soundandyoga.com\/es#\/schema\/logo\/image\/","url":"https:\/\/shop.lavi-soundandyoga.com\/wp-content\/uploads\/2025\/01\/LaVi_LogoFINAL1.png","contentUrl":"https:\/\/shop.lavi-soundandyoga.com\/wp-content\/uploads\/2025\/01\/LaVi_LogoFINAL1.png","width":343,"height":339,"caption":"LaVi Sound and Yoga"},"image":{"@id":"https:\/\/shop.lavi-soundandyoga.com\/es#\/schema\/logo\/image\/"},"sameAs":["https:\/\/www.facebook.com\/lavisoundandyoga","https:\/\/www.instagram.com\/lavi_sound_and_yoga\/","https:\/\/www.youtube.com\/channel\/UCuQTy-TOirHAZruDryEKTXQ","https:\/\/www.tiktok.com\/@lavisoundandyoga","https:\/\/open.spotify.com\/artist\/6lpTHiTkCOgxZ9BUonU0zM"]}]}},"jetpack_sharing_enabled":true,"_links":{"self":[{"href":"https:\/\/shop.lavi-soundandyoga.com\/es\/wp-json\/wp\/v2\/product\/2078","targetHints":{"allow":["GET"]}}],"collection":[{"href":"https:\/\/shop.lavi-soundandyoga.com\/es\/wp-json\/wp\/v2\/product"}],"about":[{"href":"https:\/\/shop.lavi-soundandyoga.com\/es\/wp-json\/wp\/v2\/types\/product"}],"replies":[{"embeddable":true,"href":"https:\/\/shop.lavi-soundandyoga.com\/es\/wp-json\/wp\/v2\/comments?post=2078"}],"wp:featuredmedia":[{"embeddable":true,"href":"https:\/\/shop.lavi-soundandyoga.com\/es\/wp-json\/wp\/v2\/media\/1722"}],"wp:attachment":[{"href":"https:\/\/shop.lavi-soundandyoga.com\/es\/wp-json\/wp\/v2\/media?parent=2078"}],"wp:term":[{"taxonomy":"product_brand","embeddable":true,"href":"https:\/\/shop.lavi-soundandyoga.com\/es\/wp-json\/wp\/v2\/product_brand?post=2078"},{"taxonomy":"product_cat","embeddable":true,"href":"https:\/\/shop.lavi-soundandyoga.com\/es\/wp-json\/wp\/v2\/product_cat?post=2078"},{"taxonomy":"product_tag","embeddable":true,"href":"https:\/\/shop.lavi-soundandyoga.com\/es\/wp-json\/wp\/v2\/product_tag?post=2078"}],"curies":[{"name":"wp","href":"https:\/\/api.w.org\/{rel}","templated":true}]}}