{"id":2079,"date":"2024-09-03T12:52:02","date_gmt":"2024-09-03T12:52:02","guid":{"rendered":"https:\/\/shop.lavi-soundandyoga.com\/product\/cojin-de-meditacion"},"modified":"2024-09-03T12:52:02","modified_gmt":"2024-09-03T12:52:02","slug":"cojin-de-meditacion","status":"publish","type":"product","link":"https:\/\/shop.lavi-soundandyoga.com\/es\/producto\/ayudas-para-el-yoga\/cojin-de-meditacion","title":{"rendered":"Coj\u00edn de meditaci\u00f3n"},"content":{"rendered":"<p><span style=\"font-weight: 400;\">Nuestro hermoso coj\u00edn de meditaci\u00f3n tiene un estampado dorado de la flor de la vida. La funda interior y exterior es de algod\u00f3n 100% ecol\u00f3gico y est\u00e1 rellena de paja de alforf\u00f3n natural. La producci\u00f3n est\u00e1 certificada por la Norma de Contenido Ecol\u00f3gico (OCS Blended) (*).<\/span><\/p>\n<p>&nbsp;<\/p>\n<p><span style=\"font-weight: 400;\">Significado de la \u00abflor de la vida\u00bb:<\/span><\/p>\n<p><span style=\"font-weight: 400;\">El patr\u00f3n de la flor de la vida es un s\u00edmbolo del orden c\u00f3smico que utilizan muchas culturas. Esta geometr\u00eda sagrada describe el orden de todas las formas y simboliza el ciclo natural de la vida. <\/span><\/p>\n<p><span style=\"font-weight: 400;\">La flor de la vida aporta nueva fuerza y protecci\u00f3n a tu entorno y favorece la armon\u00eda.  <\/span><\/p>\n<p>&nbsp;<\/p>\n<p><span style=\"font-weight: 400;\">Util\u00edzalo en tu consulta:<\/span><\/p>\n<p><span style=\"font-weight: 400;\">El coj\u00edn de meditaci\u00f3n LaVi te sostiene en posici\u00f3n erguida y tambi\u00e9n puede utilizarse como ayuda para practicar yoga.<\/span><\/p>\n<p><span style=\"font-weight: 400;\">Ajustable y rellenable:<\/span><span style=\"font-weight: 400;\"><br \/>\n<\/span><span style=\"font-weight: 400;\">El coj\u00edn de yoga est\u00e1 relleno de paja de trigo sarraceno. Este material natural es adaptable y ofrece una comodidad perfecta. El relleno puede a\u00f1adirse o reducirse seg\u00fan las necesidades.  <\/span><\/p>\n<p><span style=\"font-weight: 400;\">Detalles del producto:<\/span><span style=\"font-weight: 400;\"><br \/>\n<\/span><span style=\"font-weight: 400;\">Dimensiones: 33x13cm<\/span><span style=\"font-weight: 400;\"><br \/>\n<\/span><span style=\"font-weight: 400;\">Material exterior: 100% algod\u00f3n org\u00e1nico, con cremallera en la parte inferior.<\/span><span style=\"font-weight: 400;\"><br \/>\n<\/span><span style=\"font-weight: 400;\">Material funda interior: 100 % algod\u00f3n org\u00e1nico, con cord\u00f3n de sujeci\u00f3n.<\/span><span style=\"font-weight: 400;\"><br \/>\n<\/span><span style=\"font-weight: 400;\">Relleno: Paja de alforf\u00f3n de la mejor calidad.<\/span><span style=\"font-weight: 400;\"><br \/>\n<\/span><span style=\"font-weight: 400;\">Peso: aprox. 2300 g<\/span><span style=\"font-weight: 400;\"><br \/>\n<\/span><span style=\"font-weight: 400;\">Color: Blanco con estampado dorado<\/span><span style=\"font-weight: 400;\"><br \/>\n<\/span><span style=\"font-weight: 400;\">Certificado OCS Blended(*), producido seg\u00fan las normas GOTS<\/span><\/p>\n<p><span style=\"font-weight: 400;\">* La Norma de Contenido Ecol\u00f3gico (NCO) se aplica a todos los productos no alimentarios que contienen entre un 5 y un 100% de materia org\u00e1nica. Verifica la presencia y la cantidad de materia org\u00e1nica en un producto final. Hace un seguimiento del flujo de una materia prima desde la fuente hasta el producto final y este proceso est\u00e1 certificado por una tercera parte acreditada. Proporciona una evaluaci\u00f3n y verificaci\u00f3n independientes, transparentes, coherentes y exhaustivas de las declaraciones sobre el contenido de materia org\u00e1nica en los productos.   <\/span><\/p>\n","protected":false},"excerpt":{"rendered":"<div>\n<p><span style=\"font-weight: 400;\">Coj\u00edn de meditaci\u00f3n de algod\u00f3n org\u00e1nico, relleno de paja de alforf\u00f3n<\/span><span style=\"font-weight: 400;\"><br \/>\n<\/span><span style=\"font-weight: 400;\">Dimensiones: 33&#215;13 cm <\/span><span style=\"font-weight: 400;\"><br \/>\n<\/span><span style=\"font-weight: 400;\">Estampado con la flor de la vida, impresi\u00f3n dorada sobre tela blanca.<\/span><span style=\"font-weight: 400;\"><br \/>\n<\/span><span style=\"font-weight: 400;\">Maravilloso para tu pr\u00e1ctica de meditaci\u00f3n y yoga.<\/span><\/p>\n<\/div>\n","protected":false},"featured_media":1729,"comment_status":"closed","ping_status":"closed","template":"","meta":{"_acf_changed":false},"product_brand":[],"product_cat":[178],"product_tag":[],"class_list":{"0":"post-2079","1":"product","2":"type-product","3":"status-publish","4":"has-post-thumbnail","6":"product_cat-ayudas-para-el-yoga","7":"product_shipping_class-paquete-l","9":"first","10":"instock","11":"purchasable","12":"product-type-simple"},"acf":[],"yoast_head":"<!-- This site is optimized with the Yoast SEO plugin v24.5 - https:\/\/yoast.com\/wordpress\/plugins\/seo\/ -->\n<title>Coj\u00edn de meditaci\u00f3n | LaVi - Sound &amp; Yoga<\/title>\n<meta name=\"description\" content=\"Coj\u00edn de meditaci\u00f3n de algod\u00f3n org\u00e1nico con estampado de la flor de la vida. Fabricado seg\u00fan las normas GOTS. Relleno de paja de alforf\u00f3n.\" \/>\n<meta name=\"robots\" content=\"index, follow, max-snippet:-1, max-image-preview:large, max-video-preview:-1\" \/>\n<link rel=\"canonical\" href=\"https:\/\/shop.lavi-soundandyoga.com\/es\/producto\/ayudas-para-el-yoga\/cojin-de-meditacion\" \/>\n<meta property=\"og:locale\" content=\"es_ES\" \/>\n<meta property=\"og:type\" content=\"article\" \/>\n<meta property=\"og:title\" content=\"Coj\u00edn de meditaci\u00f3n | LaVi - Sound &amp; Yoga\" \/>\n<meta property=\"og:description\" content=\"Coj\u00edn de meditaci\u00f3n de algod\u00f3n org\u00e1nico con estampado de la flor de la vida. Fabricado seg\u00fan las normas GOTS. Relleno de paja de alforf\u00f3n.\" \/>\n<meta property=\"og:url\" content=\"https:\/\/shop.lavi-soundandyoga.com\/es\/producto\/ayudas-para-el-yoga\/cojin-de-meditacion\" \/>\n<meta property=\"og:site_name\" content=\"LaVi - Sound &amp; Yoga\" \/>\n<meta property=\"article:publisher\" content=\"https:\/\/www.facebook.com\/lavisoundandyoga\" \/>\n<meta property=\"og:image\" content=\"https:\/\/shop.lavi-soundandyoga.com\/wp-content\/uploads\/2024\/08\/1-1024x768.png\" \/>\n\t<meta property=\"og:image:width\" content=\"1024\" \/>\n\t<meta property=\"og:image:height\" content=\"768\" \/>\n\t<meta property=\"og:image:type\" content=\"image\/png\" \/>\n<meta name=\"twitter:card\" content=\"summary_large_image\" \/>\n<meta name=\"twitter:label1\" content=\"Tiempo de lectura\" \/>\n\t<meta name=\"twitter:data1\" content=\"2 minutos\" \/>\n<script type=\"application\/ld+json\" class=\"yoast-schema-graph\">{\"@context\":\"https:\/\/schema.org\",\"@graph\":[{\"@type\":[\"WebPage\",\"ItemPage\"],\"@id\":\"https:\/\/shop.lavi-soundandyoga.com\/es\/producto\/ayudas-para-el-yoga\/cojin-de-meditacion\",\"url\":\"https:\/\/shop.lavi-soundandyoga.com\/es\/producto\/ayudas-para-el-yoga\/cojin-de-meditacion\",\"name\":\"Coj\u00edn de meditaci\u00f3n | LaVi - Sound &amp; Yoga\",\"isPartOf\":{\"@id\":\"https:\/\/shop.lavi-soundandyoga.com\/es#website\"},\"primaryImageOfPage\":{\"@id\":\"https:\/\/shop.lavi-soundandyoga.com\/es\/producto\/ayudas-para-el-yoga\/cojin-de-meditacion#primaryimage\"},\"image\":{\"@id\":\"https:\/\/shop.lavi-soundandyoga.com\/es\/producto\/ayudas-para-el-yoga\/cojin-de-meditacion#primaryimage\"},\"thumbnailUrl\":\"https:\/\/shop.lavi-soundandyoga.com\/wp-content\/uploads\/2024\/08\/1.png\",\"datePublished\":\"2024-09-03T12:52:02+00:00\",\"description\":\"Coj\u00edn de meditaci\u00f3n de algod\u00f3n org\u00e1nico con estampado de la flor de la vida. Fabricado seg\u00fan las normas GOTS. Relleno de paja de alforf\u00f3n.\",\"breadcrumb\":{\"@id\":\"https:\/\/shop.lavi-soundandyoga.com\/es\/producto\/ayudas-para-el-yoga\/cojin-de-meditacion#breadcrumb\"},\"inLanguage\":\"es\",\"potentialAction\":[{\"@type\":\"ReadAction\",\"target\":[\"https:\/\/shop.lavi-soundandyoga.com\/es\/producto\/ayudas-para-el-yoga\/cojin-de-meditacion\"]}]},{\"@type\":\"ImageObject\",\"inLanguage\":\"es\",\"@id\":\"https:\/\/shop.lavi-soundandyoga.com\/es\/producto\/ayudas-para-el-yoga\/cojin-de-meditacion#primaryimage\",\"url\":\"https:\/\/shop.lavi-soundandyoga.com\/wp-content\/uploads\/2024\/08\/1.png\",\"contentUrl\":\"https:\/\/shop.lavi-soundandyoga.com\/wp-content\/uploads\/2024\/08\/1.png\",\"width\":2560,\"height\":1920,\"caption\":\"Coj\u00edn de meditaci\u00f3n\"},{\"@type\":\"BreadcrumbList\",\"@id\":\"https:\/\/shop.lavi-soundandyoga.com\/es\/producto\/ayudas-para-el-yoga\/cojin-de-meditacion#breadcrumb\",\"itemListElement\":[{\"@type\":\"ListItem\",\"position\":1,\"name\":\"LaVi Shop\",\"item\":\"https:\/\/shop.lavi-soundandyoga.com\/es\/tienda\"},{\"@type\":\"ListItem\",\"position\":2,\"name\":\"Productos\",\"item\":\"https:\/\/shop.lavi-soundandyoga.com\/es\/shop\"},{\"@type\":\"ListItem\",\"position\":3,\"name\":\"Ayudas para el yoga\",\"item\":\"https:\/\/shop.lavi-soundandyoga.com\/es\/categoria-producto\/ayudas-para-el-yoga\"},{\"@type\":\"ListItem\",\"position\":4,\"name\":\"Coj\u00edn de meditaci\u00f3n\"}]},{\"@type\":\"WebSite\",\"@id\":\"https:\/\/shop.lavi-soundandyoga.com\/es#website\",\"url\":\"https:\/\/shop.lavi-soundandyoga.com\/es\",\"name\":\"LaVi Sound & Yoga\",\"description\":\"Yin Yoga and Sound Healing\",\"publisher\":{\"@id\":\"https:\/\/shop.lavi-soundandyoga.com\/es#organization\"},\"alternateName\":\"Lavi\",\"potentialAction\":[{\"@type\":\"SearchAction\",\"target\":{\"@type\":\"EntryPoint\",\"urlTemplate\":\"https:\/\/shop.lavi-soundandyoga.com\/es?s={search_term_string}\"},\"query-input\":{\"@type\":\"PropertyValueSpecification\",\"valueRequired\":true,\"valueName\":\"search_term_string\"}}],\"inLanguage\":\"es\"},{\"@type\":\"Organization\",\"@id\":\"https:\/\/shop.lavi-soundandyoga.com\/es#organization\",\"name\":\"LaVi Sound and Yoga\",\"alternateName\":\"LaVi\",\"url\":\"https:\/\/shop.lavi-soundandyoga.com\/es\",\"logo\":{\"@type\":\"ImageObject\",\"inLanguage\":\"es\",\"@id\":\"https:\/\/shop.lavi-soundandyoga.com\/es#\/schema\/logo\/image\/\",\"url\":\"https:\/\/shop.lavi-soundandyoga.com\/wp-content\/uploads\/2025\/01\/LaVi_LogoFINAL1.png\",\"contentUrl\":\"https:\/\/shop.lavi-soundandyoga.com\/wp-content\/uploads\/2025\/01\/LaVi_LogoFINAL1.png\",\"width\":343,\"height\":339,\"caption\":\"LaVi Sound and Yoga\"},\"image\":{\"@id\":\"https:\/\/shop.lavi-soundandyoga.com\/es#\/schema\/logo\/image\/\"},\"sameAs\":[\"https:\/\/www.facebook.com\/lavisoundandyoga\",\"https:\/\/www.instagram.com\/lavi_sound_and_yoga\/\",\"https:\/\/www.youtube.com\/channel\/UCuQTy-TOirHAZruDryEKTXQ\",\"https:\/\/www.tiktok.com\/@lavisoundandyoga\",\"https:\/\/open.spotify.com\/artist\/6lpTHiTkCOgxZ9BUonU0zM\"]}]}<\/script>\n<!-- \/ Yoast SEO plugin. -->","yoast_head_json":{"title":"Coj\u00edn de meditaci\u00f3n | LaVi - Sound &amp; Yoga","description":"Coj\u00edn de meditaci\u00f3n de algod\u00f3n org\u00e1nico con estampado de la flor de la vida. Fabricado seg\u00fan las normas GOTS. Relleno de paja de alforf\u00f3n.","robots":{"index":"index","follow":"follow","max-snippet":"max-snippet:-1","max-image-preview":"max-image-preview:large","max-video-preview":"max-video-preview:-1"},"canonical":"https:\/\/shop.lavi-soundandyoga.com\/es\/producto\/ayudas-para-el-yoga\/cojin-de-meditacion","og_locale":"es_ES","og_type":"article","og_title":"Coj\u00edn de meditaci\u00f3n | LaVi - Sound &amp; Yoga","og_description":"Coj\u00edn de meditaci\u00f3n de algod\u00f3n org\u00e1nico con estampado de la flor de la vida. Fabricado seg\u00fan las normas GOTS. Relleno de paja de alforf\u00f3n.","og_url":"https:\/\/shop.lavi-soundandyoga.com\/es\/producto\/ayudas-para-el-yoga\/cojin-de-meditacion","og_site_name":"LaVi - Sound &amp; Yoga","article_publisher":"https:\/\/www.facebook.com\/lavisoundandyoga","og_image":[{"width":1024,"height":768,"url":"https:\/\/shop.lavi-soundandyoga.com\/wp-content\/uploads\/2024\/08\/1-1024x768.png","type":"image\/png"}],"twitter_card":"summary_large_image","twitter_misc":{"Tiempo de lectura":"2 minutos"},"schema":{"@context":"https:\/\/schema.org","@graph":[{"@type":["WebPage","ItemPage"],"@id":"https:\/\/shop.lavi-soundandyoga.com\/es\/producto\/ayudas-para-el-yoga\/cojin-de-meditacion","url":"https:\/\/shop.lavi-soundandyoga.com\/es\/producto\/ayudas-para-el-yoga\/cojin-de-meditacion","name":"Coj\u00edn de meditaci\u00f3n | LaVi - Sound &amp; Yoga","isPartOf":{"@id":"https:\/\/shop.lavi-soundandyoga.com\/es#website"},"primaryImageOfPage":{"@id":"https:\/\/shop.lavi-soundandyoga.com\/es\/producto\/ayudas-para-el-yoga\/cojin-de-meditacion#primaryimage"},"image":{"@id":"https:\/\/shop.lavi-soundandyoga.com\/es\/producto\/ayudas-para-el-yoga\/cojin-de-meditacion#primaryimage"},"thumbnailUrl":"https:\/\/shop.lavi-soundandyoga.com\/wp-content\/uploads\/2024\/08\/1.png","datePublished":"2024-09-03T12:52:02+00:00","description":"Coj\u00edn de meditaci\u00f3n de algod\u00f3n org\u00e1nico con estampado de la flor de la vida. Fabricado seg\u00fan las normas GOTS. Relleno de paja de alforf\u00f3n.","breadcrumb":{"@id":"https:\/\/shop.lavi-soundandyoga.com\/es\/producto\/ayudas-para-el-yoga\/cojin-de-meditacion#breadcrumb"},"inLanguage":"es","potentialAction":[{"@type":"ReadAction","target":["https:\/\/shop.lavi-soundandyoga.com\/es\/producto\/ayudas-para-el-yoga\/cojin-de-meditacion"]}]},{"@type":"ImageObject","inLanguage":"es","@id":"https:\/\/shop.lavi-soundandyoga.com\/es\/producto\/ayudas-para-el-yoga\/cojin-de-meditacion#primaryimage","url":"https:\/\/shop.lavi-soundandyoga.com\/wp-content\/uploads\/2024\/08\/1.png","contentUrl":"https:\/\/shop.lavi-soundandyoga.com\/wp-content\/uploads\/2024\/08\/1.png","width":2560,"height":1920,"caption":"Coj\u00edn de meditaci\u00f3n"},{"@type":"BreadcrumbList","@id":"https:\/\/shop.lavi-soundandyoga.com\/es\/producto\/ayudas-para-el-yoga\/cojin-de-meditacion#breadcrumb","itemListElement":[{"@type":"ListItem","position":1,"name":"LaVi Shop","item":"https:\/\/shop.lavi-soundandyoga.com\/es\/tienda"},{"@type":"ListItem","position":2,"name":"Productos","item":"https:\/\/shop.lavi-soundandyoga.com\/es\/shop"},{"@type":"ListItem","position":3,"name":"Ayudas para el yoga","item":"https:\/\/shop.lavi-soundandyoga.com\/es\/categoria-producto\/ayudas-para-el-yoga"},{"@type":"ListItem","position":4,"name":"Coj\u00edn de meditaci\u00f3n"}]},{"@type":"WebSite","@id":"https:\/\/shop.lavi-soundandyoga.com\/es#website","url":"https:\/\/shop.lavi-soundandyoga.com\/es","name":"LaVi Sound & Yoga","description":"Yin Yoga and Sound Healing","publisher":{"@id":"https:\/\/shop.lavi-soundandyoga.com\/es#organization"},"alternateName":"Lavi","potentialAction":[{"@type":"SearchAction","target":{"@type":"EntryPoint","urlTemplate":"https:\/\/shop.lavi-soundandyoga.com\/es?s={search_term_string}"},"query-input":{"@type":"PropertyValueSpecification","valueRequired":true,"valueName":"search_term_string"}}],"inLanguage":"es"},{"@type":"Organization","@id":"https:\/\/shop.lavi-soundandyoga.com\/es#organization","name":"LaVi Sound and Yoga","alternateName":"LaVi","url":"https:\/\/shop.lavi-soundandyoga.com\/es","logo":{"@type":"ImageObject","inLanguage":"es","@id":"https:\/\/shop.lavi-soundandyoga.com\/es#\/schema\/logo\/image\/","url":"https:\/\/shop.lavi-soundandyoga.com\/wp-content\/uploads\/2025\/01\/LaVi_LogoFINAL1.png","contentUrl":"https:\/\/shop.lavi-soundandyoga.com\/wp-content\/uploads\/2025\/01\/LaVi_LogoFINAL1.png","width":343,"height":339,"caption":"LaVi Sound and Yoga"},"image":{"@id":"https:\/\/shop.lavi-soundandyoga.com\/es#\/schema\/logo\/image\/"},"sameAs":["https:\/\/www.facebook.com\/lavisoundandyoga","https:\/\/www.instagram.com\/lavi_sound_and_yoga\/","https:\/\/www.youtube.com\/channel\/UCuQTy-TOirHAZruDryEKTXQ","https:\/\/www.tiktok.com\/@lavisoundandyoga","https:\/\/open.spotify.com\/artist\/6lpTHiTkCOgxZ9BUonU0zM"]}]}},"jetpack_sharing_enabled":true,"_links":{"self":[{"href":"https:\/\/shop.lavi-soundandyoga.com\/es\/wp-json\/wp\/v2\/product\/2079","targetHints":{"allow":["GET"]}}],"collection":[{"href":"https:\/\/shop.lavi-soundandyoga.com\/es\/wp-json\/wp\/v2\/product"}],"about":[{"href":"https:\/\/shop.lavi-soundandyoga.com\/es\/wp-json\/wp\/v2\/types\/product"}],"replies":[{"embeddable":true,"href":"https:\/\/shop.lavi-soundandyoga.com\/es\/wp-json\/wp\/v2\/comments?post=2079"}],"wp:featuredmedia":[{"embeddable":true,"href":"https:\/\/shop.lavi-soundandyoga.com\/es\/wp-json\/wp\/v2\/media\/1729"}],"wp:attachment":[{"href":"https:\/\/shop.lavi-soundandyoga.com\/es\/wp-json\/wp\/v2\/media?parent=2079"}],"wp:term":[{"taxonomy":"product_brand","embeddable":true,"href":"https:\/\/shop.lavi-soundandyoga.com\/es\/wp-json\/wp\/v2\/product_brand?post=2079"},{"taxonomy":"product_cat","embeddable":true,"href":"https:\/\/shop.lavi-soundandyoga.com\/es\/wp-json\/wp\/v2\/product_cat?post=2079"},{"taxonomy":"product_tag","embeddable":true,"href":"https:\/\/shop.lavi-soundandyoga.com\/es\/wp-json\/wp\/v2\/product_tag?post=2079"}],"curies":[{"name":"wp","href":"https:\/\/api.w.org\/{rel}","templated":true}]}}