{"id":2089,"date":"2023-08-14T14:49:59","date_gmt":"2023-08-14T14:49:59","guid":{"rendered":"https:\/\/shop.lavi-soundandyoga.com\/product\/cojin-de-yoga"},"modified":"2023-08-14T14:49:59","modified_gmt":"2023-08-14T14:49:59","slug":"cojin-de-yoga","status":"publish","type":"product","link":"https:\/\/shop.lavi-soundandyoga.com\/es\/producto\/ayudas-para-el-yoga\/cojin-de-yoga","title":{"rendered":"Coj\u00edn de yoga"},"content":{"rendered":"<p>Nuestro hermoso almohad\u00f3n tiene un estampado dorado de la flor de la vida. La funda interior y exterior es de algod\u00f3n 100% ecol\u00f3gico y est\u00e1 rellena de paja de alforf\u00f3n natural. La producci\u00f3n est\u00e1 certificada por la Norma de Contenido Ecol\u00f3gico (OCS Blended) (*).<\/p>\n<p>Significado de la \u00abflor de la vida\u00bb:<\/p>\n<p>El patr\u00f3n de la flor de la vida es un s\u00edmbolo del orden c\u00f3smico que utilizan muchas culturas. Esta geometr\u00eda sagrada describe el orden de todas las formas y simboliza el ciclo natural de la vida. <\/p>\n<p>La flor de la vida aporta nueva fuerza y protecci\u00f3n a tu entorno y favorece la armon\u00eda.<\/p>\n<p>&nbsp;<\/p>\n<p>Util\u00edzalo en tu consulta:<\/p>\n<p>Este coj\u00edn es ideal para apoyarte a ti o a tus participantes en las posturas de yoga. Se utiliza a menudo en Yin Yoga o Yoga Restaurativo, as\u00ed como para Savasana, la relajaci\u00f3n final o los ejercicios de relajaci\u00f3n. <\/p>\n<p>Ajustable y rellenable:<br \/>\nEl coj\u00edn de yoga est\u00e1 relleno de paja de trigo sarraceno. Este material natural es adaptable y ofrece una comodidad perfecta. El relleno puede a\u00f1adirse o reducirse seg\u00fan las necesidades.  <\/p>\n<p>El coj\u00edn es ideal para viajar o para llev\u00e1rtelo al estudio de yoga. Es manejable y m\u00e1s ligero que muchos otros almohadones de yoga. <\/p>\n<p>Detalles del producto:<br \/>\nDimensiones: 60x16cm<br \/>\nMaterial de la funda exterior: 100% algod\u00f3n org\u00e1nico, con cremallera en la parte inferior.<br \/>\nMaterial de la funda interior: 100% algod\u00f3n org\u00e1nico, con cord\u00f3n de cierre.<br \/>\nRelleno: paja de trigo sarraceno de la mejor calidad.<br \/>\nPeso: aprox. 2300g<br \/>\nColor: blanco con estampado dorado<br \/>\nCertificado OCS Blended(*), fabricado seg\u00fan las normas GOTS<\/p>\n<p>* La Norma de Contenido Ecol\u00f3gico (NCO) se aplica a todos los productos no alimentarios que contienen entre un 5 y un 100% de materia org\u00e1nica. Verifica la presencia y la cantidad de materia org\u00e1nica en un producto final. Hace un seguimiento del flujo de una materia prima desde la fuente hasta el producto final y este proceso est\u00e1 certificado por una tercera parte acreditada. Proporciona una evaluaci\u00f3n y verificaci\u00f3n independientes, transparentes, coherentes y exhaustivas de las declaraciones sobre el contenido de materia org\u00e1nica en los productos.   <\/p>\n<p><span style=\"font-family: HelveticaNeue;\">Puede haber ligeras diferencias de color con cada nuevo pedido debido a los distintos ba\u00f1os de tintura.<\/span><\/p>\n","protected":false},"excerpt":{"rendered":"<div>\n<p>Almohada de yoga de algod\u00f3n org\u00e1nico, rellena de paja de trigo sarraceno<\/p>\n<p>Dimensiones: 60\u00d716 cm<\/p>\n<p>Estampado con la flor de la vida, impresi\u00f3n dorada sobre tela blanca.<\/p>\n<p>Maravillosa para tu pr\u00e1ctica de yoga<\/p>\n<\/div>\n","protected":false},"featured_media":1735,"comment_status":"closed","ping_status":"closed","template":"","meta":{"_acf_changed":false},"product_brand":[],"product_cat":[178],"product_tag":[],"class_list":{"0":"post-2089","1":"product","2":"type-product","3":"status-publish","4":"has-post-thumbnail","6":"product_cat-ayudas-para-el-yoga","7":"product_shipping_class-paquete-l","9":"first","10":"instock","11":"purchasable","12":"product-type-simple"},"acf":[],"yoast_head":"<!-- This site is optimized with the Yoast SEO plugin v24.5 - https:\/\/yoast.com\/wordpress\/plugins\/seo\/ -->\n<title>Coj\u00edn de yoga | LaVi - Sound &amp; Yoga<\/title>\n<meta name=\"description\" content=\"Almohada de yoga de algod\u00f3n org\u00e1nico con estampado de la flor de la vida. Relleno de paja de trigo sarraceno y en pr\u00e1cticas dimensiones de 16x60cm.\" \/>\n<meta name=\"robots\" content=\"index, follow, max-snippet:-1, max-image-preview:large, max-video-preview:-1\" \/>\n<link rel=\"canonical\" href=\"https:\/\/shop.lavi-soundandyoga.com\/es\/producto\/ayudas-para-el-yoga\/cojin-de-yoga\" \/>\n<meta property=\"og:locale\" content=\"es_ES\" \/>\n<meta property=\"og:type\" content=\"article\" \/>\n<meta property=\"og:title\" content=\"Coj\u00edn de yoga | LaVi - Sound &amp; Yoga\" \/>\n<meta property=\"og:description\" content=\"Almohada de yoga de algod\u00f3n org\u00e1nico con estampado de la flor de la vida. Relleno de paja de trigo sarraceno y en pr\u00e1cticas dimensiones de 16x60cm.\" \/>\n<meta property=\"og:url\" content=\"https:\/\/shop.lavi-soundandyoga.com\/es\/producto\/ayudas-para-el-yoga\/cojin-de-yoga\" \/>\n<meta property=\"og:site_name\" content=\"LaVi - Sound &amp; Yoga\" \/>\n<meta property=\"article:publisher\" content=\"https:\/\/www.facebook.com\/lavisoundandyoga\" \/>\n<meta property=\"og:image\" content=\"https:\/\/shop.lavi-soundandyoga.com\/wp-content\/uploads\/2023\/08\/LaVi-Yoga-Bolster.png\" \/>\n\t<meta property=\"og:image:width\" content=\"2560\" \/>\n\t<meta property=\"og:image:height\" content=\"1920\" \/>\n\t<meta property=\"og:image:type\" content=\"image\/png\" \/>\n<meta name=\"twitter:card\" content=\"summary_large_image\" \/>\n<meta name=\"twitter:label1\" content=\"Tiempo de lectura\" \/>\n\t<meta name=\"twitter:data1\" content=\"2 minutos\" \/>\n<script type=\"application\/ld+json\" class=\"yoast-schema-graph\">{\"@context\":\"https:\/\/schema.org\",\"@graph\":[{\"@type\":[\"WebPage\",\"ItemPage\"],\"@id\":\"https:\/\/shop.lavi-soundandyoga.com\/es\/producto\/ayudas-para-el-yoga\/cojin-de-yoga\",\"url\":\"https:\/\/shop.lavi-soundandyoga.com\/es\/producto\/ayudas-para-el-yoga\/cojin-de-yoga\",\"name\":\"Coj\u00edn de yoga | LaVi - Sound &amp; Yoga\",\"isPartOf\":{\"@id\":\"https:\/\/shop.lavi-soundandyoga.com\/es#website\"},\"primaryImageOfPage\":{\"@id\":\"https:\/\/shop.lavi-soundandyoga.com\/es\/producto\/ayudas-para-el-yoga\/cojin-de-yoga#primaryimage\"},\"image\":{\"@id\":\"https:\/\/shop.lavi-soundandyoga.com\/es\/producto\/ayudas-para-el-yoga\/cojin-de-yoga#primaryimage\"},\"thumbnailUrl\":\"https:\/\/shop.lavi-soundandyoga.com\/wp-content\/uploads\/2023\/08\/LaVi-Yoga-Bolster.png\",\"datePublished\":\"2023-08-14T14:49:59+00:00\",\"description\":\"Almohada de yoga de algod\u00f3n org\u00e1nico con estampado de la flor de la vida. Relleno de paja de trigo sarraceno y en pr\u00e1cticas dimensiones de 16x60cm.\",\"breadcrumb\":{\"@id\":\"https:\/\/shop.lavi-soundandyoga.com\/es\/producto\/ayudas-para-el-yoga\/cojin-de-yoga#breadcrumb\"},\"inLanguage\":\"es\",\"potentialAction\":[{\"@type\":\"ReadAction\",\"target\":[\"https:\/\/shop.lavi-soundandyoga.com\/es\/producto\/ayudas-para-el-yoga\/cojin-de-yoga\"]}]},{\"@type\":\"ImageObject\",\"inLanguage\":\"es\",\"@id\":\"https:\/\/shop.lavi-soundandyoga.com\/es\/producto\/ayudas-para-el-yoga\/cojin-de-yoga#primaryimage\",\"url\":\"https:\/\/shop.lavi-soundandyoga.com\/wp-content\/uploads\/2023\/08\/LaVi-Yoga-Bolster.png\",\"contentUrl\":\"https:\/\/shop.lavi-soundandyoga.com\/wp-content\/uploads\/2023\/08\/LaVi-Yoga-Bolster.png\",\"width\":2560,\"height\":1920,\"caption\":\"Coj\u00edn de yoga\"},{\"@type\":\"BreadcrumbList\",\"@id\":\"https:\/\/shop.lavi-soundandyoga.com\/es\/producto\/ayudas-para-el-yoga\/cojin-de-yoga#breadcrumb\",\"itemListElement\":[{\"@type\":\"ListItem\",\"position\":1,\"name\":\"LaVi Shop\",\"item\":\"https:\/\/shop.lavi-soundandyoga.com\/es\/tienda\"},{\"@type\":\"ListItem\",\"position\":2,\"name\":\"Productos\",\"item\":\"https:\/\/shop.lavi-soundandyoga.com\/es\/shop\"},{\"@type\":\"ListItem\",\"position\":3,\"name\":\"Ayudas para el yoga\",\"item\":\"https:\/\/shop.lavi-soundandyoga.com\/es\/categoria-producto\/ayudas-para-el-yoga\"},{\"@type\":\"ListItem\",\"position\":4,\"name\":\"Coj\u00edn de yoga\"}]},{\"@type\":\"WebSite\",\"@id\":\"https:\/\/shop.lavi-soundandyoga.com\/es#website\",\"url\":\"https:\/\/shop.lavi-soundandyoga.com\/es\",\"name\":\"LaVi Sound & Yoga\",\"description\":\"Yin Yoga and Sound Healing\",\"publisher\":{\"@id\":\"https:\/\/shop.lavi-soundandyoga.com\/es#organization\"},\"alternateName\":\"Lavi\",\"potentialAction\":[{\"@type\":\"SearchAction\",\"target\":{\"@type\":\"EntryPoint\",\"urlTemplate\":\"https:\/\/shop.lavi-soundandyoga.com\/es?s={search_term_string}\"},\"query-input\":{\"@type\":\"PropertyValueSpecification\",\"valueRequired\":true,\"valueName\":\"search_term_string\"}}],\"inLanguage\":\"es\"},{\"@type\":\"Organization\",\"@id\":\"https:\/\/shop.lavi-soundandyoga.com\/es#organization\",\"name\":\"LaVi Sound and Yoga\",\"alternateName\":\"LaVi\",\"url\":\"https:\/\/shop.lavi-soundandyoga.com\/es\",\"logo\":{\"@type\":\"ImageObject\",\"inLanguage\":\"es\",\"@id\":\"https:\/\/shop.lavi-soundandyoga.com\/es#\/schema\/logo\/image\/\",\"url\":\"https:\/\/shop.lavi-soundandyoga.com\/wp-content\/uploads\/2025\/01\/LaVi_LogoFINAL1.png\",\"contentUrl\":\"https:\/\/shop.lavi-soundandyoga.com\/wp-content\/uploads\/2025\/01\/LaVi_LogoFINAL1.png\",\"width\":343,\"height\":339,\"caption\":\"LaVi Sound and Yoga\"},\"image\":{\"@id\":\"https:\/\/shop.lavi-soundandyoga.com\/es#\/schema\/logo\/image\/\"},\"sameAs\":[\"https:\/\/www.facebook.com\/lavisoundandyoga\",\"https:\/\/www.instagram.com\/lavi_sound_and_yoga\/\",\"https:\/\/www.youtube.com\/channel\/UCuQTy-TOirHAZruDryEKTXQ\",\"https:\/\/www.tiktok.com\/@lavisoundandyoga\",\"https:\/\/open.spotify.com\/artist\/6lpTHiTkCOgxZ9BUonU0zM\"]}]}<\/script>\n<!-- \/ Yoast SEO plugin. -->","yoast_head_json":{"title":"Coj\u00edn de yoga | LaVi - Sound &amp; Yoga","description":"Almohada de yoga de algod\u00f3n org\u00e1nico con estampado de la flor de la vida. Relleno de paja de trigo sarraceno y en pr\u00e1cticas dimensiones de 16x60cm.","robots":{"index":"index","follow":"follow","max-snippet":"max-snippet:-1","max-image-preview":"max-image-preview:large","max-video-preview":"max-video-preview:-1"},"canonical":"https:\/\/shop.lavi-soundandyoga.com\/es\/producto\/ayudas-para-el-yoga\/cojin-de-yoga","og_locale":"es_ES","og_type":"article","og_title":"Coj\u00edn de yoga | LaVi - Sound &amp; Yoga","og_description":"Almohada de yoga de algod\u00f3n org\u00e1nico con estampado de la flor de la vida. Relleno de paja de trigo sarraceno y en pr\u00e1cticas dimensiones de 16x60cm.","og_url":"https:\/\/shop.lavi-soundandyoga.com\/es\/producto\/ayudas-para-el-yoga\/cojin-de-yoga","og_site_name":"LaVi - Sound &amp; Yoga","article_publisher":"https:\/\/www.facebook.com\/lavisoundandyoga","og_image":[{"width":2560,"height":1920,"url":"https:\/\/shop.lavi-soundandyoga.com\/wp-content\/uploads\/2023\/08\/LaVi-Yoga-Bolster.png","type":"image\/png"}],"twitter_card":"summary_large_image","twitter_misc":{"Tiempo de lectura":"2 minutos"},"schema":{"@context":"https:\/\/schema.org","@graph":[{"@type":["WebPage","ItemPage"],"@id":"https:\/\/shop.lavi-soundandyoga.com\/es\/producto\/ayudas-para-el-yoga\/cojin-de-yoga","url":"https:\/\/shop.lavi-soundandyoga.com\/es\/producto\/ayudas-para-el-yoga\/cojin-de-yoga","name":"Coj\u00edn de yoga | LaVi - Sound &amp; Yoga","isPartOf":{"@id":"https:\/\/shop.lavi-soundandyoga.com\/es#website"},"primaryImageOfPage":{"@id":"https:\/\/shop.lavi-soundandyoga.com\/es\/producto\/ayudas-para-el-yoga\/cojin-de-yoga#primaryimage"},"image":{"@id":"https:\/\/shop.lavi-soundandyoga.com\/es\/producto\/ayudas-para-el-yoga\/cojin-de-yoga#primaryimage"},"thumbnailUrl":"https:\/\/shop.lavi-soundandyoga.com\/wp-content\/uploads\/2023\/08\/LaVi-Yoga-Bolster.png","datePublished":"2023-08-14T14:49:59+00:00","description":"Almohada de yoga de algod\u00f3n org\u00e1nico con estampado de la flor de la vida. Relleno de paja de trigo sarraceno y en pr\u00e1cticas dimensiones de 16x60cm.","breadcrumb":{"@id":"https:\/\/shop.lavi-soundandyoga.com\/es\/producto\/ayudas-para-el-yoga\/cojin-de-yoga#breadcrumb"},"inLanguage":"es","potentialAction":[{"@type":"ReadAction","target":["https:\/\/shop.lavi-soundandyoga.com\/es\/producto\/ayudas-para-el-yoga\/cojin-de-yoga"]}]},{"@type":"ImageObject","inLanguage":"es","@id":"https:\/\/shop.lavi-soundandyoga.com\/es\/producto\/ayudas-para-el-yoga\/cojin-de-yoga#primaryimage","url":"https:\/\/shop.lavi-soundandyoga.com\/wp-content\/uploads\/2023\/08\/LaVi-Yoga-Bolster.png","contentUrl":"https:\/\/shop.lavi-soundandyoga.com\/wp-content\/uploads\/2023\/08\/LaVi-Yoga-Bolster.png","width":2560,"height":1920,"caption":"Coj\u00edn de yoga"},{"@type":"BreadcrumbList","@id":"https:\/\/shop.lavi-soundandyoga.com\/es\/producto\/ayudas-para-el-yoga\/cojin-de-yoga#breadcrumb","itemListElement":[{"@type":"ListItem","position":1,"name":"LaVi Shop","item":"https:\/\/shop.lavi-soundandyoga.com\/es\/tienda"},{"@type":"ListItem","position":2,"name":"Productos","item":"https:\/\/shop.lavi-soundandyoga.com\/es\/shop"},{"@type":"ListItem","position":3,"name":"Ayudas para el yoga","item":"https:\/\/shop.lavi-soundandyoga.com\/es\/categoria-producto\/ayudas-para-el-yoga"},{"@type":"ListItem","position":4,"name":"Coj\u00edn de yoga"}]},{"@type":"WebSite","@id":"https:\/\/shop.lavi-soundandyoga.com\/es#website","url":"https:\/\/shop.lavi-soundandyoga.com\/es","name":"LaVi Sound & Yoga","description":"Yin Yoga and Sound Healing","publisher":{"@id":"https:\/\/shop.lavi-soundandyoga.com\/es#organization"},"alternateName":"Lavi","potentialAction":[{"@type":"SearchAction","target":{"@type":"EntryPoint","urlTemplate":"https:\/\/shop.lavi-soundandyoga.com\/es?s={search_term_string}"},"query-input":{"@type":"PropertyValueSpecification","valueRequired":true,"valueName":"search_term_string"}}],"inLanguage":"es"},{"@type":"Organization","@id":"https:\/\/shop.lavi-soundandyoga.com\/es#organization","name":"LaVi Sound and Yoga","alternateName":"LaVi","url":"https:\/\/shop.lavi-soundandyoga.com\/es","logo":{"@type":"ImageObject","inLanguage":"es","@id":"https:\/\/shop.lavi-soundandyoga.com\/es#\/schema\/logo\/image\/","url":"https:\/\/shop.lavi-soundandyoga.com\/wp-content\/uploads\/2025\/01\/LaVi_LogoFINAL1.png","contentUrl":"https:\/\/shop.lavi-soundandyoga.com\/wp-content\/uploads\/2025\/01\/LaVi_LogoFINAL1.png","width":343,"height":339,"caption":"LaVi Sound and Yoga"},"image":{"@id":"https:\/\/shop.lavi-soundandyoga.com\/es#\/schema\/logo\/image\/"},"sameAs":["https:\/\/www.facebook.com\/lavisoundandyoga","https:\/\/www.instagram.com\/lavi_sound_and_yoga\/","https:\/\/www.youtube.com\/channel\/UCuQTy-TOirHAZruDryEKTXQ","https:\/\/www.tiktok.com\/@lavisoundandyoga","https:\/\/open.spotify.com\/artist\/6lpTHiTkCOgxZ9BUonU0zM"]}]}},"jetpack_sharing_enabled":true,"_links":{"self":[{"href":"https:\/\/shop.lavi-soundandyoga.com\/es\/wp-json\/wp\/v2\/product\/2089","targetHints":{"allow":["GET"]}}],"collection":[{"href":"https:\/\/shop.lavi-soundandyoga.com\/es\/wp-json\/wp\/v2\/product"}],"about":[{"href":"https:\/\/shop.lavi-soundandyoga.com\/es\/wp-json\/wp\/v2\/types\/product"}],"replies":[{"embeddable":true,"href":"https:\/\/shop.lavi-soundandyoga.com\/es\/wp-json\/wp\/v2\/comments?post=2089"}],"wp:featuredmedia":[{"embeddable":true,"href":"https:\/\/shop.lavi-soundandyoga.com\/es\/wp-json\/wp\/v2\/media\/1735"}],"wp:attachment":[{"href":"https:\/\/shop.lavi-soundandyoga.com\/es\/wp-json\/wp\/v2\/media?parent=2089"}],"wp:term":[{"taxonomy":"product_brand","embeddable":true,"href":"https:\/\/shop.lavi-soundandyoga.com\/es\/wp-json\/wp\/v2\/product_brand?post=2089"},{"taxonomy":"product_cat","embeddable":true,"href":"https:\/\/shop.lavi-soundandyoga.com\/es\/wp-json\/wp\/v2\/product_cat?post=2089"},{"taxonomy":"product_tag","embeddable":true,"href":"https:\/\/shop.lavi-soundandyoga.com\/es\/wp-json\/wp\/v2\/product_tag?post=2089"}],"curies":[{"name":"wp","href":"https:\/\/api.w.org\/{rel}","templated":true}]}}