{"id":2091,"date":"2023-06-13T13:56:23","date_gmt":"2023-06-13T13:56:23","guid":{"rendered":"https:\/\/shop.lavi-soundandyoga.com\/product\/flauta-doble-nativa-americana-clave-fa"},"modified":"2023-06-13T13:56:23","modified_gmt":"2023-06-13T13:56:23","slug":"flauta-doble-nativa-americana-clave-fa","status":"publish","type":"product","link":"https:\/\/shop.lavi-soundandyoga.com\/es\/producto\/instrumentos-de-curacion-por-sonido\/flautas\/flauta-doble-nativa-americana-clave-fa","title":{"rendered":"Flauta Doble Nativa Americana - Clave Fa#"},"content":{"rendered":"<p class=\"a-b-r-La\">La flauta doble en clave de Fa# tiene un car\u00e1cter c\u00e1lido y enraizado, y el bord\u00f3n le da un toque dulce y de cuento de hadas.<\/p>\n<p class=\"a-b-r-La\">Como en todas las flautas AMA, la atenci\u00f3n se centra en un car\u00e1cter sonoro claro y una afinaci\u00f3n precisa. Las flautas se completan con un dise\u00f1o atractivo y est\u00e9tico <\/p>\n<p class=\"a-b-r-La\">La tonalidad de Fa# se encuentra entre las flautas agudas y las graves, y tiene un sonido c\u00e1lido y relajante que a menudo se percibe como enraizante y relajante, tanto para el oyente como para el int\u00e9rprete.<\/p>\n<p class=\"a-b-r-La\">Los orificios para los dedos tienen un di\u00e1metro de unos 8 mm y est\u00e1n algo m\u00e1s separados que en las flautas AMA altas (A), pero siguen estando al alcance de cualquier int\u00e9rprete con manos de tama\u00f1o medio.<\/p>\n<p class=\"a-b-r-La\">Como todas las flautas AMA, este modelo puede tocarse de forma intuitiva y sin conocimientos previos gracias a su afinaci\u00f3n pentat\u00f3nica.<\/p>\n<p class=\"a-b-r-La\">La flauta es de madera de arce, coloreada con nuestro tinte casero de nogal y sellada con aceites aptos para alimentos. La longitud de la flauta es de unos 52 cm. <\/p>\n<p class=\"a-b-r-La\">Cada flauta AMA se suministra con una sencilla bolsa de tela y un recipiente de aceite para el cuidado de la flauta.<\/p>\n<p class=\"a-b-r-La\">Descargo de responsabilidad: Las im\u00e1genes de la descripci\u00f3n deben entenderse como ejemplos, ya que la madera, como materia prima natural, var\u00eda en forma, color y veteado.<\/p>\n","protected":false},"excerpt":{"rendered":"<p>Droneflute Amerindio Doble - Clave Fa#<\/p>\n<p>Hecho a mano en Alemania con madera de arce<\/p>\n<p>Longitud total: 52 cm<\/p>\n","protected":false},"featured_media":1648,"comment_status":"closed","ping_status":"closed","template":"","meta":{"_acf_changed":false},"product_brand":[],"product_cat":[174,170],"product_tag":[],"class_list":{"0":"post-2091","1":"product","2":"type-product","3":"status-publish","4":"has-post-thumbnail","6":"product_cat-flautas","7":"product_cat-instrumentos-de-curacion-por-sonido","8":"product_shipping_class-paquete-l","10":"first","11":"instock","12":"purchasable","13":"product-type-variable"},"acf":[],"yoast_head":"<!-- This site is optimized with the Yoast SEO plugin v24.5 - https:\/\/yoast.com\/wordpress\/plugins\/seo\/ -->\n<title>Flauta Doble Nativa Americana - Clave Fa# | LaVi - Sound &amp; Yoga<\/title>\n<meta name=\"description\" content=\"Esta zampo\u00f1a doble amerindia con la clave Fa# tiene un car\u00e1cter sonoro agradable y conmovedor. Fabricada a mano en Alemania con madera de arce.\" \/>\n<meta name=\"robots\" content=\"index, follow, max-snippet:-1, max-image-preview:large, max-video-preview:-1\" \/>\n<link rel=\"canonical\" href=\"https:\/\/shop.lavi-soundandyoga.com\/es\/producto\/instrumentos-de-curacion-por-sonido\/flautas\/flauta-doble-nativa-americana-clave-fa\" \/>\n<meta property=\"og:locale\" content=\"es_ES\" \/>\n<meta property=\"og:type\" content=\"article\" \/>\n<meta property=\"og:title\" content=\"Flauta Doble Nativa Americana - Clave Fa# | LaVi - Sound &amp; Yoga\" \/>\n<meta property=\"og:description\" content=\"Esta zampo\u00f1a doble amerindia con la clave Fa# tiene un car\u00e1cter sonoro agradable y conmovedor. Fabricada a mano en Alemania con madera de arce.\" \/>\n<meta property=\"og:url\" content=\"https:\/\/shop.lavi-soundandyoga.com\/es\/producto\/instrumentos-de-curacion-por-sonido\/flautas\/flauta-doble-nativa-americana-clave-fa\" \/>\n<meta property=\"og:site_name\" content=\"LaVi - Sound &amp; Yoga\" \/>\n<meta property=\"article:publisher\" content=\"https:\/\/www.facebook.com\/lavisoundandyoga\" \/>\n<meta property=\"og:image\" content=\"https:\/\/shop.lavi-soundandyoga.com\/wp-content\/uploads\/2023\/06\/2.png\" \/>\n\t<meta property=\"og:image:width\" content=\"2048\" \/>\n\t<meta property=\"og:image:height\" content=\"1365\" \/>\n\t<meta property=\"og:image:type\" content=\"image\/png\" \/>\n<meta name=\"twitter:card\" content=\"summary_large_image\" \/>\n<meta name=\"twitter:label1\" content=\"Tiempo de lectura\" \/>\n\t<meta name=\"twitter:data1\" content=\"1 minuto\" \/>\n<script type=\"application\/ld+json\" class=\"yoast-schema-graph\">{\"@context\":\"https:\/\/schema.org\",\"@graph\":[{\"@type\":[\"WebPage\",\"ItemPage\"],\"@id\":\"https:\/\/shop.lavi-soundandyoga.com\/es\/producto\/instrumentos-de-curacion-por-sonido\/flautas\/flauta-doble-nativa-americana-clave-fa\",\"url\":\"https:\/\/shop.lavi-soundandyoga.com\/es\/producto\/instrumentos-de-curacion-por-sonido\/flautas\/flauta-doble-nativa-americana-clave-fa\",\"name\":\"Flauta Doble Nativa Americana - Clave Fa# | LaVi - Sound &amp; Yoga\",\"isPartOf\":{\"@id\":\"https:\/\/shop.lavi-soundandyoga.com\/es#website\"},\"primaryImageOfPage\":{\"@id\":\"https:\/\/shop.lavi-soundandyoga.com\/es\/producto\/instrumentos-de-curacion-por-sonido\/flautas\/flauta-doble-nativa-americana-clave-fa#primaryimage\"},\"image\":{\"@id\":\"https:\/\/shop.lavi-soundandyoga.com\/es\/producto\/instrumentos-de-curacion-por-sonido\/flautas\/flauta-doble-nativa-americana-clave-fa#primaryimage\"},\"thumbnailUrl\":\"https:\/\/shop.lavi-soundandyoga.com\/wp-content\/uploads\/2023\/06\/2.png\",\"datePublished\":\"2023-06-13T13:56:23+00:00\",\"description\":\"Esta zampo\u00f1a doble amerindia con la clave Fa# tiene un car\u00e1cter sonoro agradable y conmovedor. Fabricada a mano en Alemania con madera de arce.\",\"breadcrumb\":{\"@id\":\"https:\/\/shop.lavi-soundandyoga.com\/es\/producto\/instrumentos-de-curacion-por-sonido\/flautas\/flauta-doble-nativa-americana-clave-fa#breadcrumb\"},\"inLanguage\":\"es\",\"potentialAction\":[{\"@type\":\"ReadAction\",\"target\":[\"https:\/\/shop.lavi-soundandyoga.com\/es\/producto\/instrumentos-de-curacion-por-sonido\/flautas\/flauta-doble-nativa-americana-clave-fa\"]}]},{\"@type\":\"ImageObject\",\"inLanguage\":\"es\",\"@id\":\"https:\/\/shop.lavi-soundandyoga.com\/es\/producto\/instrumentos-de-curacion-por-sonido\/flautas\/flauta-doble-nativa-americana-clave-fa#primaryimage\",\"url\":\"https:\/\/shop.lavi-soundandyoga.com\/wp-content\/uploads\/2023\/06\/2.png\",\"contentUrl\":\"https:\/\/shop.lavi-soundandyoga.com\/wp-content\/uploads\/2023\/06\/2.png\",\"width\":2048,\"height\":1365,\"caption\":\"Fl\u00f6ten\"},{\"@type\":\"BreadcrumbList\",\"@id\":\"https:\/\/shop.lavi-soundandyoga.com\/es\/producto\/instrumentos-de-curacion-por-sonido\/flautas\/flauta-doble-nativa-americana-clave-fa#breadcrumb\",\"itemListElement\":[{\"@type\":\"ListItem\",\"position\":1,\"name\":\"LaVi Shop\",\"item\":\"https:\/\/shop.lavi-soundandyoga.com\/es\/tienda\"},{\"@type\":\"ListItem\",\"position\":2,\"name\":\"Productos\",\"item\":\"https:\/\/shop.lavi-soundandyoga.com\/es\/shop\"},{\"@type\":\"ListItem\",\"position\":3,\"name\":\"Instrumentos de curaci\u00f3n por sonido\",\"item\":\"https:\/\/shop.lavi-soundandyoga.com\/es\/categoria-producto\/instrumentos-de-curacion-por-sonido\"},{\"@type\":\"ListItem\",\"position\":4,\"name\":\"Flauta Doble Nativa Americana - Clave Fa#\"}]},{\"@type\":\"WebSite\",\"@id\":\"https:\/\/shop.lavi-soundandyoga.com\/es#website\",\"url\":\"https:\/\/shop.lavi-soundandyoga.com\/es\",\"name\":\"LaVi Sound & Yoga\",\"description\":\"Yin Yoga and Sound Healing\",\"publisher\":{\"@id\":\"https:\/\/shop.lavi-soundandyoga.com\/es#organization\"},\"alternateName\":\"Lavi\",\"potentialAction\":[{\"@type\":\"SearchAction\",\"target\":{\"@type\":\"EntryPoint\",\"urlTemplate\":\"https:\/\/shop.lavi-soundandyoga.com\/es?s={search_term_string}\"},\"query-input\":{\"@type\":\"PropertyValueSpecification\",\"valueRequired\":true,\"valueName\":\"search_term_string\"}}],\"inLanguage\":\"es\"},{\"@type\":\"Organization\",\"@id\":\"https:\/\/shop.lavi-soundandyoga.com\/es#organization\",\"name\":\"LaVi Sound and Yoga\",\"alternateName\":\"LaVi\",\"url\":\"https:\/\/shop.lavi-soundandyoga.com\/es\",\"logo\":{\"@type\":\"ImageObject\",\"inLanguage\":\"es\",\"@id\":\"https:\/\/shop.lavi-soundandyoga.com\/es#\/schema\/logo\/image\/\",\"url\":\"https:\/\/shop.lavi-soundandyoga.com\/wp-content\/uploads\/2025\/01\/LaVi_LogoFINAL1.png\",\"contentUrl\":\"https:\/\/shop.lavi-soundandyoga.com\/wp-content\/uploads\/2025\/01\/LaVi_LogoFINAL1.png\",\"width\":343,\"height\":339,\"caption\":\"LaVi Sound and Yoga\"},\"image\":{\"@id\":\"https:\/\/shop.lavi-soundandyoga.com\/es#\/schema\/logo\/image\/\"},\"sameAs\":[\"https:\/\/www.facebook.com\/lavisoundandyoga\",\"https:\/\/www.instagram.com\/lavi_sound_and_yoga\/\",\"https:\/\/www.youtube.com\/channel\/UCuQTy-TOirHAZruDryEKTXQ\",\"https:\/\/www.tiktok.com\/@lavisoundandyoga\",\"https:\/\/open.spotify.com\/artist\/6lpTHiTkCOgxZ9BUonU0zM\"]}]}<\/script>\n<!-- \/ Yoast SEO plugin. -->","yoast_head_json":{"title":"Flauta Doble Nativa Americana - Clave Fa# | LaVi - Sound &amp; Yoga","description":"Esta zampo\u00f1a doble amerindia con la clave Fa# tiene un car\u00e1cter sonoro agradable y conmovedor. Fabricada a mano en Alemania con madera de arce.","robots":{"index":"index","follow":"follow","max-snippet":"max-snippet:-1","max-image-preview":"max-image-preview:large","max-video-preview":"max-video-preview:-1"},"canonical":"https:\/\/shop.lavi-soundandyoga.com\/es\/producto\/instrumentos-de-curacion-por-sonido\/flautas\/flauta-doble-nativa-americana-clave-fa","og_locale":"es_ES","og_type":"article","og_title":"Flauta Doble Nativa Americana - Clave Fa# | LaVi - Sound &amp; Yoga","og_description":"Esta zampo\u00f1a doble amerindia con la clave Fa# tiene un car\u00e1cter sonoro agradable y conmovedor. Fabricada a mano en Alemania con madera de arce.","og_url":"https:\/\/shop.lavi-soundandyoga.com\/es\/producto\/instrumentos-de-curacion-por-sonido\/flautas\/flauta-doble-nativa-americana-clave-fa","og_site_name":"LaVi - Sound &amp; Yoga","article_publisher":"https:\/\/www.facebook.com\/lavisoundandyoga","og_image":[{"width":2048,"height":1365,"url":"https:\/\/shop.lavi-soundandyoga.com\/wp-content\/uploads\/2023\/06\/2.png","type":"image\/png"}],"twitter_card":"summary_large_image","twitter_misc":{"Tiempo de lectura":"1 minuto"},"schema":{"@context":"https:\/\/schema.org","@graph":[{"@type":["WebPage","ItemPage"],"@id":"https:\/\/shop.lavi-soundandyoga.com\/es\/producto\/instrumentos-de-curacion-por-sonido\/flautas\/flauta-doble-nativa-americana-clave-fa","url":"https:\/\/shop.lavi-soundandyoga.com\/es\/producto\/instrumentos-de-curacion-por-sonido\/flautas\/flauta-doble-nativa-americana-clave-fa","name":"Flauta Doble Nativa Americana - Clave Fa# | LaVi - Sound &amp; Yoga","isPartOf":{"@id":"https:\/\/shop.lavi-soundandyoga.com\/es#website"},"primaryImageOfPage":{"@id":"https:\/\/shop.lavi-soundandyoga.com\/es\/producto\/instrumentos-de-curacion-por-sonido\/flautas\/flauta-doble-nativa-americana-clave-fa#primaryimage"},"image":{"@id":"https:\/\/shop.lavi-soundandyoga.com\/es\/producto\/instrumentos-de-curacion-por-sonido\/flautas\/flauta-doble-nativa-americana-clave-fa#primaryimage"},"thumbnailUrl":"https:\/\/shop.lavi-soundandyoga.com\/wp-content\/uploads\/2023\/06\/2.png","datePublished":"2023-06-13T13:56:23+00:00","description":"Esta zampo\u00f1a doble amerindia con la clave Fa# tiene un car\u00e1cter sonoro agradable y conmovedor. Fabricada a mano en Alemania con madera de arce.","breadcrumb":{"@id":"https:\/\/shop.lavi-soundandyoga.com\/es\/producto\/instrumentos-de-curacion-por-sonido\/flautas\/flauta-doble-nativa-americana-clave-fa#breadcrumb"},"inLanguage":"es","potentialAction":[{"@type":"ReadAction","target":["https:\/\/shop.lavi-soundandyoga.com\/es\/producto\/instrumentos-de-curacion-por-sonido\/flautas\/flauta-doble-nativa-americana-clave-fa"]}]},{"@type":"ImageObject","inLanguage":"es","@id":"https:\/\/shop.lavi-soundandyoga.com\/es\/producto\/instrumentos-de-curacion-por-sonido\/flautas\/flauta-doble-nativa-americana-clave-fa#primaryimage","url":"https:\/\/shop.lavi-soundandyoga.com\/wp-content\/uploads\/2023\/06\/2.png","contentUrl":"https:\/\/shop.lavi-soundandyoga.com\/wp-content\/uploads\/2023\/06\/2.png","width":2048,"height":1365,"caption":"Fl\u00f6ten"},{"@type":"BreadcrumbList","@id":"https:\/\/shop.lavi-soundandyoga.com\/es\/producto\/instrumentos-de-curacion-por-sonido\/flautas\/flauta-doble-nativa-americana-clave-fa#breadcrumb","itemListElement":[{"@type":"ListItem","position":1,"name":"LaVi Shop","item":"https:\/\/shop.lavi-soundandyoga.com\/es\/tienda"},{"@type":"ListItem","position":2,"name":"Productos","item":"https:\/\/shop.lavi-soundandyoga.com\/es\/shop"},{"@type":"ListItem","position":3,"name":"Instrumentos de curaci\u00f3n por sonido","item":"https:\/\/shop.lavi-soundandyoga.com\/es\/categoria-producto\/instrumentos-de-curacion-por-sonido"},{"@type":"ListItem","position":4,"name":"Flauta Doble Nativa Americana - Clave Fa#"}]},{"@type":"WebSite","@id":"https:\/\/shop.lavi-soundandyoga.com\/es#website","url":"https:\/\/shop.lavi-soundandyoga.com\/es","name":"LaVi Sound & Yoga","description":"Yin Yoga and Sound Healing","publisher":{"@id":"https:\/\/shop.lavi-soundandyoga.com\/es#organization"},"alternateName":"Lavi","potentialAction":[{"@type":"SearchAction","target":{"@type":"EntryPoint","urlTemplate":"https:\/\/shop.lavi-soundandyoga.com\/es?s={search_term_string}"},"query-input":{"@type":"PropertyValueSpecification","valueRequired":true,"valueName":"search_term_string"}}],"inLanguage":"es"},{"@type":"Organization","@id":"https:\/\/shop.lavi-soundandyoga.com\/es#organization","name":"LaVi Sound and Yoga","alternateName":"LaVi","url":"https:\/\/shop.lavi-soundandyoga.com\/es","logo":{"@type":"ImageObject","inLanguage":"es","@id":"https:\/\/shop.lavi-soundandyoga.com\/es#\/schema\/logo\/image\/","url":"https:\/\/shop.lavi-soundandyoga.com\/wp-content\/uploads\/2025\/01\/LaVi_LogoFINAL1.png","contentUrl":"https:\/\/shop.lavi-soundandyoga.com\/wp-content\/uploads\/2025\/01\/LaVi_LogoFINAL1.png","width":343,"height":339,"caption":"LaVi Sound and Yoga"},"image":{"@id":"https:\/\/shop.lavi-soundandyoga.com\/es#\/schema\/logo\/image\/"},"sameAs":["https:\/\/www.facebook.com\/lavisoundandyoga","https:\/\/www.instagram.com\/lavi_sound_and_yoga\/","https:\/\/www.youtube.com\/channel\/UCuQTy-TOirHAZruDryEKTXQ","https:\/\/www.tiktok.com\/@lavisoundandyoga","https:\/\/open.spotify.com\/artist\/6lpTHiTkCOgxZ9BUonU0zM"]}]}},"jetpack_sharing_enabled":true,"_links":{"self":[{"href":"https:\/\/shop.lavi-soundandyoga.com\/es\/wp-json\/wp\/v2\/product\/2091","targetHints":{"allow":["GET"]}}],"collection":[{"href":"https:\/\/shop.lavi-soundandyoga.com\/es\/wp-json\/wp\/v2\/product"}],"about":[{"href":"https:\/\/shop.lavi-soundandyoga.com\/es\/wp-json\/wp\/v2\/types\/product"}],"replies":[{"embeddable":true,"href":"https:\/\/shop.lavi-soundandyoga.com\/es\/wp-json\/wp\/v2\/comments?post=2091"}],"wp:featuredmedia":[{"embeddable":true,"href":"https:\/\/shop.lavi-soundandyoga.com\/es\/wp-json\/wp\/v2\/media\/1648"}],"wp:attachment":[{"href":"https:\/\/shop.lavi-soundandyoga.com\/es\/wp-json\/wp\/v2\/media?parent=2091"}],"wp:term":[{"taxonomy":"product_brand","embeddable":true,"href":"https:\/\/shop.lavi-soundandyoga.com\/es\/wp-json\/wp\/v2\/product_brand?post=2091"},{"taxonomy":"product_cat","embeddable":true,"href":"https:\/\/shop.lavi-soundandyoga.com\/es\/wp-json\/wp\/v2\/product_cat?post=2091"},{"taxonomy":"product_tag","embeddable":true,"href":"https:\/\/shop.lavi-soundandyoga.com\/es\/wp-json\/wp\/v2\/product_tag?post=2091"}],"curies":[{"name":"wp","href":"https:\/\/api.w.org\/{rel}","templated":true}]}}