{"id":2555,"date":"2025-10-15T12:47:19","date_gmt":"2025-10-15T12:47:19","guid":{"rendered":"https:\/\/shop.lavi-soundandyoga.com\/?post_type=product&#038;p=2555"},"modified":"2025-10-15T12:57:50","modified_gmt":"2025-10-15T12:57:50","slug":"cuenco-cantante-flor-de-la-vida-kopie","status":"publish","type":"product","link":"https:\/\/shop.lavi-soundandyoga.com\/es\/producto\/instrumentos-de-curacion-por-sonido\/cuencos-cantores\/cuenco-cantante-flor-de-la-vida-kopie","title":{"rendered":"Cuenco cantante Flor de la vida (Kopie)"},"content":{"rendered":"<p>Nuestros cuencos tibetanos est\u00e1n hechos a mano en Nepal y tienen un sonido maravilloso y duradero. Nosotros mismos hemos seleccionado cada cuenco tibetano para ofrecerte la mejor calidad y frecuencia de sonido. <\/p>\n<p>Estos cuencos cantores llevan grabada la flor de la vida en la base del cuenco, que est\u00e1 rodeada por el mantra tibetano Om Mane Padme Hum.<\/p>\n<p>La flor de la vida es un s\u00edmbolo de la geometr\u00eda sagrada, en cuya forma se basa toda la vida. Amplifica la energ\u00eda vital, transforma las vibraciones bajas en positivas y armoniza las vibraciones desequilibradas. <\/p>\n<p>El mantra Om Mane Padme Hung cultiva la compasi\u00f3n amorosa hacia todos los seres sensibles y apoya el camino hacia la iluminaci\u00f3n.<\/p>\n<p>Disponible en los siguientes di\u00e1metros:<\/p>\n<p>14 - 16 cm;<\/p>\n<p>16 - 18 cm<\/p>\n<p>18 - 20 cm<\/p>\n<p>20 - 22 cm<\/p>\n<p>Un cuenco tibetano es un instrumento de metal que se utiliza para la curaci\u00f3n por el sonido, las clases de yoga, la terapia, el uso personal y mucho m\u00e1s.<\/p>\n<p>Cada cuenco tibetano es \u00fanico, por lo que puede haber ligeras diferencias.<\/p>\n<p>Las mazas no est\u00e1n incluidas en el precio, recomendamos los siguientes tama\u00f1os:<\/p>\n<p><a href=\"https:\/\/shop.lavi-soundandyoga.com\/?post_type=product&amp;p=796&amp;preview=true\">Mazo de madera de 14 - 16 cm M<\/a><\/p>\n<p><a href=\"https:\/\/shop.lavi-soundandyoga.com\/?post_type=product&amp;p=797&amp;preview=true\">Mazo de madera de 16 - 18 cm L<\/a><\/p>\n<p><a href=\"https:\/\/shop.lavi-soundandyoga.com\/?post_type=product&amp;p=797&amp;preview=true\">Mazo de madera de 18 - 20 cm L<\/a><\/p>\n<p><a href=\"https:\/\/shop.lavi-soundandyoga.com\/?post_type=product&amp;p=797&amp;preview=true\">Mazo de madera de 20 - 22 cm L<\/a><\/p>\n","protected":false},"excerpt":{"rendered":"<p>Cuenco cantor con flor de la vida grabada<\/p>\n<p>14 - 16cm; 16 - 18cm; 18 - 20cm; 20-22cm de di\u00e1metro<\/p>\n<p>sonido maravilloso y duradero<\/p>\n<p>perfecto para la curaci\u00f3n por sonido<\/p>\n","protected":false},"featured_media":2570,"comment_status":"closed","ping_status":"closed","template":"","meta":{"_acf_changed":false},"product_brand":[],"product_cat":[171,170],"product_tag":[],"class_list":{"0":"post-2555","1":"product","2":"type-product","3":"status-publish","4":"has-post-thumbnail","6":"product_cat-cuencos-cantores","7":"product_cat-instrumentos-de-curacion-por-sonido","8":"product_shipping_class-paquete-m","10":"first","11":"instock","12":"purchasable","13":"product-type-variable"},"acf":[],"yoast_head":"<!-- This site is optimized with the Yoast SEO plugin v24.5 - https:\/\/yoast.com\/wordpress\/plugins\/seo\/ -->\n<title>Cuenco cantante Flor de la vida (Kopie) | LaVi - Sound &amp; Yoga<\/title>\n<meta name=\"description\" content=\"Cuenco cantor con grabado &quot;Flor de la Vida&quot;. Este cuenco cantor tiene un sonido maravilloso y duradero, y es ideal para la sanaci\u00f3n con sonido.\" \/>\n<meta name=\"robots\" content=\"index, follow, max-snippet:-1, max-image-preview:large, max-video-preview:-1\" \/>\n<link rel=\"canonical\" href=\"https:\/\/shop.lavi-soundandyoga.com\/es\/producto\/instrumentos-de-curacion-por-sonido\/cuencos-cantores\/cuenco-cantante-flor-de-la-vida-kopie\" \/>\n<meta property=\"og:locale\" content=\"es_ES\" \/>\n<meta property=\"og:type\" content=\"article\" \/>\n<meta property=\"og:title\" content=\"Cuenco cantante Flor de la vida (Kopie) | LaVi - Sound &amp; Yoga\" \/>\n<meta property=\"og:description\" content=\"Cuenco cantor con grabado &quot;Flor de la Vida&quot;. Este cuenco cantor tiene un sonido maravilloso y duradero, y es ideal para la sanaci\u00f3n con sonido.\" \/>\n<meta property=\"og:url\" content=\"https:\/\/shop.lavi-soundandyoga.com\/es\/producto\/instrumentos-de-curacion-por-sonido\/cuencos-cantores\/cuenco-cantante-flor-de-la-vida-kopie\" \/>\n<meta property=\"og:site_name\" content=\"LaVi - Sound &amp; Yoga\" \/>\n<meta property=\"article:publisher\" content=\"https:\/\/www.facebook.com\/lavisoundandyoga\" \/>\n<meta property=\"article:modified_time\" content=\"2025-10-15T12:57:50+00:00\" \/>\n<meta property=\"og:image\" content=\"https:\/\/shop.lavi-soundandyoga.com\/wp-content\/uploads\/2025\/10\/9.png\" \/>\n\t<meta property=\"og:image:width\" content=\"1200\" \/>\n\t<meta property=\"og:image:height\" content=\"1600\" \/>\n\t<meta property=\"og:image:type\" content=\"image\/png\" \/>\n<meta name=\"twitter:card\" content=\"summary_large_image\" \/>\n<meta name=\"twitter:label1\" content=\"Tiempo de lectura\" \/>\n\t<meta name=\"twitter:data1\" content=\"1 minuto\" \/>\n<script type=\"application\/ld+json\" class=\"yoast-schema-graph\">{\"@context\":\"https:\/\/schema.org\",\"@graph\":[{\"@type\":[\"WebPage\",\"ItemPage\"],\"@id\":\"https:\/\/shop.lavi-soundandyoga.com\/es\/producto\/instrumentos-de-curacion-por-sonido\/cuencos-cantores\/cuenco-cantante-flor-de-la-vida-kopie\",\"url\":\"https:\/\/shop.lavi-soundandyoga.com\/es\/producto\/instrumentos-de-curacion-por-sonido\/cuencos-cantores\/cuenco-cantante-flor-de-la-vida-kopie\",\"name\":\"Cuenco cantante Flor de la vida (Kopie) | LaVi - Sound &amp; Yoga\",\"isPartOf\":{\"@id\":\"https:\/\/shop.lavi-soundandyoga.com\/es#website\"},\"primaryImageOfPage\":{\"@id\":\"https:\/\/shop.lavi-soundandyoga.com\/es\/producto\/instrumentos-de-curacion-por-sonido\/cuencos-cantores\/cuenco-cantante-flor-de-la-vida-kopie#primaryimage\"},\"image\":{\"@id\":\"https:\/\/shop.lavi-soundandyoga.com\/es\/producto\/instrumentos-de-curacion-por-sonido\/cuencos-cantores\/cuenco-cantante-flor-de-la-vida-kopie#primaryimage\"},\"thumbnailUrl\":\"https:\/\/shop.lavi-soundandyoga.com\/wp-content\/uploads\/2025\/10\/9.png\",\"datePublished\":\"2025-10-15T12:47:19+00:00\",\"dateModified\":\"2025-10-15T12:57:50+00:00\",\"description\":\"Cuenco cantor con grabado \\\"Flor de la Vida\\\". Este cuenco cantor tiene un sonido maravilloso y duradero, y es ideal para la sanaci\u00f3n con sonido.\",\"breadcrumb\":{\"@id\":\"https:\/\/shop.lavi-soundandyoga.com\/es\/producto\/instrumentos-de-curacion-por-sonido\/cuencos-cantores\/cuenco-cantante-flor-de-la-vida-kopie#breadcrumb\"},\"inLanguage\":\"es\",\"potentialAction\":[{\"@type\":\"ReadAction\",\"target\":[\"https:\/\/shop.lavi-soundandyoga.com\/es\/producto\/instrumentos-de-curacion-por-sonido\/cuencos-cantores\/cuenco-cantante-flor-de-la-vida-kopie\"]}]},{\"@type\":\"ImageObject\",\"inLanguage\":\"es\",\"@id\":\"https:\/\/shop.lavi-soundandyoga.com\/es\/producto\/instrumentos-de-curacion-por-sonido\/cuencos-cantores\/cuenco-cantante-flor-de-la-vida-kopie#primaryimage\",\"url\":\"https:\/\/shop.lavi-soundandyoga.com\/wp-content\/uploads\/2025\/10\/9.png\",\"contentUrl\":\"https:\/\/shop.lavi-soundandyoga.com\/wp-content\/uploads\/2025\/10\/9.png\",\"width\":1200,\"height\":1600,\"caption\":\"Klangschale Blume des Lebens 22cm\"},{\"@type\":\"BreadcrumbList\",\"@id\":\"https:\/\/shop.lavi-soundandyoga.com\/es\/producto\/instrumentos-de-curacion-por-sonido\/cuencos-cantores\/cuenco-cantante-flor-de-la-vida-kopie#breadcrumb\",\"itemListElement\":[{\"@type\":\"ListItem\",\"position\":1,\"name\":\"LaVi Shop\",\"item\":\"https:\/\/shop.lavi-soundandyoga.com\/es\/tienda\"},{\"@type\":\"ListItem\",\"position\":2,\"name\":\"Productos\",\"item\":\"https:\/\/shop.lavi-soundandyoga.com\/es\/shop\"},{\"@type\":\"ListItem\",\"position\":3,\"name\":\"Instrumentos de curaci\u00f3n por sonido\",\"item\":\"https:\/\/shop.lavi-soundandyoga.com\/es\/categoria-producto\/instrumentos-de-curacion-por-sonido\"},{\"@type\":\"ListItem\",\"position\":4,\"name\":\"Cuenco cantante Flor de la vida (Kopie)\"}]},{\"@type\":\"WebSite\",\"@id\":\"https:\/\/shop.lavi-soundandyoga.com\/es#website\",\"url\":\"https:\/\/shop.lavi-soundandyoga.com\/es\",\"name\":\"LaVi Sound & Yoga\",\"description\":\"Yin Yoga and Sound Healing\",\"publisher\":{\"@id\":\"https:\/\/shop.lavi-soundandyoga.com\/es#organization\"},\"alternateName\":\"Lavi\",\"potentialAction\":[{\"@type\":\"SearchAction\",\"target\":{\"@type\":\"EntryPoint\",\"urlTemplate\":\"https:\/\/shop.lavi-soundandyoga.com\/es?s={search_term_string}\"},\"query-input\":{\"@type\":\"PropertyValueSpecification\",\"valueRequired\":true,\"valueName\":\"search_term_string\"}}],\"inLanguage\":\"es\"},{\"@type\":\"Organization\",\"@id\":\"https:\/\/shop.lavi-soundandyoga.com\/es#organization\",\"name\":\"LaVi Sound and Yoga\",\"alternateName\":\"LaVi\",\"url\":\"https:\/\/shop.lavi-soundandyoga.com\/es\",\"logo\":{\"@type\":\"ImageObject\",\"inLanguage\":\"es\",\"@id\":\"https:\/\/shop.lavi-soundandyoga.com\/es#\/schema\/logo\/image\/\",\"url\":\"https:\/\/shop.lavi-soundandyoga.com\/wp-content\/uploads\/2025\/01\/LaVi_LogoFINAL1.png\",\"contentUrl\":\"https:\/\/shop.lavi-soundandyoga.com\/wp-content\/uploads\/2025\/01\/LaVi_LogoFINAL1.png\",\"width\":343,\"height\":339,\"caption\":\"LaVi Sound and Yoga\"},\"image\":{\"@id\":\"https:\/\/shop.lavi-soundandyoga.com\/es#\/schema\/logo\/image\/\"},\"sameAs\":[\"https:\/\/www.facebook.com\/lavisoundandyoga\",\"https:\/\/www.instagram.com\/lavi_sound_and_yoga\/\",\"https:\/\/www.youtube.com\/channel\/UCuQTy-TOirHAZruDryEKTXQ\",\"https:\/\/www.tiktok.com\/@lavisoundandyoga\",\"https:\/\/open.spotify.com\/artist\/6lpTHiTkCOgxZ9BUonU0zM\"]}]}<\/script>\n<!-- \/ Yoast SEO plugin. -->","yoast_head_json":{"title":"Cuenco cantante Flor de la vida (Kopie) | LaVi - Sound &amp; Yoga","description":"Cuenco cantor con grabado \"Flor de la Vida\". Este cuenco cantor tiene un sonido maravilloso y duradero, y es ideal para la sanaci\u00f3n con sonido.","robots":{"index":"index","follow":"follow","max-snippet":"max-snippet:-1","max-image-preview":"max-image-preview:large","max-video-preview":"max-video-preview:-1"},"canonical":"https:\/\/shop.lavi-soundandyoga.com\/es\/producto\/instrumentos-de-curacion-por-sonido\/cuencos-cantores\/cuenco-cantante-flor-de-la-vida-kopie","og_locale":"es_ES","og_type":"article","og_title":"Cuenco cantante Flor de la vida (Kopie) | LaVi - Sound &amp; Yoga","og_description":"Cuenco cantor con grabado \"Flor de la Vida\". Este cuenco cantor tiene un sonido maravilloso y duradero, y es ideal para la sanaci\u00f3n con sonido.","og_url":"https:\/\/shop.lavi-soundandyoga.com\/es\/producto\/instrumentos-de-curacion-por-sonido\/cuencos-cantores\/cuenco-cantante-flor-de-la-vida-kopie","og_site_name":"LaVi - Sound &amp; Yoga","article_publisher":"https:\/\/www.facebook.com\/lavisoundandyoga","article_modified_time":"2025-10-15T12:57:50+00:00","og_image":[{"width":1200,"height":1600,"url":"https:\/\/shop.lavi-soundandyoga.com\/wp-content\/uploads\/2025\/10\/9.png","type":"image\/png"}],"twitter_card":"summary_large_image","twitter_misc":{"Tiempo de lectura":"1 minuto"},"schema":{"@context":"https:\/\/schema.org","@graph":[{"@type":["WebPage","ItemPage"],"@id":"https:\/\/shop.lavi-soundandyoga.com\/es\/producto\/instrumentos-de-curacion-por-sonido\/cuencos-cantores\/cuenco-cantante-flor-de-la-vida-kopie","url":"https:\/\/shop.lavi-soundandyoga.com\/es\/producto\/instrumentos-de-curacion-por-sonido\/cuencos-cantores\/cuenco-cantante-flor-de-la-vida-kopie","name":"Cuenco cantante Flor de la vida (Kopie) | LaVi - Sound &amp; Yoga","isPartOf":{"@id":"https:\/\/shop.lavi-soundandyoga.com\/es#website"},"primaryImageOfPage":{"@id":"https:\/\/shop.lavi-soundandyoga.com\/es\/producto\/instrumentos-de-curacion-por-sonido\/cuencos-cantores\/cuenco-cantante-flor-de-la-vida-kopie#primaryimage"},"image":{"@id":"https:\/\/shop.lavi-soundandyoga.com\/es\/producto\/instrumentos-de-curacion-por-sonido\/cuencos-cantores\/cuenco-cantante-flor-de-la-vida-kopie#primaryimage"},"thumbnailUrl":"https:\/\/shop.lavi-soundandyoga.com\/wp-content\/uploads\/2025\/10\/9.png","datePublished":"2025-10-15T12:47:19+00:00","dateModified":"2025-10-15T12:57:50+00:00","description":"Cuenco cantor con grabado \"Flor de la Vida\". Este cuenco cantor tiene un sonido maravilloso y duradero, y es ideal para la sanaci\u00f3n con sonido.","breadcrumb":{"@id":"https:\/\/shop.lavi-soundandyoga.com\/es\/producto\/instrumentos-de-curacion-por-sonido\/cuencos-cantores\/cuenco-cantante-flor-de-la-vida-kopie#breadcrumb"},"inLanguage":"es","potentialAction":[{"@type":"ReadAction","target":["https:\/\/shop.lavi-soundandyoga.com\/es\/producto\/instrumentos-de-curacion-por-sonido\/cuencos-cantores\/cuenco-cantante-flor-de-la-vida-kopie"]}]},{"@type":"ImageObject","inLanguage":"es","@id":"https:\/\/shop.lavi-soundandyoga.com\/es\/producto\/instrumentos-de-curacion-por-sonido\/cuencos-cantores\/cuenco-cantante-flor-de-la-vida-kopie#primaryimage","url":"https:\/\/shop.lavi-soundandyoga.com\/wp-content\/uploads\/2025\/10\/9.png","contentUrl":"https:\/\/shop.lavi-soundandyoga.com\/wp-content\/uploads\/2025\/10\/9.png","width":1200,"height":1600,"caption":"Klangschale Blume des Lebens 22cm"},{"@type":"BreadcrumbList","@id":"https:\/\/shop.lavi-soundandyoga.com\/es\/producto\/instrumentos-de-curacion-por-sonido\/cuencos-cantores\/cuenco-cantante-flor-de-la-vida-kopie#breadcrumb","itemListElement":[{"@type":"ListItem","position":1,"name":"LaVi Shop","item":"https:\/\/shop.lavi-soundandyoga.com\/es\/tienda"},{"@type":"ListItem","position":2,"name":"Productos","item":"https:\/\/shop.lavi-soundandyoga.com\/es\/shop"},{"@type":"ListItem","position":3,"name":"Instrumentos de curaci\u00f3n por sonido","item":"https:\/\/shop.lavi-soundandyoga.com\/es\/categoria-producto\/instrumentos-de-curacion-por-sonido"},{"@type":"ListItem","position":4,"name":"Cuenco cantante Flor de la vida (Kopie)"}]},{"@type":"WebSite","@id":"https:\/\/shop.lavi-soundandyoga.com\/es#website","url":"https:\/\/shop.lavi-soundandyoga.com\/es","name":"LaVi Sound & Yoga","description":"Yin Yoga and Sound Healing","publisher":{"@id":"https:\/\/shop.lavi-soundandyoga.com\/es#organization"},"alternateName":"Lavi","potentialAction":[{"@type":"SearchAction","target":{"@type":"EntryPoint","urlTemplate":"https:\/\/shop.lavi-soundandyoga.com\/es?s={search_term_string}"},"query-input":{"@type":"PropertyValueSpecification","valueRequired":true,"valueName":"search_term_string"}}],"inLanguage":"es"},{"@type":"Organization","@id":"https:\/\/shop.lavi-soundandyoga.com\/es#organization","name":"LaVi Sound and Yoga","alternateName":"LaVi","url":"https:\/\/shop.lavi-soundandyoga.com\/es","logo":{"@type":"ImageObject","inLanguage":"es","@id":"https:\/\/shop.lavi-soundandyoga.com\/es#\/schema\/logo\/image\/","url":"https:\/\/shop.lavi-soundandyoga.com\/wp-content\/uploads\/2025\/01\/LaVi_LogoFINAL1.png","contentUrl":"https:\/\/shop.lavi-soundandyoga.com\/wp-content\/uploads\/2025\/01\/LaVi_LogoFINAL1.png","width":343,"height":339,"caption":"LaVi Sound and Yoga"},"image":{"@id":"https:\/\/shop.lavi-soundandyoga.com\/es#\/schema\/logo\/image\/"},"sameAs":["https:\/\/www.facebook.com\/lavisoundandyoga","https:\/\/www.instagram.com\/lavi_sound_and_yoga\/","https:\/\/www.youtube.com\/channel\/UCuQTy-TOirHAZruDryEKTXQ","https:\/\/www.tiktok.com\/@lavisoundandyoga","https:\/\/open.spotify.com\/artist\/6lpTHiTkCOgxZ9BUonU0zM"]}]}},"jetpack_sharing_enabled":true,"_links":{"self":[{"href":"https:\/\/shop.lavi-soundandyoga.com\/es\/wp-json\/wp\/v2\/product\/2555","targetHints":{"allow":["GET"]}}],"collection":[{"href":"https:\/\/shop.lavi-soundandyoga.com\/es\/wp-json\/wp\/v2\/product"}],"about":[{"href":"https:\/\/shop.lavi-soundandyoga.com\/es\/wp-json\/wp\/v2\/types\/product"}],"replies":[{"embeddable":true,"href":"https:\/\/shop.lavi-soundandyoga.com\/es\/wp-json\/wp\/v2\/comments?post=2555"}],"wp:featuredmedia":[{"embeddable":true,"href":"https:\/\/shop.lavi-soundandyoga.com\/es\/wp-json\/wp\/v2\/media\/2570"}],"wp:attachment":[{"href":"https:\/\/shop.lavi-soundandyoga.com\/es\/wp-json\/wp\/v2\/media?parent=2555"}],"wp:term":[{"taxonomy":"product_brand","embeddable":true,"href":"https:\/\/shop.lavi-soundandyoga.com\/es\/wp-json\/wp\/v2\/product_brand?post=2555"},{"taxonomy":"product_cat","embeddable":true,"href":"https:\/\/shop.lavi-soundandyoga.com\/es\/wp-json\/wp\/v2\/product_cat?post=2555"},{"taxonomy":"product_tag","embeddable":true,"href":"https:\/\/shop.lavi-soundandyoga.com\/es\/wp-json\/wp\/v2\/product_tag?post=2555"}],"curies":[{"name":"wp","href":"https:\/\/api.w.org\/{rel}","templated":true}]}}